{"id":15709,"date":"2025-01-13T12:55:08","date_gmt":"2025-01-13T11:55:08","guid":{"rendered":"https:\/\/hello-suns.com\/producten\/estocolmo-2\/"},"modified":"2025-09-09T12:50:48","modified_gmt":"2025-09-09T12:50:48","slug":"stockholm-sillas-lounge","status":"publish","type":"product","link":"https:\/\/hello-suns.com\/es\/productos\/stockholm-sillas-lounge\/","title":{"rendered":"Stockholm"},"content":{"rendered":"<h2>Haz que el descanso sea memorable<\/h2>\n<p>La tumbona Estocolmo te permite disfrutar de un lujo excepcional. Sin l\u00edmites. Sin preocupaciones. \u00bfA qu\u00e9 esperas?<\/p>\n","protected":false},"excerpt":{"rendered":"<h3>Asientos ejecutivos<\/h3>\n<p>El sill\u00f3n Estocolmo destaca inmediatamente por sus patas de aluminio. Un reclamo que hace un gui\u00f1o a la silla ejecutiva de la sala de juntas. En cuanto a comodidad de asiento y clase, este sill\u00f3n alcanza sin duda ese nivel. Los generosos cojines proporcionan una gran comodidad de asiento. Est\u00e1n tapizados con un tejido exterior de primera calidad, maravillosamente suave al tacto. Gracias al uso de materiales de alta calidad, puedes dejar esta silla en el exterior durante todo el a\u00f1o.<\/p>\n<p>Esta tumbona est\u00e1 dise\u00f1ada en la popular l\u00ednea de productos modulares Stockholm. Eso significa que puedes combinar varios elementos para crear tu propia disposici\u00f3n ideal. SUNS ofrece varios conceptos modulares bajo el lema: T\u00fa Creas. Adem\u00e1s de esta tumbona, tambi\u00e9n hay disponibles un conjunto de tumbona, un conjunto de sof\u00e1, un sof\u00e1-cama y una mesa con banco opcional dentro de la misma l\u00ednea de productos.<\/p>\n","protected":false},"featured_media":15714,"comment_status":"closed","ping_status":"closed","template":"","meta":{"_acf_changed":false},"product_brand":[],"product_cat":[796],"product_tag":[],"material":[],"class_list":{"0":"post-15709","1":"product","2":"type-product","3":"status-publish","4":"has-post-thumbnail","6":"product_cat-sillas-lounge","8":"first","9":"instock","10":"shipping-taxable","11":"product-type-simple"},"acf":[],"yoast_head":"<!-- This site is optimized with the Yoast SEO plugin v26.8 - https:\/\/yoast.com\/product\/yoast-seo-wordpress\/ -->\n<title>Descubre la tumbona Stockholm | SUNS Outdoor Lifestyle<\/title>\n<meta name=\"description\" content=\"\u00bfBuscas una elegante tumbona Estocolmo? SUNS te ofrece c\u00f3modas tumbonas de dise\u00f1o moderno y materiales de alta calidad para exteriores.\" \/>\n<meta name=\"robots\" content=\"index, follow, max-snippet:-1, max-image-preview:large, max-video-preview:-1\" \/>\n<link rel=\"canonical\" href=\"https:\/\/hello-suns.com\/es\/productos\/stockholm-sillas-lounge\/\" \/>\n<meta property=\"og:locale\" content=\"es_ES\" \/>\n<meta property=\"og:type\" content=\"article\" \/>\n<meta property=\"og:title\" content=\"Descubre la tumbona Stockholm | SUNS Outdoor Lifestyle\" \/>\n<meta property=\"og:description\" content=\"\u00bfBuscas una elegante tumbona Estocolmo? SUNS te ofrece c\u00f3modas tumbonas de dise\u00f1o moderno y materiales de alta calidad para exteriores.\" \/>\n<meta property=\"og:url\" content=\"https:\/\/hello-suns.com\/es\/productos\/stockholm-sillas-lounge\/\" \/>\n<meta property=\"og:site_name\" content=\"SUNS\" \/>\n<meta property=\"article:modified_time\" content=\"2025-09-09T12:50:48+00:00\" \/>\n<meta property=\"og:image\" content=\"https:\/\/hello-suns.com\/app\/uploads\/2025\/01\/01_Loungechair_stockholm_softgrey_01_2500px-2-1-1024x683.png\" \/>\n\t<meta property=\"og:image:width\" content=\"1024\" \/>\n\t<meta property=\"og:image:height\" content=\"683\" \/>\n\t<meta property=\"og:image:type\" content=\"image\/png\" \/>\n<meta name=\"twitter:card\" content=\"summary_large_image\" \/>\n<meta name=\"twitter:label1\" content=\"Est. reading time\" \/>\n\t<meta name=\"twitter:data1\" content=\"3 minutes\" \/>\n<script type=\"application\/ld+json\" class=\"yoast-schema-graph\">{\"@context\":\"https:\/\/schema.org\",\"@graph\":[{\"@type\":\"WebPage\",\"@id\":\"https:\/\/hello-suns.com\/es\/productos\/stockholm-sillas-lounge\/\",\"url\":\"https:\/\/hello-suns.com\/es\/productos\/stockholm-sillas-lounge\/\",\"name\":\"Descubre la tumbona Stockholm | SUNS Outdoor Lifestyle\",\"isPartOf\":{\"@id\":\"https:\/\/hello-suns.com\/es\/#website\"},\"primaryImageOfPage\":{\"@id\":\"https:\/\/hello-suns.com\/es\/productos\/stockholm-sillas-lounge\/#primaryimage\"},\"image\":{\"@id\":\"https:\/\/hello-suns.com\/es\/productos\/stockholm-sillas-lounge\/#primaryimage\"},\"thumbnailUrl\":\"https:\/\/hello-suns.com\/app\/uploads\/2025\/01\/01_Loungechair_stockholm_softgrey_01_2500px-2-1.png\",\"datePublished\":\"2025-01-13T11:55:08+00:00\",\"dateModified\":\"2025-09-09T12:50:48+00:00\",\"description\":\"\u00bfBuscas una elegante tumbona Estocolmo? SUNS te ofrece c\u00f3modas tumbonas de dise\u00f1o moderno y materiales de alta calidad para exteriores.\",\"breadcrumb\":{\"@id\":\"https:\/\/hello-suns.com\/es\/productos\/stockholm-sillas-lounge\/#breadcrumb\"},\"inLanguage\":\"es-ES\",\"potentialAction\":[{\"@type\":\"ReadAction\",\"target\":[\"https:\/\/hello-suns.com\/es\/productos\/stockholm-sillas-lounge\/\"]}]},{\"@type\":\"ImageObject\",\"inLanguage\":\"es-ES\",\"@id\":\"https:\/\/hello-suns.com\/es\/productos\/stockholm-sillas-lounge\/#primaryimage\",\"url\":\"https:\/\/hello-suns.com\/app\/uploads\/2025\/01\/01_Loungechair_stockholm_softgrey_01_2500px-2-1.png\",\"contentUrl\":\"https:\/\/hello-suns.com\/app\/uploads\/2025\/01\/01_Loungechair_stockholm_softgrey_01_2500px-2-1.png\",\"width\":2500,\"height\":1667},{\"@type\":\"BreadcrumbList\",\"@id\":\"https:\/\/hello-suns.com\/es\/productos\/stockholm-sillas-lounge\/#breadcrumb\",\"itemListElement\":[{\"@type\":\"ListItem\",\"position\":1,\"name\":\"\",\"item\":\"https:\/\/hello-suns.com\/es\/\"},{\"@type\":\"ListItem\",\"position\":2,\"name\":\"Productos\",\"item\":\"https:\/\/hello-suns.com\/es\/productos\/\"},{\"@type\":\"ListItem\",\"position\":3,\"name\":\"Stockholm\"}]},{\"@type\":\"WebSite\",\"@id\":\"https:\/\/hello-suns.com\/es\/#website\",\"url\":\"https:\/\/hello-suns.com\/es\/\",\"name\":\"SUNS\",\"description\":\"Outdoor Lifestyle\",\"potentialAction\":[{\"@type\":\"SearchAction\",\"target\":{\"@type\":\"EntryPoint\",\"urlTemplate\":\"https:\/\/hello-suns.com\/es\/?s={search_term_string}\"},\"query-input\":{\"@type\":\"PropertyValueSpecification\",\"valueRequired\":true,\"valueName\":\"search_term_string\"}}],\"inLanguage\":\"es-ES\"}]}<\/script>\n<!-- \/ Yoast SEO plugin. -->","yoast_head_json":{"title":"Descubre la tumbona Stockholm | SUNS Outdoor Lifestyle","description":"\u00bfBuscas una elegante tumbona Estocolmo? SUNS te ofrece c\u00f3modas tumbonas de dise\u00f1o moderno y materiales de alta calidad para exteriores.","robots":{"index":"index","follow":"follow","max-snippet":"max-snippet:-1","max-image-preview":"max-image-preview:large","max-video-preview":"max-video-preview:-1"},"canonical":"https:\/\/hello-suns.com\/es\/productos\/stockholm-sillas-lounge\/","og_locale":"es_ES","og_type":"article","og_title":"Descubre la tumbona Stockholm | SUNS Outdoor Lifestyle","og_description":"\u00bfBuscas una elegante tumbona Estocolmo? SUNS te ofrece c\u00f3modas tumbonas de dise\u00f1o moderno y materiales de alta calidad para exteriores.","og_url":"https:\/\/hello-suns.com\/es\/productos\/stockholm-sillas-lounge\/","og_site_name":"SUNS","article_modified_time":"2025-09-09T12:50:48+00:00","og_image":[{"width":1024,"height":683,"url":"https:\/\/hello-suns.com\/app\/uploads\/2025\/01\/01_Loungechair_stockholm_softgrey_01_2500px-2-1-1024x683.png","type":"image\/png"}],"twitter_card":"summary_large_image","twitter_misc":{"Est. reading time":"3 minutes"},"schema":{"@context":"https:\/\/schema.org","@graph":[{"@type":"WebPage","@id":"https:\/\/hello-suns.com\/es\/productos\/stockholm-sillas-lounge\/","url":"https:\/\/hello-suns.com\/es\/productos\/stockholm-sillas-lounge\/","name":"Descubre la tumbona Stockholm | SUNS Outdoor Lifestyle","isPartOf":{"@id":"https:\/\/hello-suns.com\/es\/#website"},"primaryImageOfPage":{"@id":"https:\/\/hello-suns.com\/es\/productos\/stockholm-sillas-lounge\/#primaryimage"},"image":{"@id":"https:\/\/hello-suns.com\/es\/productos\/stockholm-sillas-lounge\/#primaryimage"},"thumbnailUrl":"https:\/\/hello-suns.com\/app\/uploads\/2025\/01\/01_Loungechair_stockholm_softgrey_01_2500px-2-1.png","datePublished":"2025-01-13T11:55:08+00:00","dateModified":"2025-09-09T12:50:48+00:00","description":"\u00bfBuscas una elegante tumbona Estocolmo? SUNS te ofrece c\u00f3modas tumbonas de dise\u00f1o moderno y materiales de alta calidad para exteriores.","breadcrumb":{"@id":"https:\/\/hello-suns.com\/es\/productos\/stockholm-sillas-lounge\/#breadcrumb"},"inLanguage":"es-ES","potentialAction":[{"@type":"ReadAction","target":["https:\/\/hello-suns.com\/es\/productos\/stockholm-sillas-lounge\/"]}]},{"@type":"ImageObject","inLanguage":"es-ES","@id":"https:\/\/hello-suns.com\/es\/productos\/stockholm-sillas-lounge\/#primaryimage","url":"https:\/\/hello-suns.com\/app\/uploads\/2025\/01\/01_Loungechair_stockholm_softgrey_01_2500px-2-1.png","contentUrl":"https:\/\/hello-suns.com\/app\/uploads\/2025\/01\/01_Loungechair_stockholm_softgrey_01_2500px-2-1.png","width":2500,"height":1667},{"@type":"BreadcrumbList","@id":"https:\/\/hello-suns.com\/es\/productos\/stockholm-sillas-lounge\/#breadcrumb","itemListElement":[{"@type":"ListItem","position":1,"name":"","item":"https:\/\/hello-suns.com\/es\/"},{"@type":"ListItem","position":2,"name":"Productos","item":"https:\/\/hello-suns.com\/es\/productos\/"},{"@type":"ListItem","position":3,"name":"Stockholm"}]},{"@type":"WebSite","@id":"https:\/\/hello-suns.com\/es\/#website","url":"https:\/\/hello-suns.com\/es\/","name":"SUNS","description":"Outdoor Lifestyle","potentialAction":[{"@type":"SearchAction","target":{"@type":"EntryPoint","urlTemplate":"https:\/\/hello-suns.com\/es\/?s={search_term_string}"},"query-input":{"@type":"PropertyValueSpecification","valueRequired":true,"valueName":"search_term_string"}}],"inLanguage":"es-ES"}]}},"_links":{"self":[{"href":"https:\/\/hello-suns.com\/es\/wp-json\/wp\/v2\/product\/15709","targetHints":{"allow":["GET"]}}],"collection":[{"href":"https:\/\/hello-suns.com\/es\/wp-json\/wp\/v2\/product"}],"about":[{"href":"https:\/\/hello-suns.com\/es\/wp-json\/wp\/v2\/types\/product"}],"replies":[{"embeddable":true,"href":"https:\/\/hello-suns.com\/es\/wp-json\/wp\/v2\/comments?post=15709"}],"wp:featuredmedia":[{"embeddable":true,"href":"https:\/\/hello-suns.com\/es\/wp-json\/wp\/v2\/media\/15714"}],"wp:attachment":[{"href":"https:\/\/hello-suns.com\/es\/wp-json\/wp\/v2\/media?parent=15709"}],"wp:term":[{"taxonomy":"product_brand","embeddable":true,"href":"https:\/\/hello-suns.com\/es\/wp-json\/wp\/v2\/product_brand?post=15709"},{"taxonomy":"product_cat","embeddable":true,"href":"https:\/\/hello-suns.com\/es\/wp-json\/wp\/v2\/product_cat?post=15709"},{"taxonomy":"product_tag","embeddable":true,"href":"https:\/\/hello-suns.com\/es\/wp-json\/wp\/v2\/product_tag?post=15709"},{"taxonomy":"material","embeddable":true,"href":"https:\/\/hello-suns.com\/es\/wp-json\/wp\/v2\/material?post=15709"}],"curies":[{"name":"wp","href":"https:\/\/api.w.org\/{rel}","templated":true}]}}