{"id":15680,"date":"2025-01-13T13:34:01","date_gmt":"2025-01-13T13:34:01","guid":{"rendered":"https:\/\/hello-suns.com\/producten\/termoli-salon\/"},"modified":"2025-09-09T14:05:31","modified_gmt":"2025-09-09T14:05:31","slug":"termoli-salon-sillas-lounge","status":"publish","type":"product","link":"https:\/\/hello-suns.com\/es\/productos\/termoli-salon-sillas-lounge\/","title":{"rendered":"Termoli | sal\u00f3n"},"content":{"rendered":"<h2>Estilo intemporal, lujo sin fin<\/h2>\n<p>La tumbona Termoli puede describirse con una palabra: atemporal. Si\u00e9ntate y comprueba por ti mismo lo dichoso que es olvidarse del tiempo.<\/p>\n","protected":false},"excerpt":{"rendered":"<h3>Rango y tacto<\/h3>\n<p>La tumbona Termoli debe su elegante aspecto al bello uso de la teca inclinada, las marcadas l\u00edneas de las esquinas y la c\u00f3moda posici\u00f3n del asiento. Los cojines de este encantador sill\u00f3n est\u00e1n equipados con un n\u00facleo de secado r\u00e1pido y recubiertos con un tejido exterior de primera calidad. Estos materiales de calidad permiten que Termoli permanezca a la intemperie durante 12 meses al a\u00f1o. De la l\u00ednea de productos Termoli, tambi\u00e9n hay disponibles un conjunto de sal\u00f3n y un conjunto de sof\u00e1 con sillas y sof\u00e1 individuales, una elecci\u00f3n elegante. \u00bfRelajaci\u00f3n \u00f3ptima? Entonces elige la tumbona.<\/p>\n","protected":false},"featured_media":15681,"comment_status":"closed","ping_status":"closed","template":"","meta":{"_acf_changed":false},"product_brand":[],"product_cat":[796],"product_tag":[],"material":[],"class_list":{"0":"post-15680","1":"product","2":"type-product","3":"status-publish","4":"has-post-thumbnail","6":"product_cat-sillas-lounge","8":"first","9":"instock","10":"shipping-taxable","11":"product-type-simple"},"acf":[],"yoast_head":"<!-- This site is optimized with the Yoast SEO plugin v26.8 - https:\/\/yoast.com\/product\/yoast-seo-wordpress\/ -->\n<title>Descubre la tumbona Termoli | SUNS Outdoor Lifestyle<\/title>\n<meta name=\"description\" content=\"\u00bfBuscas una elegante tumbona termoli? SUNS te ofrece c\u00f3modas tumbonas de dise\u00f1o moderno, ideales para un jard\u00edn lujoso y relajante.\" \/>\n<meta name=\"robots\" content=\"index, follow, max-snippet:-1, max-image-preview:large, max-video-preview:-1\" \/>\n<link rel=\"canonical\" href=\"https:\/\/hello-suns.com\/es\/productos\/termoli-salon-sillas-lounge\/\" \/>\n<meta property=\"og:locale\" content=\"es_ES\" \/>\n<meta property=\"og:type\" content=\"article\" \/>\n<meta property=\"og:title\" content=\"Descubre la tumbona Termoli | SUNS Outdoor Lifestyle\" \/>\n<meta property=\"og:description\" content=\"\u00bfBuscas una elegante tumbona termoli? SUNS te ofrece c\u00f3modas tumbonas de dise\u00f1o moderno, ideales para un jard\u00edn lujoso y relajante.\" \/>\n<meta property=\"og:url\" content=\"https:\/\/hello-suns.com\/es\/productos\/termoli-salon-sillas-lounge\/\" \/>\n<meta property=\"og:site_name\" content=\"SUNS\" \/>\n<meta property=\"article:modified_time\" content=\"2025-09-09T14:05:31+00:00\" \/>\n<meta property=\"og:image\" content=\"https:\/\/hello-suns.com\/app\/uploads\/2025\/01\/01_Termoli-SUNS-Sofaset-TK-NG-Free-23-2.png\" \/>\n\t<meta property=\"og:image:width\" content=\"2500\" \/>\n\t<meta property=\"og:image:height\" content=\"1667\" \/>\n\t<meta property=\"og:image:type\" content=\"image\/png\" \/>\n<meta name=\"twitter:card\" content=\"summary_large_image\" \/>\n<meta name=\"twitter:label1\" content=\"Est. reading time\" \/>\n\t<meta name=\"twitter:data1\" content=\"3 minutes\" \/>\n<script type=\"application\/ld+json\" class=\"yoast-schema-graph\">{\"@context\":\"https:\/\/schema.org\",\"@graph\":[{\"@type\":\"WebPage\",\"@id\":\"https:\/\/hello-suns.com\/es\/productos\/termoli-salon-sillas-lounge\/\",\"url\":\"https:\/\/hello-suns.com\/es\/productos\/termoli-salon-sillas-lounge\/\",\"name\":\"Descubre la tumbona Termoli | SUNS Outdoor Lifestyle\",\"isPartOf\":{\"@id\":\"https:\/\/hello-suns.com\/es\/#website\"},\"primaryImageOfPage\":{\"@id\":\"https:\/\/hello-suns.com\/es\/productos\/termoli-salon-sillas-lounge\/#primaryimage\"},\"image\":{\"@id\":\"https:\/\/hello-suns.com\/es\/productos\/termoli-salon-sillas-lounge\/#primaryimage\"},\"thumbnailUrl\":\"https:\/\/hello-suns.com\/app\/uploads\/2025\/01\/01_Termoli-SUNS-Sofaset-TK-NG-Free-23-2.png\",\"datePublished\":\"2025-01-13T13:34:01+00:00\",\"dateModified\":\"2025-09-09T14:05:31+00:00\",\"description\":\"\u00bfBuscas una elegante tumbona termoli? SUNS te ofrece c\u00f3modas tumbonas de dise\u00f1o moderno, ideales para un jard\u00edn lujoso y relajante.\",\"breadcrumb\":{\"@id\":\"https:\/\/hello-suns.com\/es\/productos\/termoli-salon-sillas-lounge\/#breadcrumb\"},\"inLanguage\":\"es-ES\",\"potentialAction\":[{\"@type\":\"ReadAction\",\"target\":[\"https:\/\/hello-suns.com\/es\/productos\/termoli-salon-sillas-lounge\/\"]}]},{\"@type\":\"ImageObject\",\"inLanguage\":\"es-ES\",\"@id\":\"https:\/\/hello-suns.com\/es\/productos\/termoli-salon-sillas-lounge\/#primaryimage\",\"url\":\"https:\/\/hello-suns.com\/app\/uploads\/2025\/01\/01_Termoli-SUNS-Sofaset-TK-NG-Free-23-2.png\",\"contentUrl\":\"https:\/\/hello-suns.com\/app\/uploads\/2025\/01\/01_Termoli-SUNS-Sofaset-TK-NG-Free-23-2.png\",\"width\":2500,\"height\":1667},{\"@type\":\"BreadcrumbList\",\"@id\":\"https:\/\/hello-suns.com\/es\/productos\/termoli-salon-sillas-lounge\/#breadcrumb\",\"itemListElement\":[{\"@type\":\"ListItem\",\"position\":1,\"name\":\"\",\"item\":\"https:\/\/hello-suns.com\/es\/\"},{\"@type\":\"ListItem\",\"position\":2,\"name\":\"Productos\",\"item\":\"https:\/\/hello-suns.com\/es\/productos\/\"},{\"@type\":\"ListItem\",\"position\":3,\"name\":\"Termoli | sal\u00f3n\"}]},{\"@type\":\"WebSite\",\"@id\":\"https:\/\/hello-suns.com\/es\/#website\",\"url\":\"https:\/\/hello-suns.com\/es\/\",\"name\":\"SUNS\",\"description\":\"Outdoor Lifestyle\",\"potentialAction\":[{\"@type\":\"SearchAction\",\"target\":{\"@type\":\"EntryPoint\",\"urlTemplate\":\"https:\/\/hello-suns.com\/es\/?s={search_term_string}\"},\"query-input\":{\"@type\":\"PropertyValueSpecification\",\"valueRequired\":true,\"valueName\":\"search_term_string\"}}],\"inLanguage\":\"es-ES\"}]}<\/script>\n<!-- \/ Yoast SEO plugin. -->","yoast_head_json":{"title":"Descubre la tumbona Termoli | SUNS Outdoor Lifestyle","description":"\u00bfBuscas una elegante tumbona termoli? SUNS te ofrece c\u00f3modas tumbonas de dise\u00f1o moderno, ideales para un jard\u00edn lujoso y relajante.","robots":{"index":"index","follow":"follow","max-snippet":"max-snippet:-1","max-image-preview":"max-image-preview:large","max-video-preview":"max-video-preview:-1"},"canonical":"https:\/\/hello-suns.com\/es\/productos\/termoli-salon-sillas-lounge\/","og_locale":"es_ES","og_type":"article","og_title":"Descubre la tumbona Termoli | SUNS Outdoor Lifestyle","og_description":"\u00bfBuscas una elegante tumbona termoli? SUNS te ofrece c\u00f3modas tumbonas de dise\u00f1o moderno, ideales para un jard\u00edn lujoso y relajante.","og_url":"https:\/\/hello-suns.com\/es\/productos\/termoli-salon-sillas-lounge\/","og_site_name":"SUNS","article_modified_time":"2025-09-09T14:05:31+00:00","og_image":[{"width":2500,"height":1667,"url":"https:\/\/hello-suns.com\/app\/uploads\/2025\/01\/01_Termoli-SUNS-Sofaset-TK-NG-Free-23-2.png","type":"image\/png"}],"twitter_card":"summary_large_image","twitter_misc":{"Est. reading time":"3 minutes"},"schema":{"@context":"https:\/\/schema.org","@graph":[{"@type":"WebPage","@id":"https:\/\/hello-suns.com\/es\/productos\/termoli-salon-sillas-lounge\/","url":"https:\/\/hello-suns.com\/es\/productos\/termoli-salon-sillas-lounge\/","name":"Descubre la tumbona Termoli | SUNS Outdoor Lifestyle","isPartOf":{"@id":"https:\/\/hello-suns.com\/es\/#website"},"primaryImageOfPage":{"@id":"https:\/\/hello-suns.com\/es\/productos\/termoli-salon-sillas-lounge\/#primaryimage"},"image":{"@id":"https:\/\/hello-suns.com\/es\/productos\/termoli-salon-sillas-lounge\/#primaryimage"},"thumbnailUrl":"https:\/\/hello-suns.com\/app\/uploads\/2025\/01\/01_Termoli-SUNS-Sofaset-TK-NG-Free-23-2.png","datePublished":"2025-01-13T13:34:01+00:00","dateModified":"2025-09-09T14:05:31+00:00","description":"\u00bfBuscas una elegante tumbona termoli? SUNS te ofrece c\u00f3modas tumbonas de dise\u00f1o moderno, ideales para un jard\u00edn lujoso y relajante.","breadcrumb":{"@id":"https:\/\/hello-suns.com\/es\/productos\/termoli-salon-sillas-lounge\/#breadcrumb"},"inLanguage":"es-ES","potentialAction":[{"@type":"ReadAction","target":["https:\/\/hello-suns.com\/es\/productos\/termoli-salon-sillas-lounge\/"]}]},{"@type":"ImageObject","inLanguage":"es-ES","@id":"https:\/\/hello-suns.com\/es\/productos\/termoli-salon-sillas-lounge\/#primaryimage","url":"https:\/\/hello-suns.com\/app\/uploads\/2025\/01\/01_Termoli-SUNS-Sofaset-TK-NG-Free-23-2.png","contentUrl":"https:\/\/hello-suns.com\/app\/uploads\/2025\/01\/01_Termoli-SUNS-Sofaset-TK-NG-Free-23-2.png","width":2500,"height":1667},{"@type":"BreadcrumbList","@id":"https:\/\/hello-suns.com\/es\/productos\/termoli-salon-sillas-lounge\/#breadcrumb","itemListElement":[{"@type":"ListItem","position":1,"name":"","item":"https:\/\/hello-suns.com\/es\/"},{"@type":"ListItem","position":2,"name":"Productos","item":"https:\/\/hello-suns.com\/es\/productos\/"},{"@type":"ListItem","position":3,"name":"Termoli | sal\u00f3n"}]},{"@type":"WebSite","@id":"https:\/\/hello-suns.com\/es\/#website","url":"https:\/\/hello-suns.com\/es\/","name":"SUNS","description":"Outdoor Lifestyle","potentialAction":[{"@type":"SearchAction","target":{"@type":"EntryPoint","urlTemplate":"https:\/\/hello-suns.com\/es\/?s={search_term_string}"},"query-input":{"@type":"PropertyValueSpecification","valueRequired":true,"valueName":"search_term_string"}}],"inLanguage":"es-ES"}]}},"_links":{"self":[{"href":"https:\/\/hello-suns.com\/es\/wp-json\/wp\/v2\/product\/15680","targetHints":{"allow":["GET"]}}],"collection":[{"href":"https:\/\/hello-suns.com\/es\/wp-json\/wp\/v2\/product"}],"about":[{"href":"https:\/\/hello-suns.com\/es\/wp-json\/wp\/v2\/types\/product"}],"replies":[{"embeddable":true,"href":"https:\/\/hello-suns.com\/es\/wp-json\/wp\/v2\/comments?post=15680"}],"wp:featuredmedia":[{"embeddable":true,"href":"https:\/\/hello-suns.com\/es\/wp-json\/wp\/v2\/media\/15681"}],"wp:attachment":[{"href":"https:\/\/hello-suns.com\/es\/wp-json\/wp\/v2\/media?parent=15680"}],"wp:term":[{"taxonomy":"product_brand","embeddable":true,"href":"https:\/\/hello-suns.com\/es\/wp-json\/wp\/v2\/product_brand?post=15680"},{"taxonomy":"product_cat","embeddable":true,"href":"https:\/\/hello-suns.com\/es\/wp-json\/wp\/v2\/product_cat?post=15680"},{"taxonomy":"product_tag","embeddable":true,"href":"https:\/\/hello-suns.com\/es\/wp-json\/wp\/v2\/product_tag?post=15680"},{"taxonomy":"material","embeddable":true,"href":"https:\/\/hello-suns.com\/es\/wp-json\/wp\/v2\/material?post=15680"}],"curies":[{"name":"wp","href":"https:\/\/api.w.org\/{rel}","templated":true}]}}