{"id":15679,"date":"2025-01-13T12:59:08","date_gmt":"2025-01-13T12:59:08","guid":{"rendered":"https:\/\/hello-suns.com\/producten\/rios\/"},"modified":"2025-09-09T09:51:57","modified_gmt":"2025-09-09T09:51:57","slug":"rios-conjuntos-de-salon","status":"publish","type":"product","link":"https:\/\/hello-suns.com\/es\/productos\/rios-conjuntos-de-salon\/","title":{"rendered":"R\u00edos"},"content":{"rendered":"<h2 style=\"font-weight: 400;\">Momentos magistrales<\/h2>\n<p style=\"font-weight: 400;\">\u00bfDisfrutar sin fin de la vida al aire libre? Con R\u00edos, transforma tu jard\u00edn o terraza en un lugar de descanso magistral. Reg\u00e1late el lujo de un confort de sal\u00f3n de primera y crea nuevos recuerdos con amigos y familiares. \u00a1Hagamos que sea inolvidable!<\/p>\n","protected":false},"excerpt":{"rendered":"<h3 style=\"font-weight: 400;\">Disfruta generosamente con una distribuci\u00f3n espaciosa<\/h3>\n<p style=\"font-weight: 400;\">Rios es el nuevo conjunto de sal\u00f3n de SUNS y sigue a la perfecci\u00f3n nuestra conocida filosof\u00eda: materiales de primera calidad, dise\u00f1o llamativo y comodidad sublime en los asientos. Los elementos de asiento de este conjunto de sal\u00f3n constan de 2 plazas a izquierda y derecha, una rinconera y una pieza central opcional. Si quieres una disposici\u00f3n espaciosa, Rios es el conjunto para ti.<\/p>\n<p style=\"font-weight: 400;\">En cuanto a comodidad de asiento, este conjunto no deja nada que desear. Los amplios cojines est\u00e1n rellenos de Quick Dry <b>Foam\u00ae<\/b>, por lo que un chaparr\u00f3n veraniego ya no es un problema. Para el acabado se ha utilizado un tejido boucl\u00e9 de gran calidad y maravillosamente suave. Un s\u00f3lido armaz\u00f3n de teca da al conjunto un bello acento crom\u00e1tico y garantiza a\u00f1os de disfrute. El conjunto de sal\u00f3n Pico viene de serie con mesas de forma org\u00e1nica fabricadas en teca certificada.<\/p>\n","protected":false},"featured_media":15689,"comment_status":"closed","ping_status":"closed","template":"","meta":{"_acf_changed":false},"product_brand":[],"product_cat":[799,797],"product_tag":[],"material":[],"class_list":{"0":"post-15679","1":"product","2":"type-product","3":"status-publish","4":"has-post-thumbnail","6":"product_cat-conjuntos-de-salon","7":"product_cat-you-create-es","9":"first","10":"instock","11":"shipping-taxable","12":"product-type-simple"},"acf":[],"yoast_head":"<!-- This site is optimized with the Yoast SEO plugin v26.8 - https:\/\/yoast.com\/product\/yoast-seo-wordpress\/ -->\n<title>Descubre el Juego de Tumbonas Rios | SUNS Outdoor Lifestyle<\/title>\n<meta name=\"description\" content=\"\u00bfBuscas un elegante conjunto de sal\u00f3n rios? SUNS ofrece conjuntos de sal\u00f3n c\u00f3modos y duraderos con un dise\u00f1o elegante, perfectos para un espacio exterior moderno.\" \/>\n<meta name=\"robots\" content=\"index, follow, max-snippet:-1, max-image-preview:large, max-video-preview:-1\" \/>\n<link rel=\"canonical\" href=\"https:\/\/hello-suns.com\/es\/productos\/rios-conjuntos-de-salon\/\" \/>\n<meta property=\"og:locale\" content=\"es_ES\" \/>\n<meta property=\"og:type\" content=\"article\" \/>\n<meta property=\"og:title\" content=\"Descubre el Juego de Tumbonas Rios | SUNS Outdoor Lifestyle\" \/>\n<meta property=\"og:description\" content=\"\u00bfBuscas un elegante conjunto de sal\u00f3n rios? SUNS ofrece conjuntos de sal\u00f3n c\u00f3modos y duraderos con un dise\u00f1o elegante, perfectos para un espacio exterior moderno.\" \/>\n<meta property=\"og:url\" content=\"https:\/\/hello-suns.com\/es\/productos\/rios-conjuntos-de-salon\/\" \/>\n<meta property=\"og:site_name\" content=\"SUNS\" \/>\n<meta property=\"article:modified_time\" content=\"2025-09-09T09:51:57+00:00\" \/>\n<meta property=\"og:image\" content=\"https:\/\/hello-suns.com\/app\/uploads\/2025\/01\/Rios-SUNS-loungeset6pcs-TK-Beachyboucle-Free-25-2500.png\" \/>\n\t<meta property=\"og:image:width\" content=\"2500\" \/>\n\t<meta property=\"og:image:height\" content=\"1667\" \/>\n\t<meta property=\"og:image:type\" content=\"image\/png\" \/>\n<meta name=\"twitter:card\" content=\"summary_large_image\" \/>\n<meta name=\"twitter:label1\" content=\"Est. reading time\" \/>\n\t<meta name=\"twitter:data1\" content=\"6 minutes\" \/>\n<script type=\"application\/ld+json\" class=\"yoast-schema-graph\">{\"@context\":\"https:\/\/schema.org\",\"@graph\":[{\"@type\":\"WebPage\",\"@id\":\"https:\/\/hello-suns.com\/es\/productos\/rios-conjuntos-de-salon\/\",\"url\":\"https:\/\/hello-suns.com\/es\/productos\/rios-conjuntos-de-salon\/\",\"name\":\"Descubre el Juego de Tumbonas Rios | SUNS Outdoor Lifestyle\",\"isPartOf\":{\"@id\":\"https:\/\/hello-suns.com\/es\/#website\"},\"primaryImageOfPage\":{\"@id\":\"https:\/\/hello-suns.com\/es\/productos\/rios-conjuntos-de-salon\/#primaryimage\"},\"image\":{\"@id\":\"https:\/\/hello-suns.com\/es\/productos\/rios-conjuntos-de-salon\/#primaryimage\"},\"thumbnailUrl\":\"https:\/\/hello-suns.com\/app\/uploads\/2025\/01\/Rios-SUNS-loungeset6pcs-TK-Beachyboucle-Free-25-2500.png\",\"datePublished\":\"2025-01-13T12:59:08+00:00\",\"dateModified\":\"2025-09-09T09:51:57+00:00\",\"description\":\"\u00bfBuscas un elegante conjunto de sal\u00f3n rios? SUNS ofrece conjuntos de sal\u00f3n c\u00f3modos y duraderos con un dise\u00f1o elegante, perfectos para un espacio exterior moderno.\",\"breadcrumb\":{\"@id\":\"https:\/\/hello-suns.com\/es\/productos\/rios-conjuntos-de-salon\/#breadcrumb\"},\"inLanguage\":\"es-ES\",\"potentialAction\":[{\"@type\":\"ReadAction\",\"target\":[\"https:\/\/hello-suns.com\/es\/productos\/rios-conjuntos-de-salon\/\"]}]},{\"@type\":\"ImageObject\",\"inLanguage\":\"es-ES\",\"@id\":\"https:\/\/hello-suns.com\/es\/productos\/rios-conjuntos-de-salon\/#primaryimage\",\"url\":\"https:\/\/hello-suns.com\/app\/uploads\/2025\/01\/Rios-SUNS-loungeset6pcs-TK-Beachyboucle-Free-25-2500.png\",\"contentUrl\":\"https:\/\/hello-suns.com\/app\/uploads\/2025\/01\/Rios-SUNS-loungeset6pcs-TK-Beachyboucle-Free-25-2500.png\",\"width\":2500,\"height\":1667},{\"@type\":\"BreadcrumbList\",\"@id\":\"https:\/\/hello-suns.com\/es\/productos\/rios-conjuntos-de-salon\/#breadcrumb\",\"itemListElement\":[{\"@type\":\"ListItem\",\"position\":1,\"name\":\"\",\"item\":\"https:\/\/hello-suns.com\/es\/\"},{\"@type\":\"ListItem\",\"position\":2,\"name\":\"Productos\",\"item\":\"https:\/\/hello-suns.com\/es\/productos\/\"},{\"@type\":\"ListItem\",\"position\":3,\"name\":\"R\u00edos\"}]},{\"@type\":\"WebSite\",\"@id\":\"https:\/\/hello-suns.com\/es\/#website\",\"url\":\"https:\/\/hello-suns.com\/es\/\",\"name\":\"SUNS\",\"description\":\"Outdoor Lifestyle\",\"potentialAction\":[{\"@type\":\"SearchAction\",\"target\":{\"@type\":\"EntryPoint\",\"urlTemplate\":\"https:\/\/hello-suns.com\/es\/?s={search_term_string}\"},\"query-input\":{\"@type\":\"PropertyValueSpecification\",\"valueRequired\":true,\"valueName\":\"search_term_string\"}}],\"inLanguage\":\"es-ES\"}]}<\/script>\n<!-- \/ Yoast SEO plugin. -->","yoast_head_json":{"title":"Descubre el Juego de Tumbonas Rios | SUNS Outdoor Lifestyle","description":"\u00bfBuscas un elegante conjunto de sal\u00f3n rios? SUNS ofrece conjuntos de sal\u00f3n c\u00f3modos y duraderos con un dise\u00f1o elegante, perfectos para un espacio exterior moderno.","robots":{"index":"index","follow":"follow","max-snippet":"max-snippet:-1","max-image-preview":"max-image-preview:large","max-video-preview":"max-video-preview:-1"},"canonical":"https:\/\/hello-suns.com\/es\/productos\/rios-conjuntos-de-salon\/","og_locale":"es_ES","og_type":"article","og_title":"Descubre el Juego de Tumbonas Rios | SUNS Outdoor Lifestyle","og_description":"\u00bfBuscas un elegante conjunto de sal\u00f3n rios? SUNS ofrece conjuntos de sal\u00f3n c\u00f3modos y duraderos con un dise\u00f1o elegante, perfectos para un espacio exterior moderno.","og_url":"https:\/\/hello-suns.com\/es\/productos\/rios-conjuntos-de-salon\/","og_site_name":"SUNS","article_modified_time":"2025-09-09T09:51:57+00:00","og_image":[{"width":2500,"height":1667,"url":"https:\/\/hello-suns.com\/app\/uploads\/2025\/01\/Rios-SUNS-loungeset6pcs-TK-Beachyboucle-Free-25-2500.png","type":"image\/png"}],"twitter_card":"summary_large_image","twitter_misc":{"Est. reading time":"6 minutes"},"schema":{"@context":"https:\/\/schema.org","@graph":[{"@type":"WebPage","@id":"https:\/\/hello-suns.com\/es\/productos\/rios-conjuntos-de-salon\/","url":"https:\/\/hello-suns.com\/es\/productos\/rios-conjuntos-de-salon\/","name":"Descubre el Juego de Tumbonas Rios | SUNS Outdoor Lifestyle","isPartOf":{"@id":"https:\/\/hello-suns.com\/es\/#website"},"primaryImageOfPage":{"@id":"https:\/\/hello-suns.com\/es\/productos\/rios-conjuntos-de-salon\/#primaryimage"},"image":{"@id":"https:\/\/hello-suns.com\/es\/productos\/rios-conjuntos-de-salon\/#primaryimage"},"thumbnailUrl":"https:\/\/hello-suns.com\/app\/uploads\/2025\/01\/Rios-SUNS-loungeset6pcs-TK-Beachyboucle-Free-25-2500.png","datePublished":"2025-01-13T12:59:08+00:00","dateModified":"2025-09-09T09:51:57+00:00","description":"\u00bfBuscas un elegante conjunto de sal\u00f3n rios? SUNS ofrece conjuntos de sal\u00f3n c\u00f3modos y duraderos con un dise\u00f1o elegante, perfectos para un espacio exterior moderno.","breadcrumb":{"@id":"https:\/\/hello-suns.com\/es\/productos\/rios-conjuntos-de-salon\/#breadcrumb"},"inLanguage":"es-ES","potentialAction":[{"@type":"ReadAction","target":["https:\/\/hello-suns.com\/es\/productos\/rios-conjuntos-de-salon\/"]}]},{"@type":"ImageObject","inLanguage":"es-ES","@id":"https:\/\/hello-suns.com\/es\/productos\/rios-conjuntos-de-salon\/#primaryimage","url":"https:\/\/hello-suns.com\/app\/uploads\/2025\/01\/Rios-SUNS-loungeset6pcs-TK-Beachyboucle-Free-25-2500.png","contentUrl":"https:\/\/hello-suns.com\/app\/uploads\/2025\/01\/Rios-SUNS-loungeset6pcs-TK-Beachyboucle-Free-25-2500.png","width":2500,"height":1667},{"@type":"BreadcrumbList","@id":"https:\/\/hello-suns.com\/es\/productos\/rios-conjuntos-de-salon\/#breadcrumb","itemListElement":[{"@type":"ListItem","position":1,"name":"","item":"https:\/\/hello-suns.com\/es\/"},{"@type":"ListItem","position":2,"name":"Productos","item":"https:\/\/hello-suns.com\/es\/productos\/"},{"@type":"ListItem","position":3,"name":"R\u00edos"}]},{"@type":"WebSite","@id":"https:\/\/hello-suns.com\/es\/#website","url":"https:\/\/hello-suns.com\/es\/","name":"SUNS","description":"Outdoor Lifestyle","potentialAction":[{"@type":"SearchAction","target":{"@type":"EntryPoint","urlTemplate":"https:\/\/hello-suns.com\/es\/?s={search_term_string}"},"query-input":{"@type":"PropertyValueSpecification","valueRequired":true,"valueName":"search_term_string"}}],"inLanguage":"es-ES"}]}},"_links":{"self":[{"href":"https:\/\/hello-suns.com\/es\/wp-json\/wp\/v2\/product\/15679","targetHints":{"allow":["GET"]}}],"collection":[{"href":"https:\/\/hello-suns.com\/es\/wp-json\/wp\/v2\/product"}],"about":[{"href":"https:\/\/hello-suns.com\/es\/wp-json\/wp\/v2\/types\/product"}],"replies":[{"embeddable":true,"href":"https:\/\/hello-suns.com\/es\/wp-json\/wp\/v2\/comments?post=15679"}],"wp:featuredmedia":[{"embeddable":true,"href":"https:\/\/hello-suns.com\/es\/wp-json\/wp\/v2\/media\/15689"}],"wp:attachment":[{"href":"https:\/\/hello-suns.com\/es\/wp-json\/wp\/v2\/media?parent=15679"}],"wp:term":[{"taxonomy":"product_brand","embeddable":true,"href":"https:\/\/hello-suns.com\/es\/wp-json\/wp\/v2\/product_brand?post=15679"},{"taxonomy":"product_cat","embeddable":true,"href":"https:\/\/hello-suns.com\/es\/wp-json\/wp\/v2\/product_cat?post=15679"},{"taxonomy":"product_tag","embeddable":true,"href":"https:\/\/hello-suns.com\/es\/wp-json\/wp\/v2\/product_tag?post=15679"},{"taxonomy":"material","embeddable":true,"href":"https:\/\/hello-suns.com\/es\/wp-json\/wp\/v2\/material?post=15679"}],"curies":[{"name":"wp","href":"https:\/\/api.w.org\/{rel}","templated":true}]}}