{"id":15661,"date":"2025-01-13T13:05:18","date_gmt":"2025-01-13T13:05:18","guid":{"rendered":"https:\/\/hello-suns.com\/producten\/nappa\/"},"modified":"2025-09-10T06:34:06","modified_gmt":"2025-09-10T06:34:06","slug":"nappa-conjuntos-de-sofa","status":"publish","type":"product","link":"https:\/\/hello-suns.com\/es\/productos\/nappa-conjuntos-de-sofa\/","title":{"rendered":"Nappa"},"content":{"rendered":"<h2 style=\"font-weight: 400;\">El estilo nunca pasa de moda<\/h2>\n<p style=\"font-weight: 400;\">Mejorar tu espacio exterior no tiene por qu\u00e9 ser complicado. Con el conjunto de sof\u00e1s Nappa, a\u00f1adir\u00e1s un cl\u00e1sico atemporal a tu jard\u00edn o terraza, combinando un dise\u00f1o elegante con un confort de asiento contempor\u00e1neo. Garantiza unas agradables tardes de verano.<\/p>\n","protected":false},"excerpt":{"rendered":"<h3 style=\"font-weight: 400;\">Sorprendentemente elegante<\/h3>\n<p style=\"font-weight: 400;\">La silla SUNS Nappa sirvi\u00f3 de inspiraci\u00f3n para este nuevo conjunto de sof\u00e1s. El dise\u00f1o es sorprendentemente elegante y los asientos de cuerda de alta calidad (knotweave) ofrecen una agradable comodidad de asiento.<\/p>\n<p style=\"font-weight: 400;\">Los armazones del sof\u00e1 de 2 plazas y las sillas son de aluminio resistente, por lo que este conjunto puede aguantar una paliza. Los preciosos cojines est\u00e1n acabados en un tejido exterior hidr\u00f3fugo de primera calidad y rellenos de espuma de secado r\u00e1pido. Tanto la estructura como los cojines est\u00e1n disponibles en distintas combinaciones de colores que resultan excelentes para combinar. SUNS Nappa se puede combinar f\u00e1cilmente con las mesas auxiliares de las colecciones SUNS.<\/p>\n","protected":false},"featured_media":15663,"comment_status":"closed","ping_status":"closed","template":"","meta":{"_acf_changed":false},"product_brand":[],"product_cat":[800],"product_tag":[],"material":[],"class_list":{"0":"post-15661","1":"product","2":"type-product","3":"status-publish","4":"has-post-thumbnail","6":"product_cat-conjuntos-de-sofa","8":"first","9":"instock","10":"shipping-taxable","11":"product-type-simple"},"acf":[],"yoast_head":"<!-- This site is optimized with the Yoast SEO plugin v26.8 - https:\/\/yoast.com\/product\/yoast-seo-wordpress\/ -->\n<title>Conjunto Sof\u00e1 Nappa Discover | SUNS Outdoor Lifestyle<\/title>\n<meta name=\"description\" content=\"\u00bfBuscas un elegante conjunto de sof\u00e1 de napa? SUNS ofrece conjuntos de sof\u00e1 de lujo que combinan comodidad, durabilidad y dise\u00f1o moderno para un espacio exterior elegante.\" \/>\n<meta name=\"robots\" content=\"index, follow, max-snippet:-1, max-image-preview:large, max-video-preview:-1\" \/>\n<link rel=\"canonical\" href=\"https:\/\/hello-suns.com\/es\/productos\/nappa-conjuntos-de-sofa\/\" \/>\n<meta property=\"og:locale\" content=\"es_ES\" \/>\n<meta property=\"og:type\" content=\"article\" \/>\n<meta property=\"og:title\" content=\"Conjunto Sof\u00e1 Nappa Discover | SUNS Outdoor Lifestyle\" \/>\n<meta property=\"og:description\" content=\"\u00bfBuscas un elegante conjunto de sof\u00e1 de napa? SUNS ofrece conjuntos de sof\u00e1 de lujo que combinan comodidad, durabilidad y dise\u00f1o moderno para un espacio exterior elegante.\" \/>\n<meta property=\"og:url\" content=\"https:\/\/hello-suns.com\/es\/productos\/nappa-conjuntos-de-sofa\/\" \/>\n<meta property=\"og:site_name\" content=\"SUNS\" \/>\n<meta property=\"article:modified_time\" content=\"2025-09-10T06:34:06+00:00\" \/>\n<meta property=\"og:image\" content=\"https:\/\/hello-suns.com\/app\/uploads\/2025\/01\/01_Nappa-SUNS-Sofaset-CS-NG-free-25-2500-4-1024x683.png\" \/>\n\t<meta property=\"og:image:width\" content=\"1024\" \/>\n\t<meta property=\"og:image:height\" content=\"683\" \/>\n\t<meta property=\"og:image:type\" content=\"image\/png\" \/>\n<meta name=\"twitter:card\" content=\"summary_large_image\" \/>\n<meta name=\"twitter:label1\" content=\"Est. reading time\" \/>\n\t<meta name=\"twitter:data1\" content=\"4 minutes\" \/>\n<script type=\"application\/ld+json\" class=\"yoast-schema-graph\">{\"@context\":\"https:\/\/schema.org\",\"@graph\":[{\"@type\":\"WebPage\",\"@id\":\"https:\/\/hello-suns.com\/es\/productos\/nappa-conjuntos-de-sofa\/\",\"url\":\"https:\/\/hello-suns.com\/es\/productos\/nappa-conjuntos-de-sofa\/\",\"name\":\"Conjunto Sof\u00e1 Nappa Discover | SUNS Outdoor Lifestyle\",\"isPartOf\":{\"@id\":\"https:\/\/hello-suns.com\/es\/#website\"},\"primaryImageOfPage\":{\"@id\":\"https:\/\/hello-suns.com\/es\/productos\/nappa-conjuntos-de-sofa\/#primaryimage\"},\"image\":{\"@id\":\"https:\/\/hello-suns.com\/es\/productos\/nappa-conjuntos-de-sofa\/#primaryimage\"},\"thumbnailUrl\":\"https:\/\/hello-suns.com\/app\/uploads\/2025\/01\/01_Nappa-SUNS-Sofaset-CS-NG-free-25-2500-4.png\",\"datePublished\":\"2025-01-13T13:05:18+00:00\",\"dateModified\":\"2025-09-10T06:34:06+00:00\",\"description\":\"\u00bfBuscas un elegante conjunto de sof\u00e1 de napa? SUNS ofrece conjuntos de sof\u00e1 de lujo que combinan comodidad, durabilidad y dise\u00f1o moderno para un espacio exterior elegante.\",\"breadcrumb\":{\"@id\":\"https:\/\/hello-suns.com\/es\/productos\/nappa-conjuntos-de-sofa\/#breadcrumb\"},\"inLanguage\":\"es-ES\",\"potentialAction\":[{\"@type\":\"ReadAction\",\"target\":[\"https:\/\/hello-suns.com\/es\/productos\/nappa-conjuntos-de-sofa\/\"]}]},{\"@type\":\"ImageObject\",\"inLanguage\":\"es-ES\",\"@id\":\"https:\/\/hello-suns.com\/es\/productos\/nappa-conjuntos-de-sofa\/#primaryimage\",\"url\":\"https:\/\/hello-suns.com\/app\/uploads\/2025\/01\/01_Nappa-SUNS-Sofaset-CS-NG-free-25-2500-4.png\",\"contentUrl\":\"https:\/\/hello-suns.com\/app\/uploads\/2025\/01\/01_Nappa-SUNS-Sofaset-CS-NG-free-25-2500-4.png\",\"width\":2500,\"height\":1667},{\"@type\":\"BreadcrumbList\",\"@id\":\"https:\/\/hello-suns.com\/es\/productos\/nappa-conjuntos-de-sofa\/#breadcrumb\",\"itemListElement\":[{\"@type\":\"ListItem\",\"position\":1,\"name\":\"\",\"item\":\"https:\/\/hello-suns.com\/es\/\"},{\"@type\":\"ListItem\",\"position\":2,\"name\":\"Productos\",\"item\":\"https:\/\/hello-suns.com\/es\/productos\/\"},{\"@type\":\"ListItem\",\"position\":3,\"name\":\"Nappa\"}]},{\"@type\":\"WebSite\",\"@id\":\"https:\/\/hello-suns.com\/es\/#website\",\"url\":\"https:\/\/hello-suns.com\/es\/\",\"name\":\"SUNS\",\"description\":\"Outdoor Lifestyle\",\"potentialAction\":[{\"@type\":\"SearchAction\",\"target\":{\"@type\":\"EntryPoint\",\"urlTemplate\":\"https:\/\/hello-suns.com\/es\/?s={search_term_string}\"},\"query-input\":{\"@type\":\"PropertyValueSpecification\",\"valueRequired\":true,\"valueName\":\"search_term_string\"}}],\"inLanguage\":\"es-ES\"}]}<\/script>\n<!-- \/ Yoast SEO plugin. -->","yoast_head_json":{"title":"Conjunto Sof\u00e1 Nappa Discover | SUNS Outdoor Lifestyle","description":"\u00bfBuscas un elegante conjunto de sof\u00e1 de napa? SUNS ofrece conjuntos de sof\u00e1 de lujo que combinan comodidad, durabilidad y dise\u00f1o moderno para un espacio exterior elegante.","robots":{"index":"index","follow":"follow","max-snippet":"max-snippet:-1","max-image-preview":"max-image-preview:large","max-video-preview":"max-video-preview:-1"},"canonical":"https:\/\/hello-suns.com\/es\/productos\/nappa-conjuntos-de-sofa\/","og_locale":"es_ES","og_type":"article","og_title":"Conjunto Sof\u00e1 Nappa Discover | SUNS Outdoor Lifestyle","og_description":"\u00bfBuscas un elegante conjunto de sof\u00e1 de napa? SUNS ofrece conjuntos de sof\u00e1 de lujo que combinan comodidad, durabilidad y dise\u00f1o moderno para un espacio exterior elegante.","og_url":"https:\/\/hello-suns.com\/es\/productos\/nappa-conjuntos-de-sofa\/","og_site_name":"SUNS","article_modified_time":"2025-09-10T06:34:06+00:00","og_image":[{"width":1024,"height":683,"url":"https:\/\/hello-suns.com\/app\/uploads\/2025\/01\/01_Nappa-SUNS-Sofaset-CS-NG-free-25-2500-4-1024x683.png","type":"image\/png"}],"twitter_card":"summary_large_image","twitter_misc":{"Est. reading time":"4 minutes"},"schema":{"@context":"https:\/\/schema.org","@graph":[{"@type":"WebPage","@id":"https:\/\/hello-suns.com\/es\/productos\/nappa-conjuntos-de-sofa\/","url":"https:\/\/hello-suns.com\/es\/productos\/nappa-conjuntos-de-sofa\/","name":"Conjunto Sof\u00e1 Nappa Discover | SUNS Outdoor Lifestyle","isPartOf":{"@id":"https:\/\/hello-suns.com\/es\/#website"},"primaryImageOfPage":{"@id":"https:\/\/hello-suns.com\/es\/productos\/nappa-conjuntos-de-sofa\/#primaryimage"},"image":{"@id":"https:\/\/hello-suns.com\/es\/productos\/nappa-conjuntos-de-sofa\/#primaryimage"},"thumbnailUrl":"https:\/\/hello-suns.com\/app\/uploads\/2025\/01\/01_Nappa-SUNS-Sofaset-CS-NG-free-25-2500-4.png","datePublished":"2025-01-13T13:05:18+00:00","dateModified":"2025-09-10T06:34:06+00:00","description":"\u00bfBuscas un elegante conjunto de sof\u00e1 de napa? SUNS ofrece conjuntos de sof\u00e1 de lujo que combinan comodidad, durabilidad y dise\u00f1o moderno para un espacio exterior elegante.","breadcrumb":{"@id":"https:\/\/hello-suns.com\/es\/productos\/nappa-conjuntos-de-sofa\/#breadcrumb"},"inLanguage":"es-ES","potentialAction":[{"@type":"ReadAction","target":["https:\/\/hello-suns.com\/es\/productos\/nappa-conjuntos-de-sofa\/"]}]},{"@type":"ImageObject","inLanguage":"es-ES","@id":"https:\/\/hello-suns.com\/es\/productos\/nappa-conjuntos-de-sofa\/#primaryimage","url":"https:\/\/hello-suns.com\/app\/uploads\/2025\/01\/01_Nappa-SUNS-Sofaset-CS-NG-free-25-2500-4.png","contentUrl":"https:\/\/hello-suns.com\/app\/uploads\/2025\/01\/01_Nappa-SUNS-Sofaset-CS-NG-free-25-2500-4.png","width":2500,"height":1667},{"@type":"BreadcrumbList","@id":"https:\/\/hello-suns.com\/es\/productos\/nappa-conjuntos-de-sofa\/#breadcrumb","itemListElement":[{"@type":"ListItem","position":1,"name":"","item":"https:\/\/hello-suns.com\/es\/"},{"@type":"ListItem","position":2,"name":"Productos","item":"https:\/\/hello-suns.com\/es\/productos\/"},{"@type":"ListItem","position":3,"name":"Nappa"}]},{"@type":"WebSite","@id":"https:\/\/hello-suns.com\/es\/#website","url":"https:\/\/hello-suns.com\/es\/","name":"SUNS","description":"Outdoor Lifestyle","potentialAction":[{"@type":"SearchAction","target":{"@type":"EntryPoint","urlTemplate":"https:\/\/hello-suns.com\/es\/?s={search_term_string}"},"query-input":{"@type":"PropertyValueSpecification","valueRequired":true,"valueName":"search_term_string"}}],"inLanguage":"es-ES"}]}},"_links":{"self":[{"href":"https:\/\/hello-suns.com\/es\/wp-json\/wp\/v2\/product\/15661","targetHints":{"allow":["GET"]}}],"collection":[{"href":"https:\/\/hello-suns.com\/es\/wp-json\/wp\/v2\/product"}],"about":[{"href":"https:\/\/hello-suns.com\/es\/wp-json\/wp\/v2\/types\/product"}],"replies":[{"embeddable":true,"href":"https:\/\/hello-suns.com\/es\/wp-json\/wp\/v2\/comments?post=15661"}],"wp:featuredmedia":[{"embeddable":true,"href":"https:\/\/hello-suns.com\/es\/wp-json\/wp\/v2\/media\/15663"}],"wp:attachment":[{"href":"https:\/\/hello-suns.com\/es\/wp-json\/wp\/v2\/media?parent=15661"}],"wp:term":[{"taxonomy":"product_brand","embeddable":true,"href":"https:\/\/hello-suns.com\/es\/wp-json\/wp\/v2\/product_brand?post=15661"},{"taxonomy":"product_cat","embeddable":true,"href":"https:\/\/hello-suns.com\/es\/wp-json\/wp\/v2\/product_cat?post=15661"},{"taxonomy":"product_tag","embeddable":true,"href":"https:\/\/hello-suns.com\/es\/wp-json\/wp\/v2\/product_tag?post=15661"},{"taxonomy":"material","embeddable":true,"href":"https:\/\/hello-suns.com\/es\/wp-json\/wp\/v2\/material?post=15661"}],"curies":[{"name":"wp","href":"https:\/\/api.w.org\/{rel}","templated":true}]}}