{"id":15646,"date":"2025-01-13T13:13:27","date_gmt":"2025-01-13T12:13:27","guid":{"rendered":"https:\/\/hello-suns.com\/producten\/nardo-aluminio\/"},"modified":"2026-02-23T11:06:59","modified_gmt":"2026-02-23T10:06:59","slug":"nardo-aluminium-conjuntos-de-sofa","status":"publish","type":"product","link":"https:\/\/hello-suns.com\/es\/productos\/nardo-aluminium-conjuntos-de-sofa\/","title":{"rendered":"Nardo | aluminium"},"content":{"rendered":"<h2 style=\"font-weight: 400;\">Extraordinario por su sencillez<\/h2>\n<p style=\"font-weight: 400;\">La m\u00e1xima calidad puede traducirse en pura sencillez. El conjunto de sof\u00e1s de aluminio Nardo demuestra que el confort \u00f3ptimo, el dise\u00f1o elegante y los accesorios aut\u00e9nticos no tienen por qu\u00e9 ser lujosos. Descubre por ti mismo c\u00f3mo el lujo discreto se convierte en disfrute sin fin.<\/p>\n","protected":false},"excerpt":{"rendered":"<h3 style=\"font-weight: 400;\">Apuesta por el aspecto industrial<\/h3>\n<p style=\"font-weight: 400;\">El conjunto de sof\u00e1 Nardo &#8211; aluminio es la elegante ampliaci\u00f3n de la popular l\u00ednea de productos Nardo. Este conjunto de sof\u00e1 est\u00e1 fabricado con una estructura de aluminio industrial. Las llamativas patas en forma de m\u00e9nsula proporcionan un aspecto robusto y una construcci\u00f3n s\u00f3lida como una roca. Los respaldos incorporan nuestra innovadora fijaci\u00f3n de cojines. Gracias al lazo de los cojines y a la varilla de madera, el molesto deslizamiento de los cojines es cosa del pasado. Los cojines est\u00e1n acabados en un tejido premium resistente a la intemperie. La mesa auxiliar complementa a la perfecci\u00f3n el elegante dise\u00f1o.<\/p>\n<p style=\"font-weight: 400;\">Nardo llama la atenci\u00f3n por sus asientos extremadamente c\u00f3modos. Gracias al principio You Create, con Nardo puedes crear la disposici\u00f3n ideal para tu jard\u00edn o terraza. Nardo est\u00e1 disponible como conjunto de sal\u00f3n (con esquina fija) o conjunto de sof\u00e1. Dentro de la l\u00ednea de productos Nardo, tambi\u00e9n ofrecemos este conjunto de sof\u00e1 en una combinaci\u00f3n de teca y aluminio.<\/p>\n","protected":false},"featured_media":15650,"comment_status":"closed","ping_status":"closed","template":"","meta":{"_acf_changed":false},"product_brand":[],"product_cat":[800,797],"product_tag":[],"material":[],"class_list":{"0":"post-15646","1":"product","2":"type-product","3":"status-publish","4":"has-post-thumbnail","6":"product_cat-conjuntos-de-sofa","7":"product_cat-you-create-es","9":"first","10":"instock","11":"shipping-taxable","12":"product-type-simple"},"acf":[],"yoast_head":"<!-- This site is optimized with the Yoast SEO plugin v26.8 - https:\/\/yoast.com\/product\/yoast-seo-wordpress\/ -->\n<title>Sof\u00e1s de aluminio Nardo | SUNS Outdoor Lifestyle<\/title>\n<meta name=\"description\" content=\"\u00bfBuscas un elegante conjunto de sof\u00e1 de aluminio nardo? SUNS te ofrece lujosos conjuntos de sof\u00e1 de aluminio resistente con un dise\u00f1o moderno y el m\u00e1ximo confort.\" \/>\n<meta name=\"robots\" content=\"index, follow, max-snippet:-1, max-image-preview:large, max-video-preview:-1\" \/>\n<link rel=\"canonical\" href=\"https:\/\/hello-suns.com\/es\/productos\/nardo-aluminium-conjuntos-de-sofa\/\" \/>\n<meta property=\"og:locale\" content=\"es_ES\" \/>\n<meta property=\"og:type\" content=\"article\" \/>\n<meta property=\"og:title\" content=\"Sof\u00e1s de aluminio Nardo | SUNS Outdoor Lifestyle\" \/>\n<meta property=\"og:description\" content=\"\u00bfBuscas un elegante conjunto de sof\u00e1 de aluminio nardo? SUNS te ofrece lujosos conjuntos de sof\u00e1 de aluminio resistente con un dise\u00f1o moderno y el m\u00e1ximo confort.\" \/>\n<meta property=\"og:url\" content=\"https:\/\/hello-suns.com\/es\/productos\/nardo-aluminium-conjuntos-de-sofa\/\" \/>\n<meta property=\"og:site_name\" content=\"SUNS\" \/>\n<meta property=\"article:modified_time\" content=\"2026-02-23T10:06:59+00:00\" \/>\n<meta property=\"og:image\" content=\"https:\/\/hello-suns.com\/app\/uploads\/2025\/01\/Nardo-SUNS-Sofaset-MB-NMW-Free-1-2.png\" \/>\n\t<meta property=\"og:image:width\" content=\"2500\" \/>\n\t<meta property=\"og:image:height\" content=\"1667\" \/>\n\t<meta property=\"og:image:type\" content=\"image\/png\" \/>\n<meta name=\"twitter:card\" content=\"summary_large_image\" \/>\n<meta name=\"twitter:label1\" content=\"Est. reading time\" \/>\n\t<meta name=\"twitter:data1\" content=\"4 minutes\" \/>\n<script type=\"application\/ld+json\" class=\"yoast-schema-graph\">{\"@context\":\"https:\/\/schema.org\",\"@graph\":[{\"@type\":\"WebPage\",\"@id\":\"https:\/\/hello-suns.com\/es\/productos\/nardo-aluminium-conjuntos-de-sofa\/\",\"url\":\"https:\/\/hello-suns.com\/es\/productos\/nardo-aluminium-conjuntos-de-sofa\/\",\"name\":\"Sof\u00e1s de aluminio Nardo | SUNS Outdoor Lifestyle\",\"isPartOf\":{\"@id\":\"https:\/\/hello-suns.com\/es\/#website\"},\"primaryImageOfPage\":{\"@id\":\"https:\/\/hello-suns.com\/es\/productos\/nardo-aluminium-conjuntos-de-sofa\/#primaryimage\"},\"image\":{\"@id\":\"https:\/\/hello-suns.com\/es\/productos\/nardo-aluminium-conjuntos-de-sofa\/#primaryimage\"},\"thumbnailUrl\":\"https:\/\/hello-suns.com\/app\/uploads\/2025\/01\/Nardo-SUNS-Sofaset-MB-NMW-Free-1-2.png\",\"datePublished\":\"2025-01-13T12:13:27+00:00\",\"dateModified\":\"2026-02-23T10:06:59+00:00\",\"description\":\"\u00bfBuscas un elegante conjunto de sof\u00e1 de aluminio nardo? SUNS te ofrece lujosos conjuntos de sof\u00e1 de aluminio resistente con un dise\u00f1o moderno y el m\u00e1ximo confort.\",\"breadcrumb\":{\"@id\":\"https:\/\/hello-suns.com\/es\/productos\/nardo-aluminium-conjuntos-de-sofa\/#breadcrumb\"},\"inLanguage\":\"es-ES\",\"potentialAction\":[{\"@type\":\"ReadAction\",\"target\":[\"https:\/\/hello-suns.com\/es\/productos\/nardo-aluminium-conjuntos-de-sofa\/\"]}]},{\"@type\":\"ImageObject\",\"inLanguage\":\"es-ES\",\"@id\":\"https:\/\/hello-suns.com\/es\/productos\/nardo-aluminium-conjuntos-de-sofa\/#primaryimage\",\"url\":\"https:\/\/hello-suns.com\/app\/uploads\/2025\/01\/Nardo-SUNS-Sofaset-MB-NMW-Free-1-2.png\",\"contentUrl\":\"https:\/\/hello-suns.com\/app\/uploads\/2025\/01\/Nardo-SUNS-Sofaset-MB-NMW-Free-1-2.png\",\"width\":2500,\"height\":1667},{\"@type\":\"BreadcrumbList\",\"@id\":\"https:\/\/hello-suns.com\/es\/productos\/nardo-aluminium-conjuntos-de-sofa\/#breadcrumb\",\"itemListElement\":[{\"@type\":\"ListItem\",\"position\":1,\"name\":\"\",\"item\":\"https:\/\/hello-suns.com\/es\/\"},{\"@type\":\"ListItem\",\"position\":2,\"name\":\"Productos\",\"item\":\"https:\/\/hello-suns.com\/es\/productos\/\"},{\"@type\":\"ListItem\",\"position\":3,\"name\":\"Nardo | aluminium\"}]},{\"@type\":\"WebSite\",\"@id\":\"https:\/\/hello-suns.com\/es\/#website\",\"url\":\"https:\/\/hello-suns.com\/es\/\",\"name\":\"SUNS\",\"description\":\"Outdoor Lifestyle\",\"potentialAction\":[{\"@type\":\"SearchAction\",\"target\":{\"@type\":\"EntryPoint\",\"urlTemplate\":\"https:\/\/hello-suns.com\/es\/?s={search_term_string}\"},\"query-input\":{\"@type\":\"PropertyValueSpecification\",\"valueRequired\":true,\"valueName\":\"search_term_string\"}}],\"inLanguage\":\"es-ES\"}]}<\/script>\n<!-- \/ Yoast SEO plugin. -->","yoast_head_json":{"title":"Sof\u00e1s de aluminio Nardo | SUNS Outdoor Lifestyle","description":"\u00bfBuscas un elegante conjunto de sof\u00e1 de aluminio nardo? SUNS te ofrece lujosos conjuntos de sof\u00e1 de aluminio resistente con un dise\u00f1o moderno y el m\u00e1ximo confort.","robots":{"index":"index","follow":"follow","max-snippet":"max-snippet:-1","max-image-preview":"max-image-preview:large","max-video-preview":"max-video-preview:-1"},"canonical":"https:\/\/hello-suns.com\/es\/productos\/nardo-aluminium-conjuntos-de-sofa\/","og_locale":"es_ES","og_type":"article","og_title":"Sof\u00e1s de aluminio Nardo | SUNS Outdoor Lifestyle","og_description":"\u00bfBuscas un elegante conjunto de sof\u00e1 de aluminio nardo? SUNS te ofrece lujosos conjuntos de sof\u00e1 de aluminio resistente con un dise\u00f1o moderno y el m\u00e1ximo confort.","og_url":"https:\/\/hello-suns.com\/es\/productos\/nardo-aluminium-conjuntos-de-sofa\/","og_site_name":"SUNS","article_modified_time":"2026-02-23T10:06:59+00:00","og_image":[{"width":2500,"height":1667,"url":"https:\/\/hello-suns.com\/app\/uploads\/2025\/01\/Nardo-SUNS-Sofaset-MB-NMW-Free-1-2.png","type":"image\/png"}],"twitter_card":"summary_large_image","twitter_misc":{"Est. reading time":"4 minutes"},"schema":{"@context":"https:\/\/schema.org","@graph":[{"@type":"WebPage","@id":"https:\/\/hello-suns.com\/es\/productos\/nardo-aluminium-conjuntos-de-sofa\/","url":"https:\/\/hello-suns.com\/es\/productos\/nardo-aluminium-conjuntos-de-sofa\/","name":"Sof\u00e1s de aluminio Nardo | SUNS Outdoor Lifestyle","isPartOf":{"@id":"https:\/\/hello-suns.com\/es\/#website"},"primaryImageOfPage":{"@id":"https:\/\/hello-suns.com\/es\/productos\/nardo-aluminium-conjuntos-de-sofa\/#primaryimage"},"image":{"@id":"https:\/\/hello-suns.com\/es\/productos\/nardo-aluminium-conjuntos-de-sofa\/#primaryimage"},"thumbnailUrl":"https:\/\/hello-suns.com\/app\/uploads\/2025\/01\/Nardo-SUNS-Sofaset-MB-NMW-Free-1-2.png","datePublished":"2025-01-13T12:13:27+00:00","dateModified":"2026-02-23T10:06:59+00:00","description":"\u00bfBuscas un elegante conjunto de sof\u00e1 de aluminio nardo? SUNS te ofrece lujosos conjuntos de sof\u00e1 de aluminio resistente con un dise\u00f1o moderno y el m\u00e1ximo confort.","breadcrumb":{"@id":"https:\/\/hello-suns.com\/es\/productos\/nardo-aluminium-conjuntos-de-sofa\/#breadcrumb"},"inLanguage":"es-ES","potentialAction":[{"@type":"ReadAction","target":["https:\/\/hello-suns.com\/es\/productos\/nardo-aluminium-conjuntos-de-sofa\/"]}]},{"@type":"ImageObject","inLanguage":"es-ES","@id":"https:\/\/hello-suns.com\/es\/productos\/nardo-aluminium-conjuntos-de-sofa\/#primaryimage","url":"https:\/\/hello-suns.com\/app\/uploads\/2025\/01\/Nardo-SUNS-Sofaset-MB-NMW-Free-1-2.png","contentUrl":"https:\/\/hello-suns.com\/app\/uploads\/2025\/01\/Nardo-SUNS-Sofaset-MB-NMW-Free-1-2.png","width":2500,"height":1667},{"@type":"BreadcrumbList","@id":"https:\/\/hello-suns.com\/es\/productos\/nardo-aluminium-conjuntos-de-sofa\/#breadcrumb","itemListElement":[{"@type":"ListItem","position":1,"name":"","item":"https:\/\/hello-suns.com\/es\/"},{"@type":"ListItem","position":2,"name":"Productos","item":"https:\/\/hello-suns.com\/es\/productos\/"},{"@type":"ListItem","position":3,"name":"Nardo | aluminium"}]},{"@type":"WebSite","@id":"https:\/\/hello-suns.com\/es\/#website","url":"https:\/\/hello-suns.com\/es\/","name":"SUNS","description":"Outdoor Lifestyle","potentialAction":[{"@type":"SearchAction","target":{"@type":"EntryPoint","urlTemplate":"https:\/\/hello-suns.com\/es\/?s={search_term_string}"},"query-input":{"@type":"PropertyValueSpecification","valueRequired":true,"valueName":"search_term_string"}}],"inLanguage":"es-ES"}]}},"_links":{"self":[{"href":"https:\/\/hello-suns.com\/es\/wp-json\/wp\/v2\/product\/15646","targetHints":{"allow":["GET"]}}],"collection":[{"href":"https:\/\/hello-suns.com\/es\/wp-json\/wp\/v2\/product"}],"about":[{"href":"https:\/\/hello-suns.com\/es\/wp-json\/wp\/v2\/types\/product"}],"replies":[{"embeddable":true,"href":"https:\/\/hello-suns.com\/es\/wp-json\/wp\/v2\/comments?post=15646"}],"wp:featuredmedia":[{"embeddable":true,"href":"https:\/\/hello-suns.com\/es\/wp-json\/wp\/v2\/media\/15650"}],"wp:attachment":[{"href":"https:\/\/hello-suns.com\/es\/wp-json\/wp\/v2\/media?parent=15646"}],"wp:term":[{"taxonomy":"product_brand","embeddable":true,"href":"https:\/\/hello-suns.com\/es\/wp-json\/wp\/v2\/product_brand?post=15646"},{"taxonomy":"product_cat","embeddable":true,"href":"https:\/\/hello-suns.com\/es\/wp-json\/wp\/v2\/product_cat?post=15646"},{"taxonomy":"product_tag","embeddable":true,"href":"https:\/\/hello-suns.com\/es\/wp-json\/wp\/v2\/product_tag?post=15646"},{"taxonomy":"material","embeddable":true,"href":"https:\/\/hello-suns.com\/es\/wp-json\/wp\/v2\/material?post=15646"}],"curies":[{"name":"wp","href":"https:\/\/api.w.org\/{rel}","templated":true}]}}