{"id":15601,"date":"2025-01-13T14:13:59","date_gmt":"2025-01-13T13:13:59","guid":{"rendered":"https:\/\/hello-suns.com\/producten\/basta\/"},"modified":"2026-02-11T10:17:32","modified_gmt":"2026-02-11T09:17:32","slug":"basta-sillas-de-low-dining","status":"publish","type":"product","link":"https:\/\/hello-suns.com\/es\/productos\/basta-sillas-de-low-dining\/","title":{"rendered":"Basta"},"content":{"rendered":"<h2 style=\"font-weight: 400;\">Sencillez y elegancia<\/h2>\n<p style=\"font-weight: 400;\">El comedor bajo es tendencia absoluta. Inspirada en la elegante l\u00ednea Basta del dise\u00f1ador de muebles holand\u00e9s Hugo de Ruiter, ahora existe la silla baja de comedor Basta.<\/p>\n","protected":false},"excerpt":{"rendered":"<h3 style=\"font-weight: 400;\">Silla baja de comedor de teca<\/h3>\n<p style=\"font-weight: 400;\">La silla de comedor baja Basta est\u00e1 dise\u00f1ada para utilizarse con la mesa de comedor baja Basta. La silla se caracteriza por su s\u00f3lida sencillez en un llamativo dise\u00f1o totalmente de madera de teca. La ausencia de reposabrazos permite colocar estas sillas muy juntas para crear mucho espacio para sentarse.<\/p>\n<p style=\"font-weight: 400;\">Basta ofrece una agradable comodidad de asiento gracias a su amplio asiento y sus cojines ricamente acolchados. Est\u00e1n fabricados con tejido de exterior de primera calidad y tienen un n\u00facleo de secado r\u00e1pido. Esto permite que la silla permanezca al aire libre todo el a\u00f1o.<\/p>\n","protected":false},"featured_media":15602,"comment_status":"closed","ping_status":"closed","template":"","meta":{"_acf_changed":false},"product_brand":[],"product_cat":[801],"product_tag":[],"material":[],"class_list":{"0":"post-15601","1":"product","2":"type-product","3":"status-publish","4":"has-post-thumbnail","6":"product_cat-sillas-de-low-dining","8":"first","9":"instock","10":"shipping-taxable","11":"product-type-simple"},"acf":[],"yoast_head":"<!-- This site is optimized with the Yoast SEO plugin v26.8 - https:\/\/yoast.com\/product\/yoast-seo-wordpress\/ -->\n<title>Descubre la silla baja de comedor Basta | SUNS Outdoor Lifestyle<\/title>\n<meta name=\"description\" content=\"\u00bfBuscas una silla de comedor baja basta? SUNS te ofrece sillas bajas de comedor c\u00f3modas y duraderas que combinan a la perfecci\u00f3n dise\u00f1o moderno y funcionalidad.\" \/>\n<meta name=\"robots\" content=\"index, follow, max-snippet:-1, max-image-preview:large, max-video-preview:-1\" \/>\n<link rel=\"canonical\" href=\"https:\/\/hello-suns.com\/es\/productos\/basta-sillas-de-low-dining\/\" \/>\n<meta property=\"og:locale\" content=\"es_ES\" \/>\n<meta property=\"og:type\" content=\"article\" \/>\n<meta property=\"og:title\" content=\"Descubre la silla baja de comedor Basta | SUNS Outdoor Lifestyle\" \/>\n<meta property=\"og:description\" content=\"\u00bfBuscas una silla de comedor baja basta? SUNS te ofrece sillas bajas de comedor c\u00f3modas y duraderas que combinan a la perfecci\u00f3n dise\u00f1o moderno y funcionalidad.\" \/>\n<meta property=\"og:url\" content=\"https:\/\/hello-suns.com\/es\/productos\/basta-sillas-de-low-dining\/\" \/>\n<meta property=\"og:site_name\" content=\"SUNS\" \/>\n<meta property=\"article:modified_time\" content=\"2026-02-11T09:17:32+00:00\" \/>\n<meta property=\"og:image\" content=\"https:\/\/hello-suns.com\/app\/uploads\/2025\/01\/01_Basta-SUNS-diningchairlow-TK-NG-FREE-25-2500-02-1.png\" \/>\n\t<meta property=\"og:image:width\" content=\"2500\" \/>\n\t<meta property=\"og:image:height\" content=\"1667\" \/>\n\t<meta property=\"og:image:type\" content=\"image\/png\" \/>\n<meta name=\"twitter:card\" content=\"summary_large_image\" \/>\n<meta name=\"twitter:label1\" content=\"Est. reading time\" \/>\n\t<meta name=\"twitter:data1\" content=\"3 minutes\" \/>\n<script type=\"application\/ld+json\" class=\"yoast-schema-graph\">{\"@context\":\"https:\/\/schema.org\",\"@graph\":[{\"@type\":\"WebPage\",\"@id\":\"https:\/\/hello-suns.com\/es\/productos\/basta-sillas-de-low-dining\/\",\"url\":\"https:\/\/hello-suns.com\/es\/productos\/basta-sillas-de-low-dining\/\",\"name\":\"Descubre la silla baja de comedor Basta | SUNS Outdoor Lifestyle\",\"isPartOf\":{\"@id\":\"https:\/\/hello-suns.com\/es\/#website\"},\"primaryImageOfPage\":{\"@id\":\"https:\/\/hello-suns.com\/es\/productos\/basta-sillas-de-low-dining\/#primaryimage\"},\"image\":{\"@id\":\"https:\/\/hello-suns.com\/es\/productos\/basta-sillas-de-low-dining\/#primaryimage\"},\"thumbnailUrl\":\"https:\/\/hello-suns.com\/app\/uploads\/2025\/01\/01_Basta-SUNS-diningchairlow-TK-NG-FREE-25-2500-02-1.png\",\"datePublished\":\"2025-01-13T13:13:59+00:00\",\"dateModified\":\"2026-02-11T09:17:32+00:00\",\"description\":\"\u00bfBuscas una silla de comedor baja basta? SUNS te ofrece sillas bajas de comedor c\u00f3modas y duraderas que combinan a la perfecci\u00f3n dise\u00f1o moderno y funcionalidad.\",\"breadcrumb\":{\"@id\":\"https:\/\/hello-suns.com\/es\/productos\/basta-sillas-de-low-dining\/#breadcrumb\"},\"inLanguage\":\"es-ES\",\"potentialAction\":[{\"@type\":\"ReadAction\",\"target\":[\"https:\/\/hello-suns.com\/es\/productos\/basta-sillas-de-low-dining\/\"]}]},{\"@type\":\"ImageObject\",\"inLanguage\":\"es-ES\",\"@id\":\"https:\/\/hello-suns.com\/es\/productos\/basta-sillas-de-low-dining\/#primaryimage\",\"url\":\"https:\/\/hello-suns.com\/app\/uploads\/2025\/01\/01_Basta-SUNS-diningchairlow-TK-NG-FREE-25-2500-02-1.png\",\"contentUrl\":\"https:\/\/hello-suns.com\/app\/uploads\/2025\/01\/01_Basta-SUNS-diningchairlow-TK-NG-FREE-25-2500-02-1.png\",\"width\":2500,\"height\":1667},{\"@type\":\"BreadcrumbList\",\"@id\":\"https:\/\/hello-suns.com\/es\/productos\/basta-sillas-de-low-dining\/#breadcrumb\",\"itemListElement\":[{\"@type\":\"ListItem\",\"position\":1,\"name\":\"\",\"item\":\"https:\/\/hello-suns.com\/es\/\"},{\"@type\":\"ListItem\",\"position\":2,\"name\":\"Productos\",\"item\":\"https:\/\/hello-suns.com\/es\/productos\/\"},{\"@type\":\"ListItem\",\"position\":3,\"name\":\"Basta\"}]},{\"@type\":\"WebSite\",\"@id\":\"https:\/\/hello-suns.com\/es\/#website\",\"url\":\"https:\/\/hello-suns.com\/es\/\",\"name\":\"SUNS\",\"description\":\"Outdoor Lifestyle\",\"potentialAction\":[{\"@type\":\"SearchAction\",\"target\":{\"@type\":\"EntryPoint\",\"urlTemplate\":\"https:\/\/hello-suns.com\/es\/?s={search_term_string}\"},\"query-input\":{\"@type\":\"PropertyValueSpecification\",\"valueRequired\":true,\"valueName\":\"search_term_string\"}}],\"inLanguage\":\"es-ES\"}]}<\/script>\n<!-- \/ Yoast SEO plugin. -->","yoast_head_json":{"title":"Descubre la silla baja de comedor Basta | SUNS Outdoor Lifestyle","description":"\u00bfBuscas una silla de comedor baja basta? SUNS te ofrece sillas bajas de comedor c\u00f3modas y duraderas que combinan a la perfecci\u00f3n dise\u00f1o moderno y funcionalidad.","robots":{"index":"index","follow":"follow","max-snippet":"max-snippet:-1","max-image-preview":"max-image-preview:large","max-video-preview":"max-video-preview:-1"},"canonical":"https:\/\/hello-suns.com\/es\/productos\/basta-sillas-de-low-dining\/","og_locale":"es_ES","og_type":"article","og_title":"Descubre la silla baja de comedor Basta | SUNS Outdoor Lifestyle","og_description":"\u00bfBuscas una silla de comedor baja basta? SUNS te ofrece sillas bajas de comedor c\u00f3modas y duraderas que combinan a la perfecci\u00f3n dise\u00f1o moderno y funcionalidad.","og_url":"https:\/\/hello-suns.com\/es\/productos\/basta-sillas-de-low-dining\/","og_site_name":"SUNS","article_modified_time":"2026-02-11T09:17:32+00:00","og_image":[{"width":2500,"height":1667,"url":"https:\/\/hello-suns.com\/app\/uploads\/2025\/01\/01_Basta-SUNS-diningchairlow-TK-NG-FREE-25-2500-02-1.png","type":"image\/png"}],"twitter_card":"summary_large_image","twitter_misc":{"Est. reading time":"3 minutes"},"schema":{"@context":"https:\/\/schema.org","@graph":[{"@type":"WebPage","@id":"https:\/\/hello-suns.com\/es\/productos\/basta-sillas-de-low-dining\/","url":"https:\/\/hello-suns.com\/es\/productos\/basta-sillas-de-low-dining\/","name":"Descubre la silla baja de comedor Basta | SUNS Outdoor Lifestyle","isPartOf":{"@id":"https:\/\/hello-suns.com\/es\/#website"},"primaryImageOfPage":{"@id":"https:\/\/hello-suns.com\/es\/productos\/basta-sillas-de-low-dining\/#primaryimage"},"image":{"@id":"https:\/\/hello-suns.com\/es\/productos\/basta-sillas-de-low-dining\/#primaryimage"},"thumbnailUrl":"https:\/\/hello-suns.com\/app\/uploads\/2025\/01\/01_Basta-SUNS-diningchairlow-TK-NG-FREE-25-2500-02-1.png","datePublished":"2025-01-13T13:13:59+00:00","dateModified":"2026-02-11T09:17:32+00:00","description":"\u00bfBuscas una silla de comedor baja basta? SUNS te ofrece sillas bajas de comedor c\u00f3modas y duraderas que combinan a la perfecci\u00f3n dise\u00f1o moderno y funcionalidad.","breadcrumb":{"@id":"https:\/\/hello-suns.com\/es\/productos\/basta-sillas-de-low-dining\/#breadcrumb"},"inLanguage":"es-ES","potentialAction":[{"@type":"ReadAction","target":["https:\/\/hello-suns.com\/es\/productos\/basta-sillas-de-low-dining\/"]}]},{"@type":"ImageObject","inLanguage":"es-ES","@id":"https:\/\/hello-suns.com\/es\/productos\/basta-sillas-de-low-dining\/#primaryimage","url":"https:\/\/hello-suns.com\/app\/uploads\/2025\/01\/01_Basta-SUNS-diningchairlow-TK-NG-FREE-25-2500-02-1.png","contentUrl":"https:\/\/hello-suns.com\/app\/uploads\/2025\/01\/01_Basta-SUNS-diningchairlow-TK-NG-FREE-25-2500-02-1.png","width":2500,"height":1667},{"@type":"BreadcrumbList","@id":"https:\/\/hello-suns.com\/es\/productos\/basta-sillas-de-low-dining\/#breadcrumb","itemListElement":[{"@type":"ListItem","position":1,"name":"","item":"https:\/\/hello-suns.com\/es\/"},{"@type":"ListItem","position":2,"name":"Productos","item":"https:\/\/hello-suns.com\/es\/productos\/"},{"@type":"ListItem","position":3,"name":"Basta"}]},{"@type":"WebSite","@id":"https:\/\/hello-suns.com\/es\/#website","url":"https:\/\/hello-suns.com\/es\/","name":"SUNS","description":"Outdoor Lifestyle","potentialAction":[{"@type":"SearchAction","target":{"@type":"EntryPoint","urlTemplate":"https:\/\/hello-suns.com\/es\/?s={search_term_string}"},"query-input":{"@type":"PropertyValueSpecification","valueRequired":true,"valueName":"search_term_string"}}],"inLanguage":"es-ES"}]}},"_links":{"self":[{"href":"https:\/\/hello-suns.com\/es\/wp-json\/wp\/v2\/product\/15601","targetHints":{"allow":["GET"]}}],"collection":[{"href":"https:\/\/hello-suns.com\/es\/wp-json\/wp\/v2\/product"}],"about":[{"href":"https:\/\/hello-suns.com\/es\/wp-json\/wp\/v2\/types\/product"}],"replies":[{"embeddable":true,"href":"https:\/\/hello-suns.com\/es\/wp-json\/wp\/v2\/comments?post=15601"}],"wp:featuredmedia":[{"embeddable":true,"href":"https:\/\/hello-suns.com\/es\/wp-json\/wp\/v2\/media\/15602"}],"wp:attachment":[{"href":"https:\/\/hello-suns.com\/es\/wp-json\/wp\/v2\/media?parent=15601"}],"wp:term":[{"taxonomy":"product_brand","embeddable":true,"href":"https:\/\/hello-suns.com\/es\/wp-json\/wp\/v2\/product_brand?post=15601"},{"taxonomy":"product_cat","embeddable":true,"href":"https:\/\/hello-suns.com\/es\/wp-json\/wp\/v2\/product_cat?post=15601"},{"taxonomy":"product_tag","embeddable":true,"href":"https:\/\/hello-suns.com\/es\/wp-json\/wp\/v2\/product_tag?post=15601"},{"taxonomy":"material","embeddable":true,"href":"https:\/\/hello-suns.com\/es\/wp-json\/wp\/v2\/material?post=15601"}],"curies":[{"name":"wp","href":"https:\/\/api.w.org\/{rel}","templated":true}]}}