{"id":15558,"date":"2025-01-13T14:54:42","date_gmt":"2025-01-13T13:54:42","guid":{"rendered":"https:\/\/hello-suns.com\/producten\/estocolmo\/"},"modified":"2026-03-19T12:18:32","modified_gmt":"2026-03-19T11:18:32","slug":"stockholm-conjuntos-de-salon","status":"publish","type":"product","link":"https:\/\/hello-suns.com\/es\/productos\/stockholm-conjuntos-de-salon\/","title":{"rendered":"Stockholm"},"content":{"rendered":"<h2 style=\"font-weight: 400;\">Crear momentos memorables<\/h2>\n<p style=\"font-weight: 400;\">Convierte tu jard\u00edn en un lugar donde desconectar, distanciarte del ajetreo cotidiano y crear nuevos recuerdos. El conjunto de sal\u00f3n Estocolmo te permite disfrutar de un lujo excepcional. Sin l\u00edmites. Sin preocupaciones. \u00bfA qu\u00e9 esperas?<\/p>\n","protected":false},"excerpt":{"rendered":"<h3 style=\"font-weight: 400;\">\u00c1gil y acogedor<\/h3>\n<p style=\"font-weight: 400;\">Este conjunto de sal\u00f3n se sostiene maravillosamente sobre sus patas de aluminio. Un punto de atracci\u00f3n para tu jard\u00edn, terraza o patio. Gracias al uso de materiales de alta calidad, el conjunto de sal\u00f3n Estocolmo puede estar en el exterior todo el a\u00f1o. Este Estocolmo es un conjunto de sal\u00f3n modular. Eso significa que puedes combinar varios elementos para crear tu propia disposici\u00f3n ideal. SUNS ofrece varios conceptos modulares bajo el lema: T\u00fa creas. El conjunto de sal\u00f3n viene de serie sin reposabrazos. Estos est\u00e1n disponibles opcionalmente en el mismo tapizado que los cojines. La mesa auxiliar a juego combina elegantemente con una mesa superior de aluminio (opcional) que se desliza sobre ella. Seg\u00fan el conjunto, la mesa tiene una pata paralela o cruzada. El conjunto tambi\u00e9n est\u00e1 disponible como conjunto de sof\u00e1, con sof\u00e1s independientes. Adem\u00e1s, la l\u00ednea Estocolmo tambi\u00e9n ofrece un sof\u00e1 cama a juego y una mesa con banco a juego.<\/p>\n<p style=\"font-weight: 400;\">Los cojines hidr\u00f3fugos de tejido exterior de primera calidad se fijan ingeniosamente al respaldo de aluminio con un lazo y una varilla de madera. Esto hace que los cojines deslizantes sean cosa del pasado.<\/p>\n","protected":false},"featured_media":55158,"comment_status":"closed","ping_status":"closed","template":"","meta":{"_acf_changed":false},"product_brand":[],"product_cat":[799,797],"product_tag":[],"material":[],"class_list":{"0":"post-15558","1":"product","2":"type-product","3":"status-publish","4":"has-post-thumbnail","6":"product_cat-conjuntos-de-salon","7":"product_cat-you-create-es","9":"first","10":"instock","11":"shipping-taxable","12":"product-type-simple"},"acf":[],"yoast_head":"<!-- This site is optimized with the Yoast SEO plugin v26.8 - https:\/\/yoast.com\/product\/yoast-seo-wordpress\/ -->\n<title>Conjunto de sal\u00f3n Estocolmo | SUNS Outdoor Lifestyle<\/title>\n<meta name=\"description\" content=\"\u00bfBuscas el conjunto de sal\u00f3n perfecto? Descubre el conjunto de sal\u00f3n Estocolmo de SUNS muebles de jard\u00edn y encuentra un distribuidor cerca de ti.\" \/>\n<meta name=\"robots\" content=\"index, follow, max-snippet:-1, max-image-preview:large, max-video-preview:-1\" \/>\n<link rel=\"canonical\" href=\"https:\/\/hello-suns.com\/es\/productos\/stockholm-conjuntos-de-salon\/\" \/>\n<meta property=\"og:locale\" content=\"es_ES\" \/>\n<meta property=\"og:type\" content=\"article\" \/>\n<meta property=\"og:title\" content=\"Conjunto de sal\u00f3n Estocolmo | SUNS Outdoor Lifestyle\" \/>\n<meta property=\"og:description\" content=\"\u00bfBuscas el conjunto de sal\u00f3n perfecto? Descubre el conjunto de sal\u00f3n Estocolmo de SUNS muebles de jard\u00edn y encuentra un distribuidor cerca de ti.\" \/>\n<meta property=\"og:url\" content=\"https:\/\/hello-suns.com\/es\/productos\/stockholm-conjuntos-de-salon\/\" \/>\n<meta property=\"og:site_name\" content=\"SUNS\" \/>\n<meta property=\"article:modified_time\" content=\"2026-03-19T11:18:32+00:00\" \/>\n<meta property=\"og:image\" content=\"https:\/\/hello-suns.com\/app\/uploads\/2025\/01\/Stockholm-SUNS-Loungeset-CH-BB-Free-21.png\" \/>\n\t<meta property=\"og:image:width\" content=\"2548\" \/>\n\t<meta property=\"og:image:height\" content=\"1699\" \/>\n\t<meta property=\"og:image:type\" content=\"image\/png\" \/>\n<meta name=\"twitter:card\" content=\"summary_large_image\" \/>\n<meta name=\"twitter:label1\" content=\"Est. reading time\" \/>\n\t<meta name=\"twitter:data1\" content=\"6 minutes\" \/>\n<script type=\"application\/ld+json\" class=\"yoast-schema-graph\">{\"@context\":\"https:\/\/schema.org\",\"@graph\":[{\"@type\":\"WebPage\",\"@id\":\"https:\/\/hello-suns.com\/es\/productos\/stockholm-conjuntos-de-salon\/\",\"url\":\"https:\/\/hello-suns.com\/es\/productos\/stockholm-conjuntos-de-salon\/\",\"name\":\"Conjunto de sal\u00f3n Estocolmo | SUNS Outdoor Lifestyle\",\"isPartOf\":{\"@id\":\"https:\/\/hello-suns.com\/es\/#website\"},\"primaryImageOfPage\":{\"@id\":\"https:\/\/hello-suns.com\/es\/productos\/stockholm-conjuntos-de-salon\/#primaryimage\"},\"image\":{\"@id\":\"https:\/\/hello-suns.com\/es\/productos\/stockholm-conjuntos-de-salon\/#primaryimage\"},\"thumbnailUrl\":\"https:\/\/hello-suns.com\/app\/uploads\/2025\/01\/Stockholm-SUNS-Loungeset-CH-BB-Free-21.png\",\"datePublished\":\"2025-01-13T13:54:42+00:00\",\"dateModified\":\"2026-03-19T11:18:32+00:00\",\"description\":\"\u00bfBuscas el conjunto de sal\u00f3n perfecto? Descubre el conjunto de sal\u00f3n Estocolmo de SUNS muebles de jard\u00edn y encuentra un distribuidor cerca de ti.\",\"breadcrumb\":{\"@id\":\"https:\/\/hello-suns.com\/es\/productos\/stockholm-conjuntos-de-salon\/#breadcrumb\"},\"inLanguage\":\"es-ES\",\"potentialAction\":[{\"@type\":\"ReadAction\",\"target\":[\"https:\/\/hello-suns.com\/es\/productos\/stockholm-conjuntos-de-salon\/\"]}]},{\"@type\":\"ImageObject\",\"inLanguage\":\"es-ES\",\"@id\":\"https:\/\/hello-suns.com\/es\/productos\/stockholm-conjuntos-de-salon\/#primaryimage\",\"url\":\"https:\/\/hello-suns.com\/app\/uploads\/2025\/01\/Stockholm-SUNS-Loungeset-CH-BB-Free-21.png\",\"contentUrl\":\"https:\/\/hello-suns.com\/app\/uploads\/2025\/01\/Stockholm-SUNS-Loungeset-CH-BB-Free-21.png\",\"width\":2548,\"height\":1699},{\"@type\":\"BreadcrumbList\",\"@id\":\"https:\/\/hello-suns.com\/es\/productos\/stockholm-conjuntos-de-salon\/#breadcrumb\",\"itemListElement\":[{\"@type\":\"ListItem\",\"position\":1,\"name\":\"\",\"item\":\"https:\/\/hello-suns.com\/es\/\"},{\"@type\":\"ListItem\",\"position\":2,\"name\":\"Productos\",\"item\":\"https:\/\/hello-suns.com\/es\/productos\/\"},{\"@type\":\"ListItem\",\"position\":3,\"name\":\"Stockholm\"}]},{\"@type\":\"WebSite\",\"@id\":\"https:\/\/hello-suns.com\/es\/#website\",\"url\":\"https:\/\/hello-suns.com\/es\/\",\"name\":\"SUNS\",\"description\":\"Outdoor Lifestyle\",\"potentialAction\":[{\"@type\":\"SearchAction\",\"target\":{\"@type\":\"EntryPoint\",\"urlTemplate\":\"https:\/\/hello-suns.com\/es\/?s={search_term_string}\"},\"query-input\":{\"@type\":\"PropertyValueSpecification\",\"valueRequired\":true,\"valueName\":\"search_term_string\"}}],\"inLanguage\":\"es-ES\"}]}<\/script>\n<!-- \/ Yoast SEO plugin. -->","yoast_head_json":{"title":"Conjunto de sal\u00f3n Estocolmo | SUNS Outdoor Lifestyle","description":"\u00bfBuscas el conjunto de sal\u00f3n perfecto? Descubre el conjunto de sal\u00f3n Estocolmo de SUNS muebles de jard\u00edn y encuentra un distribuidor cerca de ti.","robots":{"index":"index","follow":"follow","max-snippet":"max-snippet:-1","max-image-preview":"max-image-preview:large","max-video-preview":"max-video-preview:-1"},"canonical":"https:\/\/hello-suns.com\/es\/productos\/stockholm-conjuntos-de-salon\/","og_locale":"es_ES","og_type":"article","og_title":"Conjunto de sal\u00f3n Estocolmo | SUNS Outdoor Lifestyle","og_description":"\u00bfBuscas el conjunto de sal\u00f3n perfecto? Descubre el conjunto de sal\u00f3n Estocolmo de SUNS muebles de jard\u00edn y encuentra un distribuidor cerca de ti.","og_url":"https:\/\/hello-suns.com\/es\/productos\/stockholm-conjuntos-de-salon\/","og_site_name":"SUNS","article_modified_time":"2026-03-19T11:18:32+00:00","og_image":[{"width":2548,"height":1699,"url":"https:\/\/hello-suns.com\/app\/uploads\/2025\/01\/Stockholm-SUNS-Loungeset-CH-BB-Free-21.png","type":"image\/png"}],"twitter_card":"summary_large_image","twitter_misc":{"Est. reading time":"6 minutes"},"schema":{"@context":"https:\/\/schema.org","@graph":[{"@type":"WebPage","@id":"https:\/\/hello-suns.com\/es\/productos\/stockholm-conjuntos-de-salon\/","url":"https:\/\/hello-suns.com\/es\/productos\/stockholm-conjuntos-de-salon\/","name":"Conjunto de sal\u00f3n Estocolmo | SUNS Outdoor Lifestyle","isPartOf":{"@id":"https:\/\/hello-suns.com\/es\/#website"},"primaryImageOfPage":{"@id":"https:\/\/hello-suns.com\/es\/productos\/stockholm-conjuntos-de-salon\/#primaryimage"},"image":{"@id":"https:\/\/hello-suns.com\/es\/productos\/stockholm-conjuntos-de-salon\/#primaryimage"},"thumbnailUrl":"https:\/\/hello-suns.com\/app\/uploads\/2025\/01\/Stockholm-SUNS-Loungeset-CH-BB-Free-21.png","datePublished":"2025-01-13T13:54:42+00:00","dateModified":"2026-03-19T11:18:32+00:00","description":"\u00bfBuscas el conjunto de sal\u00f3n perfecto? Descubre el conjunto de sal\u00f3n Estocolmo de SUNS muebles de jard\u00edn y encuentra un distribuidor cerca de ti.","breadcrumb":{"@id":"https:\/\/hello-suns.com\/es\/productos\/stockholm-conjuntos-de-salon\/#breadcrumb"},"inLanguage":"es-ES","potentialAction":[{"@type":"ReadAction","target":["https:\/\/hello-suns.com\/es\/productos\/stockholm-conjuntos-de-salon\/"]}]},{"@type":"ImageObject","inLanguage":"es-ES","@id":"https:\/\/hello-suns.com\/es\/productos\/stockholm-conjuntos-de-salon\/#primaryimage","url":"https:\/\/hello-suns.com\/app\/uploads\/2025\/01\/Stockholm-SUNS-Loungeset-CH-BB-Free-21.png","contentUrl":"https:\/\/hello-suns.com\/app\/uploads\/2025\/01\/Stockholm-SUNS-Loungeset-CH-BB-Free-21.png","width":2548,"height":1699},{"@type":"BreadcrumbList","@id":"https:\/\/hello-suns.com\/es\/productos\/stockholm-conjuntos-de-salon\/#breadcrumb","itemListElement":[{"@type":"ListItem","position":1,"name":"","item":"https:\/\/hello-suns.com\/es\/"},{"@type":"ListItem","position":2,"name":"Productos","item":"https:\/\/hello-suns.com\/es\/productos\/"},{"@type":"ListItem","position":3,"name":"Stockholm"}]},{"@type":"WebSite","@id":"https:\/\/hello-suns.com\/es\/#website","url":"https:\/\/hello-suns.com\/es\/","name":"SUNS","description":"Outdoor Lifestyle","potentialAction":[{"@type":"SearchAction","target":{"@type":"EntryPoint","urlTemplate":"https:\/\/hello-suns.com\/es\/?s={search_term_string}"},"query-input":{"@type":"PropertyValueSpecification","valueRequired":true,"valueName":"search_term_string"}}],"inLanguage":"es-ES"}]}},"_links":{"self":[{"href":"https:\/\/hello-suns.com\/es\/wp-json\/wp\/v2\/product\/15558","targetHints":{"allow":["GET"]}}],"collection":[{"href":"https:\/\/hello-suns.com\/es\/wp-json\/wp\/v2\/product"}],"about":[{"href":"https:\/\/hello-suns.com\/es\/wp-json\/wp\/v2\/types\/product"}],"replies":[{"embeddable":true,"href":"https:\/\/hello-suns.com\/es\/wp-json\/wp\/v2\/comments?post=15558"}],"wp:featuredmedia":[{"embeddable":true,"href":"https:\/\/hello-suns.com\/es\/wp-json\/wp\/v2\/media\/55158"}],"wp:attachment":[{"href":"https:\/\/hello-suns.com\/es\/wp-json\/wp\/v2\/media?parent=15558"}],"wp:term":[{"taxonomy":"product_brand","embeddable":true,"href":"https:\/\/hello-suns.com\/es\/wp-json\/wp\/v2\/product_brand?post=15558"},{"taxonomy":"product_cat","embeddable":true,"href":"https:\/\/hello-suns.com\/es\/wp-json\/wp\/v2\/product_cat?post=15558"},{"taxonomy":"product_tag","embeddable":true,"href":"https:\/\/hello-suns.com\/es\/wp-json\/wp\/v2\/product_tag?post=15558"},{"taxonomy":"material","embeddable":true,"href":"https:\/\/hello-suns.com\/es\/wp-json\/wp\/v2\/material?post=15558"}],"curies":[{"name":"wp","href":"https:\/\/api.w.org\/{rel}","templated":true}]}}