{"id":15504,"date":"2025-01-13T13:58:55","date_gmt":"2025-01-13T13:58:55","guid":{"rendered":"https:\/\/hello-suns.com\/producten\/sorrento\/"},"modified":"2025-09-09T09:53:24","modified_gmt":"2025-09-09T09:53:24","slug":"sorrento-conjuntos-de-salon","status":"publish","type":"product","link":"https:\/\/hello-suns.com\/es\/productos\/sorrento-conjuntos-de-salon\/","title":{"rendered":"Sorrento"},"content":{"rendered":"<h2 style=\"font-weight: 400;\">Confort acogedor<\/h2>\n<p style=\"font-weight: 400;\">Experimenta el m\u00e1ximo confort de Sorrento. D\u00e9jate abrazar por este sofisticado dise\u00f1o y disfruta de un icono de estilo listo para regalarte los mejores momentos al aire libre.<\/p>\n","protected":false},"excerpt":{"rendered":"<h3 style=\"font-weight: 400;\">Juego de sal\u00f3n de dise\u00f1o \u00fanico con cojines muy c\u00f3modos<\/h3>\n<p style=\"font-weight: 400;\">El conjunto de sal\u00f3n Sorrento combina sencillez, comodidad y elegancia de forma \u00f3ptima. La base garantiza una construcci\u00f3n muy s\u00f3lida. Las cuerdas en un elegante tejido de espina de pez dan al conjunto un aspecto \u00fanico. \u00a1Y luego est\u00e1n los cojines! Sorrento ofrece una comodidad de asiento sin precedentes. El interior de los cojines, ricamente acolchado, presenta un n\u00facleo de secado r\u00e1pido de alta calidad. La funda de los cojines es de tejido exterior de primera calidad: repelente al agua, fungicida y resistente a la intemperie. Es suave al tacto y maravillosamente c\u00f3moda. Sorrento tambi\u00e9n est\u00e1 disponible como conjunto de sof\u00e1 o conjunto de sal\u00f3n con chaise longue.<\/p>\n","protected":false},"featured_media":15520,"comment_status":"closed","ping_status":"closed","template":"","meta":{"_acf_changed":false},"product_brand":[],"product_cat":[799,797],"product_tag":[],"material":[],"class_list":{"0":"post-15504","1":"product","2":"type-product","3":"status-publish","4":"has-post-thumbnail","6":"product_cat-conjuntos-de-salon","7":"product_cat-you-create-es","9":"first","10":"instock","11":"shipping-taxable","12":"product-type-simple"},"acf":[],"yoast_head":"<!-- This site is optimized with the Yoast SEO plugin v26.8 - https:\/\/yoast.com\/product\/yoast-seo-wordpress\/ -->\n<title>Descubre el Conjunto de Tumbona Sorrento | SUNS Outdoor Lifestyle<\/title>\n<meta name=\"description\" content=\"\u00bfBuscas un elegante conjunto de sal\u00f3n Sorrento? SUNS ofrece conjuntos de sal\u00f3n lujosos y c\u00f3modos con un dise\u00f1o elegante, perfectos para un espacio exterior moderno.\" \/>\n<meta name=\"robots\" content=\"index, follow, max-snippet:-1, max-image-preview:large, max-video-preview:-1\" \/>\n<link rel=\"canonical\" href=\"https:\/\/hello-suns.com\/es\/productos\/sorrento-conjuntos-de-salon\/\" \/>\n<meta property=\"og:locale\" content=\"es_ES\" \/>\n<meta property=\"og:type\" content=\"article\" \/>\n<meta property=\"og:title\" content=\"Descubre el Conjunto de Tumbona Sorrento | SUNS Outdoor Lifestyle\" \/>\n<meta property=\"og:description\" content=\"\u00bfBuscas un elegante conjunto de sal\u00f3n Sorrento? SUNS ofrece conjuntos de sal\u00f3n lujosos y c\u00f3modos con un dise\u00f1o elegante, perfectos para un espacio exterior moderno.\" \/>\n<meta property=\"og:url\" content=\"https:\/\/hello-suns.com\/es\/productos\/sorrento-conjuntos-de-salon\/\" \/>\n<meta property=\"og:site_name\" content=\"SUNS\" \/>\n<meta property=\"article:modified_time\" content=\"2025-09-09T09:53:24+00:00\" \/>\n<meta property=\"og:image\" content=\"https:\/\/hello-suns.com\/app\/uploads\/2025\/01\/01_Sorrento_Loungeset_SUNS-3.png\" \/>\n\t<meta property=\"og:image:width\" content=\"1920\" \/>\n\t<meta property=\"og:image:height\" content=\"1280\" \/>\n\t<meta property=\"og:image:type\" content=\"image\/png\" \/>\n<meta name=\"twitter:card\" content=\"summary_large_image\" \/>\n<meta name=\"twitter:label1\" content=\"Est. reading time\" \/>\n\t<meta name=\"twitter:data1\" content=\"7 minutes\" \/>\n<script type=\"application\/ld+json\" class=\"yoast-schema-graph\">{\"@context\":\"https:\/\/schema.org\",\"@graph\":[{\"@type\":\"WebPage\",\"@id\":\"https:\/\/hello-suns.com\/es\/productos\/sorrento-conjuntos-de-salon\/\",\"url\":\"https:\/\/hello-suns.com\/es\/productos\/sorrento-conjuntos-de-salon\/\",\"name\":\"Descubre el Conjunto de Tumbona Sorrento | SUNS Outdoor Lifestyle\",\"isPartOf\":{\"@id\":\"https:\/\/hello-suns.com\/es\/#website\"},\"primaryImageOfPage\":{\"@id\":\"https:\/\/hello-suns.com\/es\/productos\/sorrento-conjuntos-de-salon\/#primaryimage\"},\"image\":{\"@id\":\"https:\/\/hello-suns.com\/es\/productos\/sorrento-conjuntos-de-salon\/#primaryimage\"},\"thumbnailUrl\":\"https:\/\/hello-suns.com\/app\/uploads\/2025\/01\/01_Sorrento_Loungeset_SUNS-3.png\",\"datePublished\":\"2025-01-13T13:58:55+00:00\",\"dateModified\":\"2025-09-09T09:53:24+00:00\",\"description\":\"\u00bfBuscas un elegante conjunto de sal\u00f3n Sorrento? SUNS ofrece conjuntos de sal\u00f3n lujosos y c\u00f3modos con un dise\u00f1o elegante, perfectos para un espacio exterior moderno.\",\"breadcrumb\":{\"@id\":\"https:\/\/hello-suns.com\/es\/productos\/sorrento-conjuntos-de-salon\/#breadcrumb\"},\"inLanguage\":\"es-ES\",\"potentialAction\":[{\"@type\":\"ReadAction\",\"target\":[\"https:\/\/hello-suns.com\/es\/productos\/sorrento-conjuntos-de-salon\/\"]}]},{\"@type\":\"ImageObject\",\"inLanguage\":\"es-ES\",\"@id\":\"https:\/\/hello-suns.com\/es\/productos\/sorrento-conjuntos-de-salon\/#primaryimage\",\"url\":\"https:\/\/hello-suns.com\/app\/uploads\/2025\/01\/01_Sorrento_Loungeset_SUNS-3.png\",\"contentUrl\":\"https:\/\/hello-suns.com\/app\/uploads\/2025\/01\/01_Sorrento_Loungeset_SUNS-3.png\",\"width\":1920,\"height\":1280},{\"@type\":\"BreadcrumbList\",\"@id\":\"https:\/\/hello-suns.com\/es\/productos\/sorrento-conjuntos-de-salon\/#breadcrumb\",\"itemListElement\":[{\"@type\":\"ListItem\",\"position\":1,\"name\":\"\",\"item\":\"https:\/\/hello-suns.com\/es\/\"},{\"@type\":\"ListItem\",\"position\":2,\"name\":\"Productos\",\"item\":\"https:\/\/hello-suns.com\/es\/productos\/\"},{\"@type\":\"ListItem\",\"position\":3,\"name\":\"Sorrento\"}]},{\"@type\":\"WebSite\",\"@id\":\"https:\/\/hello-suns.com\/es\/#website\",\"url\":\"https:\/\/hello-suns.com\/es\/\",\"name\":\"SUNS\",\"description\":\"Outdoor Lifestyle\",\"potentialAction\":[{\"@type\":\"SearchAction\",\"target\":{\"@type\":\"EntryPoint\",\"urlTemplate\":\"https:\/\/hello-suns.com\/es\/?s={search_term_string}\"},\"query-input\":{\"@type\":\"PropertyValueSpecification\",\"valueRequired\":true,\"valueName\":\"search_term_string\"}}],\"inLanguage\":\"es-ES\"}]}<\/script>\n<!-- \/ Yoast SEO plugin. -->","yoast_head_json":{"title":"Descubre el Conjunto de Tumbona Sorrento | SUNS Outdoor Lifestyle","description":"\u00bfBuscas un elegante conjunto de sal\u00f3n Sorrento? SUNS ofrece conjuntos de sal\u00f3n lujosos y c\u00f3modos con un dise\u00f1o elegante, perfectos para un espacio exterior moderno.","robots":{"index":"index","follow":"follow","max-snippet":"max-snippet:-1","max-image-preview":"max-image-preview:large","max-video-preview":"max-video-preview:-1"},"canonical":"https:\/\/hello-suns.com\/es\/productos\/sorrento-conjuntos-de-salon\/","og_locale":"es_ES","og_type":"article","og_title":"Descubre el Conjunto de Tumbona Sorrento | SUNS Outdoor Lifestyle","og_description":"\u00bfBuscas un elegante conjunto de sal\u00f3n Sorrento? SUNS ofrece conjuntos de sal\u00f3n lujosos y c\u00f3modos con un dise\u00f1o elegante, perfectos para un espacio exterior moderno.","og_url":"https:\/\/hello-suns.com\/es\/productos\/sorrento-conjuntos-de-salon\/","og_site_name":"SUNS","article_modified_time":"2025-09-09T09:53:24+00:00","og_image":[{"width":1920,"height":1280,"url":"https:\/\/hello-suns.com\/app\/uploads\/2025\/01\/01_Sorrento_Loungeset_SUNS-3.png","type":"image\/png"}],"twitter_card":"summary_large_image","twitter_misc":{"Est. reading time":"7 minutes"},"schema":{"@context":"https:\/\/schema.org","@graph":[{"@type":"WebPage","@id":"https:\/\/hello-suns.com\/es\/productos\/sorrento-conjuntos-de-salon\/","url":"https:\/\/hello-suns.com\/es\/productos\/sorrento-conjuntos-de-salon\/","name":"Descubre el Conjunto de Tumbona Sorrento | SUNS Outdoor Lifestyle","isPartOf":{"@id":"https:\/\/hello-suns.com\/es\/#website"},"primaryImageOfPage":{"@id":"https:\/\/hello-suns.com\/es\/productos\/sorrento-conjuntos-de-salon\/#primaryimage"},"image":{"@id":"https:\/\/hello-suns.com\/es\/productos\/sorrento-conjuntos-de-salon\/#primaryimage"},"thumbnailUrl":"https:\/\/hello-suns.com\/app\/uploads\/2025\/01\/01_Sorrento_Loungeset_SUNS-3.png","datePublished":"2025-01-13T13:58:55+00:00","dateModified":"2025-09-09T09:53:24+00:00","description":"\u00bfBuscas un elegante conjunto de sal\u00f3n Sorrento? SUNS ofrece conjuntos de sal\u00f3n lujosos y c\u00f3modos con un dise\u00f1o elegante, perfectos para un espacio exterior moderno.","breadcrumb":{"@id":"https:\/\/hello-suns.com\/es\/productos\/sorrento-conjuntos-de-salon\/#breadcrumb"},"inLanguage":"es-ES","potentialAction":[{"@type":"ReadAction","target":["https:\/\/hello-suns.com\/es\/productos\/sorrento-conjuntos-de-salon\/"]}]},{"@type":"ImageObject","inLanguage":"es-ES","@id":"https:\/\/hello-suns.com\/es\/productos\/sorrento-conjuntos-de-salon\/#primaryimage","url":"https:\/\/hello-suns.com\/app\/uploads\/2025\/01\/01_Sorrento_Loungeset_SUNS-3.png","contentUrl":"https:\/\/hello-suns.com\/app\/uploads\/2025\/01\/01_Sorrento_Loungeset_SUNS-3.png","width":1920,"height":1280},{"@type":"BreadcrumbList","@id":"https:\/\/hello-suns.com\/es\/productos\/sorrento-conjuntos-de-salon\/#breadcrumb","itemListElement":[{"@type":"ListItem","position":1,"name":"","item":"https:\/\/hello-suns.com\/es\/"},{"@type":"ListItem","position":2,"name":"Productos","item":"https:\/\/hello-suns.com\/es\/productos\/"},{"@type":"ListItem","position":3,"name":"Sorrento"}]},{"@type":"WebSite","@id":"https:\/\/hello-suns.com\/es\/#website","url":"https:\/\/hello-suns.com\/es\/","name":"SUNS","description":"Outdoor Lifestyle","potentialAction":[{"@type":"SearchAction","target":{"@type":"EntryPoint","urlTemplate":"https:\/\/hello-suns.com\/es\/?s={search_term_string}"},"query-input":{"@type":"PropertyValueSpecification","valueRequired":true,"valueName":"search_term_string"}}],"inLanguage":"es-ES"}]}},"_links":{"self":[{"href":"https:\/\/hello-suns.com\/es\/wp-json\/wp\/v2\/product\/15504","targetHints":{"allow":["GET"]}}],"collection":[{"href":"https:\/\/hello-suns.com\/es\/wp-json\/wp\/v2\/product"}],"about":[{"href":"https:\/\/hello-suns.com\/es\/wp-json\/wp\/v2\/types\/product"}],"replies":[{"embeddable":true,"href":"https:\/\/hello-suns.com\/es\/wp-json\/wp\/v2\/comments?post=15504"}],"wp:featuredmedia":[{"embeddable":true,"href":"https:\/\/hello-suns.com\/es\/wp-json\/wp\/v2\/media\/15520"}],"wp:attachment":[{"href":"https:\/\/hello-suns.com\/es\/wp-json\/wp\/v2\/media?parent=15504"}],"wp:term":[{"taxonomy":"product_brand","embeddable":true,"href":"https:\/\/hello-suns.com\/es\/wp-json\/wp\/v2\/product_brand?post=15504"},{"taxonomy":"product_cat","embeddable":true,"href":"https:\/\/hello-suns.com\/es\/wp-json\/wp\/v2\/product_cat?post=15504"},{"taxonomy":"product_tag","embeddable":true,"href":"https:\/\/hello-suns.com\/es\/wp-json\/wp\/v2\/product_tag?post=15504"},{"taxonomy":"material","embeddable":true,"href":"https:\/\/hello-suns.com\/es\/wp-json\/wp\/v2\/material?post=15504"}],"curies":[{"name":"wp","href":"https:\/\/api.w.org\/{rel}","templated":true}]}}