{"id":15503,"date":"2025-01-13T15:26:41","date_gmt":"2025-01-13T15:26:41","guid":{"rendered":"https:\/\/hello-suns.com\/producten\/termoli\/"},"modified":"2025-09-09T09:19:06","modified_gmt":"2025-09-09T09:19:06","slug":"termoli-conjuntos-de-salon","status":"publish","type":"product","link":"https:\/\/hello-suns.com\/es\/productos\/termoli-conjuntos-de-salon\/","title":{"rendered":"Termoli"},"content":{"rendered":"<h2 style=\"font-weight: 400;\">Estilo intemporal, lujo sin fin<\/h2>\n<p style=\"font-weight: 400;\">Con buen ojo para los detalles y \u00e9nfasis en la comodidad y la relajaci\u00f3n, SUNS dise\u00f1\u00f3 el conjunto de sal\u00f3n Termoli. El resultado es un elegante conjunto que puede describirse con una palabra: atemporal. Toma asiento y experimenta por ti mismo c\u00f3mo te olvidas del tiempo.<\/p>\n","protected":false},"excerpt":{"rendered":"<h3 style=\"font-weight: 400;\">Rango y tacto<\/h3>\n<p style=\"font-weight: 400;\">Este conjunto de sal\u00f3n debe su estilizado aspecto al elegante uso de la teca, las marcadas l\u00edneas de las esquinas y la c\u00f3moda posici\u00f3n de los asientos, con una chaise longue como agradable extra. Termoli es f\u00e1cil de vestir con cojines o plaids. Las mesas auxiliares de teca se integran perfectamente en el dise\u00f1o con sus elegantes patas. Termoli es un conjunto que ofrece una comodidad de asiento insuperable gracias a los cojines de asiento y respaldo ricamente acolchados. Los cojines est\u00e1n equipados con un n\u00facleo de secado r\u00e1pido y recubiertos con un tejido exterior de primera calidad. Gracias a estos materiales de calidad, el conjunto de sal\u00f3n Termoli puede permanecer al aire libre doce meses al a\u00f1o.<\/p>\n<p style=\"font-weight: 400;\">Es bueno saber que Termoli es un producto T\u00da CREAS. Eso significa que la l\u00ednea de productos consta de elementos individuales que puedes combinar como mejor te parezca. Un sof\u00e1 de 2,5 plazas, una tumbona, una chaise longue, una disposici\u00f3n con o sin reposabrazos: crea t\u00fa mismo la disposici\u00f3n ideal para tu jard\u00edn o terraza. Termoli tambi\u00e9n est\u00e1 disponible como conjunto de sof\u00e1 con sillas y sof\u00e1 independientes, una opci\u00f3n elegante. \u00bfRelajaci\u00f3n \u00f3ptima? Entonces elige la tumbona Termoli.<\/p>\n","protected":false},"featured_media":15505,"comment_status":"closed","ping_status":"closed","template":"","meta":{"_acf_changed":false},"product_brand":[],"product_cat":[799],"product_tag":[],"material":[],"class_list":{"0":"post-15503","1":"product","2":"type-product","3":"status-publish","4":"has-post-thumbnail","6":"product_cat-conjuntos-de-salon","8":"first","9":"instock","10":"shipping-taxable","11":"product-type-simple"},"acf":[],"yoast_head":"<!-- This site is optimized with the Yoast SEO plugin v26.8 - https:\/\/yoast.com\/product\/yoast-seo-wordpress\/ -->\n<title>Descubre el Conjunto de Tumbona Termoli | SUNS Outdoor Lifestyle<\/title>\n<meta name=\"description\" content=\"\u00bfBuscas un elegante conjunto de sal\u00f3n termoli? SUNS ofrece modernos y c\u00f3modos conjuntos de sal\u00f3n con materiales duraderos para una lujosa experiencia al aire libre.\" \/>\n<meta name=\"robots\" content=\"index, follow, max-snippet:-1, max-image-preview:large, max-video-preview:-1\" \/>\n<link rel=\"canonical\" href=\"https:\/\/hello-suns.com\/es\/productos\/termoli-conjuntos-de-salon\/\" \/>\n<meta property=\"og:locale\" content=\"es_ES\" \/>\n<meta property=\"og:type\" content=\"article\" \/>\n<meta property=\"og:title\" content=\"Descubre el Conjunto de Tumbona Termoli | SUNS Outdoor Lifestyle\" \/>\n<meta property=\"og:description\" content=\"\u00bfBuscas un elegante conjunto de sal\u00f3n termoli? SUNS ofrece modernos y c\u00f3modos conjuntos de sal\u00f3n con materiales duraderos para una lujosa experiencia al aire libre.\" \/>\n<meta property=\"og:url\" content=\"https:\/\/hello-suns.com\/es\/productos\/termoli-conjuntos-de-salon\/\" \/>\n<meta property=\"og:site_name\" content=\"SUNS\" \/>\n<meta property=\"article:modified_time\" content=\"2025-09-09T09:19:06+00:00\" \/>\n<meta property=\"og:image\" content=\"https:\/\/hello-suns.com\/app\/uploads\/2025\/01\/01_Chaiselongueset_SUNS_Termoli_teaktop-2500-pix-4.png\" \/>\n\t<meta property=\"og:image:width\" content=\"2500\" \/>\n\t<meta property=\"og:image:height\" content=\"1667\" \/>\n\t<meta property=\"og:image:type\" content=\"image\/png\" \/>\n<meta name=\"twitter:card\" content=\"summary_large_image\" \/>\n<meta name=\"twitter:label1\" content=\"Est. reading time\" \/>\n\t<meta name=\"twitter:data1\" content=\"8 minutes\" \/>\n<script type=\"application\/ld+json\" class=\"yoast-schema-graph\">{\"@context\":\"https:\/\/schema.org\",\"@graph\":[{\"@type\":\"WebPage\",\"@id\":\"https:\/\/hello-suns.com\/es\/productos\/termoli-conjuntos-de-salon\/\",\"url\":\"https:\/\/hello-suns.com\/es\/productos\/termoli-conjuntos-de-salon\/\",\"name\":\"Descubre el Conjunto de Tumbona Termoli | SUNS Outdoor Lifestyle\",\"isPartOf\":{\"@id\":\"https:\/\/hello-suns.com\/es\/#website\"},\"primaryImageOfPage\":{\"@id\":\"https:\/\/hello-suns.com\/es\/productos\/termoli-conjuntos-de-salon\/#primaryimage\"},\"image\":{\"@id\":\"https:\/\/hello-suns.com\/es\/productos\/termoli-conjuntos-de-salon\/#primaryimage\"},\"thumbnailUrl\":\"https:\/\/hello-suns.com\/app\/uploads\/2025\/01\/01_Chaiselongueset_SUNS_Termoli_teaktop-2500-pix-4.png\",\"datePublished\":\"2025-01-13T15:26:41+00:00\",\"dateModified\":\"2025-09-09T09:19:06+00:00\",\"description\":\"\u00bfBuscas un elegante conjunto de sal\u00f3n termoli? SUNS ofrece modernos y c\u00f3modos conjuntos de sal\u00f3n con materiales duraderos para una lujosa experiencia al aire libre.\",\"breadcrumb\":{\"@id\":\"https:\/\/hello-suns.com\/es\/productos\/termoli-conjuntos-de-salon\/#breadcrumb\"},\"inLanguage\":\"es-ES\",\"potentialAction\":[{\"@type\":\"ReadAction\",\"target\":[\"https:\/\/hello-suns.com\/es\/productos\/termoli-conjuntos-de-salon\/\"]}]},{\"@type\":\"ImageObject\",\"inLanguage\":\"es-ES\",\"@id\":\"https:\/\/hello-suns.com\/es\/productos\/termoli-conjuntos-de-salon\/#primaryimage\",\"url\":\"https:\/\/hello-suns.com\/app\/uploads\/2025\/01\/01_Chaiselongueset_SUNS_Termoli_teaktop-2500-pix-4.png\",\"contentUrl\":\"https:\/\/hello-suns.com\/app\/uploads\/2025\/01\/01_Chaiselongueset_SUNS_Termoli_teaktop-2500-pix-4.png\",\"width\":2500,\"height\":1667},{\"@type\":\"BreadcrumbList\",\"@id\":\"https:\/\/hello-suns.com\/es\/productos\/termoli-conjuntos-de-salon\/#breadcrumb\",\"itemListElement\":[{\"@type\":\"ListItem\",\"position\":1,\"name\":\"\",\"item\":\"https:\/\/hello-suns.com\/es\/\"},{\"@type\":\"ListItem\",\"position\":2,\"name\":\"Productos\",\"item\":\"https:\/\/hello-suns.com\/es\/productos\/\"},{\"@type\":\"ListItem\",\"position\":3,\"name\":\"Termoli\"}]},{\"@type\":\"WebSite\",\"@id\":\"https:\/\/hello-suns.com\/es\/#website\",\"url\":\"https:\/\/hello-suns.com\/es\/\",\"name\":\"SUNS\",\"description\":\"Outdoor Lifestyle\",\"potentialAction\":[{\"@type\":\"SearchAction\",\"target\":{\"@type\":\"EntryPoint\",\"urlTemplate\":\"https:\/\/hello-suns.com\/es\/?s={search_term_string}\"},\"query-input\":{\"@type\":\"PropertyValueSpecification\",\"valueRequired\":true,\"valueName\":\"search_term_string\"}}],\"inLanguage\":\"es-ES\"}]}<\/script>\n<!-- \/ Yoast SEO plugin. -->","yoast_head_json":{"title":"Descubre el Conjunto de Tumbona Termoli | SUNS Outdoor Lifestyle","description":"\u00bfBuscas un elegante conjunto de sal\u00f3n termoli? SUNS ofrece modernos y c\u00f3modos conjuntos de sal\u00f3n con materiales duraderos para una lujosa experiencia al aire libre.","robots":{"index":"index","follow":"follow","max-snippet":"max-snippet:-1","max-image-preview":"max-image-preview:large","max-video-preview":"max-video-preview:-1"},"canonical":"https:\/\/hello-suns.com\/es\/productos\/termoli-conjuntos-de-salon\/","og_locale":"es_ES","og_type":"article","og_title":"Descubre el Conjunto de Tumbona Termoli | SUNS Outdoor Lifestyle","og_description":"\u00bfBuscas un elegante conjunto de sal\u00f3n termoli? SUNS ofrece modernos y c\u00f3modos conjuntos de sal\u00f3n con materiales duraderos para una lujosa experiencia al aire libre.","og_url":"https:\/\/hello-suns.com\/es\/productos\/termoli-conjuntos-de-salon\/","og_site_name":"SUNS","article_modified_time":"2025-09-09T09:19:06+00:00","og_image":[{"width":2500,"height":1667,"url":"https:\/\/hello-suns.com\/app\/uploads\/2025\/01\/01_Chaiselongueset_SUNS_Termoli_teaktop-2500-pix-4.png","type":"image\/png"}],"twitter_card":"summary_large_image","twitter_misc":{"Est. reading time":"8 minutes"},"schema":{"@context":"https:\/\/schema.org","@graph":[{"@type":"WebPage","@id":"https:\/\/hello-suns.com\/es\/productos\/termoli-conjuntos-de-salon\/","url":"https:\/\/hello-suns.com\/es\/productos\/termoli-conjuntos-de-salon\/","name":"Descubre el Conjunto de Tumbona Termoli | SUNS Outdoor Lifestyle","isPartOf":{"@id":"https:\/\/hello-suns.com\/es\/#website"},"primaryImageOfPage":{"@id":"https:\/\/hello-suns.com\/es\/productos\/termoli-conjuntos-de-salon\/#primaryimage"},"image":{"@id":"https:\/\/hello-suns.com\/es\/productos\/termoli-conjuntos-de-salon\/#primaryimage"},"thumbnailUrl":"https:\/\/hello-suns.com\/app\/uploads\/2025\/01\/01_Chaiselongueset_SUNS_Termoli_teaktop-2500-pix-4.png","datePublished":"2025-01-13T15:26:41+00:00","dateModified":"2025-09-09T09:19:06+00:00","description":"\u00bfBuscas un elegante conjunto de sal\u00f3n termoli? SUNS ofrece modernos y c\u00f3modos conjuntos de sal\u00f3n con materiales duraderos para una lujosa experiencia al aire libre.","breadcrumb":{"@id":"https:\/\/hello-suns.com\/es\/productos\/termoli-conjuntos-de-salon\/#breadcrumb"},"inLanguage":"es-ES","potentialAction":[{"@type":"ReadAction","target":["https:\/\/hello-suns.com\/es\/productos\/termoli-conjuntos-de-salon\/"]}]},{"@type":"ImageObject","inLanguage":"es-ES","@id":"https:\/\/hello-suns.com\/es\/productos\/termoli-conjuntos-de-salon\/#primaryimage","url":"https:\/\/hello-suns.com\/app\/uploads\/2025\/01\/01_Chaiselongueset_SUNS_Termoli_teaktop-2500-pix-4.png","contentUrl":"https:\/\/hello-suns.com\/app\/uploads\/2025\/01\/01_Chaiselongueset_SUNS_Termoli_teaktop-2500-pix-4.png","width":2500,"height":1667},{"@type":"BreadcrumbList","@id":"https:\/\/hello-suns.com\/es\/productos\/termoli-conjuntos-de-salon\/#breadcrumb","itemListElement":[{"@type":"ListItem","position":1,"name":"","item":"https:\/\/hello-suns.com\/es\/"},{"@type":"ListItem","position":2,"name":"Productos","item":"https:\/\/hello-suns.com\/es\/productos\/"},{"@type":"ListItem","position":3,"name":"Termoli"}]},{"@type":"WebSite","@id":"https:\/\/hello-suns.com\/es\/#website","url":"https:\/\/hello-suns.com\/es\/","name":"SUNS","description":"Outdoor Lifestyle","potentialAction":[{"@type":"SearchAction","target":{"@type":"EntryPoint","urlTemplate":"https:\/\/hello-suns.com\/es\/?s={search_term_string}"},"query-input":{"@type":"PropertyValueSpecification","valueRequired":true,"valueName":"search_term_string"}}],"inLanguage":"es-ES"}]}},"_links":{"self":[{"href":"https:\/\/hello-suns.com\/es\/wp-json\/wp\/v2\/product\/15503","targetHints":{"allow":["GET"]}}],"collection":[{"href":"https:\/\/hello-suns.com\/es\/wp-json\/wp\/v2\/product"}],"about":[{"href":"https:\/\/hello-suns.com\/es\/wp-json\/wp\/v2\/types\/product"}],"replies":[{"embeddable":true,"href":"https:\/\/hello-suns.com\/es\/wp-json\/wp\/v2\/comments?post=15503"}],"wp:featuredmedia":[{"embeddable":true,"href":"https:\/\/hello-suns.com\/es\/wp-json\/wp\/v2\/media\/15505"}],"wp:attachment":[{"href":"https:\/\/hello-suns.com\/es\/wp-json\/wp\/v2\/media?parent=15503"}],"wp:term":[{"taxonomy":"product_brand","embeddable":true,"href":"https:\/\/hello-suns.com\/es\/wp-json\/wp\/v2\/product_brand?post=15503"},{"taxonomy":"product_cat","embeddable":true,"href":"https:\/\/hello-suns.com\/es\/wp-json\/wp\/v2\/product_cat?post=15503"},{"taxonomy":"product_tag","embeddable":true,"href":"https:\/\/hello-suns.com\/es\/wp-json\/wp\/v2\/product_tag?post=15503"},{"taxonomy":"material","embeddable":true,"href":"https:\/\/hello-suns.com\/es\/wp-json\/wp\/v2\/material?post=15503"}],"curies":[{"name":"wp","href":"https:\/\/api.w.org\/{rel}","templated":true}]}}