{"id":15415,"date":"2025-01-13T14:07:29","date_gmt":"2025-01-13T14:07:29","guid":{"rendered":"https:\/\/hello-suns.com\/producten\/vittoria\/"},"modified":"2025-09-09T13:55:36","modified_gmt":"2025-09-09T13:55:36","slug":"vittoria-sillas-lounge","status":"publish","type":"product","link":"https:\/\/hello-suns.com\/es\/productos\/vittoria-sillas-lounge\/","title":{"rendered":"Vittoria"},"content":{"rendered":"<h2>Dise\u00f1o con encantos naturales<\/h2>\n<p>Vittoria logra un delicado equilibrio entre un dise\u00f1o elegante y un toque natural. Disfruta de una comodidad de asiento infinita y de encantadoras formas redondeadas. Rel\u00e1jate con estilo.<\/p>\n","protected":false},"excerpt":{"rendered":"<h3>C\u00f3modo sal\u00f3n<\/h3>\n<p>La tumbona Vittoria es una silla encantadora para un verano sin fin. El armaz\u00f3n de teca hace que la silla sea elegante a la vez que robusta. Los reposabrazos tienen detalles refinados, como una elegante curva. Al mismo tiempo, el car\u00e1cter natural de la madera resalta maravillosamente. SUNS tambi\u00e9n destaca en comodidad de asiento. Los cojines del asiento y el respaldo est\u00e1n ricamente acolchados, lo que garantiza un buen apoyo con un tacto suave. La combinaci\u00f3n de colores hace que sea f\u00e1cil combinar esta tumbona con varios muebles de la colecci\u00f3n SUNS. Tambi\u00e9n hay disponible un conjunto de sof\u00e1 dentro de la l\u00ednea de productos Vittoria. As\u00ed crear\u00e1s una l\u00ednea equilibrada en tu jard\u00edn o terraza.<\/p>\n","protected":false},"featured_media":15417,"comment_status":"closed","ping_status":"closed","template":"","meta":{"_acf_changed":false},"product_brand":[],"product_cat":[796],"product_tag":[],"material":[],"class_list":{"0":"post-15415","1":"product","2":"type-product","3":"status-publish","4":"has-post-thumbnail","6":"product_cat-sillas-lounge","8":"first","9":"instock","10":"shipping-taxable","11":"product-type-simple"},"acf":[],"yoast_head":"<!-- This site is optimized with the Yoast SEO plugin v26.8 - https:\/\/yoast.com\/product\/yoast-seo-wordpress\/ -->\n<title>Descubre la tumbona Vittoria | SUNS Outdoor Lifestyle<\/title>\n<meta name=\"description\" content=\"\u00bfBuscas una elegante tumbona Vittoria? SUNS ofrece c\u00f3modas tumbonas con un dise\u00f1o elegante para un espacio exterior lujoso y relajante.\" \/>\n<meta name=\"robots\" content=\"index, follow, max-snippet:-1, max-image-preview:large, max-video-preview:-1\" \/>\n<link rel=\"canonical\" href=\"https:\/\/hello-suns.com\/es\/productos\/vittoria-sillas-lounge\/\" \/>\n<meta property=\"og:locale\" content=\"es_ES\" \/>\n<meta property=\"og:type\" content=\"article\" \/>\n<meta property=\"og:title\" content=\"Descubre la tumbona Vittoria | SUNS Outdoor Lifestyle\" \/>\n<meta property=\"og:description\" content=\"\u00bfBuscas una elegante tumbona Vittoria? SUNS ofrece c\u00f3modas tumbonas con un dise\u00f1o elegante para un espacio exterior lujoso y relajante.\" \/>\n<meta property=\"og:url\" content=\"https:\/\/hello-suns.com\/es\/productos\/vittoria-sillas-lounge\/\" \/>\n<meta property=\"og:site_name\" content=\"SUNS\" \/>\n<meta property=\"article:modified_time\" content=\"2025-09-09T13:55:36+00:00\" \/>\n<meta property=\"og:image\" content=\"https:\/\/hello-suns.com\/app\/uploads\/2025\/01\/01_Loungechair_SUNS_Vittoria_big_cushion-2500-pix-2.png\" \/>\n\t<meta property=\"og:image:width\" content=\"2500\" \/>\n\t<meta property=\"og:image:height\" content=\"1667\" \/>\n\t<meta property=\"og:image:type\" content=\"image\/png\" \/>\n<meta name=\"twitter:card\" content=\"summary_large_image\" \/>\n<meta name=\"twitter:label1\" content=\"Est. reading time\" \/>\n\t<meta name=\"twitter:data1\" content=\"3 minutes\" \/>\n<script type=\"application\/ld+json\" class=\"yoast-schema-graph\">{\"@context\":\"https:\/\/schema.org\",\"@graph\":[{\"@type\":\"WebPage\",\"@id\":\"https:\/\/hello-suns.com\/es\/productos\/vittoria-sillas-lounge\/\",\"url\":\"https:\/\/hello-suns.com\/es\/productos\/vittoria-sillas-lounge\/\",\"name\":\"Descubre la tumbona Vittoria | SUNS Outdoor Lifestyle\",\"isPartOf\":{\"@id\":\"https:\/\/hello-suns.com\/es\/#website\"},\"primaryImageOfPage\":{\"@id\":\"https:\/\/hello-suns.com\/es\/productos\/vittoria-sillas-lounge\/#primaryimage\"},\"image\":{\"@id\":\"https:\/\/hello-suns.com\/es\/productos\/vittoria-sillas-lounge\/#primaryimage\"},\"thumbnailUrl\":\"https:\/\/hello-suns.com\/app\/uploads\/2025\/01\/01_Loungechair_SUNS_Vittoria_big_cushion-2500-pix-2.png\",\"datePublished\":\"2025-01-13T14:07:29+00:00\",\"dateModified\":\"2025-09-09T13:55:36+00:00\",\"description\":\"\u00bfBuscas una elegante tumbona Vittoria? SUNS ofrece c\u00f3modas tumbonas con un dise\u00f1o elegante para un espacio exterior lujoso y relajante.\",\"breadcrumb\":{\"@id\":\"https:\/\/hello-suns.com\/es\/productos\/vittoria-sillas-lounge\/#breadcrumb\"},\"inLanguage\":\"es-ES\",\"potentialAction\":[{\"@type\":\"ReadAction\",\"target\":[\"https:\/\/hello-suns.com\/es\/productos\/vittoria-sillas-lounge\/\"]}]},{\"@type\":\"ImageObject\",\"inLanguage\":\"es-ES\",\"@id\":\"https:\/\/hello-suns.com\/es\/productos\/vittoria-sillas-lounge\/#primaryimage\",\"url\":\"https:\/\/hello-suns.com\/app\/uploads\/2025\/01\/01_Loungechair_SUNS_Vittoria_big_cushion-2500-pix-2.png\",\"contentUrl\":\"https:\/\/hello-suns.com\/app\/uploads\/2025\/01\/01_Loungechair_SUNS_Vittoria_big_cushion-2500-pix-2.png\",\"width\":2500,\"height\":1667},{\"@type\":\"BreadcrumbList\",\"@id\":\"https:\/\/hello-suns.com\/es\/productos\/vittoria-sillas-lounge\/#breadcrumb\",\"itemListElement\":[{\"@type\":\"ListItem\",\"position\":1,\"name\":\"\",\"item\":\"https:\/\/hello-suns.com\/es\/\"},{\"@type\":\"ListItem\",\"position\":2,\"name\":\"Productos\",\"item\":\"https:\/\/hello-suns.com\/es\/productos\/\"},{\"@type\":\"ListItem\",\"position\":3,\"name\":\"Vittoria\"}]},{\"@type\":\"WebSite\",\"@id\":\"https:\/\/hello-suns.com\/es\/#website\",\"url\":\"https:\/\/hello-suns.com\/es\/\",\"name\":\"SUNS\",\"description\":\"Outdoor Lifestyle\",\"potentialAction\":[{\"@type\":\"SearchAction\",\"target\":{\"@type\":\"EntryPoint\",\"urlTemplate\":\"https:\/\/hello-suns.com\/es\/?s={search_term_string}\"},\"query-input\":{\"@type\":\"PropertyValueSpecification\",\"valueRequired\":true,\"valueName\":\"search_term_string\"}}],\"inLanguage\":\"es-ES\"}]}<\/script>\n<!-- \/ Yoast SEO plugin. -->","yoast_head_json":{"title":"Descubre la tumbona Vittoria | SUNS Outdoor Lifestyle","description":"\u00bfBuscas una elegante tumbona Vittoria? SUNS ofrece c\u00f3modas tumbonas con un dise\u00f1o elegante para un espacio exterior lujoso y relajante.","robots":{"index":"index","follow":"follow","max-snippet":"max-snippet:-1","max-image-preview":"max-image-preview:large","max-video-preview":"max-video-preview:-1"},"canonical":"https:\/\/hello-suns.com\/es\/productos\/vittoria-sillas-lounge\/","og_locale":"es_ES","og_type":"article","og_title":"Descubre la tumbona Vittoria | SUNS Outdoor Lifestyle","og_description":"\u00bfBuscas una elegante tumbona Vittoria? SUNS ofrece c\u00f3modas tumbonas con un dise\u00f1o elegante para un espacio exterior lujoso y relajante.","og_url":"https:\/\/hello-suns.com\/es\/productos\/vittoria-sillas-lounge\/","og_site_name":"SUNS","article_modified_time":"2025-09-09T13:55:36+00:00","og_image":[{"width":2500,"height":1667,"url":"https:\/\/hello-suns.com\/app\/uploads\/2025\/01\/01_Loungechair_SUNS_Vittoria_big_cushion-2500-pix-2.png","type":"image\/png"}],"twitter_card":"summary_large_image","twitter_misc":{"Est. reading time":"3 minutes"},"schema":{"@context":"https:\/\/schema.org","@graph":[{"@type":"WebPage","@id":"https:\/\/hello-suns.com\/es\/productos\/vittoria-sillas-lounge\/","url":"https:\/\/hello-suns.com\/es\/productos\/vittoria-sillas-lounge\/","name":"Descubre la tumbona Vittoria | SUNS Outdoor Lifestyle","isPartOf":{"@id":"https:\/\/hello-suns.com\/es\/#website"},"primaryImageOfPage":{"@id":"https:\/\/hello-suns.com\/es\/productos\/vittoria-sillas-lounge\/#primaryimage"},"image":{"@id":"https:\/\/hello-suns.com\/es\/productos\/vittoria-sillas-lounge\/#primaryimage"},"thumbnailUrl":"https:\/\/hello-suns.com\/app\/uploads\/2025\/01\/01_Loungechair_SUNS_Vittoria_big_cushion-2500-pix-2.png","datePublished":"2025-01-13T14:07:29+00:00","dateModified":"2025-09-09T13:55:36+00:00","description":"\u00bfBuscas una elegante tumbona Vittoria? SUNS ofrece c\u00f3modas tumbonas con un dise\u00f1o elegante para un espacio exterior lujoso y relajante.","breadcrumb":{"@id":"https:\/\/hello-suns.com\/es\/productos\/vittoria-sillas-lounge\/#breadcrumb"},"inLanguage":"es-ES","potentialAction":[{"@type":"ReadAction","target":["https:\/\/hello-suns.com\/es\/productos\/vittoria-sillas-lounge\/"]}]},{"@type":"ImageObject","inLanguage":"es-ES","@id":"https:\/\/hello-suns.com\/es\/productos\/vittoria-sillas-lounge\/#primaryimage","url":"https:\/\/hello-suns.com\/app\/uploads\/2025\/01\/01_Loungechair_SUNS_Vittoria_big_cushion-2500-pix-2.png","contentUrl":"https:\/\/hello-suns.com\/app\/uploads\/2025\/01\/01_Loungechair_SUNS_Vittoria_big_cushion-2500-pix-2.png","width":2500,"height":1667},{"@type":"BreadcrumbList","@id":"https:\/\/hello-suns.com\/es\/productos\/vittoria-sillas-lounge\/#breadcrumb","itemListElement":[{"@type":"ListItem","position":1,"name":"","item":"https:\/\/hello-suns.com\/es\/"},{"@type":"ListItem","position":2,"name":"Productos","item":"https:\/\/hello-suns.com\/es\/productos\/"},{"@type":"ListItem","position":3,"name":"Vittoria"}]},{"@type":"WebSite","@id":"https:\/\/hello-suns.com\/es\/#website","url":"https:\/\/hello-suns.com\/es\/","name":"SUNS","description":"Outdoor Lifestyle","potentialAction":[{"@type":"SearchAction","target":{"@type":"EntryPoint","urlTemplate":"https:\/\/hello-suns.com\/es\/?s={search_term_string}"},"query-input":{"@type":"PropertyValueSpecification","valueRequired":true,"valueName":"search_term_string"}}],"inLanguage":"es-ES"}]}},"_links":{"self":[{"href":"https:\/\/hello-suns.com\/es\/wp-json\/wp\/v2\/product\/15415","targetHints":{"allow":["GET"]}}],"collection":[{"href":"https:\/\/hello-suns.com\/es\/wp-json\/wp\/v2\/product"}],"about":[{"href":"https:\/\/hello-suns.com\/es\/wp-json\/wp\/v2\/types\/product"}],"replies":[{"embeddable":true,"href":"https:\/\/hello-suns.com\/es\/wp-json\/wp\/v2\/comments?post=15415"}],"wp:featuredmedia":[{"embeddable":true,"href":"https:\/\/hello-suns.com\/es\/wp-json\/wp\/v2\/media\/15417"}],"wp:attachment":[{"href":"https:\/\/hello-suns.com\/es\/wp-json\/wp\/v2\/media?parent=15415"}],"wp:term":[{"taxonomy":"product_brand","embeddable":true,"href":"https:\/\/hello-suns.com\/es\/wp-json\/wp\/v2\/product_brand?post=15415"},{"taxonomy":"product_cat","embeddable":true,"href":"https:\/\/hello-suns.com\/es\/wp-json\/wp\/v2\/product_cat?post=15415"},{"taxonomy":"product_tag","embeddable":true,"href":"https:\/\/hello-suns.com\/es\/wp-json\/wp\/v2\/product_tag?post=15415"},{"taxonomy":"material","embeddable":true,"href":"https:\/\/hello-suns.com\/es\/wp-json\/wp\/v2\/material?post=15415"}],"curies":[{"name":"wp","href":"https:\/\/api.w.org\/{rel}","templated":true}]}}