{"id":58439,"date":"2026-03-04T11:25:18","date_gmt":"2026-03-04T10:25:18","guid":{"rendered":"https:\/\/hello-suns.com\/?page_id=58439"},"modified":"2026-03-24T12:27:08","modified_gmt":"2026-03-24T11:27:08","slug":"suns-x-studio-unhyde","status":"publish","type":"page","link":"https:\/\/hello-suns.com\/es\/suns-x-studio-unhyde\/","title":{"rendered":"SUNS x Luca Estilo de vida"},"content":{"rendered":"","protected":false},"excerpt":{"rendered":"","protected":false},"author":2,"featured_media":33465,"parent":0,"menu_order":0,"comment_status":"closed","ping_status":"closed","template":"","meta":{"_acf_changed":false,"footnotes":""},"class_list":["post-58439","page","type-page","status-publish","has-post-thumbnail","hentry"],"acf":[],"yoast_head":"<!-- This site is optimized with the Yoast SEO plugin v26.8 - https:\/\/yoast.com\/product\/yoast-seo-wordpress\/ -->\n<title>SUNS x Luca Lifestyle | Maceta Rondello<\/title>\n<meta name=\"description\" content=\"Algunos dise\u00f1os no empiezan en el papel, sino en una conversaci\u00f3n. Al compartir ideas, materiales, ambiciones. De esa interacci\u00f3n entre SUNS y Luca Lifestyle naci\u00f3 Rondello.\" \/>\n<meta name=\"robots\" content=\"index, follow, max-snippet:-1, max-image-preview:large, max-video-preview:-1\" \/>\n<link rel=\"canonical\" href=\"https:\/\/hello-suns.com\/es\/suns-x-studio-unhyde\/\" \/>\n<meta property=\"og:locale\" content=\"es_ES\" \/>\n<meta property=\"og:type\" content=\"article\" \/>\n<meta property=\"og:title\" content=\"SUNS x Luca Lifestyle | Maceta Rondello\" \/>\n<meta property=\"og:description\" content=\"Algunos dise\u00f1os no empiezan en el papel, sino en una conversaci\u00f3n. Al compartir ideas, materiales, ambiciones. De esa interacci\u00f3n entre SUNS y Luca Lifestyle naci\u00f3 Rondello.\" \/>\n<meta property=\"og:url\" content=\"https:\/\/hello-suns.com\/es\/suns-x-studio-unhyde\/\" \/>\n<meta property=\"og:site_name\" content=\"SUNS\" \/>\n<meta property=\"article:modified_time\" content=\"2026-03-24T11:27:08+00:00\" \/>\n<meta property=\"og:image\" content=\"https:\/\/hello-suns.com\/app\/uploads\/2026\/01\/Rondello-SUNS-Pot-CS-Mood-26-5.jpg\" \/>\n\t<meta property=\"og:image:width\" content=\"2500\" \/>\n\t<meta property=\"og:image:height\" content=\"1667\" \/>\n\t<meta property=\"og:image:type\" content=\"image\/jpeg\" \/>\n<meta name=\"twitter:card\" content=\"summary_large_image\" \/>\n<meta name=\"twitter:label1\" content=\"Est. reading time\" \/>\n\t<meta name=\"twitter:data1\" content=\"6 minutes\" \/>\n<script type=\"application\/ld+json\" class=\"yoast-schema-graph\">{\"@context\":\"https:\/\/schema.org\",\"@graph\":[{\"@type\":\"WebPage\",\"@id\":\"https:\/\/hello-suns.com\/es\/suns-x-studio-unhyde\/\",\"url\":\"https:\/\/hello-suns.com\/es\/suns-x-studio-unhyde\/\",\"name\":\"SUNS x Luca Lifestyle | Maceta Rondello\",\"isPartOf\":{\"@id\":\"https:\/\/hello-suns.com\/es\/#website\"},\"primaryImageOfPage\":{\"@id\":\"https:\/\/hello-suns.com\/es\/suns-x-studio-unhyde\/#primaryimage\"},\"image\":{\"@id\":\"https:\/\/hello-suns.com\/es\/suns-x-studio-unhyde\/#primaryimage\"},\"thumbnailUrl\":\"https:\/\/hello-suns.com\/app\/uploads\/2026\/01\/Rondello-SUNS-Pot-CS-Mood-26-5.jpg\",\"datePublished\":\"2026-03-04T10:25:18+00:00\",\"dateModified\":\"2026-03-24T11:27:08+00:00\",\"description\":\"Algunos dise\u00f1os no empiezan en el papel, sino en una conversaci\u00f3n. Al compartir ideas, materiales, ambiciones. De esa interacci\u00f3n entre SUNS y Luca Lifestyle naci\u00f3 Rondello.\",\"breadcrumb\":{\"@id\":\"https:\/\/hello-suns.com\/es\/suns-x-studio-unhyde\/#breadcrumb\"},\"inLanguage\":\"es-ES\",\"potentialAction\":[{\"@type\":\"ReadAction\",\"target\":[\"https:\/\/hello-suns.com\/es\/suns-x-studio-unhyde\/\"]}]},{\"@type\":\"ImageObject\",\"inLanguage\":\"es-ES\",\"@id\":\"https:\/\/hello-suns.com\/es\/suns-x-studio-unhyde\/#primaryimage\",\"url\":\"https:\/\/hello-suns.com\/app\/uploads\/2026\/01\/Rondello-SUNS-Pot-CS-Mood-26-5.jpg\",\"contentUrl\":\"https:\/\/hello-suns.com\/app\/uploads\/2026\/01\/Rondello-SUNS-Pot-CS-Mood-26-5.jpg\",\"width\":2500,\"height\":1667},{\"@type\":\"BreadcrumbList\",\"@id\":\"https:\/\/hello-suns.com\/es\/suns-x-studio-unhyde\/#breadcrumb\",\"itemListElement\":[{\"@type\":\"ListItem\",\"position\":1,\"name\":\"\",\"item\":\"https:\/\/hello-suns.com\/es\/\"},{\"@type\":\"ListItem\",\"position\":2,\"name\":\"SUNS x Luca Estilo de vida\"}]},{\"@type\":\"WebSite\",\"@id\":\"https:\/\/hello-suns.com\/es\/#website\",\"url\":\"https:\/\/hello-suns.com\/es\/\",\"name\":\"SUNS\",\"description\":\"Outdoor Lifestyle\",\"potentialAction\":[{\"@type\":\"SearchAction\",\"target\":{\"@type\":\"EntryPoint\",\"urlTemplate\":\"https:\/\/hello-suns.com\/es\/?s={search_term_string}\"},\"query-input\":{\"@type\":\"PropertyValueSpecification\",\"valueRequired\":true,\"valueName\":\"search_term_string\"}}],\"inLanguage\":\"es-ES\"}]}<\/script>\n<!-- \/ Yoast SEO plugin. -->","yoast_head_json":{"title":"SUNS x Luca Lifestyle | Maceta Rondello","description":"Algunos dise\u00f1os no empiezan en el papel, sino en una conversaci\u00f3n. Al compartir ideas, materiales, ambiciones. De esa interacci\u00f3n entre SUNS y Luca Lifestyle naci\u00f3 Rondello.","robots":{"index":"index","follow":"follow","max-snippet":"max-snippet:-1","max-image-preview":"max-image-preview:large","max-video-preview":"max-video-preview:-1"},"canonical":"https:\/\/hello-suns.com\/es\/suns-x-studio-unhyde\/","og_locale":"es_ES","og_type":"article","og_title":"SUNS x Luca Lifestyle | Maceta Rondello","og_description":"Algunos dise\u00f1os no empiezan en el papel, sino en una conversaci\u00f3n. Al compartir ideas, materiales, ambiciones. De esa interacci\u00f3n entre SUNS y Luca Lifestyle naci\u00f3 Rondello.","og_url":"https:\/\/hello-suns.com\/es\/suns-x-studio-unhyde\/","og_site_name":"SUNS","article_modified_time":"2026-03-24T11:27:08+00:00","og_image":[{"width":2500,"height":1667,"url":"https:\/\/hello-suns.com\/app\/uploads\/2026\/01\/Rondello-SUNS-Pot-CS-Mood-26-5.jpg","type":"image\/jpeg"}],"twitter_card":"summary_large_image","twitter_misc":{"Est. reading time":"6 minutes"},"schema":{"@context":"https:\/\/schema.org","@graph":[{"@type":"WebPage","@id":"https:\/\/hello-suns.com\/es\/suns-x-studio-unhyde\/","url":"https:\/\/hello-suns.com\/es\/suns-x-studio-unhyde\/","name":"SUNS x Luca Lifestyle | Maceta Rondello","isPartOf":{"@id":"https:\/\/hello-suns.com\/es\/#website"},"primaryImageOfPage":{"@id":"https:\/\/hello-suns.com\/es\/suns-x-studio-unhyde\/#primaryimage"},"image":{"@id":"https:\/\/hello-suns.com\/es\/suns-x-studio-unhyde\/#primaryimage"},"thumbnailUrl":"https:\/\/hello-suns.com\/app\/uploads\/2026\/01\/Rondello-SUNS-Pot-CS-Mood-26-5.jpg","datePublished":"2026-03-04T10:25:18+00:00","dateModified":"2026-03-24T11:27:08+00:00","description":"Algunos dise\u00f1os no empiezan en el papel, sino en una conversaci\u00f3n. Al compartir ideas, materiales, ambiciones. De esa interacci\u00f3n entre SUNS y Luca Lifestyle naci\u00f3 Rondello.","breadcrumb":{"@id":"https:\/\/hello-suns.com\/es\/suns-x-studio-unhyde\/#breadcrumb"},"inLanguage":"es-ES","potentialAction":[{"@type":"ReadAction","target":["https:\/\/hello-suns.com\/es\/suns-x-studio-unhyde\/"]}]},{"@type":"ImageObject","inLanguage":"es-ES","@id":"https:\/\/hello-suns.com\/es\/suns-x-studio-unhyde\/#primaryimage","url":"https:\/\/hello-suns.com\/app\/uploads\/2026\/01\/Rondello-SUNS-Pot-CS-Mood-26-5.jpg","contentUrl":"https:\/\/hello-suns.com\/app\/uploads\/2026\/01\/Rondello-SUNS-Pot-CS-Mood-26-5.jpg","width":2500,"height":1667},{"@type":"BreadcrumbList","@id":"https:\/\/hello-suns.com\/es\/suns-x-studio-unhyde\/#breadcrumb","itemListElement":[{"@type":"ListItem","position":1,"name":"","item":"https:\/\/hello-suns.com\/es\/"},{"@type":"ListItem","position":2,"name":"SUNS x Luca Estilo de vida"}]},{"@type":"WebSite","@id":"https:\/\/hello-suns.com\/es\/#website","url":"https:\/\/hello-suns.com\/es\/","name":"SUNS","description":"Outdoor Lifestyle","potentialAction":[{"@type":"SearchAction","target":{"@type":"EntryPoint","urlTemplate":"https:\/\/hello-suns.com\/es\/?s={search_term_string}"},"query-input":{"@type":"PropertyValueSpecification","valueRequired":true,"valueName":"search_term_string"}}],"inLanguage":"es-ES"}]}},"_links":{"self":[{"href":"https:\/\/hello-suns.com\/es\/wp-json\/wp\/v2\/pages\/58439","targetHints":{"allow":["GET"]}}],"collection":[{"href":"https:\/\/hello-suns.com\/es\/wp-json\/wp\/v2\/pages"}],"about":[{"href":"https:\/\/hello-suns.com\/es\/wp-json\/wp\/v2\/types\/page"}],"author":[{"embeddable":true,"href":"https:\/\/hello-suns.com\/es\/wp-json\/wp\/v2\/users\/2"}],"replies":[{"embeddable":true,"href":"https:\/\/hello-suns.com\/es\/wp-json\/wp\/v2\/comments?post=58439"}],"version-history":[{"count":2,"href":"https:\/\/hello-suns.com\/es\/wp-json\/wp\/v2\/pages\/58439\/revisions"}],"predecessor-version":[{"id":58516,"href":"https:\/\/hello-suns.com\/es\/wp-json\/wp\/v2\/pages\/58439\/revisions\/58516"}],"wp:featuredmedia":[{"embeddable":true,"href":"https:\/\/hello-suns.com\/es\/wp-json\/wp\/v2\/media\/33465"}],"wp:attachment":[{"href":"https:\/\/hello-suns.com\/es\/wp-json\/wp\/v2\/media?parent=58439"}],"curies":[{"name":"wp","href":"https:\/\/api.w.org\/{rel}","templated":true}]}}