{"id":58243,"date":"2026-03-03T16:45:09","date_gmt":"2026-03-03T15:45:09","guid":{"rendered":"https:\/\/hello-suns.com\/?page_id=58243"},"modified":"2026-04-29T10:06:45","modified_gmt":"2026-04-29T08:06:45","slug":"tendencias-temporada-2026","status":"publish","type":"page","link":"https:\/\/hello-suns.com\/es\/tendencias-temporada-2026\/","title":{"rendered":"SUNS x Studio Unhyde"},"content":{"rendered":"","protected":false},"excerpt":{"rendered":"","protected":false},"author":2,"featured_media":32783,"parent":0,"menu_order":0,"comment_status":"closed","ping_status":"closed","template":"","meta":{"_acf_changed":false,"footnotes":""},"class_list":["post-58243","page","type-page","status-publish","has-post-thumbnail","hentry"],"acf":[],"yoast_head":"<!-- This site is optimized with the Yoast SEO plugin v26.8 - https:\/\/yoast.com\/product\/yoast-seo-wordpress\/ -->\n<title>SUNS x Studio Unhyde | L\u00e1mpara Ollie<\/title>\n<meta name=\"description\" content=\"SUNS y Studio Unhyde se encontraron en su amor por el dise\u00f1o, la atenci\u00f3n al detalle y el deseo de hacer que los momentos sean especiales\" \/>\n<meta name=\"robots\" content=\"index, follow, max-snippet:-1, max-image-preview:large, max-video-preview:-1\" \/>\n<link rel=\"canonical\" href=\"https:\/\/hello-suns.com\/es\/tendencias-temporada-2026\/\" \/>\n<meta property=\"og:locale\" content=\"es_ES\" \/>\n<meta property=\"og:type\" content=\"article\" \/>\n<meta property=\"og:title\" content=\"SUNS x Studio Unhyde | L\u00e1mpara Ollie\" \/>\n<meta property=\"og:description\" content=\"SUNS y Studio Unhyde se encontraron en su amor por el dise\u00f1o, la atenci\u00f3n al detalle y el deseo de hacer que los momentos sean especiales\" \/>\n<meta property=\"og:url\" content=\"https:\/\/hello-suns.com\/es\/tendencias-temporada-2026\/\" \/>\n<meta property=\"og:site_name\" content=\"SUNS\" \/>\n<meta property=\"article:modified_time\" content=\"2026-04-29T08:06:45+00:00\" \/>\n<meta property=\"og:image\" content=\"https:\/\/hello-suns.com\/app\/uploads\/2026\/01\/Ollie-Nova-SUNS-Lamp-CS-SST-Mood-26-1.jpg\" \/>\n\t<meta property=\"og:image:width\" content=\"1667\" \/>\n\t<meta property=\"og:image:height\" content=\"2499\" \/>\n\t<meta property=\"og:image:type\" content=\"image\/jpeg\" \/>\n<meta name=\"twitter:card\" content=\"summary_large_image\" \/>\n<meta name=\"twitter:label1\" content=\"Est. reading time\" \/>\n\t<meta name=\"twitter:data1\" content=\"6 minutes\" \/>\n<script type=\"application\/ld+json\" class=\"yoast-schema-graph\">{\"@context\":\"https:\/\/schema.org\",\"@graph\":[{\"@type\":\"WebPage\",\"@id\":\"https:\/\/hello-suns.com\/es\/tendencias-temporada-2026\/\",\"url\":\"https:\/\/hello-suns.com\/es\/tendencias-temporada-2026\/\",\"name\":\"SUNS x Studio Unhyde | L\u00e1mpara Ollie\",\"isPartOf\":{\"@id\":\"https:\/\/hello-suns.com\/es\/#website\"},\"primaryImageOfPage\":{\"@id\":\"https:\/\/hello-suns.com\/es\/tendencias-temporada-2026\/#primaryimage\"},\"image\":{\"@id\":\"https:\/\/hello-suns.com\/es\/tendencias-temporada-2026\/#primaryimage\"},\"thumbnailUrl\":\"https:\/\/hello-suns.com\/app\/uploads\/2026\/01\/Ollie-Nova-SUNS-Lamp-CS-SST-Mood-26-1.jpg\",\"datePublished\":\"2026-03-03T15:45:09+00:00\",\"dateModified\":\"2026-04-29T08:06:45+00:00\",\"description\":\"SUNS y Studio Unhyde se encontraron en su amor por el dise\u00f1o, la atenci\u00f3n al detalle y el deseo de hacer que los momentos sean especiales\",\"breadcrumb\":{\"@id\":\"https:\/\/hello-suns.com\/es\/tendencias-temporada-2026\/#breadcrumb\"},\"inLanguage\":\"es-ES\",\"potentialAction\":[{\"@type\":\"ReadAction\",\"target\":[\"https:\/\/hello-suns.com\/es\/tendencias-temporada-2026\/\"]}]},{\"@type\":\"ImageObject\",\"inLanguage\":\"es-ES\",\"@id\":\"https:\/\/hello-suns.com\/es\/tendencias-temporada-2026\/#primaryimage\",\"url\":\"https:\/\/hello-suns.com\/app\/uploads\/2026\/01\/Ollie-Nova-SUNS-Lamp-CS-SST-Mood-26-1.jpg\",\"contentUrl\":\"https:\/\/hello-suns.com\/app\/uploads\/2026\/01\/Ollie-Nova-SUNS-Lamp-CS-SST-Mood-26-1.jpg\",\"width\":1667,\"height\":2499},{\"@type\":\"BreadcrumbList\",\"@id\":\"https:\/\/hello-suns.com\/es\/tendencias-temporada-2026\/#breadcrumb\",\"itemListElement\":[{\"@type\":\"ListItem\",\"position\":1,\"name\":\"\",\"item\":\"https:\/\/hello-suns.com\/es\/\"},{\"@type\":\"ListItem\",\"position\":2,\"name\":\"SUNS x Studio Unhyde\"}]},{\"@type\":\"WebSite\",\"@id\":\"https:\/\/hello-suns.com\/es\/#website\",\"url\":\"https:\/\/hello-suns.com\/es\/\",\"name\":\"SUNS\",\"description\":\"Outdoor Lifestyle\",\"potentialAction\":[{\"@type\":\"SearchAction\",\"target\":{\"@type\":\"EntryPoint\",\"urlTemplate\":\"https:\/\/hello-suns.com\/es\/?s={search_term_string}\"},\"query-input\":{\"@type\":\"PropertyValueSpecification\",\"valueRequired\":true,\"valueName\":\"search_term_string\"}}],\"inLanguage\":\"es-ES\"}]}<\/script>\n<!-- \/ Yoast SEO plugin. -->","yoast_head_json":{"title":"SUNS x Studio Unhyde | L\u00e1mpara Ollie","description":"SUNS y Studio Unhyde se encontraron en su amor por el dise\u00f1o, la atenci\u00f3n al detalle y el deseo de hacer que los momentos sean especiales","robots":{"index":"index","follow":"follow","max-snippet":"max-snippet:-1","max-image-preview":"max-image-preview:large","max-video-preview":"max-video-preview:-1"},"canonical":"https:\/\/hello-suns.com\/es\/tendencias-temporada-2026\/","og_locale":"es_ES","og_type":"article","og_title":"SUNS x Studio Unhyde | L\u00e1mpara Ollie","og_description":"SUNS y Studio Unhyde se encontraron en su amor por el dise\u00f1o, la atenci\u00f3n al detalle y el deseo de hacer que los momentos sean especiales","og_url":"https:\/\/hello-suns.com\/es\/tendencias-temporada-2026\/","og_site_name":"SUNS","article_modified_time":"2026-04-29T08:06:45+00:00","og_image":[{"width":1667,"height":2499,"url":"https:\/\/hello-suns.com\/app\/uploads\/2026\/01\/Ollie-Nova-SUNS-Lamp-CS-SST-Mood-26-1.jpg","type":"image\/jpeg"}],"twitter_card":"summary_large_image","twitter_misc":{"Est. reading time":"6 minutes"},"schema":{"@context":"https:\/\/schema.org","@graph":[{"@type":"WebPage","@id":"https:\/\/hello-suns.com\/es\/tendencias-temporada-2026\/","url":"https:\/\/hello-suns.com\/es\/tendencias-temporada-2026\/","name":"SUNS x Studio Unhyde | L\u00e1mpara Ollie","isPartOf":{"@id":"https:\/\/hello-suns.com\/es\/#website"},"primaryImageOfPage":{"@id":"https:\/\/hello-suns.com\/es\/tendencias-temporada-2026\/#primaryimage"},"image":{"@id":"https:\/\/hello-suns.com\/es\/tendencias-temporada-2026\/#primaryimage"},"thumbnailUrl":"https:\/\/hello-suns.com\/app\/uploads\/2026\/01\/Ollie-Nova-SUNS-Lamp-CS-SST-Mood-26-1.jpg","datePublished":"2026-03-03T15:45:09+00:00","dateModified":"2026-04-29T08:06:45+00:00","description":"SUNS y Studio Unhyde se encontraron en su amor por el dise\u00f1o, la atenci\u00f3n al detalle y el deseo de hacer que los momentos sean especiales","breadcrumb":{"@id":"https:\/\/hello-suns.com\/es\/tendencias-temporada-2026\/#breadcrumb"},"inLanguage":"es-ES","potentialAction":[{"@type":"ReadAction","target":["https:\/\/hello-suns.com\/es\/tendencias-temporada-2026\/"]}]},{"@type":"ImageObject","inLanguage":"es-ES","@id":"https:\/\/hello-suns.com\/es\/tendencias-temporada-2026\/#primaryimage","url":"https:\/\/hello-suns.com\/app\/uploads\/2026\/01\/Ollie-Nova-SUNS-Lamp-CS-SST-Mood-26-1.jpg","contentUrl":"https:\/\/hello-suns.com\/app\/uploads\/2026\/01\/Ollie-Nova-SUNS-Lamp-CS-SST-Mood-26-1.jpg","width":1667,"height":2499},{"@type":"BreadcrumbList","@id":"https:\/\/hello-suns.com\/es\/tendencias-temporada-2026\/#breadcrumb","itemListElement":[{"@type":"ListItem","position":1,"name":"","item":"https:\/\/hello-suns.com\/es\/"},{"@type":"ListItem","position":2,"name":"SUNS x Studio Unhyde"}]},{"@type":"WebSite","@id":"https:\/\/hello-suns.com\/es\/#website","url":"https:\/\/hello-suns.com\/es\/","name":"SUNS","description":"Outdoor Lifestyle","potentialAction":[{"@type":"SearchAction","target":{"@type":"EntryPoint","urlTemplate":"https:\/\/hello-suns.com\/es\/?s={search_term_string}"},"query-input":{"@type":"PropertyValueSpecification","valueRequired":true,"valueName":"search_term_string"}}],"inLanguage":"es-ES"}]}},"_links":{"self":[{"href":"https:\/\/hello-suns.com\/es\/wp-json\/wp\/v2\/pages\/58243","targetHints":{"allow":["GET"]}}],"collection":[{"href":"https:\/\/hello-suns.com\/es\/wp-json\/wp\/v2\/pages"}],"about":[{"href":"https:\/\/hello-suns.com\/es\/wp-json\/wp\/v2\/types\/page"}],"author":[{"embeddable":true,"href":"https:\/\/hello-suns.com\/es\/wp-json\/wp\/v2\/users\/2"}],"replies":[{"embeddable":true,"href":"https:\/\/hello-suns.com\/es\/wp-json\/wp\/v2\/comments?post=58243"}],"version-history":[{"count":2,"href":"https:\/\/hello-suns.com\/es\/wp-json\/wp\/v2\/pages\/58243\/revisions"}],"predecessor-version":[{"id":58311,"href":"https:\/\/hello-suns.com\/es\/wp-json\/wp\/v2\/pages\/58243\/revisions\/58311"}],"wp:featuredmedia":[{"embeddable":true,"href":"https:\/\/hello-suns.com\/es\/wp-json\/wp\/v2\/media\/32783"}],"wp:attachment":[{"href":"https:\/\/hello-suns.com\/es\/wp-json\/wp\/v2\/media?parent=58243"}],"curies":[{"name":"wp","href":"https:\/\/api.w.org\/{rel}","templated":true}]}}