{"id":55034,"date":"2026-02-16T15:20:23","date_gmt":"2026-02-16T14:20:23","guid":{"rendered":"https:\/\/hello-suns.com\/?page_id=55034"},"modified":"2026-03-30T15:15:27","modified_gmt":"2026-03-30T13:15:27","slug":"salon-del-mueble-de-milan-2026","status":"publish","type":"page","link":"https:\/\/hello-suns.com\/es\/salon-del-mueble-de-milan-2026\/","title":{"rendered":"Sal\u00f3n del Mueble de Mil\u00e1n 2026"},"content":{"rendered":"","protected":false},"excerpt":{"rendered":"","protected":false},"author":2,"featured_media":0,"parent":0,"menu_order":0,"comment_status":"closed","ping_status":"closed","template":"","meta":{"_acf_changed":false,"footnotes":""},"class_list":["post-55034","page","type-page","status-publish","hentry"],"acf":[],"yoast_head":"<!-- This site is optimized with the Yoast SEO plugin v26.8 - https:\/\/yoast.com\/product\/yoast-seo-wordpress\/ -->\n<title>La primera marca holandesa de estilo de vida al aire libre de Mil\u00e1n.<\/title>\n<meta name=\"description\" content=\"SUNS Outdoor Lifestyle marca un momento hist\u00f3rico en la historia del dise\u00f1o holand\u00e9s en 2026. La marca es la primera marca holandesa de estilo de vida al aire libre admitida oficialmente en el Salone del Mobile.\" \/>\n<meta name=\"robots\" content=\"index, follow, max-snippet:-1, max-image-preview:large, max-video-preview:-1\" \/>\n<link rel=\"canonical\" href=\"https:\/\/hello-suns.com\/es\/salon-del-mueble-de-milan-2026\/\" \/>\n<meta property=\"og:locale\" content=\"es_ES\" \/>\n<meta property=\"og:type\" content=\"article\" \/>\n<meta property=\"og:title\" content=\"La primera marca holandesa de estilo de vida al aire libre de Mil\u00e1n.\" \/>\n<meta property=\"og:description\" content=\"SUNS Outdoor Lifestyle marca un momento hist\u00f3rico en la historia del dise\u00f1o holand\u00e9s en 2026. La marca es la primera marca holandesa de estilo de vida al aire libre admitida oficialmente en el Salone del Mobile.\" \/>\n<meta property=\"og:url\" content=\"https:\/\/hello-suns.com\/es\/salon-del-mueble-de-milan-2026\/\" \/>\n<meta property=\"og:site_name\" content=\"SUNS\" \/>\n<meta property=\"article:modified_time\" content=\"2026-03-30T13:15:27+00:00\" \/>\n<meta name=\"twitter:card\" content=\"summary_large_image\" \/>\n<meta name=\"twitter:label1\" content=\"Est. reading time\" \/>\n\t<meta name=\"twitter:data1\" content=\"7 minutes\" \/>\n<script type=\"application\/ld+json\" class=\"yoast-schema-graph\">{\"@context\":\"https:\/\/schema.org\",\"@graph\":[{\"@type\":\"WebPage\",\"@id\":\"https:\/\/hello-suns.com\/es\/salon-del-mueble-de-milan-2026\/\",\"url\":\"https:\/\/hello-suns.com\/es\/salon-del-mueble-de-milan-2026\/\",\"name\":\"La primera marca holandesa de estilo de vida al aire libre de Mil\u00e1n.\",\"isPartOf\":{\"@id\":\"https:\/\/hello-suns.com\/es\/#website\"},\"datePublished\":\"2026-02-16T14:20:23+00:00\",\"dateModified\":\"2026-03-30T13:15:27+00:00\",\"description\":\"SUNS Outdoor Lifestyle marca un momento hist\u00f3rico en la historia del dise\u00f1o holand\u00e9s en 2026. La marca es la primera marca holandesa de estilo de vida al aire libre admitida oficialmente en el Salone del Mobile.\",\"breadcrumb\":{\"@id\":\"https:\/\/hello-suns.com\/es\/salon-del-mueble-de-milan-2026\/#breadcrumb\"},\"inLanguage\":\"es-ES\",\"potentialAction\":[{\"@type\":\"ReadAction\",\"target\":[\"https:\/\/hello-suns.com\/es\/salon-del-mueble-de-milan-2026\/\"]}]},{\"@type\":\"BreadcrumbList\",\"@id\":\"https:\/\/hello-suns.com\/es\/salon-del-mueble-de-milan-2026\/#breadcrumb\",\"itemListElement\":[{\"@type\":\"ListItem\",\"position\":1,\"name\":\"\",\"item\":\"https:\/\/hello-suns.com\/es\/\"},{\"@type\":\"ListItem\",\"position\":2,\"name\":\"Sal\u00f3n del Mueble de Mil\u00e1n 2026\"}]},{\"@type\":\"WebSite\",\"@id\":\"https:\/\/hello-suns.com\/es\/#website\",\"url\":\"https:\/\/hello-suns.com\/es\/\",\"name\":\"SUNS\",\"description\":\"Outdoor Lifestyle\",\"potentialAction\":[{\"@type\":\"SearchAction\",\"target\":{\"@type\":\"EntryPoint\",\"urlTemplate\":\"https:\/\/hello-suns.com\/es\/?s={search_term_string}\"},\"query-input\":{\"@type\":\"PropertyValueSpecification\",\"valueRequired\":true,\"valueName\":\"search_term_string\"}}],\"inLanguage\":\"es-ES\"}]}<\/script>\n<!-- \/ Yoast SEO plugin. -->","yoast_head_json":{"title":"La primera marca holandesa de estilo de vida al aire libre de Mil\u00e1n.","description":"SUNS Outdoor Lifestyle marca un momento hist\u00f3rico en la historia del dise\u00f1o holand\u00e9s en 2026. La marca es la primera marca holandesa de estilo de vida al aire libre admitida oficialmente en el Salone del Mobile.","robots":{"index":"index","follow":"follow","max-snippet":"max-snippet:-1","max-image-preview":"max-image-preview:large","max-video-preview":"max-video-preview:-1"},"canonical":"https:\/\/hello-suns.com\/es\/salon-del-mueble-de-milan-2026\/","og_locale":"es_ES","og_type":"article","og_title":"La primera marca holandesa de estilo de vida al aire libre de Mil\u00e1n.","og_description":"SUNS Outdoor Lifestyle marca un momento hist\u00f3rico en la historia del dise\u00f1o holand\u00e9s en 2026. La marca es la primera marca holandesa de estilo de vida al aire libre admitida oficialmente en el Salone del Mobile.","og_url":"https:\/\/hello-suns.com\/es\/salon-del-mueble-de-milan-2026\/","og_site_name":"SUNS","article_modified_time":"2026-03-30T13:15:27+00:00","twitter_card":"summary_large_image","twitter_misc":{"Est. reading time":"7 minutes"},"schema":{"@context":"https:\/\/schema.org","@graph":[{"@type":"WebPage","@id":"https:\/\/hello-suns.com\/es\/salon-del-mueble-de-milan-2026\/","url":"https:\/\/hello-suns.com\/es\/salon-del-mueble-de-milan-2026\/","name":"La primera marca holandesa de estilo de vida al aire libre de Mil\u00e1n.","isPartOf":{"@id":"https:\/\/hello-suns.com\/es\/#website"},"datePublished":"2026-02-16T14:20:23+00:00","dateModified":"2026-03-30T13:15:27+00:00","description":"SUNS Outdoor Lifestyle marca un momento hist\u00f3rico en la historia del dise\u00f1o holand\u00e9s en 2026. La marca es la primera marca holandesa de estilo de vida al aire libre admitida oficialmente en el Salone del Mobile.","breadcrumb":{"@id":"https:\/\/hello-suns.com\/es\/salon-del-mueble-de-milan-2026\/#breadcrumb"},"inLanguage":"es-ES","potentialAction":[{"@type":"ReadAction","target":["https:\/\/hello-suns.com\/es\/salon-del-mueble-de-milan-2026\/"]}]},{"@type":"BreadcrumbList","@id":"https:\/\/hello-suns.com\/es\/salon-del-mueble-de-milan-2026\/#breadcrumb","itemListElement":[{"@type":"ListItem","position":1,"name":"","item":"https:\/\/hello-suns.com\/es\/"},{"@type":"ListItem","position":2,"name":"Sal\u00f3n del Mueble de Mil\u00e1n 2026"}]},{"@type":"WebSite","@id":"https:\/\/hello-suns.com\/es\/#website","url":"https:\/\/hello-suns.com\/es\/","name":"SUNS","description":"Outdoor Lifestyle","potentialAction":[{"@type":"SearchAction","target":{"@type":"EntryPoint","urlTemplate":"https:\/\/hello-suns.com\/es\/?s={search_term_string}"},"query-input":{"@type":"PropertyValueSpecification","valueRequired":true,"valueName":"search_term_string"}}],"inLanguage":"es-ES"}]}},"_links":{"self":[{"href":"https:\/\/hello-suns.com\/es\/wp-json\/wp\/v2\/pages\/55034","targetHints":{"allow":["GET"]}}],"collection":[{"href":"https:\/\/hello-suns.com\/es\/wp-json\/wp\/v2\/pages"}],"about":[{"href":"https:\/\/hello-suns.com\/es\/wp-json\/wp\/v2\/types\/page"}],"author":[{"embeddable":true,"href":"https:\/\/hello-suns.com\/es\/wp-json\/wp\/v2\/users\/2"}],"replies":[{"embeddable":true,"href":"https:\/\/hello-suns.com\/es\/wp-json\/wp\/v2\/comments?post=55034"}],"version-history":[{"count":1,"href":"https:\/\/hello-suns.com\/es\/wp-json\/wp\/v2\/pages\/55034\/revisions"}],"predecessor-version":[{"id":55047,"href":"https:\/\/hello-suns.com\/es\/wp-json\/wp\/v2\/pages\/55034\/revisions\/55047"}],"wp:attachment":[{"href":"https:\/\/hello-suns.com\/es\/wp-json\/wp\/v2\/media?parent=55034"}],"curies":[{"name":"wp","href":"https:\/\/api.w.org\/{rel}","templated":true}]}}