{"id":15403,"date":"2025-04-03T15:21:46","date_gmt":"2025-04-03T15:21:46","guid":{"rendered":"https:\/\/hello-suns.com\/esenciales\/"},"modified":"2025-10-27T15:59:34","modified_gmt":"2025-10-27T15:59:34","slug":"esenciales","status":"publish","type":"page","link":"https:\/\/hello-suns.com\/es\/esenciales\/","title":{"rendered":"Esenciales"},"content":{"rendered":"","protected":false},"excerpt":{"rendered":"","protected":false},"author":2,"featured_media":15410,"parent":0,"menu_order":0,"comment_status":"closed","ping_status":"closed","template":"","meta":{"_acf_changed":false,"footnotes":""},"class_list":["post-15403","page","type-page","status-publish","has-post-thumbnail","hentry"],"acf":[],"yoast_head":"<!-- This site is optimized with the Yoast SEO plugin v26.8 - https:\/\/yoast.com\/product\/yoast-seo-wordpress\/ -->\n<title>Colecci\u00f3n Essentials | SUNS Outdoor Lifestyle<\/title>\n<meta name=\"description\" content=\"Essentials by SUNS | La colecci\u00f3n Essentials de SUNS a\u00fana estilo, durabilidad y comodidad en una gama de muebles de jard\u00edn atemporales.\" \/>\n<meta name=\"robots\" content=\"index, follow, max-snippet:-1, max-image-preview:large, max-video-preview:-1\" \/>\n<link rel=\"canonical\" href=\"https:\/\/hello-suns.com\/es\/esenciales\/\" \/>\n<meta property=\"og:locale\" content=\"es_ES\" \/>\n<meta property=\"og:type\" content=\"article\" \/>\n<meta property=\"og:title\" content=\"Colecci\u00f3n Essentials | SUNS Outdoor Lifestyle\" \/>\n<meta property=\"og:description\" content=\"Essentials by SUNS | La colecci\u00f3n Essentials de SUNS a\u00fana estilo, durabilidad y comodidad en una gama de muebles de jard\u00edn atemporales.\" \/>\n<meta property=\"og:url\" content=\"https:\/\/hello-suns.com\/es\/esenciales\/\" \/>\n<meta property=\"og:site_name\" content=\"SUNS\" \/>\n<meta property=\"article:modified_time\" content=\"2025-10-27T15:59:34+00:00\" \/>\n<meta property=\"og:image\" content=\"https:\/\/hello-suns.com\/app\/uploads\/2025\/01\/02_Nova_Diningtable_SUNS-1024x576.jpg\" \/>\n\t<meta property=\"og:image:width\" content=\"1024\" \/>\n\t<meta property=\"og:image:height\" content=\"576\" \/>\n\t<meta property=\"og:image:type\" content=\"image\/jpeg\" \/>\n<meta name=\"twitter:card\" content=\"summary_large_image\" \/>\n<meta name=\"twitter:label1\" content=\"Est. reading time\" \/>\n\t<meta name=\"twitter:data1\" content=\"8 minutes\" \/>\n<script type=\"application\/ld+json\" class=\"yoast-schema-graph\">{\"@context\":\"https:\/\/schema.org\",\"@graph\":[{\"@type\":\"WebPage\",\"@id\":\"https:\/\/hello-suns.com\/es\/esenciales\/\",\"url\":\"https:\/\/hello-suns.com\/es\/esenciales\/\",\"name\":\"Colecci\u00f3n Essentials | SUNS Outdoor Lifestyle\",\"isPartOf\":{\"@id\":\"https:\/\/hello-suns.com\/es\/#website\"},\"primaryImageOfPage\":{\"@id\":\"https:\/\/hello-suns.com\/es\/esenciales\/#primaryimage\"},\"image\":{\"@id\":\"https:\/\/hello-suns.com\/es\/esenciales\/#primaryimage\"},\"thumbnailUrl\":\"https:\/\/hello-suns.com\/app\/uploads\/2025\/01\/02_Nova_Diningtable_SUNS.jpg\",\"datePublished\":\"2025-04-03T15:21:46+00:00\",\"dateModified\":\"2025-10-27T15:59:34+00:00\",\"description\":\"Essentials by SUNS | La colecci\u00f3n Essentials de SUNS a\u00fana estilo, durabilidad y comodidad en una gama de muebles de jard\u00edn atemporales.\",\"breadcrumb\":{\"@id\":\"https:\/\/hello-suns.com\/es\/esenciales\/#breadcrumb\"},\"inLanguage\":\"es-ES\",\"potentialAction\":[{\"@type\":\"ReadAction\",\"target\":[\"https:\/\/hello-suns.com\/es\/esenciales\/\"]}]},{\"@type\":\"ImageObject\",\"inLanguage\":\"es-ES\",\"@id\":\"https:\/\/hello-suns.com\/es\/esenciales\/#primaryimage\",\"url\":\"https:\/\/hello-suns.com\/app\/uploads\/2025\/01\/02_Nova_Diningtable_SUNS.jpg\",\"contentUrl\":\"https:\/\/hello-suns.com\/app\/uploads\/2025\/01\/02_Nova_Diningtable_SUNS.jpg\",\"width\":3840,\"height\":2160},{\"@type\":\"BreadcrumbList\",\"@id\":\"https:\/\/hello-suns.com\/es\/esenciales\/#breadcrumb\",\"itemListElement\":[{\"@type\":\"ListItem\",\"position\":1,\"name\":\"\",\"item\":\"https:\/\/hello-suns.com\/es\/\"},{\"@type\":\"ListItem\",\"position\":2,\"name\":\"Esenciales\"}]},{\"@type\":\"WebSite\",\"@id\":\"https:\/\/hello-suns.com\/es\/#website\",\"url\":\"https:\/\/hello-suns.com\/es\/\",\"name\":\"SUNS\",\"description\":\"Outdoor Lifestyle\",\"potentialAction\":[{\"@type\":\"SearchAction\",\"target\":{\"@type\":\"EntryPoint\",\"urlTemplate\":\"https:\/\/hello-suns.com\/es\/?s={search_term_string}\"},\"query-input\":{\"@type\":\"PropertyValueSpecification\",\"valueRequired\":true,\"valueName\":\"search_term_string\"}}],\"inLanguage\":\"es-ES\"}]}<\/script>\n<!-- \/ Yoast SEO plugin. -->","yoast_head_json":{"title":"Colecci\u00f3n Essentials | SUNS Outdoor Lifestyle","description":"Essentials by SUNS | La colecci\u00f3n Essentials de SUNS a\u00fana estilo, durabilidad y comodidad en una gama de muebles de jard\u00edn atemporales.","robots":{"index":"index","follow":"follow","max-snippet":"max-snippet:-1","max-image-preview":"max-image-preview:large","max-video-preview":"max-video-preview:-1"},"canonical":"https:\/\/hello-suns.com\/es\/esenciales\/","og_locale":"es_ES","og_type":"article","og_title":"Colecci\u00f3n Essentials | SUNS Outdoor Lifestyle","og_description":"Essentials by SUNS | La colecci\u00f3n Essentials de SUNS a\u00fana estilo, durabilidad y comodidad en una gama de muebles de jard\u00edn atemporales.","og_url":"https:\/\/hello-suns.com\/es\/esenciales\/","og_site_name":"SUNS","article_modified_time":"2025-10-27T15:59:34+00:00","og_image":[{"width":1024,"height":576,"url":"https:\/\/hello-suns.com\/app\/uploads\/2025\/01\/02_Nova_Diningtable_SUNS-1024x576.jpg","type":"image\/jpeg"}],"twitter_card":"summary_large_image","twitter_misc":{"Est. reading time":"8 minutes"},"schema":{"@context":"https:\/\/schema.org","@graph":[{"@type":"WebPage","@id":"https:\/\/hello-suns.com\/es\/esenciales\/","url":"https:\/\/hello-suns.com\/es\/esenciales\/","name":"Colecci\u00f3n Essentials | SUNS Outdoor Lifestyle","isPartOf":{"@id":"https:\/\/hello-suns.com\/es\/#website"},"primaryImageOfPage":{"@id":"https:\/\/hello-suns.com\/es\/esenciales\/#primaryimage"},"image":{"@id":"https:\/\/hello-suns.com\/es\/esenciales\/#primaryimage"},"thumbnailUrl":"https:\/\/hello-suns.com\/app\/uploads\/2025\/01\/02_Nova_Diningtable_SUNS.jpg","datePublished":"2025-04-03T15:21:46+00:00","dateModified":"2025-10-27T15:59:34+00:00","description":"Essentials by SUNS | La colecci\u00f3n Essentials de SUNS a\u00fana estilo, durabilidad y comodidad en una gama de muebles de jard\u00edn atemporales.","breadcrumb":{"@id":"https:\/\/hello-suns.com\/es\/esenciales\/#breadcrumb"},"inLanguage":"es-ES","potentialAction":[{"@type":"ReadAction","target":["https:\/\/hello-suns.com\/es\/esenciales\/"]}]},{"@type":"ImageObject","inLanguage":"es-ES","@id":"https:\/\/hello-suns.com\/es\/esenciales\/#primaryimage","url":"https:\/\/hello-suns.com\/app\/uploads\/2025\/01\/02_Nova_Diningtable_SUNS.jpg","contentUrl":"https:\/\/hello-suns.com\/app\/uploads\/2025\/01\/02_Nova_Diningtable_SUNS.jpg","width":3840,"height":2160},{"@type":"BreadcrumbList","@id":"https:\/\/hello-suns.com\/es\/esenciales\/#breadcrumb","itemListElement":[{"@type":"ListItem","position":1,"name":"","item":"https:\/\/hello-suns.com\/es\/"},{"@type":"ListItem","position":2,"name":"Esenciales"}]},{"@type":"WebSite","@id":"https:\/\/hello-suns.com\/es\/#website","url":"https:\/\/hello-suns.com\/es\/","name":"SUNS","description":"Outdoor Lifestyle","potentialAction":[{"@type":"SearchAction","target":{"@type":"EntryPoint","urlTemplate":"https:\/\/hello-suns.com\/es\/?s={search_term_string}"},"query-input":{"@type":"PropertyValueSpecification","valueRequired":true,"valueName":"search_term_string"}}],"inLanguage":"es-ES"}]}},"_links":{"self":[{"href":"https:\/\/hello-suns.com\/es\/wp-json\/wp\/v2\/pages\/15403","targetHints":{"allow":["GET"]}}],"collection":[{"href":"https:\/\/hello-suns.com\/es\/wp-json\/wp\/v2\/pages"}],"about":[{"href":"https:\/\/hello-suns.com\/es\/wp-json\/wp\/v2\/types\/page"}],"author":[{"embeddable":true,"href":"https:\/\/hello-suns.com\/es\/wp-json\/wp\/v2\/users\/2"}],"replies":[{"embeddable":true,"href":"https:\/\/hello-suns.com\/es\/wp-json\/wp\/v2\/comments?post=15403"}],"version-history":[{"count":3,"href":"https:\/\/hello-suns.com\/es\/wp-json\/wp\/v2\/pages\/15403\/revisions"}],"predecessor-version":[{"id":18824,"href":"https:\/\/hello-suns.com\/es\/wp-json\/wp\/v2\/pages\/15403\/revisions\/18824"}],"wp:featuredmedia":[{"embeddable":true,"href":"https:\/\/hello-suns.com\/es\/wp-json\/wp\/v2\/media\/15410"}],"wp:attachment":[{"href":"https:\/\/hello-suns.com\/es\/wp-json\/wp\/v2\/media?parent=15403"}],"curies":[{"name":"wp","href":"https:\/\/api.w.org\/{rel}","templated":true}]}}