{"id":15370,"date":"2025-02-06T11:30:31","date_gmt":"2025-02-06T10:30:31","guid":{"rendered":"https:\/\/hello-suns.com\/allure-2\/"},"modified":"2025-10-30T13:23:02","modified_gmt":"2025-10-30T13:23:02","slug":"allure","status":"publish","type":"page","link":"https:\/\/hello-suns.com\/es\/allure\/","title":{"rendered":"Allure"},"content":{"rendered":"","protected":false},"excerpt":{"rendered":"","protected":false},"author":2,"featured_media":0,"parent":0,"menu_order":0,"comment_status":"closed","ping_status":"closed","template":"","meta":{"_acf_changed":false,"footnotes":""},"class_list":["post-15370","page","type-page","status-publish","hentry"],"acf":[],"yoast_head":"<!-- This site is optimized with the Yoast SEO plugin v26.8 - https:\/\/yoast.com\/product\/yoast-seo-wordpress\/ -->\n<title>Comprar muebles de jard\u00edn estilo Allure | SUNS Outdoor Lifestyle<\/title>\n<meta name=\"description\" content=\"Muebles de jard\u00edn estilo Allure | Experimenta el m\u00e1ximo nivel de lujo en tu espacio exterior. Es el equilibrio perfecto entre comodidad y sofisticaci\u00f3n.\" \/>\n<meta name=\"robots\" content=\"index, follow, max-snippet:-1, max-image-preview:large, max-video-preview:-1\" \/>\n<link rel=\"canonical\" href=\"https:\/\/hello-suns.com\/es\/allure\/\" \/>\n<meta property=\"og:locale\" content=\"es_ES\" \/>\n<meta property=\"og:type\" content=\"article\" \/>\n<meta property=\"og:title\" content=\"Comprar muebles de jard\u00edn estilo Allure | SUNS Outdoor Lifestyle\" \/>\n<meta property=\"og:description\" content=\"Muebles de jard\u00edn estilo Allure | Experimenta el m\u00e1ximo nivel de lujo en tu espacio exterior. Es el equilibrio perfecto entre comodidad y sofisticaci\u00f3n.\" \/>\n<meta property=\"og:url\" content=\"https:\/\/hello-suns.com\/es\/allure\/\" \/>\n<meta property=\"og:site_name\" content=\"SUNS\" \/>\n<meta property=\"article:modified_time\" content=\"2025-10-30T13:23:02+00:00\" \/>\n<meta name=\"twitter:card\" content=\"summary_large_image\" \/>\n<meta name=\"twitter:label1\" content=\"Est. reading time\" \/>\n\t<meta name=\"twitter:data1\" content=\"7 minutes\" \/>\n<script type=\"application\/ld+json\" class=\"yoast-schema-graph\">{\"@context\":\"https:\/\/schema.org\",\"@graph\":[{\"@type\":\"WebPage\",\"@id\":\"https:\/\/hello-suns.com\/es\/allure\/\",\"url\":\"https:\/\/hello-suns.com\/es\/allure\/\",\"name\":\"Comprar muebles de jard\u00edn estilo Allure | SUNS Outdoor Lifestyle\",\"isPartOf\":{\"@id\":\"https:\/\/hello-suns.com\/es\/#website\"},\"datePublished\":\"2025-02-06T10:30:31+00:00\",\"dateModified\":\"2025-10-30T13:23:02+00:00\",\"description\":\"Muebles de jard\u00edn estilo Allure | Experimenta el m\u00e1ximo nivel de lujo en tu espacio exterior. Es el equilibrio perfecto entre comodidad y sofisticaci\u00f3n.\",\"breadcrumb\":{\"@id\":\"https:\/\/hello-suns.com\/es\/allure\/#breadcrumb\"},\"inLanguage\":\"es-ES\",\"potentialAction\":[{\"@type\":\"ReadAction\",\"target\":[\"https:\/\/hello-suns.com\/es\/allure\/\"]}]},{\"@type\":\"BreadcrumbList\",\"@id\":\"https:\/\/hello-suns.com\/es\/allure\/#breadcrumb\",\"itemListElement\":[{\"@type\":\"ListItem\",\"position\":1,\"name\":\"\",\"item\":\"https:\/\/hello-suns.com\/es\/\"},{\"@type\":\"ListItem\",\"position\":2,\"name\":\"Allure\"}]},{\"@type\":\"WebSite\",\"@id\":\"https:\/\/hello-suns.com\/es\/#website\",\"url\":\"https:\/\/hello-suns.com\/es\/\",\"name\":\"SUNS\",\"description\":\"Outdoor Lifestyle\",\"potentialAction\":[{\"@type\":\"SearchAction\",\"target\":{\"@type\":\"EntryPoint\",\"urlTemplate\":\"https:\/\/hello-suns.com\/es\/?s={search_term_string}\"},\"query-input\":{\"@type\":\"PropertyValueSpecification\",\"valueRequired\":true,\"valueName\":\"search_term_string\"}}],\"inLanguage\":\"es-ES\"}]}<\/script>\n<!-- \/ Yoast SEO plugin. -->","yoast_head_json":{"title":"Comprar muebles de jard\u00edn estilo Allure | SUNS Outdoor Lifestyle","description":"Muebles de jard\u00edn estilo Allure | Experimenta el m\u00e1ximo nivel de lujo en tu espacio exterior. Es el equilibrio perfecto entre comodidad y sofisticaci\u00f3n.","robots":{"index":"index","follow":"follow","max-snippet":"max-snippet:-1","max-image-preview":"max-image-preview:large","max-video-preview":"max-video-preview:-1"},"canonical":"https:\/\/hello-suns.com\/es\/allure\/","og_locale":"es_ES","og_type":"article","og_title":"Comprar muebles de jard\u00edn estilo Allure | SUNS Outdoor Lifestyle","og_description":"Muebles de jard\u00edn estilo Allure | Experimenta el m\u00e1ximo nivel de lujo en tu espacio exterior. Es el equilibrio perfecto entre comodidad y sofisticaci\u00f3n.","og_url":"https:\/\/hello-suns.com\/es\/allure\/","og_site_name":"SUNS","article_modified_time":"2025-10-30T13:23:02+00:00","twitter_card":"summary_large_image","twitter_misc":{"Est. reading time":"7 minutes"},"schema":{"@context":"https:\/\/schema.org","@graph":[{"@type":"WebPage","@id":"https:\/\/hello-suns.com\/es\/allure\/","url":"https:\/\/hello-suns.com\/es\/allure\/","name":"Comprar muebles de jard\u00edn estilo Allure | SUNS Outdoor Lifestyle","isPartOf":{"@id":"https:\/\/hello-suns.com\/es\/#website"},"datePublished":"2025-02-06T10:30:31+00:00","dateModified":"2025-10-30T13:23:02+00:00","description":"Muebles de jard\u00edn estilo Allure | Experimenta el m\u00e1ximo nivel de lujo en tu espacio exterior. Es el equilibrio perfecto entre comodidad y sofisticaci\u00f3n.","breadcrumb":{"@id":"https:\/\/hello-suns.com\/es\/allure\/#breadcrumb"},"inLanguage":"es-ES","potentialAction":[{"@type":"ReadAction","target":["https:\/\/hello-suns.com\/es\/allure\/"]}]},{"@type":"BreadcrumbList","@id":"https:\/\/hello-suns.com\/es\/allure\/#breadcrumb","itemListElement":[{"@type":"ListItem","position":1,"name":"","item":"https:\/\/hello-suns.com\/es\/"},{"@type":"ListItem","position":2,"name":"Allure"}]},{"@type":"WebSite","@id":"https:\/\/hello-suns.com\/es\/#website","url":"https:\/\/hello-suns.com\/es\/","name":"SUNS","description":"Outdoor Lifestyle","potentialAction":[{"@type":"SearchAction","target":{"@type":"EntryPoint","urlTemplate":"https:\/\/hello-suns.com\/es\/?s={search_term_string}"},"query-input":{"@type":"PropertyValueSpecification","valueRequired":true,"valueName":"search_term_string"}}],"inLanguage":"es-ES"}]}},"_links":{"self":[{"href":"https:\/\/hello-suns.com\/es\/wp-json\/wp\/v2\/pages\/15370","targetHints":{"allow":["GET"]}}],"collection":[{"href":"https:\/\/hello-suns.com\/es\/wp-json\/wp\/v2\/pages"}],"about":[{"href":"https:\/\/hello-suns.com\/es\/wp-json\/wp\/v2\/types\/page"}],"author":[{"embeddable":true,"href":"https:\/\/hello-suns.com\/es\/wp-json\/wp\/v2\/users\/2"}],"replies":[{"embeddable":true,"href":"https:\/\/hello-suns.com\/es\/wp-json\/wp\/v2\/comments?post=15370"}],"version-history":[{"count":5,"href":"https:\/\/hello-suns.com\/es\/wp-json\/wp\/v2\/pages\/15370\/revisions"}],"predecessor-version":[{"id":19090,"href":"https:\/\/hello-suns.com\/es\/wp-json\/wp\/v2\/pages\/15370\/revisions\/19090"}],"wp:attachment":[{"href":"https:\/\/hello-suns.com\/es\/wp-json\/wp\/v2\/media?parent=15370"}],"curies":[{"name":"wp","href":"https:\/\/api.w.org\/{rel}","templated":true}]}}