{"id":15226,"date":"2024-11-21T12:39:04","date_gmt":"2024-11-21T12:39:04","guid":{"rendered":"https:\/\/hello-suns.com\/ponte-en-contacto-con\/"},"modified":"2025-10-30T14:47:59","modified_gmt":"2025-10-30T14:47:59","slug":"ponte-en-contacto-con","status":"publish","type":"page","link":"https:\/\/hello-suns.com\/es\/ponte-en-contacto-con\/","title":{"rendered":"Ponte en contacto con"},"content":{"rendered":"<p class=\"p1\">\u00bfNo has podido encontrar algo en nuestro sitio web? No dudes en ponerte en contacto con nosotros. Nuestro equipo est\u00e1 preparado para ayudarte. Para las preguntas m\u00e1s comunes, echa un vistazo primero a nuestras preguntas m\u00e1s frecuentes: quiz\u00e1 tu respuesta ya est\u00e9 ah\u00ed.<\/p>\n","protected":false},"excerpt":{"rendered":"<p>\u00bfNo has podido encontrar algo en nuestro sitio web? No dudes en ponerte en contacto con nosotros. Nuestro equipo est\u00e1 preparado para ayudarte. Para las preguntas m\u00e1s comunes, echa un vistazo primero a nuestras preguntas m\u00e1s frecuentes: quiz\u00e1 tu respuesta ya est\u00e9 ah\u00ed.<\/p>\n","protected":false},"author":1,"featured_media":0,"parent":0,"menu_order":0,"comment_status":"closed","ping_status":"closed","template":"","meta":{"_acf_changed":false,"footnotes":""},"class_list":["post-15226","page","type-page","status-publish","hentry"],"acf":[],"yoast_head":"<!-- This site is optimized with the Yoast SEO plugin v26.8 - https:\/\/yoast.com\/product\/yoast-seo-wordpress\/ -->\n<title>Contacto | SUNS muebles de jard\u00edn<\/title>\n<meta name=\"description\" content=\"\u00bfNo has podido encontrar algo en nuestro sitio web? No dudes en ponerte en contacto con nosotros. Nuestro equipo est\u00e1 dispuesto a ayudarte.\" \/>\n<meta name=\"robots\" content=\"index, follow, max-snippet:-1, max-image-preview:large, max-video-preview:-1\" \/>\n<link rel=\"canonical\" href=\"https:\/\/hello-suns.com\/es\/ponte-en-contacto-con\/\" \/>\n<meta property=\"og:locale\" content=\"es_ES\" \/>\n<meta property=\"og:type\" content=\"article\" \/>\n<meta property=\"og:title\" content=\"Contacto | SUNS muebles de jard\u00edn\" \/>\n<meta property=\"og:description\" content=\"\u00bfNo has podido encontrar algo en nuestro sitio web? No dudes en ponerte en contacto con nosotros. Nuestro equipo est\u00e1 dispuesto a ayudarte.\" \/>\n<meta property=\"og:url\" content=\"https:\/\/hello-suns.com\/es\/ponte-en-contacto-con\/\" \/>\n<meta property=\"og:site_name\" content=\"SUNS\" \/>\n<meta property=\"article:modified_time\" content=\"2025-10-30T14:47:59+00:00\" \/>\n<meta name=\"twitter:card\" content=\"summary_large_image\" \/>\n<meta name=\"twitter:label1\" content=\"Est. reading time\" \/>\n\t<meta name=\"twitter:data1\" content=\"1 minute\" \/>\n<script type=\"application\/ld+json\" class=\"yoast-schema-graph\">{\"@context\":\"https:\/\/schema.org\",\"@graph\":[{\"@type\":\"WebPage\",\"@id\":\"https:\/\/hello-suns.com\/es\/ponte-en-contacto-con\/\",\"url\":\"https:\/\/hello-suns.com\/es\/ponte-en-contacto-con\/\",\"name\":\"Contacto | SUNS muebles de jard\u00edn\",\"isPartOf\":{\"@id\":\"https:\/\/hello-suns.com\/es\/#website\"},\"datePublished\":\"2024-11-21T12:39:04+00:00\",\"dateModified\":\"2025-10-30T14:47:59+00:00\",\"description\":\"\u00bfNo has podido encontrar algo en nuestro sitio web? No dudes en ponerte en contacto con nosotros. Nuestro equipo est\u00e1 dispuesto a ayudarte.\",\"breadcrumb\":{\"@id\":\"https:\/\/hello-suns.com\/es\/ponte-en-contacto-con\/#breadcrumb\"},\"inLanguage\":\"es-ES\",\"potentialAction\":[{\"@type\":\"ReadAction\",\"target\":[\"https:\/\/hello-suns.com\/es\/ponte-en-contacto-con\/\"]}]},{\"@type\":\"BreadcrumbList\",\"@id\":\"https:\/\/hello-suns.com\/es\/ponte-en-contacto-con\/#breadcrumb\",\"itemListElement\":[{\"@type\":\"ListItem\",\"position\":1,\"name\":\"\",\"item\":\"https:\/\/hello-suns.com\/es\/\"},{\"@type\":\"ListItem\",\"position\":2,\"name\":\"Ponte en contacto con\"}]},{\"@type\":\"WebSite\",\"@id\":\"https:\/\/hello-suns.com\/es\/#website\",\"url\":\"https:\/\/hello-suns.com\/es\/\",\"name\":\"SUNS\",\"description\":\"Outdoor Lifestyle\",\"potentialAction\":[{\"@type\":\"SearchAction\",\"target\":{\"@type\":\"EntryPoint\",\"urlTemplate\":\"https:\/\/hello-suns.com\/es\/?s={search_term_string}\"},\"query-input\":{\"@type\":\"PropertyValueSpecification\",\"valueRequired\":true,\"valueName\":\"search_term_string\"}}],\"inLanguage\":\"es-ES\"}]}<\/script>\n<!-- \/ Yoast SEO plugin. -->","yoast_head_json":{"title":"Contacto | SUNS muebles de jard\u00edn","description":"\u00bfNo has podido encontrar algo en nuestro sitio web? No dudes en ponerte en contacto con nosotros. Nuestro equipo est\u00e1 dispuesto a ayudarte.","robots":{"index":"index","follow":"follow","max-snippet":"max-snippet:-1","max-image-preview":"max-image-preview:large","max-video-preview":"max-video-preview:-1"},"canonical":"https:\/\/hello-suns.com\/es\/ponte-en-contacto-con\/","og_locale":"es_ES","og_type":"article","og_title":"Contacto | SUNS muebles de jard\u00edn","og_description":"\u00bfNo has podido encontrar algo en nuestro sitio web? No dudes en ponerte en contacto con nosotros. Nuestro equipo est\u00e1 dispuesto a ayudarte.","og_url":"https:\/\/hello-suns.com\/es\/ponte-en-contacto-con\/","og_site_name":"SUNS","article_modified_time":"2025-10-30T14:47:59+00:00","twitter_card":"summary_large_image","twitter_misc":{"Est. reading time":"1 minute"},"schema":{"@context":"https:\/\/schema.org","@graph":[{"@type":"WebPage","@id":"https:\/\/hello-suns.com\/es\/ponte-en-contacto-con\/","url":"https:\/\/hello-suns.com\/es\/ponte-en-contacto-con\/","name":"Contacto | SUNS muebles de jard\u00edn","isPartOf":{"@id":"https:\/\/hello-suns.com\/es\/#website"},"datePublished":"2024-11-21T12:39:04+00:00","dateModified":"2025-10-30T14:47:59+00:00","description":"\u00bfNo has podido encontrar algo en nuestro sitio web? No dudes en ponerte en contacto con nosotros. Nuestro equipo est\u00e1 dispuesto a ayudarte.","breadcrumb":{"@id":"https:\/\/hello-suns.com\/es\/ponte-en-contacto-con\/#breadcrumb"},"inLanguage":"es-ES","potentialAction":[{"@type":"ReadAction","target":["https:\/\/hello-suns.com\/es\/ponte-en-contacto-con\/"]}]},{"@type":"BreadcrumbList","@id":"https:\/\/hello-suns.com\/es\/ponte-en-contacto-con\/#breadcrumb","itemListElement":[{"@type":"ListItem","position":1,"name":"","item":"https:\/\/hello-suns.com\/es\/"},{"@type":"ListItem","position":2,"name":"Ponte en contacto con"}]},{"@type":"WebSite","@id":"https:\/\/hello-suns.com\/es\/#website","url":"https:\/\/hello-suns.com\/es\/","name":"SUNS","description":"Outdoor Lifestyle","potentialAction":[{"@type":"SearchAction","target":{"@type":"EntryPoint","urlTemplate":"https:\/\/hello-suns.com\/es\/?s={search_term_string}"},"query-input":{"@type":"PropertyValueSpecification","valueRequired":true,"valueName":"search_term_string"}}],"inLanguage":"es-ES"}]}},"_links":{"self":[{"href":"https:\/\/hello-suns.com\/es\/wp-json\/wp\/v2\/pages\/15226","targetHints":{"allow":["GET"]}}],"collection":[{"href":"https:\/\/hello-suns.com\/es\/wp-json\/wp\/v2\/pages"}],"about":[{"href":"https:\/\/hello-suns.com\/es\/wp-json\/wp\/v2\/types\/page"}],"author":[{"embeddable":true,"href":"https:\/\/hello-suns.com\/es\/wp-json\/wp\/v2\/users\/1"}],"replies":[{"embeddable":true,"href":"https:\/\/hello-suns.com\/es\/wp-json\/wp\/v2\/comments?post=15226"}],"version-history":[{"count":5,"href":"https:\/\/hello-suns.com\/es\/wp-json\/wp\/v2\/pages\/15226\/revisions"}],"predecessor-version":[{"id":19062,"href":"https:\/\/hello-suns.com\/es\/wp-json\/wp\/v2\/pages\/15226\/revisions\/19062"}],"wp:attachment":[{"href":"https:\/\/hello-suns.com\/es\/wp-json\/wp\/v2\/media?parent=15226"}],"curies":[{"name":"wp","href":"https:\/\/api.w.org\/{rel}","templated":true}]}}