{"id":59323,"date":"2026-03-05T15:08:30","date_gmt":"2026-03-05T14:08:30","guid":{"rendered":"https:\/\/hello-suns.com\/?post_type=product&#038;p=59323"},"modified":"2026-03-05T15:36:45","modified_gmt":"2026-03-05T14:36:45","slug":"fiave-lounge-chairs","status":"publish","type":"product","link":"https:\/\/hello-suns.com\/en\/products\/fiave-lounge-chairs\/","title":{"rendered":"Fiav\u00e8"},"content":{"rendered":"<h2 style=\"font-weight: 400;\">Softly contoured comfort<\/h2>\n<p style=\"font-weight: 400;\">A chair that perfectly captures the signature of the series. Designed to blend into the whole, strong enough to shine solo.<\/p>\n","protected":false},"excerpt":{"rendered":"<div>\n<h2>Refined in every line<b><\/b><\/h2>\n<\/div>\n<div>\n<p>The lounge chair is part of the sofa set, but stands just as powerfully on its own. The continuous tube forms the recognizable frame and gives the chair its soft, rounded contour. The design looks airy and feels comfortable thanks to the subtle back and arm support.<br \/>\nUpholstered in a rich boucl\u00e9 fabric and paired with an aluminum frame in various color schemes, the chair exudes tranquility and sophistication. The texture of the fabric brings warmth, while the frame provides a modern balance.<\/p>\n<\/div>\n<div>\n<p>In the sofa set, this lounge chair together with the compact sofa form a harmonious whole. In addition, the chair is also available separately, allowing you to freely compose your outdoor space. Combine several chairs to create an inviting seating area or add a chair to the lounge set for extra dynamics. Compact in scale, thoughtful in appearance.<\/p>\n<\/div>\n<div>\n<p>A solo piece that effortlessly participates in the whole.<br \/>\nOr, on the contrary, is deliberately detached.<\/p>\n<\/div>\n","protected":false},"featured_media":59352,"comment_status":"closed","ping_status":"closed","template":"","meta":{"_acf_changed":false},"product_brand":[],"product_cat":[261],"product_tag":[],"material":[],"class_list":{"0":"post-59323","1":"product","2":"type-product","3":"status-publish","4":"has-post-thumbnail","6":"product_cat-loungestoelen-en","8":"first","9":"instock","10":"shipping-taxable","11":"product-type-simple"},"acf":[],"yoast_head":"<!-- This site is optimized with the Yoast SEO plugin v26.8 - https:\/\/yoast.com\/product\/yoast-seo-wordpress\/ -->\n<title>Discover Fiav\u00e8 lounge chair | SUNS Outdoor Lifestyle<\/title>\n<meta name=\"description\" content=\"Looking for Fiav\u00e8 lounge chair? SUNS offers high-quality Fiav\u00e8 bar chairs that combine durability and design perfect for in a modern outdoor space.\" \/>\n<meta name=\"robots\" content=\"index, follow, max-snippet:-1, max-image-preview:large, max-video-preview:-1\" \/>\n<link rel=\"canonical\" href=\"https:\/\/hello-suns.com\/en\/products\/fiave-lounge-chairs\/\" \/>\n<meta property=\"og:locale\" content=\"en_GB\" \/>\n<meta property=\"og:type\" content=\"article\" \/>\n<meta property=\"og:title\" content=\"Discover Fiav\u00e8 lounge chair | SUNS Outdoor Lifestyle\" \/>\n<meta property=\"og:description\" content=\"Looking for Fiav\u00e8 lounge chair? SUNS offers high-quality Fiav\u00e8 bar chairs that combine durability and design perfect for in a modern outdoor space.\" \/>\n<meta property=\"og:url\" content=\"https:\/\/hello-suns.com\/en\/products\/fiave-lounge-chairs\/\" \/>\n<meta property=\"og:site_name\" content=\"SUNS\" \/>\n<meta property=\"article:modified_time\" content=\"2026-03-05T14:36:45+00:00\" \/>\n<meta property=\"og:image\" content=\"https:\/\/hello-suns.com\/app\/uploads\/2026\/03\/Fiave-SUNS-Lowdiningchair-BZ-CR-PDB-Free-26-1.png\" \/>\n\t<meta property=\"og:image:width\" content=\"800\" \/>\n\t<meta property=\"og:image:height\" content=\"533\" \/>\n\t<meta property=\"og:image:type\" content=\"image\/png\" \/>\n<meta name=\"twitter:card\" content=\"summary_large_image\" \/>\n<meta name=\"twitter:label1\" content=\"Est. reading time\" \/>\n\t<meta name=\"twitter:data1\" content=\"3 minutes\" \/>\n<script type=\"application\/ld+json\" class=\"yoast-schema-graph\">{\"@context\":\"https:\/\/schema.org\",\"@graph\":[{\"@type\":\"WebPage\",\"@id\":\"https:\/\/hello-suns.com\/en\/products\/fiave-lounge-chairs\/\",\"url\":\"https:\/\/hello-suns.com\/en\/products\/fiave-lounge-chairs\/\",\"name\":\"Discover Fiav\u00e8 lounge chair | SUNS Outdoor Lifestyle\",\"isPartOf\":{\"@id\":\"https:\/\/hello-suns.com\/en\/#website\"},\"primaryImageOfPage\":{\"@id\":\"https:\/\/hello-suns.com\/en\/products\/fiave-lounge-chairs\/#primaryimage\"},\"image\":{\"@id\":\"https:\/\/hello-suns.com\/en\/products\/fiave-lounge-chairs\/#primaryimage\"},\"thumbnailUrl\":\"https:\/\/hello-suns.com\/app\/uploads\/2026\/03\/Fiave-SUNS-Lowdiningchair-BZ-CR-PDB-Free-26-1.png\",\"datePublished\":\"2026-03-05T14:08:30+00:00\",\"dateModified\":\"2026-03-05T14:36:45+00:00\",\"description\":\"Looking for Fiav\u00e8 lounge chair? SUNS offers high-quality Fiav\u00e8 bar chairs that combine durability and design perfect for in a modern outdoor space.\",\"breadcrumb\":{\"@id\":\"https:\/\/hello-suns.com\/en\/products\/fiave-lounge-chairs\/#breadcrumb\"},\"inLanguage\":\"en-GB\",\"potentialAction\":[{\"@type\":\"ReadAction\",\"target\":[\"https:\/\/hello-suns.com\/en\/products\/fiave-lounge-chairs\/\"]}]},{\"@type\":\"ImageObject\",\"inLanguage\":\"en-GB\",\"@id\":\"https:\/\/hello-suns.com\/en\/products\/fiave-lounge-chairs\/#primaryimage\",\"url\":\"https:\/\/hello-suns.com\/app\/uploads\/2026\/03\/Fiave-SUNS-Lowdiningchair-BZ-CR-PDB-Free-26-1.png\",\"contentUrl\":\"https:\/\/hello-suns.com\/app\/uploads\/2026\/03\/Fiave-SUNS-Lowdiningchair-BZ-CR-PDB-Free-26-1.png\",\"width\":800,\"height\":533},{\"@type\":\"BreadcrumbList\",\"@id\":\"https:\/\/hello-suns.com\/en\/products\/fiave-lounge-chairs\/#breadcrumb\",\"itemListElement\":[{\"@type\":\"ListItem\",\"position\":1,\"name\":\"\",\"item\":\"https:\/\/hello-suns.com\/en\/\"},{\"@type\":\"ListItem\",\"position\":2,\"name\":\"Products\",\"item\":\"https:\/\/hello-suns.com\/en\/products\/\"},{\"@type\":\"ListItem\",\"position\":3,\"name\":\"Fiav\u00e8\"}]},{\"@type\":\"WebSite\",\"@id\":\"https:\/\/hello-suns.com\/en\/#website\",\"url\":\"https:\/\/hello-suns.com\/en\/\",\"name\":\"SUNS\",\"description\":\"Outdoor Lifestyle\",\"potentialAction\":[{\"@type\":\"SearchAction\",\"target\":{\"@type\":\"EntryPoint\",\"urlTemplate\":\"https:\/\/hello-suns.com\/en\/?s={search_term_string}\"},\"query-input\":{\"@type\":\"PropertyValueSpecification\",\"valueRequired\":true,\"valueName\":\"search_term_string\"}}],\"inLanguage\":\"en-GB\"}]}<\/script>\n<!-- \/ Yoast SEO plugin. -->","yoast_head_json":{"title":"Discover Fiav\u00e8 lounge chair | SUNS Outdoor Lifestyle","description":"Looking for Fiav\u00e8 lounge chair? SUNS offers high-quality Fiav\u00e8 bar chairs that combine durability and design perfect for in a modern outdoor space.","robots":{"index":"index","follow":"follow","max-snippet":"max-snippet:-1","max-image-preview":"max-image-preview:large","max-video-preview":"max-video-preview:-1"},"canonical":"https:\/\/hello-suns.com\/en\/products\/fiave-lounge-chairs\/","og_locale":"en_GB","og_type":"article","og_title":"Discover Fiav\u00e8 lounge chair | SUNS Outdoor Lifestyle","og_description":"Looking for Fiav\u00e8 lounge chair? SUNS offers high-quality Fiav\u00e8 bar chairs that combine durability and design perfect for in a modern outdoor space.","og_url":"https:\/\/hello-suns.com\/en\/products\/fiave-lounge-chairs\/","og_site_name":"SUNS","article_modified_time":"2026-03-05T14:36:45+00:00","og_image":[{"width":800,"height":533,"url":"https:\/\/hello-suns.com\/app\/uploads\/2026\/03\/Fiave-SUNS-Lowdiningchair-BZ-CR-PDB-Free-26-1.png","type":"image\/png"}],"twitter_card":"summary_large_image","twitter_misc":{"Est. reading time":"3 minutes"},"schema":{"@context":"https:\/\/schema.org","@graph":[{"@type":"WebPage","@id":"https:\/\/hello-suns.com\/en\/products\/fiave-lounge-chairs\/","url":"https:\/\/hello-suns.com\/en\/products\/fiave-lounge-chairs\/","name":"Discover Fiav\u00e8 lounge chair | SUNS Outdoor Lifestyle","isPartOf":{"@id":"https:\/\/hello-suns.com\/en\/#website"},"primaryImageOfPage":{"@id":"https:\/\/hello-suns.com\/en\/products\/fiave-lounge-chairs\/#primaryimage"},"image":{"@id":"https:\/\/hello-suns.com\/en\/products\/fiave-lounge-chairs\/#primaryimage"},"thumbnailUrl":"https:\/\/hello-suns.com\/app\/uploads\/2026\/03\/Fiave-SUNS-Lowdiningchair-BZ-CR-PDB-Free-26-1.png","datePublished":"2026-03-05T14:08:30+00:00","dateModified":"2026-03-05T14:36:45+00:00","description":"Looking for Fiav\u00e8 lounge chair? SUNS offers high-quality Fiav\u00e8 bar chairs that combine durability and design perfect for in a modern outdoor space.","breadcrumb":{"@id":"https:\/\/hello-suns.com\/en\/products\/fiave-lounge-chairs\/#breadcrumb"},"inLanguage":"en-GB","potentialAction":[{"@type":"ReadAction","target":["https:\/\/hello-suns.com\/en\/products\/fiave-lounge-chairs\/"]}]},{"@type":"ImageObject","inLanguage":"en-GB","@id":"https:\/\/hello-suns.com\/en\/products\/fiave-lounge-chairs\/#primaryimage","url":"https:\/\/hello-suns.com\/app\/uploads\/2026\/03\/Fiave-SUNS-Lowdiningchair-BZ-CR-PDB-Free-26-1.png","contentUrl":"https:\/\/hello-suns.com\/app\/uploads\/2026\/03\/Fiave-SUNS-Lowdiningchair-BZ-CR-PDB-Free-26-1.png","width":800,"height":533},{"@type":"BreadcrumbList","@id":"https:\/\/hello-suns.com\/en\/products\/fiave-lounge-chairs\/#breadcrumb","itemListElement":[{"@type":"ListItem","position":1,"name":"","item":"https:\/\/hello-suns.com\/en\/"},{"@type":"ListItem","position":2,"name":"Products","item":"https:\/\/hello-suns.com\/en\/products\/"},{"@type":"ListItem","position":3,"name":"Fiav\u00e8"}]},{"@type":"WebSite","@id":"https:\/\/hello-suns.com\/en\/#website","url":"https:\/\/hello-suns.com\/en\/","name":"SUNS","description":"Outdoor Lifestyle","potentialAction":[{"@type":"SearchAction","target":{"@type":"EntryPoint","urlTemplate":"https:\/\/hello-suns.com\/en\/?s={search_term_string}"},"query-input":{"@type":"PropertyValueSpecification","valueRequired":true,"valueName":"search_term_string"}}],"inLanguage":"en-GB"}]}},"_links":{"self":[{"href":"https:\/\/hello-suns.com\/en\/wp-json\/wp\/v2\/product\/59323","targetHints":{"allow":["GET"]}}],"collection":[{"href":"https:\/\/hello-suns.com\/en\/wp-json\/wp\/v2\/product"}],"about":[{"href":"https:\/\/hello-suns.com\/en\/wp-json\/wp\/v2\/types\/product"}],"replies":[{"embeddable":true,"href":"https:\/\/hello-suns.com\/en\/wp-json\/wp\/v2\/comments?post=59323"}],"wp:featuredmedia":[{"embeddable":true,"href":"https:\/\/hello-suns.com\/en\/wp-json\/wp\/v2\/media\/59352"}],"wp:attachment":[{"href":"https:\/\/hello-suns.com\/en\/wp-json\/wp\/v2\/media?parent=59323"}],"wp:term":[{"taxonomy":"product_brand","embeddable":true,"href":"https:\/\/hello-suns.com\/en\/wp-json\/wp\/v2\/product_brand?post=59323"},{"taxonomy":"product_cat","embeddable":true,"href":"https:\/\/hello-suns.com\/en\/wp-json\/wp\/v2\/product_cat?post=59323"},{"taxonomy":"product_tag","embeddable":true,"href":"https:\/\/hello-suns.com\/en\/wp-json\/wp\/v2\/product_tag?post=59323"},{"taxonomy":"material","embeddable":true,"href":"https:\/\/hello-suns.com\/en\/wp-json\/wp\/v2\/material?post=59323"}],"curies":[{"name":"wp","href":"https:\/\/api.w.org\/{rel}","templated":true}]}}