{"id":59317,"date":"2026-03-05T15:05:56","date_gmt":"2026-03-05T14:05:56","guid":{"rendered":"https:\/\/hello-suns.com\/?post_type=product&#038;p=59317"},"modified":"2026-03-05T15:16:23","modified_gmt":"2026-03-05T14:16:23","slug":"fiave-low-dining-chair","status":"publish","type":"product","link":"https:\/\/hello-suns.com\/en\/products\/fiave-low-dining-chair\/","title":{"rendered":"Fiav\u00e8"},"content":{"rendered":"<h2 style=\"font-weight: 400;\"><span class=\"TextRun SCXW161945054 BCX4\" lang=\"NL-NL\" xml:lang=\"NL-NL\" data-contrast=\"none\"><span class=\"NormalTextRun SCXW161945054 BCX4\">Dining at a slower pace<\/span><\/span><\/h2>\n<p><span class=\"TextRun SCXW262474033 BCX4\" lang=\"NL-NL\" xml:lang=\"NL-NL\" data-contrast=\"none\"><span class=\"NormalTextRun SCXW262474033 BCX4\">The low <\/span><span class=\"NormalTextRun SpellingErrorV2Themed SCXW262474033 BCX4\">dining<\/span> <span class=\"NormalTextRun SpellingErrorV2Themed SCXW262474033 BCX4\">chair<\/span><span class=\"NormalTextRun SCXW262474033 BCX4\"> invites you to stay seated. Lower, wider and more comfortable. Exactly how outdoor living feels today. <\/span><\/span><\/p>\n<p>&nbsp;<\/p>\n","protected":false},"excerpt":{"rendered":"<h3 style=\"font-weight: 400;\"><span class=\"TextRun SCXW52236388 BCX4\" lang=\"NL-NL\" xml:lang=\"NL-NL\" data-contrast=\"none\"><span class=\"NormalTextRun SCXW52236388 BCX4\">Relaxed dining in style<\/span><\/span><\/h3>\n<p><span data-contrast=\"none\">Low dining is more than a trend. It is a new way of being together. No straight seating at a high table, but comfortable reclining. Lower to the ground. Closer together. With thick cushions that invite dinner into a long evening. <\/span><\/p>\n<p><span data-contrast=\"none\">This low dining chair translates that thought into a sophisticated design. The continuous tube forms the recognizable frame and gives the chair its soft, rounded line. The woven ropework adds texture and depth, subtly encasing the seat. <\/span><\/p>\n<p><span data-contrast=\"none\">The generous seat cushions in the boucl\u00e9 outer fabrics provide a soft, rich look and a comfortable seating experience. The chair is just a bit wider and lower than a traditional dining chair, making comfort a given. <\/span><\/p>\n<p><span data-contrast=\"none\">This low dining chair is part of an extensive series that includes a lounge set, sofa set and lounge chair. Each item carries the same recognizable design language and soft signature. This way you create one whole in your outdoor space, with different settings that fit together. <\/span><\/p>\n<p><span data-contrast=\"none\">Low dining is all about longer dinners. More relaxed. Less rushing. <\/span><br \/>\n<span data-contrast=\"none\">Experience how comfortable being together can be.<\/span><\/p>\n","protected":false},"featured_media":59335,"comment_status":"closed","ping_status":"closed","template":"","meta":{"_acf_changed":false},"product_brand":[],"product_cat":[265],"product_tag":[],"material":[],"class_list":{"0":"post-59317","1":"product","2":"type-product","3":"status-publish","4":"has-post-thumbnail","6":"product_cat-low-dining-chairs-en","8":"first","9":"instock","10":"shipping-taxable","11":"product-type-simple"},"acf":[],"yoast_head":"<!-- This site is optimized with the Yoast SEO plugin v26.8 - https:\/\/yoast.com\/product\/yoast-seo-wordpress\/ -->\n<title>Discover Fiav\u00e8 Low dining chair | SUNS Outdoor Lifestyle<\/title>\n<meta name=\"description\" content=\"Looking for Fiav\u00e8 Low dining chair? SUNS offers high quality Fiav\u00e8 bar chairs that combine durability and design perfect for in a modern outdoor space.\" \/>\n<meta name=\"robots\" content=\"index, follow, max-snippet:-1, max-image-preview:large, max-video-preview:-1\" \/>\n<link rel=\"canonical\" href=\"https:\/\/hello-suns.com\/en\/products\/fiave-low-dining-chair\/\" \/>\n<meta property=\"og:locale\" content=\"en_GB\" \/>\n<meta property=\"og:type\" content=\"article\" \/>\n<meta property=\"og:title\" content=\"Discover Fiav\u00e8 Low dining chair | SUNS Outdoor Lifestyle\" \/>\n<meta property=\"og:description\" content=\"Looking for Fiav\u00e8 Low dining chair? SUNS offers high quality Fiav\u00e8 bar chairs that combine durability and design perfect for in a modern outdoor space.\" \/>\n<meta property=\"og:url\" content=\"https:\/\/hello-suns.com\/en\/products\/fiave-low-dining-chair\/\" \/>\n<meta property=\"og:site_name\" content=\"SUNS\" \/>\n<meta property=\"article:modified_time\" content=\"2026-03-05T14:16:23+00:00\" \/>\n<meta property=\"og:image\" content=\"https:\/\/hello-suns.com\/app\/uploads\/2026\/03\/Fiave-SUNS-Lowdiningchair-CS-MR-BB-Free-26-1024x683.png\" \/>\n\t<meta property=\"og:image:width\" content=\"1024\" \/>\n\t<meta property=\"og:image:height\" content=\"683\" \/>\n\t<meta property=\"og:image:type\" content=\"image\/png\" \/>\n<meta name=\"twitter:card\" content=\"summary_large_image\" \/>\n<meta name=\"twitter:label1\" content=\"Est. reading time\" \/>\n\t<meta name=\"twitter:data1\" content=\"3 minutes\" \/>\n<script type=\"application\/ld+json\" class=\"yoast-schema-graph\">{\"@context\":\"https:\/\/schema.org\",\"@graph\":[{\"@type\":\"WebPage\",\"@id\":\"https:\/\/hello-suns.com\/en\/products\/fiave-low-dining-chair\/\",\"url\":\"https:\/\/hello-suns.com\/en\/products\/fiave-low-dining-chair\/\",\"name\":\"Discover Fiav\u00e8 Low dining chair | SUNS Outdoor Lifestyle\",\"isPartOf\":{\"@id\":\"https:\/\/hello-suns.com\/en\/#website\"},\"primaryImageOfPage\":{\"@id\":\"https:\/\/hello-suns.com\/en\/products\/fiave-low-dining-chair\/#primaryimage\"},\"image\":{\"@id\":\"https:\/\/hello-suns.com\/en\/products\/fiave-low-dining-chair\/#primaryimage\"},\"thumbnailUrl\":\"https:\/\/hello-suns.com\/app\/uploads\/2026\/03\/Fiave-SUNS-Lowdiningchair-CS-MR-BB-Free-26.png\",\"datePublished\":\"2026-03-05T14:05:56+00:00\",\"dateModified\":\"2026-03-05T14:16:23+00:00\",\"description\":\"Looking for Fiav\u00e8 Low dining chair? SUNS offers high quality Fiav\u00e8 bar chairs that combine durability and design perfect for in a modern outdoor space.\",\"breadcrumb\":{\"@id\":\"https:\/\/hello-suns.com\/en\/products\/fiave-low-dining-chair\/#breadcrumb\"},\"inLanguage\":\"en-GB\",\"potentialAction\":[{\"@type\":\"ReadAction\",\"target\":[\"https:\/\/hello-suns.com\/en\/products\/fiave-low-dining-chair\/\"]}]},{\"@type\":\"ImageObject\",\"inLanguage\":\"en-GB\",\"@id\":\"https:\/\/hello-suns.com\/en\/products\/fiave-low-dining-chair\/#primaryimage\",\"url\":\"https:\/\/hello-suns.com\/app\/uploads\/2026\/03\/Fiave-SUNS-Lowdiningchair-CS-MR-BB-Free-26.png\",\"contentUrl\":\"https:\/\/hello-suns.com\/app\/uploads\/2026\/03\/Fiave-SUNS-Lowdiningchair-CS-MR-BB-Free-26.png\",\"width\":3240,\"height\":2160},{\"@type\":\"BreadcrumbList\",\"@id\":\"https:\/\/hello-suns.com\/en\/products\/fiave-low-dining-chair\/#breadcrumb\",\"itemListElement\":[{\"@type\":\"ListItem\",\"position\":1,\"name\":\"\",\"item\":\"https:\/\/hello-suns.com\/en\/\"},{\"@type\":\"ListItem\",\"position\":2,\"name\":\"Products\",\"item\":\"https:\/\/hello-suns.com\/en\/products\/\"},{\"@type\":\"ListItem\",\"position\":3,\"name\":\"Fiav\u00e8\"}]},{\"@type\":\"WebSite\",\"@id\":\"https:\/\/hello-suns.com\/en\/#website\",\"url\":\"https:\/\/hello-suns.com\/en\/\",\"name\":\"SUNS\",\"description\":\"Outdoor Lifestyle\",\"potentialAction\":[{\"@type\":\"SearchAction\",\"target\":{\"@type\":\"EntryPoint\",\"urlTemplate\":\"https:\/\/hello-suns.com\/en\/?s={search_term_string}\"},\"query-input\":{\"@type\":\"PropertyValueSpecification\",\"valueRequired\":true,\"valueName\":\"search_term_string\"}}],\"inLanguage\":\"en-GB\"}]}<\/script>\n<!-- \/ Yoast SEO plugin. -->","yoast_head_json":{"title":"Discover Fiav\u00e8 Low dining chair | SUNS Outdoor Lifestyle","description":"Looking for Fiav\u00e8 Low dining chair? SUNS offers high quality Fiav\u00e8 bar chairs that combine durability and design perfect for in a modern outdoor space.","robots":{"index":"index","follow":"follow","max-snippet":"max-snippet:-1","max-image-preview":"max-image-preview:large","max-video-preview":"max-video-preview:-1"},"canonical":"https:\/\/hello-suns.com\/en\/products\/fiave-low-dining-chair\/","og_locale":"en_GB","og_type":"article","og_title":"Discover Fiav\u00e8 Low dining chair | SUNS Outdoor Lifestyle","og_description":"Looking for Fiav\u00e8 Low dining chair? SUNS offers high quality Fiav\u00e8 bar chairs that combine durability and design perfect for in a modern outdoor space.","og_url":"https:\/\/hello-suns.com\/en\/products\/fiave-low-dining-chair\/","og_site_name":"SUNS","article_modified_time":"2026-03-05T14:16:23+00:00","og_image":[{"width":1024,"height":683,"url":"https:\/\/hello-suns.com\/app\/uploads\/2026\/03\/Fiave-SUNS-Lowdiningchair-CS-MR-BB-Free-26-1024x683.png","type":"image\/png"}],"twitter_card":"summary_large_image","twitter_misc":{"Est. reading time":"3 minutes"},"schema":{"@context":"https:\/\/schema.org","@graph":[{"@type":"WebPage","@id":"https:\/\/hello-suns.com\/en\/products\/fiave-low-dining-chair\/","url":"https:\/\/hello-suns.com\/en\/products\/fiave-low-dining-chair\/","name":"Discover Fiav\u00e8 Low dining chair | SUNS Outdoor Lifestyle","isPartOf":{"@id":"https:\/\/hello-suns.com\/en\/#website"},"primaryImageOfPage":{"@id":"https:\/\/hello-suns.com\/en\/products\/fiave-low-dining-chair\/#primaryimage"},"image":{"@id":"https:\/\/hello-suns.com\/en\/products\/fiave-low-dining-chair\/#primaryimage"},"thumbnailUrl":"https:\/\/hello-suns.com\/app\/uploads\/2026\/03\/Fiave-SUNS-Lowdiningchair-CS-MR-BB-Free-26.png","datePublished":"2026-03-05T14:05:56+00:00","dateModified":"2026-03-05T14:16:23+00:00","description":"Looking for Fiav\u00e8 Low dining chair? SUNS offers high quality Fiav\u00e8 bar chairs that combine durability and design perfect for in a modern outdoor space.","breadcrumb":{"@id":"https:\/\/hello-suns.com\/en\/products\/fiave-low-dining-chair\/#breadcrumb"},"inLanguage":"en-GB","potentialAction":[{"@type":"ReadAction","target":["https:\/\/hello-suns.com\/en\/products\/fiave-low-dining-chair\/"]}]},{"@type":"ImageObject","inLanguage":"en-GB","@id":"https:\/\/hello-suns.com\/en\/products\/fiave-low-dining-chair\/#primaryimage","url":"https:\/\/hello-suns.com\/app\/uploads\/2026\/03\/Fiave-SUNS-Lowdiningchair-CS-MR-BB-Free-26.png","contentUrl":"https:\/\/hello-suns.com\/app\/uploads\/2026\/03\/Fiave-SUNS-Lowdiningchair-CS-MR-BB-Free-26.png","width":3240,"height":2160},{"@type":"BreadcrumbList","@id":"https:\/\/hello-suns.com\/en\/products\/fiave-low-dining-chair\/#breadcrumb","itemListElement":[{"@type":"ListItem","position":1,"name":"","item":"https:\/\/hello-suns.com\/en\/"},{"@type":"ListItem","position":2,"name":"Products","item":"https:\/\/hello-suns.com\/en\/products\/"},{"@type":"ListItem","position":3,"name":"Fiav\u00e8"}]},{"@type":"WebSite","@id":"https:\/\/hello-suns.com\/en\/#website","url":"https:\/\/hello-suns.com\/en\/","name":"SUNS","description":"Outdoor Lifestyle","potentialAction":[{"@type":"SearchAction","target":{"@type":"EntryPoint","urlTemplate":"https:\/\/hello-suns.com\/en\/?s={search_term_string}"},"query-input":{"@type":"PropertyValueSpecification","valueRequired":true,"valueName":"search_term_string"}}],"inLanguage":"en-GB"}]}},"_links":{"self":[{"href":"https:\/\/hello-suns.com\/en\/wp-json\/wp\/v2\/product\/59317","targetHints":{"allow":["GET"]}}],"collection":[{"href":"https:\/\/hello-suns.com\/en\/wp-json\/wp\/v2\/product"}],"about":[{"href":"https:\/\/hello-suns.com\/en\/wp-json\/wp\/v2\/types\/product"}],"replies":[{"embeddable":true,"href":"https:\/\/hello-suns.com\/en\/wp-json\/wp\/v2\/comments?post=59317"}],"wp:featuredmedia":[{"embeddable":true,"href":"https:\/\/hello-suns.com\/en\/wp-json\/wp\/v2\/media\/59335"}],"wp:attachment":[{"href":"https:\/\/hello-suns.com\/en\/wp-json\/wp\/v2\/media?parent=59317"}],"wp:term":[{"taxonomy":"product_brand","embeddable":true,"href":"https:\/\/hello-suns.com\/en\/wp-json\/wp\/v2\/product_brand?post=59317"},{"taxonomy":"product_cat","embeddable":true,"href":"https:\/\/hello-suns.com\/en\/wp-json\/wp\/v2\/product_cat?post=59317"},{"taxonomy":"product_tag","embeddable":true,"href":"https:\/\/hello-suns.com\/en\/wp-json\/wp\/v2\/product_tag?post=59317"},{"taxonomy":"material","embeddable":true,"href":"https:\/\/hello-suns.com\/en\/wp-json\/wp\/v2\/material?post=59317"}],"curies":[{"name":"wp","href":"https:\/\/api.w.org\/{rel}","templated":true}]}}