{"id":59202,"date":"2026-03-05T13:52:36","date_gmt":"2026-03-05T12:52:36","guid":{"rendered":"https:\/\/hello-suns.com\/?post_type=product&#038;p=59202"},"modified":"2026-03-05T14:37:02","modified_gmt":"2026-03-05T13:37:02","slug":"fiave-chair","status":"publish","type":"product","link":"https:\/\/hello-suns.com\/en\/products\/fiave-chair\/","title":{"rendered":"Fiav\u00e8"},"content":{"rendered":"<h2 style=\"font-weight: 400;\"><span class=\"TextRun SCXW101622718 BCX4\" lang=\"NL-NL\" xml:lang=\"NL-NL\" data-contrast=\"none\"><span class=\"NormalTextRun SCXW101622718 BCX4\">Made to last<\/span><\/span><span class=\"EOP SCXW101622718 BCX4\" data-ccp-props=\"{}\"> <\/span><\/h2>\n<p><span data-contrast=\"none\">The chair brings the signature of Fiave to the. table. Elegant in line, rich in detail and made for comfortable dining.  <\/span><span data-ccp-props=\"{}\"> <\/span><\/p>\n<p><span data-ccp-props=\"{}\"> <\/span><\/p>\n","protected":false},"excerpt":{"rendered":"<h3 style=\"font-weight: 400;\"><span class=\"TextRun SCXW124010419 BCX4\" lang=\"NL-NL\" xml:lang=\"NL-NL\" data-contrast=\"none\"><span class=\"NormalTextRun SCXW124010419 BCX4\">Light design, great in appearance<\/span><\/span><span class=\"EOP SCXW124010419 BCX4\" data-ccp-props=\"{}\"> <\/span><\/h3>\n<p><span data-contrast=\"none\">The Fiave dining chair combines sophisticated design with everyday comfort. The continuous tube forms the recognizable frame and creates a soft, rounded line that is not only aesthetically strong but also pleasing to the touch. The subtly woven ropework gives the chair texture and depth, while the generous seat and back cushion ensure relaxed seating even during long dinners.  <\/span><span data-ccp-props=\"{\"134233117\":true,\"134233118\":true,\"201341983\":0,\"335559740\":240}\"> <\/span><\/p>\n<p><span data-contrast=\"none\">Thanks to the lightweight aluminum frame, the chair is strong and low maintenance. Ideal for outdoor use all season long.   <\/span><span data-ccp-props=\"{\"134233117\":true,\"134233118\":true,\"201341983\":0,\"335559740\":240}\"> <\/span><\/p>\n<p><span data-contrast=\"none\">The dining chair combines well with various SUNS tables, from compact to generous. Within the Fiave series it also fits seamlessly with the lounge set, sofa set and low dining variants. So you create one consistent style in your garden or on your terrace, with different settings that reinforce each other. A chair that invites you to sit down. And to stay seated.    <\/span><span data-ccp-props=\"{\"134233117\":true,\"134233118\":true,\"201341983\":0,\"335559740\":240}\"> <\/span><\/p>\n<p><span data-ccp-props=\"{}\"> <\/span><\/p>\n","protected":false},"featured_media":59222,"comment_status":"closed","ping_status":"closed","template":"","meta":{"_acf_changed":false},"product_brand":[],"product_cat":[267],"product_tag":[],"material":[],"class_list":{"0":"post-59202","1":"product","2":"type-product","3":"status-publish","4":"has-post-thumbnail","6":"product_cat-chairs-en","8":"first","9":"instock","10":"shipping-taxable","11":"product-type-simple"},"acf":[],"yoast_head":"<!-- This site is optimized with the Yoast SEO plugin v26.8 - https:\/\/yoast.com\/product\/yoast-seo-wordpress\/ -->\n<title>Discover Fiav\u00e8 chair | SUNS Outdoor Lifestyle<\/title>\n<meta name=\"description\" content=\"Looking for Fiav\u00e8 chair? SUNS offers high quality Fiav\u00e8 bar chairs that combine durability and design perfect for in a modern outdoor space.\" \/>\n<meta name=\"robots\" content=\"index, follow, max-snippet:-1, max-image-preview:large, max-video-preview:-1\" \/>\n<link rel=\"canonical\" href=\"https:\/\/hello-suns.com\/en\/products\/fiave-chair\/\" \/>\n<meta property=\"og:locale\" content=\"en_GB\" \/>\n<meta property=\"og:type\" content=\"article\" \/>\n<meta property=\"og:title\" content=\"Discover Fiav\u00e8 chair | SUNS Outdoor Lifestyle\" \/>\n<meta property=\"og:description\" content=\"Looking for Fiav\u00e8 chair? SUNS offers high quality Fiav\u00e8 bar chairs that combine durability and design perfect for in a modern outdoor space.\" \/>\n<meta property=\"og:url\" content=\"https:\/\/hello-suns.com\/en\/products\/fiave-chair\/\" \/>\n<meta property=\"og:site_name\" content=\"SUNS\" \/>\n<meta property=\"article:modified_time\" content=\"2026-03-05T13:37:02+00:00\" \/>\n<meta property=\"og:image\" content=\"https:\/\/hello-suns.com\/app\/uploads\/2026\/03\/Fiave-SUNS-Diningchair-CS-MR-BB-Free-26-1024x683.png\" \/>\n\t<meta property=\"og:image:width\" content=\"1024\" \/>\n\t<meta property=\"og:image:height\" content=\"683\" \/>\n\t<meta property=\"og:image:type\" content=\"image\/png\" \/>\n<meta name=\"twitter:card\" content=\"summary_large_image\" \/>\n<meta name=\"twitter:label1\" content=\"Est. reading time\" \/>\n\t<meta name=\"twitter:data1\" content=\"2 minutes\" \/>\n<script type=\"application\/ld+json\" class=\"yoast-schema-graph\">{\"@context\":\"https:\/\/schema.org\",\"@graph\":[{\"@type\":\"WebPage\",\"@id\":\"https:\/\/hello-suns.com\/en\/products\/fiave-chair\/\",\"url\":\"https:\/\/hello-suns.com\/en\/products\/fiave-chair\/\",\"name\":\"Discover Fiav\u00e8 chair | SUNS Outdoor Lifestyle\",\"isPartOf\":{\"@id\":\"https:\/\/hello-suns.com\/en\/#website\"},\"primaryImageOfPage\":{\"@id\":\"https:\/\/hello-suns.com\/en\/products\/fiave-chair\/#primaryimage\"},\"image\":{\"@id\":\"https:\/\/hello-suns.com\/en\/products\/fiave-chair\/#primaryimage\"},\"thumbnailUrl\":\"https:\/\/hello-suns.com\/app\/uploads\/2026\/03\/Fiave-SUNS-Diningchair-CS-MR-BB-Free-26.png\",\"datePublished\":\"2026-03-05T12:52:36+00:00\",\"dateModified\":\"2026-03-05T13:37:02+00:00\",\"description\":\"Looking for Fiav\u00e8 chair? SUNS offers high quality Fiav\u00e8 bar chairs that combine durability and design perfect for in a modern outdoor space.\",\"breadcrumb\":{\"@id\":\"https:\/\/hello-suns.com\/en\/products\/fiave-chair\/#breadcrumb\"},\"inLanguage\":\"en-GB\",\"potentialAction\":[{\"@type\":\"ReadAction\",\"target\":[\"https:\/\/hello-suns.com\/en\/products\/fiave-chair\/\"]}]},{\"@type\":\"ImageObject\",\"inLanguage\":\"en-GB\",\"@id\":\"https:\/\/hello-suns.com\/en\/products\/fiave-chair\/#primaryimage\",\"url\":\"https:\/\/hello-suns.com\/app\/uploads\/2026\/03\/Fiave-SUNS-Diningchair-CS-MR-BB-Free-26.png\",\"contentUrl\":\"https:\/\/hello-suns.com\/app\/uploads\/2026\/03\/Fiave-SUNS-Diningchair-CS-MR-BB-Free-26.png\",\"width\":3240,\"height\":2160},{\"@type\":\"BreadcrumbList\",\"@id\":\"https:\/\/hello-suns.com\/en\/products\/fiave-chair\/#breadcrumb\",\"itemListElement\":[{\"@type\":\"ListItem\",\"position\":1,\"name\":\"\",\"item\":\"https:\/\/hello-suns.com\/en\/\"},{\"@type\":\"ListItem\",\"position\":2,\"name\":\"Products\",\"item\":\"https:\/\/hello-suns.com\/en\/products\/\"},{\"@type\":\"ListItem\",\"position\":3,\"name\":\"Fiav\u00e8\"}]},{\"@type\":\"WebSite\",\"@id\":\"https:\/\/hello-suns.com\/en\/#website\",\"url\":\"https:\/\/hello-suns.com\/en\/\",\"name\":\"SUNS\",\"description\":\"Outdoor Lifestyle\",\"potentialAction\":[{\"@type\":\"SearchAction\",\"target\":{\"@type\":\"EntryPoint\",\"urlTemplate\":\"https:\/\/hello-suns.com\/en\/?s={search_term_string}\"},\"query-input\":{\"@type\":\"PropertyValueSpecification\",\"valueRequired\":true,\"valueName\":\"search_term_string\"}}],\"inLanguage\":\"en-GB\"}]}<\/script>\n<!-- \/ Yoast SEO plugin. -->","yoast_head_json":{"title":"Discover Fiav\u00e8 chair | SUNS Outdoor Lifestyle","description":"Looking for Fiav\u00e8 chair? SUNS offers high quality Fiav\u00e8 bar chairs that combine durability and design perfect for in a modern outdoor space.","robots":{"index":"index","follow":"follow","max-snippet":"max-snippet:-1","max-image-preview":"max-image-preview:large","max-video-preview":"max-video-preview:-1"},"canonical":"https:\/\/hello-suns.com\/en\/products\/fiave-chair\/","og_locale":"en_GB","og_type":"article","og_title":"Discover Fiav\u00e8 chair | SUNS Outdoor Lifestyle","og_description":"Looking for Fiav\u00e8 chair? SUNS offers high quality Fiav\u00e8 bar chairs that combine durability and design perfect for in a modern outdoor space.","og_url":"https:\/\/hello-suns.com\/en\/products\/fiave-chair\/","og_site_name":"SUNS","article_modified_time":"2026-03-05T13:37:02+00:00","og_image":[{"width":1024,"height":683,"url":"https:\/\/hello-suns.com\/app\/uploads\/2026\/03\/Fiave-SUNS-Diningchair-CS-MR-BB-Free-26-1024x683.png","type":"image\/png"}],"twitter_card":"summary_large_image","twitter_misc":{"Est. reading time":"2 minutes"},"schema":{"@context":"https:\/\/schema.org","@graph":[{"@type":"WebPage","@id":"https:\/\/hello-suns.com\/en\/products\/fiave-chair\/","url":"https:\/\/hello-suns.com\/en\/products\/fiave-chair\/","name":"Discover Fiav\u00e8 chair | SUNS Outdoor Lifestyle","isPartOf":{"@id":"https:\/\/hello-suns.com\/en\/#website"},"primaryImageOfPage":{"@id":"https:\/\/hello-suns.com\/en\/products\/fiave-chair\/#primaryimage"},"image":{"@id":"https:\/\/hello-suns.com\/en\/products\/fiave-chair\/#primaryimage"},"thumbnailUrl":"https:\/\/hello-suns.com\/app\/uploads\/2026\/03\/Fiave-SUNS-Diningchair-CS-MR-BB-Free-26.png","datePublished":"2026-03-05T12:52:36+00:00","dateModified":"2026-03-05T13:37:02+00:00","description":"Looking for Fiav\u00e8 chair? SUNS offers high quality Fiav\u00e8 bar chairs that combine durability and design perfect for in a modern outdoor space.","breadcrumb":{"@id":"https:\/\/hello-suns.com\/en\/products\/fiave-chair\/#breadcrumb"},"inLanguage":"en-GB","potentialAction":[{"@type":"ReadAction","target":["https:\/\/hello-suns.com\/en\/products\/fiave-chair\/"]}]},{"@type":"ImageObject","inLanguage":"en-GB","@id":"https:\/\/hello-suns.com\/en\/products\/fiave-chair\/#primaryimage","url":"https:\/\/hello-suns.com\/app\/uploads\/2026\/03\/Fiave-SUNS-Diningchair-CS-MR-BB-Free-26.png","contentUrl":"https:\/\/hello-suns.com\/app\/uploads\/2026\/03\/Fiave-SUNS-Diningchair-CS-MR-BB-Free-26.png","width":3240,"height":2160},{"@type":"BreadcrumbList","@id":"https:\/\/hello-suns.com\/en\/products\/fiave-chair\/#breadcrumb","itemListElement":[{"@type":"ListItem","position":1,"name":"","item":"https:\/\/hello-suns.com\/en\/"},{"@type":"ListItem","position":2,"name":"Products","item":"https:\/\/hello-suns.com\/en\/products\/"},{"@type":"ListItem","position":3,"name":"Fiav\u00e8"}]},{"@type":"WebSite","@id":"https:\/\/hello-suns.com\/en\/#website","url":"https:\/\/hello-suns.com\/en\/","name":"SUNS","description":"Outdoor Lifestyle","potentialAction":[{"@type":"SearchAction","target":{"@type":"EntryPoint","urlTemplate":"https:\/\/hello-suns.com\/en\/?s={search_term_string}"},"query-input":{"@type":"PropertyValueSpecification","valueRequired":true,"valueName":"search_term_string"}}],"inLanguage":"en-GB"}]}},"_links":{"self":[{"href":"https:\/\/hello-suns.com\/en\/wp-json\/wp\/v2\/product\/59202","targetHints":{"allow":["GET"]}}],"collection":[{"href":"https:\/\/hello-suns.com\/en\/wp-json\/wp\/v2\/product"}],"about":[{"href":"https:\/\/hello-suns.com\/en\/wp-json\/wp\/v2\/types\/product"}],"replies":[{"embeddable":true,"href":"https:\/\/hello-suns.com\/en\/wp-json\/wp\/v2\/comments?post=59202"}],"wp:featuredmedia":[{"embeddable":true,"href":"https:\/\/hello-suns.com\/en\/wp-json\/wp\/v2\/media\/59222"}],"wp:attachment":[{"href":"https:\/\/hello-suns.com\/en\/wp-json\/wp\/v2\/media?parent=59202"}],"wp:term":[{"taxonomy":"product_brand","embeddable":true,"href":"https:\/\/hello-suns.com\/en\/wp-json\/wp\/v2\/product_brand?post=59202"},{"taxonomy":"product_cat","embeddable":true,"href":"https:\/\/hello-suns.com\/en\/wp-json\/wp\/v2\/product_cat?post=59202"},{"taxonomy":"product_tag","embeddable":true,"href":"https:\/\/hello-suns.com\/en\/wp-json\/wp\/v2\/product_tag?post=59202"},{"taxonomy":"material","embeddable":true,"href":"https:\/\/hello-suns.com\/en\/wp-json\/wp\/v2\/material?post=59202"}],"curies":[{"name":"wp","href":"https:\/\/api.w.org\/{rel}","templated":true}]}}