{"id":61219,"date":"2026-04-10T13:58:20","date_gmt":"2026-04-10T11:58:20","guid":{"rendered":"https:\/\/hello-suns.com\/?post_type=product&#038;p=61219"},"modified":"2026-04-10T14:11:53","modified_gmt":"2026-04-10T12:11:53","slug":"santorini-kopie-2","status":"publish","type":"product","link":"https:\/\/hello-suns.com\/de\/produkte\/santorini-kopie-2\/","title":{"rendered":"Santorin"},"content":{"rendered":"<h2 style=\"font-weight: 400;\">Wo die totale Entspannung beginnt<\/h2>\n<p style=\"font-weight: 400;\">Das Lounge-Set Santorini bietet unbestreitbar perfekten Sitzkomfort. Ideal f\u00fcr endlose sonnenverw\u00f6hnte Tage. Oder Abende. Oder N\u00e4chte. Denn man vergisst die Zeit, wenn man sich im Moment befindet.    <\/p>\n","protected":false},"excerpt":{"rendered":"<h3 style=\"font-weight: 400;\">Loungeset mit auff\u00e4lligem Seilwerk<\/h3>\n<p style=\"font-weight: 400;\">Das Lounge-Set Santorini vervollst\u00e4ndigt Ihr Sitzerlebnis. Dieses Set ist eine Anspielung auf die romantischen 1950er Jahre. Dank seines modularen Charakters sind verschiedene Anordnungen m\u00f6glich. Zur Auswahl stehen: ein L-Teil, ein Einzelsitzer und ein Eckelement. Der Sitz besticht durch seine charmante Form und das raffinierte Seilwerk. Das hochwertige Seilgeflecht in der R\u00fccken- und Armlehne ist ein modisches Geflecht, das ein Lounge-Set mit eigenem Charakter schafft.     <\/p>\n<p style=\"font-weight: 400;\">Die bequemen Kissen sind, wie Sie es von SUNS erwarten w\u00fcrden, langlebig, wetterfest und pflegeleicht. Das Gleiche gilt nat\u00fcrlich auch f\u00fcr den starken Aluminiumrahmen. Der optionale Hocker passt dazu. Die Beistelltische haben jeweils eine Tischplatte aus gesintertem Stein: kratzfest und extrem langlebig. Die Santorini-Produktlinie umfasst auch eine Stuhl- und eine Sofagarnitur.    <\/p>\n","protected":false},"featured_media":61413,"comment_status":"closed","ping_status":"closed","template":"","meta":{"_acf_changed":false},"product_brand":[],"product_cat":[644],"product_tag":[],"material":[],"class_list":{"0":"post-61219","1":"product","2":"type-product","3":"status-publish","4":"has-post-thumbnail","6":"product_cat-lounge-sets","8":"first","9":"instock","10":"shipping-taxable","11":"product-type-simple"},"acf":[],"yoast_head":"<!-- This site is optimized with the Yoast SEO plugin v26.8 - https:\/\/yoast.com\/product\/yoast-seo-wordpress\/ -->\n<title>Entdecken Sie die Sofagarnitur Santorini | SUNS Gartenm\u00f6bel<\/title>\n<meta name=\"description\" content=\"Suchen Sie ein stilvolles Santorini Lounge-Set? SUNS bietet luxuri\u00f6se und bequeme Sofas mit modernem Design, perfekt f\u00fcr eine elegante Umgebung im Freien.\" \/>\n<meta name=\"robots\" content=\"index, follow, max-snippet:-1, max-image-preview:large, max-video-preview:-1\" \/>\n<link rel=\"canonical\" href=\"https:\/\/hello-suns.com\/de\/produkte\/santorini-kopie-2\/\" \/>\n<meta property=\"og:locale\" content=\"de_DE\" \/>\n<meta property=\"og:type\" content=\"article\" \/>\n<meta property=\"og:title\" content=\"Entdecken Sie die Sofagarnitur Santorini | SUNS Gartenm\u00f6bel\" \/>\n<meta property=\"og:description\" content=\"Suchen Sie ein stilvolles Santorini Lounge-Set? SUNS bietet luxuri\u00f6se und bequeme Sofas mit modernem Design, perfekt f\u00fcr eine elegante Umgebung im Freien.\" \/>\n<meta property=\"og:url\" content=\"https:\/\/hello-suns.com\/de\/produkte\/santorini-kopie-2\/\" \/>\n<meta property=\"og:site_name\" content=\"SUNS\" \/>\n<meta property=\"article:modified_time\" content=\"2026-04-10T12:11:53+00:00\" \/>\n<meta property=\"og:image\" content=\"https:\/\/hello-suns.com\/app\/uploads\/2026\/04\/Santorini-SUNS-Loungeset-CS-NMW-Free-26-2.jpg\" \/>\n\t<meta property=\"og:image:width\" content=\"3840\" \/>\n\t<meta property=\"og:image:height\" content=\"2560\" \/>\n\t<meta property=\"og:image:type\" content=\"image\/jpeg\" \/>\n<meta name=\"twitter:card\" content=\"summary_large_image\" \/>\n<meta name=\"twitter:label1\" content=\"Est. reading time\" \/>\n\t<meta name=\"twitter:data1\" content=\"4 minutes\" \/>\n<script type=\"application\/ld+json\" class=\"yoast-schema-graph\">{\"@context\":\"https:\/\/schema.org\",\"@graph\":[{\"@type\":\"WebPage\",\"@id\":\"https:\/\/hello-suns.com\/de\/produkte\/santorini-kopie-2\/\",\"url\":\"https:\/\/hello-suns.com\/de\/produkte\/santorini-kopie-2\/\",\"name\":\"Entdecken Sie die Sofagarnitur Santorini | SUNS Gartenm\u00f6bel\",\"isPartOf\":{\"@id\":\"https:\/\/hello-suns.com\/de\/#website\"},\"primaryImageOfPage\":{\"@id\":\"https:\/\/hello-suns.com\/de\/produkte\/santorini-kopie-2\/#primaryimage\"},\"image\":{\"@id\":\"https:\/\/hello-suns.com\/de\/produkte\/santorini-kopie-2\/#primaryimage\"},\"thumbnailUrl\":\"https:\/\/hello-suns.com\/app\/uploads\/2026\/04\/Santorini-SUNS-Loungeset-CS-NMW-Free-26-2-2500.png\",\"datePublished\":\"2026-04-10T11:58:20+00:00\",\"dateModified\":\"2026-04-10T12:11:53+00:00\",\"description\":\"Suchen Sie ein stilvolles Santorini Lounge-Set? SUNS bietet luxuri\u00f6se und bequeme Sofas mit modernem Design, perfekt f\u00fcr eine elegante Umgebung im Freien.\",\"breadcrumb\":{\"@id\":\"https:\/\/hello-suns.com\/de\/produkte\/santorini-kopie-2\/#breadcrumb\"},\"inLanguage\":\"de-DE\",\"potentialAction\":[{\"@type\":\"ReadAction\",\"target\":[\"https:\/\/hello-suns.com\/de\/produkte\/santorini-kopie-2\/\"]}]},{\"@type\":\"ImageObject\",\"inLanguage\":\"de-DE\",\"@id\":\"https:\/\/hello-suns.com\/de\/produkte\/santorini-kopie-2\/#primaryimage\",\"url\":\"https:\/\/hello-suns.com\/app\/uploads\/2026\/04\/Santorini-SUNS-Loungeset-CS-NMW-Free-26-2-2500.png\",\"contentUrl\":\"https:\/\/hello-suns.com\/app\/uploads\/2026\/04\/Santorini-SUNS-Loungeset-CS-NMW-Free-26-2-2500.png\",\"width\":2500,\"height\":1667},{\"@type\":\"BreadcrumbList\",\"@id\":\"https:\/\/hello-suns.com\/de\/produkte\/santorini-kopie-2\/#breadcrumb\",\"itemListElement\":[{\"@type\":\"ListItem\",\"position\":1,\"name\":\"\",\"item\":\"https:\/\/hello-suns.com\/de\/\"},{\"@type\":\"ListItem\",\"position\":2,\"name\":\"Produkte\",\"item\":\"https:\/\/hello-suns.com\/de\/produkte\/\"},{\"@type\":\"ListItem\",\"position\":3,\"name\":\"Santorin\"}]},{\"@type\":\"WebSite\",\"@id\":\"https:\/\/hello-suns.com\/de\/#website\",\"url\":\"https:\/\/hello-suns.com\/de\/\",\"name\":\"SUNS\",\"description\":\"Outdoor Lifestyle\",\"potentialAction\":[{\"@type\":\"SearchAction\",\"target\":{\"@type\":\"EntryPoint\",\"urlTemplate\":\"https:\/\/hello-suns.com\/de\/?s={search_term_string}\"},\"query-input\":{\"@type\":\"PropertyValueSpecification\",\"valueRequired\":true,\"valueName\":\"search_term_string\"}}],\"inLanguage\":\"de-DE\"}]}<\/script>\n<!-- \/ Yoast SEO plugin. -->","yoast_head_json":{"title":"Entdecken Sie die Sofagarnitur Santorini | SUNS Gartenm\u00f6bel","description":"Suchen Sie ein stilvolles Santorini Lounge-Set? SUNS bietet luxuri\u00f6se und bequeme Sofas mit modernem Design, perfekt f\u00fcr eine elegante Umgebung im Freien.","robots":{"index":"index","follow":"follow","max-snippet":"max-snippet:-1","max-image-preview":"max-image-preview:large","max-video-preview":"max-video-preview:-1"},"canonical":"https:\/\/hello-suns.com\/de\/produkte\/santorini-kopie-2\/","og_locale":"de_DE","og_type":"article","og_title":"Entdecken Sie die Sofagarnitur Santorini | SUNS Gartenm\u00f6bel","og_description":"Suchen Sie ein stilvolles Santorini Lounge-Set? SUNS bietet luxuri\u00f6se und bequeme Sofas mit modernem Design, perfekt f\u00fcr eine elegante Umgebung im Freien.","og_url":"https:\/\/hello-suns.com\/de\/produkte\/santorini-kopie-2\/","og_site_name":"SUNS","article_modified_time":"2026-04-10T12:11:53+00:00","og_image":[{"width":3840,"height":2560,"url":"https:\/\/hello-suns.com\/app\/uploads\/2026\/04\/Santorini-SUNS-Loungeset-CS-NMW-Free-26-2.jpg","type":"image\/jpeg"}],"twitter_card":"summary_large_image","twitter_misc":{"Est. reading time":"4 minutes"},"schema":{"@context":"https:\/\/schema.org","@graph":[{"@type":"WebPage","@id":"https:\/\/hello-suns.com\/de\/produkte\/santorini-kopie-2\/","url":"https:\/\/hello-suns.com\/de\/produkte\/santorini-kopie-2\/","name":"Entdecken Sie die Sofagarnitur Santorini | SUNS Gartenm\u00f6bel","isPartOf":{"@id":"https:\/\/hello-suns.com\/de\/#website"},"primaryImageOfPage":{"@id":"https:\/\/hello-suns.com\/de\/produkte\/santorini-kopie-2\/#primaryimage"},"image":{"@id":"https:\/\/hello-suns.com\/de\/produkte\/santorini-kopie-2\/#primaryimage"},"thumbnailUrl":"https:\/\/hello-suns.com\/app\/uploads\/2026\/04\/Santorini-SUNS-Loungeset-CS-NMW-Free-26-2-2500.png","datePublished":"2026-04-10T11:58:20+00:00","dateModified":"2026-04-10T12:11:53+00:00","description":"Suchen Sie ein stilvolles Santorini Lounge-Set? SUNS bietet luxuri\u00f6se und bequeme Sofas mit modernem Design, perfekt f\u00fcr eine elegante Umgebung im Freien.","breadcrumb":{"@id":"https:\/\/hello-suns.com\/de\/produkte\/santorini-kopie-2\/#breadcrumb"},"inLanguage":"de-DE","potentialAction":[{"@type":"ReadAction","target":["https:\/\/hello-suns.com\/de\/produkte\/santorini-kopie-2\/"]}]},{"@type":"ImageObject","inLanguage":"de-DE","@id":"https:\/\/hello-suns.com\/de\/produkte\/santorini-kopie-2\/#primaryimage","url":"https:\/\/hello-suns.com\/app\/uploads\/2026\/04\/Santorini-SUNS-Loungeset-CS-NMW-Free-26-2-2500.png","contentUrl":"https:\/\/hello-suns.com\/app\/uploads\/2026\/04\/Santorini-SUNS-Loungeset-CS-NMW-Free-26-2-2500.png","width":2500,"height":1667},{"@type":"BreadcrumbList","@id":"https:\/\/hello-suns.com\/de\/produkte\/santorini-kopie-2\/#breadcrumb","itemListElement":[{"@type":"ListItem","position":1,"name":"","item":"https:\/\/hello-suns.com\/de\/"},{"@type":"ListItem","position":2,"name":"Produkte","item":"https:\/\/hello-suns.com\/de\/produkte\/"},{"@type":"ListItem","position":3,"name":"Santorin"}]},{"@type":"WebSite","@id":"https:\/\/hello-suns.com\/de\/#website","url":"https:\/\/hello-suns.com\/de\/","name":"SUNS","description":"Outdoor Lifestyle","potentialAction":[{"@type":"SearchAction","target":{"@type":"EntryPoint","urlTemplate":"https:\/\/hello-suns.com\/de\/?s={search_term_string}"},"query-input":{"@type":"PropertyValueSpecification","valueRequired":true,"valueName":"search_term_string"}}],"inLanguage":"de-DE"}]}},"_links":{"self":[{"href":"https:\/\/hello-suns.com\/de\/wp-json\/wp\/v2\/product\/61219","targetHints":{"allow":["GET"]}}],"collection":[{"href":"https:\/\/hello-suns.com\/de\/wp-json\/wp\/v2\/product"}],"about":[{"href":"https:\/\/hello-suns.com\/de\/wp-json\/wp\/v2\/types\/product"}],"replies":[{"embeddable":true,"href":"https:\/\/hello-suns.com\/de\/wp-json\/wp\/v2\/comments?post=61219"}],"wp:featuredmedia":[{"embeddable":true,"href":"https:\/\/hello-suns.com\/de\/wp-json\/wp\/v2\/media\/61413"}],"wp:attachment":[{"href":"https:\/\/hello-suns.com\/de\/wp-json\/wp\/v2\/media?parent=61219"}],"wp:term":[{"taxonomy":"product_brand","embeddable":true,"href":"https:\/\/hello-suns.com\/de\/wp-json\/wp\/v2\/product_brand?post=61219"},{"taxonomy":"product_cat","embeddable":true,"href":"https:\/\/hello-suns.com\/de\/wp-json\/wp\/v2\/product_cat?post=61219"},{"taxonomy":"product_tag","embeddable":true,"href":"https:\/\/hello-suns.com\/de\/wp-json\/wp\/v2\/product_tag?post=61219"},{"taxonomy":"material","embeddable":true,"href":"https:\/\/hello-suns.com\/de\/wp-json\/wp\/v2\/material?post=61219"}],"curies":[{"name":"wp","href":"https:\/\/api.w.org\/{rel}","templated":true}]}}