{"id":59441,"date":"2026-03-06T11:46:11","date_gmt":"2026-03-06T10:46:11","guid":{"rendered":"https:\/\/hello-suns.com\/?post_type=product&#038;p=59441"},"modified":"2026-03-23T12:27:40","modified_gmt":"2026-03-23T11:27:40","slug":"pienza-sofa-sets","status":"publish","type":"product","link":"https:\/\/hello-suns.com\/de\/produkte\/pienza-sofa-sets\/","title":{"rendered":"Pienza"},"content":{"rendered":"<h2 style=\"font-weight: 400;\">Eine Form, die verbindet<\/h2>\n<p style=\"font-weight: 400;\">Pienza spielt mit Kurven. Weich. Organisch. Einladend.<br \/>\nEine Sofagarnitur, die nicht in geraden Linien denkt, sondern in flie\u00dfenden Bewegungen.   <\/p>\n","protected":false},"excerpt":{"rendered":"<div>\n<h2>Bio-Komfort mit einem \u00fcberraschenden Herz<\/h2>\n<\/div>\n<div>\n<p>Die Sofagarnitur Pienza ist vollst\u00e4ndig gepolstert und strahlt in jeder Kurve Ruhe aus. Die abgerundeten Formen verleihen der Garnitur einen freundlichen Charakter und schaffen einen nat\u00fcrlichen Fluss in Ihrem Au\u00dfenbereich. Keine harten \u00dcberg\u00e4nge, sondern ein Ganzes, das zusammenflie\u00dft.  <\/p>\n<\/div>\n<div>\n<p>Die gro\u00dfz\u00fcgigen Sitze und der weiche Boucl\u00e9-Au\u00dfenstoff verst\u00e4rken das Gef\u00fchl der Geborgenheit. Der Stoff verleiht dem Design Tiefe und f\u00fchlt sich reich und angenehm an. Pienza sieht aus wie ein Innenm\u00f6bel, ist aber f\u00fcr den Au\u00dfenbereich konzipiert. Witterungsbest\u00e4ndig, komfortabel und daf\u00fcr gemacht, dass Sie ihn Saison f\u00fcr Saison genie\u00dfen k\u00f6nnen.   <\/p>\n<\/div>\n<div>\n<p>Das Arrangement ist sorgf\u00e4ltig wie abgebildet gestaltet, so dass Proportionen und Balance perfekt zur Geltung kommen. Ein organisches Statement, das Ruhe auf Ihre Terrasse, an Ihren Pool oder in Ihren gr\u00fcnen Garten bringt. <\/p>\n<\/div>\n<div>\n<p>Pienza l\u00e4dt Sie ein, Platz zu nehmen. Und zum Sitzenbleiben. <\/p>\n<\/div>\n","protected":false},"featured_media":60356,"comment_status":"closed","ping_status":"closed","template":"","meta":{"_acf_changed":false},"product_brand":[],"product_cat":[643],"product_tag":[],"material":[],"class_list":{"0":"post-59441","1":"product","2":"type-product","3":"status-publish","4":"has-post-thumbnail","6":"product_cat-sofa-sets","8":"first","9":"instock","10":"shipping-taxable","11":"product-type-simple"},"acf":[],"yoast_head":"<!-- This site is optimized with the Yoast SEO plugin v26.8 - https:\/\/yoast.com\/product\/yoast-seo-wordpress\/ -->\n<title>Pienza Sofa Set | SUNS Outdoor Lifestyle<\/title>\n<meta name=\"description\" content=\"Sie suchen eine Sofagarnitur Pienza? SUNS bietet hochwertige, luxuri\u00f6se Sofagarnituren. Genie\u00dfen Sie ultimativen Komfort und langlebiges Design in Ihrem Garten oder auf Ihrer Terrasse.\" \/>\n<meta name=\"robots\" content=\"index, follow, max-snippet:-1, max-image-preview:large, max-video-preview:-1\" \/>\n<link rel=\"canonical\" href=\"https:\/\/hello-suns.com\/de\/produkte\/pienza-sofa-sets\/\" \/>\n<meta property=\"og:locale\" content=\"de_DE\" \/>\n<meta property=\"og:type\" content=\"article\" \/>\n<meta property=\"og:title\" content=\"Pienza Sofa Set | SUNS Outdoor Lifestyle\" \/>\n<meta property=\"og:description\" content=\"Sie suchen eine Sofagarnitur Pienza? SUNS bietet hochwertige, luxuri\u00f6se Sofagarnituren. Genie\u00dfen Sie ultimativen Komfort und langlebiges Design in Ihrem Garten oder auf Ihrer Terrasse.\" \/>\n<meta property=\"og:url\" content=\"https:\/\/hello-suns.com\/de\/produkte\/pienza-sofa-sets\/\" \/>\n<meta property=\"og:site_name\" content=\"SUNS\" \/>\n<meta property=\"article:modified_time\" content=\"2026-03-23T11:27:40+00:00\" \/>\n<meta property=\"og:image\" content=\"https:\/\/hello-suns.com\/app\/uploads\/2026\/03\/Pienza-SUNS-Sofaset-BB-Free-26-2-2500.png\" \/>\n\t<meta property=\"og:image:width\" content=\"2500\" \/>\n\t<meta property=\"og:image:height\" content=\"1667\" \/>\n\t<meta property=\"og:image:type\" content=\"image\/png\" \/>\n<meta name=\"twitter:card\" content=\"summary_large_image\" \/>\n<meta name=\"twitter:label1\" content=\"Est. reading time\" \/>\n\t<meta name=\"twitter:data1\" content=\"3 minutes\" \/>\n<script type=\"application\/ld+json\" class=\"yoast-schema-graph\">{\"@context\":\"https:\/\/schema.org\",\"@graph\":[{\"@type\":\"WebPage\",\"@id\":\"https:\/\/hello-suns.com\/de\/produkte\/pienza-sofa-sets\/\",\"url\":\"https:\/\/hello-suns.com\/de\/produkte\/pienza-sofa-sets\/\",\"name\":\"Pienza Sofa Set | SUNS Outdoor Lifestyle\",\"isPartOf\":{\"@id\":\"https:\/\/hello-suns.com\/de\/#website\"},\"primaryImageOfPage\":{\"@id\":\"https:\/\/hello-suns.com\/de\/produkte\/pienza-sofa-sets\/#primaryimage\"},\"image\":{\"@id\":\"https:\/\/hello-suns.com\/de\/produkte\/pienza-sofa-sets\/#primaryimage\"},\"thumbnailUrl\":\"https:\/\/hello-suns.com\/app\/uploads\/2026\/03\/Pienza-SUNS-Sofaset-BB-Free-26-2-2500.png\",\"datePublished\":\"2026-03-06T10:46:11+00:00\",\"dateModified\":\"2026-03-23T11:27:40+00:00\",\"description\":\"Sie suchen eine Sofagarnitur Pienza? SUNS bietet hochwertige, luxuri\u00f6se Sofagarnituren. Genie\u00dfen Sie ultimativen Komfort und langlebiges Design in Ihrem Garten oder auf Ihrer Terrasse.\",\"breadcrumb\":{\"@id\":\"https:\/\/hello-suns.com\/de\/produkte\/pienza-sofa-sets\/#breadcrumb\"},\"inLanguage\":\"de-DE\",\"potentialAction\":[{\"@type\":\"ReadAction\",\"target\":[\"https:\/\/hello-suns.com\/de\/produkte\/pienza-sofa-sets\/\"]}]},{\"@type\":\"ImageObject\",\"inLanguage\":\"de-DE\",\"@id\":\"https:\/\/hello-suns.com\/de\/produkte\/pienza-sofa-sets\/#primaryimage\",\"url\":\"https:\/\/hello-suns.com\/app\/uploads\/2026\/03\/Pienza-SUNS-Sofaset-BB-Free-26-2-2500.png\",\"contentUrl\":\"https:\/\/hello-suns.com\/app\/uploads\/2026\/03\/Pienza-SUNS-Sofaset-BB-Free-26-2-2500.png\",\"width\":2500,\"height\":1667},{\"@type\":\"BreadcrumbList\",\"@id\":\"https:\/\/hello-suns.com\/de\/produkte\/pienza-sofa-sets\/#breadcrumb\",\"itemListElement\":[{\"@type\":\"ListItem\",\"position\":1,\"name\":\"\",\"item\":\"https:\/\/hello-suns.com\/de\/\"},{\"@type\":\"ListItem\",\"position\":2,\"name\":\"Produkte\",\"item\":\"https:\/\/hello-suns.com\/de\/produkte\/\"},{\"@type\":\"ListItem\",\"position\":3,\"name\":\"Pienza\"}]},{\"@type\":\"WebSite\",\"@id\":\"https:\/\/hello-suns.com\/de\/#website\",\"url\":\"https:\/\/hello-suns.com\/de\/\",\"name\":\"SUNS\",\"description\":\"Outdoor Lifestyle\",\"potentialAction\":[{\"@type\":\"SearchAction\",\"target\":{\"@type\":\"EntryPoint\",\"urlTemplate\":\"https:\/\/hello-suns.com\/de\/?s={search_term_string}\"},\"query-input\":{\"@type\":\"PropertyValueSpecification\",\"valueRequired\":true,\"valueName\":\"search_term_string\"}}],\"inLanguage\":\"de-DE\"}]}<\/script>\n<!-- \/ Yoast SEO plugin. -->","yoast_head_json":{"title":"Pienza Sofa Set | SUNS Outdoor Lifestyle","description":"Sie suchen eine Sofagarnitur Pienza? SUNS bietet hochwertige, luxuri\u00f6se Sofagarnituren. Genie\u00dfen Sie ultimativen Komfort und langlebiges Design in Ihrem Garten oder auf Ihrer Terrasse.","robots":{"index":"index","follow":"follow","max-snippet":"max-snippet:-1","max-image-preview":"max-image-preview:large","max-video-preview":"max-video-preview:-1"},"canonical":"https:\/\/hello-suns.com\/de\/produkte\/pienza-sofa-sets\/","og_locale":"de_DE","og_type":"article","og_title":"Pienza Sofa Set | SUNS Outdoor Lifestyle","og_description":"Sie suchen eine Sofagarnitur Pienza? SUNS bietet hochwertige, luxuri\u00f6se Sofagarnituren. Genie\u00dfen Sie ultimativen Komfort und langlebiges Design in Ihrem Garten oder auf Ihrer Terrasse.","og_url":"https:\/\/hello-suns.com\/de\/produkte\/pienza-sofa-sets\/","og_site_name":"SUNS","article_modified_time":"2026-03-23T11:27:40+00:00","og_image":[{"width":2500,"height":1667,"url":"https:\/\/hello-suns.com\/app\/uploads\/2026\/03\/Pienza-SUNS-Sofaset-BB-Free-26-2-2500.png","type":"image\/png"}],"twitter_card":"summary_large_image","twitter_misc":{"Est. reading time":"3 minutes"},"schema":{"@context":"https:\/\/schema.org","@graph":[{"@type":"WebPage","@id":"https:\/\/hello-suns.com\/de\/produkte\/pienza-sofa-sets\/","url":"https:\/\/hello-suns.com\/de\/produkte\/pienza-sofa-sets\/","name":"Pienza Sofa Set | SUNS Outdoor Lifestyle","isPartOf":{"@id":"https:\/\/hello-suns.com\/de\/#website"},"primaryImageOfPage":{"@id":"https:\/\/hello-suns.com\/de\/produkte\/pienza-sofa-sets\/#primaryimage"},"image":{"@id":"https:\/\/hello-suns.com\/de\/produkte\/pienza-sofa-sets\/#primaryimage"},"thumbnailUrl":"https:\/\/hello-suns.com\/app\/uploads\/2026\/03\/Pienza-SUNS-Sofaset-BB-Free-26-2-2500.png","datePublished":"2026-03-06T10:46:11+00:00","dateModified":"2026-03-23T11:27:40+00:00","description":"Sie suchen eine Sofagarnitur Pienza? SUNS bietet hochwertige, luxuri\u00f6se Sofagarnituren. Genie\u00dfen Sie ultimativen Komfort und langlebiges Design in Ihrem Garten oder auf Ihrer Terrasse.","breadcrumb":{"@id":"https:\/\/hello-suns.com\/de\/produkte\/pienza-sofa-sets\/#breadcrumb"},"inLanguage":"de-DE","potentialAction":[{"@type":"ReadAction","target":["https:\/\/hello-suns.com\/de\/produkte\/pienza-sofa-sets\/"]}]},{"@type":"ImageObject","inLanguage":"de-DE","@id":"https:\/\/hello-suns.com\/de\/produkte\/pienza-sofa-sets\/#primaryimage","url":"https:\/\/hello-suns.com\/app\/uploads\/2026\/03\/Pienza-SUNS-Sofaset-BB-Free-26-2-2500.png","contentUrl":"https:\/\/hello-suns.com\/app\/uploads\/2026\/03\/Pienza-SUNS-Sofaset-BB-Free-26-2-2500.png","width":2500,"height":1667},{"@type":"BreadcrumbList","@id":"https:\/\/hello-suns.com\/de\/produkte\/pienza-sofa-sets\/#breadcrumb","itemListElement":[{"@type":"ListItem","position":1,"name":"","item":"https:\/\/hello-suns.com\/de\/"},{"@type":"ListItem","position":2,"name":"Produkte","item":"https:\/\/hello-suns.com\/de\/produkte\/"},{"@type":"ListItem","position":3,"name":"Pienza"}]},{"@type":"WebSite","@id":"https:\/\/hello-suns.com\/de\/#website","url":"https:\/\/hello-suns.com\/de\/","name":"SUNS","description":"Outdoor Lifestyle","potentialAction":[{"@type":"SearchAction","target":{"@type":"EntryPoint","urlTemplate":"https:\/\/hello-suns.com\/de\/?s={search_term_string}"},"query-input":{"@type":"PropertyValueSpecification","valueRequired":true,"valueName":"search_term_string"}}],"inLanguage":"de-DE"}]}},"_links":{"self":[{"href":"https:\/\/hello-suns.com\/de\/wp-json\/wp\/v2\/product\/59441","targetHints":{"allow":["GET"]}}],"collection":[{"href":"https:\/\/hello-suns.com\/de\/wp-json\/wp\/v2\/product"}],"about":[{"href":"https:\/\/hello-suns.com\/de\/wp-json\/wp\/v2\/types\/product"}],"replies":[{"embeddable":true,"href":"https:\/\/hello-suns.com\/de\/wp-json\/wp\/v2\/comments?post=59441"}],"wp:featuredmedia":[{"embeddable":true,"href":"https:\/\/hello-suns.com\/de\/wp-json\/wp\/v2\/media\/60356"}],"wp:attachment":[{"href":"https:\/\/hello-suns.com\/de\/wp-json\/wp\/v2\/media?parent=59441"}],"wp:term":[{"taxonomy":"product_brand","embeddable":true,"href":"https:\/\/hello-suns.com\/de\/wp-json\/wp\/v2\/product_brand?post=59441"},{"taxonomy":"product_cat","embeddable":true,"href":"https:\/\/hello-suns.com\/de\/wp-json\/wp\/v2\/product_cat?post=59441"},{"taxonomy":"product_tag","embeddable":true,"href":"https:\/\/hello-suns.com\/de\/wp-json\/wp\/v2\/product_tag?post=59441"},{"taxonomy":"material","embeddable":true,"href":"https:\/\/hello-suns.com\/de\/wp-json\/wp\/v2\/material?post=59441"}],"curies":[{"name":"wp","href":"https:\/\/api.w.org\/{rel}","templated":true}]}}