{"id":59325,"date":"2026-03-05T15:08:30","date_gmt":"2026-03-05T14:08:30","guid":{"rendered":"https:\/\/hello-suns.com\/?post_type=product&#038;p=59325"},"modified":"2026-03-05T15:38:49","modified_gmt":"2026-03-05T14:38:49","slug":"fiave-sessel","status":"publish","type":"product","link":"https:\/\/hello-suns.com\/de\/produkte\/fiave-sessel\/","title":{"rendered":"Fiav\u00e8"},"content":{"rendered":"<h2 style=\"font-weight: 400;\">Sanft definierter Komfort<\/h2>\n<p style=\"font-weight: 400;\">Ein Stuhl, der die Signatur der Serie perfekt einf\u00e4ngt. Entworfen, um sich einzuf\u00fcgen, stark genug, um allein zu gl\u00e4nzen.<\/p>\n","protected":false},"excerpt":{"rendered":"<div>\n<h2>Raffiniert in jeder Linie<b><\/b><\/h2>\n<\/div>\n<div>\n<p>Der Loungesessel ist Teil der Sofagarnitur, steht aber ebenso kraftvoll f\u00fcr sich allein. Das durchgehende Rohr bildet den erkennbaren Rahmen und verleiht dem Sessel seine weiche, abgerundete Kontur. Das Design wirkt luftig und f\u00fchlt sich dank der subtilen R\u00fccken- und Armlehnen bequem an.<br \/>\nDer Sessel ist mit einem reichhaltigen Boucl\u00e9-Stoff gepolstert und mit einem Aluminiumrahmen in verschiedenen Farbkombinationen kombiniert und strahlt Ruhe und Raffinesse aus. Die Textur des Stoffes sorgt f\u00fcr W\u00e4rme, w\u00e4hrend das Gestell ein modernes Gleichgewicht schafft.<\/p>\n<\/div>\n<div>\n<p>In der Sofagarnitur bildet dieser Loungesessel zusammen mit dem kompakten Sofa ein harmonisches Ganzes. Der Sessel ist auch einzeln erh\u00e4ltlich, so dass Sie Ihren Au\u00dfenbereich frei zusammenstellen k\u00f6nnen. Kombinieren Sie mehrere St\u00fchle, um eine einladende Sitzecke zu schaffen, oder f\u00fcgen Sie dem Lounge-Set einen Stuhl f\u00fcr zus\u00e4tzliche Dynamik hinzu. Kompakt in den Ma\u00dfen, durchdacht im Aussehen.<\/p>\n<\/div>\n<div>\n<p>Ein Solost\u00fcck, das sich m\u00fchelos in das Ganze einf\u00fcgt.<br \/>\nOder, im Gegenteil, absichtlich losgel\u00f6st ist.<\/p>\n<\/div>\n","protected":false},"featured_media":59353,"comment_status":"closed","ping_status":"closed","template":"","meta":{"_acf_changed":false},"product_brand":[],"product_cat":[619],"product_tag":[],"material":[],"class_list":{"0":"post-59325","1":"product","2":"type-product","3":"status-publish","4":"has-post-thumbnail","6":"product_cat-sessel","8":"first","9":"instock","10":"shipping-taxable","11":"product-type-simple"},"acf":[],"yoast_head":"<!-- This site is optimized with the Yoast SEO plugin v26.8 - https:\/\/yoast.com\/product\/yoast-seo-wordpress\/ -->\n<title>Entdecken Sie den Fiav\u00e8 Sessel | SUNS Outdoor Lifestyle<\/title>\n<meta name=\"description\" content=\"Suchen Sie einen Fiav\u00e8 Loungesessel? SUNS bietet hochwertige Fiav\u00e8 Barst\u00fchle, die Haltbarkeit und Design kombinieren und sich perfekt f\u00fcr einen modernen Au\u00dfenbereich eignen.\" \/>\n<meta name=\"robots\" content=\"index, follow, max-snippet:-1, max-image-preview:large, max-video-preview:-1\" \/>\n<link rel=\"canonical\" href=\"https:\/\/hello-suns.com\/de\/produkte\/fiave-sessel\/\" \/>\n<meta property=\"og:locale\" content=\"de_DE\" \/>\n<meta property=\"og:type\" content=\"article\" \/>\n<meta property=\"og:title\" content=\"Entdecken Sie den Fiav\u00e8 Sessel | SUNS Outdoor Lifestyle\" \/>\n<meta property=\"og:description\" content=\"Suchen Sie einen Fiav\u00e8 Loungesessel? SUNS bietet hochwertige Fiav\u00e8 Barst\u00fchle, die Haltbarkeit und Design kombinieren und sich perfekt f\u00fcr einen modernen Au\u00dfenbereich eignen.\" \/>\n<meta property=\"og:url\" content=\"https:\/\/hello-suns.com\/de\/produkte\/fiave-sessel\/\" \/>\n<meta property=\"og:site_name\" content=\"SUNS\" \/>\n<meta property=\"article:modified_time\" content=\"2026-03-05T14:38:49+00:00\" \/>\n<meta property=\"og:image\" content=\"https:\/\/hello-suns.com\/app\/uploads\/2026\/03\/Fiave-SUNS-Lowdiningchair-BZ-CR-PDB-Free-26-1.png\" \/>\n\t<meta property=\"og:image:width\" content=\"800\" \/>\n\t<meta property=\"og:image:height\" content=\"533\" \/>\n\t<meta property=\"og:image:type\" content=\"image\/png\" \/>\n<meta name=\"twitter:card\" content=\"summary_large_image\" \/>\n<meta name=\"twitter:label1\" content=\"Est. reading time\" \/>\n\t<meta name=\"twitter:data1\" content=\"3 minutes\" \/>\n<script type=\"application\/ld+json\" class=\"yoast-schema-graph\">{\"@context\":\"https:\/\/schema.org\",\"@graph\":[{\"@type\":\"WebPage\",\"@id\":\"https:\/\/hello-suns.com\/de\/produkte\/fiave-sessel\/\",\"url\":\"https:\/\/hello-suns.com\/de\/produkte\/fiave-sessel\/\",\"name\":\"Entdecken Sie den Fiav\u00e8 Sessel | SUNS Outdoor Lifestyle\",\"isPartOf\":{\"@id\":\"https:\/\/hello-suns.com\/de\/#website\"},\"primaryImageOfPage\":{\"@id\":\"https:\/\/hello-suns.com\/de\/produkte\/fiave-sessel\/#primaryimage\"},\"image\":{\"@id\":\"https:\/\/hello-suns.com\/de\/produkte\/fiave-sessel\/#primaryimage\"},\"thumbnailUrl\":\"https:\/\/hello-suns.com\/app\/uploads\/2026\/03\/Fiave-SUNS-Lowdiningchair-BZ-CR-PDB-Free-26-1.png\",\"datePublished\":\"2026-03-05T14:08:30+00:00\",\"dateModified\":\"2026-03-05T14:38:49+00:00\",\"description\":\"Suchen Sie einen Fiav\u00e8 Loungesessel? SUNS bietet hochwertige Fiav\u00e8 Barst\u00fchle, die Haltbarkeit und Design kombinieren und sich perfekt f\u00fcr einen modernen Au\u00dfenbereich eignen.\",\"breadcrumb\":{\"@id\":\"https:\/\/hello-suns.com\/de\/produkte\/fiave-sessel\/#breadcrumb\"},\"inLanguage\":\"de-DE\",\"potentialAction\":[{\"@type\":\"ReadAction\",\"target\":[\"https:\/\/hello-suns.com\/de\/produkte\/fiave-sessel\/\"]}]},{\"@type\":\"ImageObject\",\"inLanguage\":\"de-DE\",\"@id\":\"https:\/\/hello-suns.com\/de\/produkte\/fiave-sessel\/#primaryimage\",\"url\":\"https:\/\/hello-suns.com\/app\/uploads\/2026\/03\/Fiave-SUNS-Lowdiningchair-BZ-CR-PDB-Free-26-1.png\",\"contentUrl\":\"https:\/\/hello-suns.com\/app\/uploads\/2026\/03\/Fiave-SUNS-Lowdiningchair-BZ-CR-PDB-Free-26-1.png\",\"width\":800,\"height\":533},{\"@type\":\"BreadcrumbList\",\"@id\":\"https:\/\/hello-suns.com\/de\/produkte\/fiave-sessel\/#breadcrumb\",\"itemListElement\":[{\"@type\":\"ListItem\",\"position\":1,\"name\":\"\",\"item\":\"https:\/\/hello-suns.com\/de\/\"},{\"@type\":\"ListItem\",\"position\":2,\"name\":\"Produkte\",\"item\":\"https:\/\/hello-suns.com\/de\/produkte\/\"},{\"@type\":\"ListItem\",\"position\":3,\"name\":\"Fiav\u00e8\"}]},{\"@type\":\"WebSite\",\"@id\":\"https:\/\/hello-suns.com\/de\/#website\",\"url\":\"https:\/\/hello-suns.com\/de\/\",\"name\":\"SUNS\",\"description\":\"Outdoor Lifestyle\",\"potentialAction\":[{\"@type\":\"SearchAction\",\"target\":{\"@type\":\"EntryPoint\",\"urlTemplate\":\"https:\/\/hello-suns.com\/de\/?s={search_term_string}\"},\"query-input\":{\"@type\":\"PropertyValueSpecification\",\"valueRequired\":true,\"valueName\":\"search_term_string\"}}],\"inLanguage\":\"de-DE\"}]}<\/script>\n<!-- \/ Yoast SEO plugin. -->","yoast_head_json":{"title":"Entdecken Sie den Fiav\u00e8 Sessel | SUNS Outdoor Lifestyle","description":"Suchen Sie einen Fiav\u00e8 Loungesessel? SUNS bietet hochwertige Fiav\u00e8 Barst\u00fchle, die Haltbarkeit und Design kombinieren und sich perfekt f\u00fcr einen modernen Au\u00dfenbereich eignen.","robots":{"index":"index","follow":"follow","max-snippet":"max-snippet:-1","max-image-preview":"max-image-preview:large","max-video-preview":"max-video-preview:-1"},"canonical":"https:\/\/hello-suns.com\/de\/produkte\/fiave-sessel\/","og_locale":"de_DE","og_type":"article","og_title":"Entdecken Sie den Fiav\u00e8 Sessel | SUNS Outdoor Lifestyle","og_description":"Suchen Sie einen Fiav\u00e8 Loungesessel? SUNS bietet hochwertige Fiav\u00e8 Barst\u00fchle, die Haltbarkeit und Design kombinieren und sich perfekt f\u00fcr einen modernen Au\u00dfenbereich eignen.","og_url":"https:\/\/hello-suns.com\/de\/produkte\/fiave-sessel\/","og_site_name":"SUNS","article_modified_time":"2026-03-05T14:38:49+00:00","og_image":[{"width":800,"height":533,"url":"https:\/\/hello-suns.com\/app\/uploads\/2026\/03\/Fiave-SUNS-Lowdiningchair-BZ-CR-PDB-Free-26-1.png","type":"image\/png"}],"twitter_card":"summary_large_image","twitter_misc":{"Est. reading time":"3 minutes"},"schema":{"@context":"https:\/\/schema.org","@graph":[{"@type":"WebPage","@id":"https:\/\/hello-suns.com\/de\/produkte\/fiave-sessel\/","url":"https:\/\/hello-suns.com\/de\/produkte\/fiave-sessel\/","name":"Entdecken Sie den Fiav\u00e8 Sessel | SUNS Outdoor Lifestyle","isPartOf":{"@id":"https:\/\/hello-suns.com\/de\/#website"},"primaryImageOfPage":{"@id":"https:\/\/hello-suns.com\/de\/produkte\/fiave-sessel\/#primaryimage"},"image":{"@id":"https:\/\/hello-suns.com\/de\/produkte\/fiave-sessel\/#primaryimage"},"thumbnailUrl":"https:\/\/hello-suns.com\/app\/uploads\/2026\/03\/Fiave-SUNS-Lowdiningchair-BZ-CR-PDB-Free-26-1.png","datePublished":"2026-03-05T14:08:30+00:00","dateModified":"2026-03-05T14:38:49+00:00","description":"Suchen Sie einen Fiav\u00e8 Loungesessel? SUNS bietet hochwertige Fiav\u00e8 Barst\u00fchle, die Haltbarkeit und Design kombinieren und sich perfekt f\u00fcr einen modernen Au\u00dfenbereich eignen.","breadcrumb":{"@id":"https:\/\/hello-suns.com\/de\/produkte\/fiave-sessel\/#breadcrumb"},"inLanguage":"de-DE","potentialAction":[{"@type":"ReadAction","target":["https:\/\/hello-suns.com\/de\/produkte\/fiave-sessel\/"]}]},{"@type":"ImageObject","inLanguage":"de-DE","@id":"https:\/\/hello-suns.com\/de\/produkte\/fiave-sessel\/#primaryimage","url":"https:\/\/hello-suns.com\/app\/uploads\/2026\/03\/Fiave-SUNS-Lowdiningchair-BZ-CR-PDB-Free-26-1.png","contentUrl":"https:\/\/hello-suns.com\/app\/uploads\/2026\/03\/Fiave-SUNS-Lowdiningchair-BZ-CR-PDB-Free-26-1.png","width":800,"height":533},{"@type":"BreadcrumbList","@id":"https:\/\/hello-suns.com\/de\/produkte\/fiave-sessel\/#breadcrumb","itemListElement":[{"@type":"ListItem","position":1,"name":"","item":"https:\/\/hello-suns.com\/de\/"},{"@type":"ListItem","position":2,"name":"Produkte","item":"https:\/\/hello-suns.com\/de\/produkte\/"},{"@type":"ListItem","position":3,"name":"Fiav\u00e8"}]},{"@type":"WebSite","@id":"https:\/\/hello-suns.com\/de\/#website","url":"https:\/\/hello-suns.com\/de\/","name":"SUNS","description":"Outdoor Lifestyle","potentialAction":[{"@type":"SearchAction","target":{"@type":"EntryPoint","urlTemplate":"https:\/\/hello-suns.com\/de\/?s={search_term_string}"},"query-input":{"@type":"PropertyValueSpecification","valueRequired":true,"valueName":"search_term_string"}}],"inLanguage":"de-DE"}]}},"_links":{"self":[{"href":"https:\/\/hello-suns.com\/de\/wp-json\/wp\/v2\/product\/59325","targetHints":{"allow":["GET"]}}],"collection":[{"href":"https:\/\/hello-suns.com\/de\/wp-json\/wp\/v2\/product"}],"about":[{"href":"https:\/\/hello-suns.com\/de\/wp-json\/wp\/v2\/types\/product"}],"replies":[{"embeddable":true,"href":"https:\/\/hello-suns.com\/de\/wp-json\/wp\/v2\/comments?post=59325"}],"wp:featuredmedia":[{"embeddable":true,"href":"https:\/\/hello-suns.com\/de\/wp-json\/wp\/v2\/media\/59353"}],"wp:attachment":[{"href":"https:\/\/hello-suns.com\/de\/wp-json\/wp\/v2\/media?parent=59325"}],"wp:term":[{"taxonomy":"product_brand","embeddable":true,"href":"https:\/\/hello-suns.com\/de\/wp-json\/wp\/v2\/product_brand?post=59325"},{"taxonomy":"product_cat","embeddable":true,"href":"https:\/\/hello-suns.com\/de\/wp-json\/wp\/v2\/product_cat?post=59325"},{"taxonomy":"product_tag","embeddable":true,"href":"https:\/\/hello-suns.com\/de\/wp-json\/wp\/v2\/product_tag?post=59325"},{"taxonomy":"material","embeddable":true,"href":"https:\/\/hello-suns.com\/de\/wp-json\/wp\/v2\/material?post=59325"}],"curies":[{"name":"wp","href":"https:\/\/api.w.org\/{rel}","templated":true}]}}