{"id":59319,"date":"2026-03-05T15:05:56","date_gmt":"2026-03-05T14:05:56","guid":{"rendered":"https:\/\/hello-suns.com\/?post_type=product&#038;p=59319"},"modified":"2026-03-05T15:18:49","modified_gmt":"2026-03-05T14:18:49","slug":"fiave-niedrige-esszimmerstuehle","status":"publish","type":"product","link":"https:\/\/hello-suns.com\/de\/produkte\/fiave-niedrige-esszimmerstuehle\/","title":{"rendered":"Fiav\u00e8"},"content":{"rendered":"<h2 style=\"font-weight: 400;\"><span class=\"TextRun SCXW161945054 BCX4\" lang=\"NL-NL\" xml:lang=\"NL-NL\" data-contrast=\"none\"><span class=\"NormalTextRun SCXW161945054 BCX4\">Langsamer speisen<\/span><\/span><\/h2>\n<p><span class=\"TextRun SCXW262474033 BCX4\" lang=\"NL-NL\" xml:lang=\"NL-NL\" data-contrast=\"none\"><span class=\"NormalTextRun SCXW262474033 BCX4\">Der niedrige <\/span><span class=\"NormalTextRun SpellingErrorV2Themed SCXW262474033 BCX4\">Esstisch<\/span> <span class=\"NormalTextRun SpellingErrorV2Themed SCXW262474033 BCX4\">Stuhl<\/span><span class=\"NormalTextRun SCXW262474033 BCX4\"> l\u00e4dt Sie zum Sitzenbleiben ein. Niedriger, breiter und bequemer. Genau so f\u00fchlt sich das Leben im Freien heute an. <\/span><\/span><\/p>\n<p>&nbsp;<\/p>\n","protected":false},"excerpt":{"rendered":"<h3 style=\"font-weight: 400;\"><span class=\"TextRun SCXW52236388 BCX4\" lang=\"NL-NL\" xml:lang=\"NL-NL\" data-contrast=\"none\"><span class=\"NormalTextRun SCXW52236388 BCX4\">Entspanntes Essen mit Stil<\/span><\/span><\/h3>\n<p><span data-contrast=\"none\">Low Dining ist mehr als ein Trend. Es ist eine neue Art des Zusammenseins. Kein gerades Sitzen an einem hohen Tisch, sondern bequemes Zur\u00fccklehnen. Niedriger als der Boden. N\u00e4her zusammen. Mit dicken Polstern, die dazu einladen, das Abendessen zu einem langen Abend werden zu lassen. <\/span><\/p>\n<p><span data-contrast=\"none\">Dieser niedrige Esszimmerstuhl setzt diesen Gedanken in ein raffiniertes Design um. Das durchgehende Rohr bildet den erkennbaren Rahmen und verleiht dem Stuhl seine weiche, abgerundete Linie. Das geflochtene Seilgeflecht verleiht ihm Textur und Tiefe und umschlie\u00dft die Sitzfl\u00e4che auf subtile Weise. <\/span><\/p>\n<p><span data-contrast=\"none\">Die gro\u00dfz\u00fcgigen Sitzkissen in den Boucl\u00e9-Au\u00dfenstoffen sorgen f\u00fcr eine weiche, reiche Optik und ein angenehmes Sitzgef\u00fchl. Der Stuhl ist nur etwas breiter und niedriger als ein traditioneller Esszimmerstuhl, so dass der Komfort gegeben ist. <\/span><\/p>\n<p><span data-contrast=\"none\">Dieser niedrige Esszimmerstuhl ist Teil einer umfangreichen Serie, zu der auch ein Lounge-Set, ein Sofa-Set und ein Sessel geh\u00f6ren. Jedes St\u00fcck tr\u00e4gt die gleiche erkennbare Designsprache und weiche Handschrift. So schaffen Sie ein Ganzes in Ihrem Au\u00dfenbereich, mit verschiedenen Einstellungen, die sich gegenseitig erg\u00e4nzen. <\/span><\/p>\n<p><span data-contrast=\"none\">Bei Low Dining geht es um l\u00e4ngere Abendessen. Entspannter. Weniger Hektik. <\/span><br \/>\n<span data-contrast=\"none\">Erleben Sie, wie angenehm das Zusammensein sein kann.<\/span><\/p>\n","protected":false},"featured_media":59336,"comment_status":"closed","ping_status":"closed","template":"","meta":{"_acf_changed":false},"product_brand":[],"product_cat":[639],"product_tag":[],"material":[],"class_list":{"0":"post-59319","1":"product","2":"type-product","3":"status-publish","4":"has-post-thumbnail","6":"product_cat-niedrige-esszimmerstuehle","8":"first","9":"instock","10":"shipping-taxable","11":"product-type-simple"},"acf":[],"yoast_head":"<!-- This site is optimized with the Yoast SEO plugin v26.8 - https:\/\/yoast.com\/product\/yoast-seo-wordpress\/ -->\n<title>Entdecken Sie Fiav\u00e8 Niedriger Esszimmerstuhl | SUNS Outdoor Lifestyle<\/title>\n<meta name=\"description\" content=\"Sie suchen einen Fiav\u00e8 Low Esszimmerstuhl? SUNS bietet hochwertige Fiav\u00e8 Barst\u00fchle an, die Haltbarkeit und Design perfekt f\u00fcr einen modernen Au\u00dfenbereich kombinieren.\" \/>\n<meta name=\"robots\" content=\"index, follow, max-snippet:-1, max-image-preview:large, max-video-preview:-1\" \/>\n<link rel=\"canonical\" href=\"https:\/\/hello-suns.com\/de\/produkte\/fiave-niedrige-esszimmerstuehle\/\" \/>\n<meta property=\"og:locale\" content=\"de_DE\" \/>\n<meta property=\"og:type\" content=\"article\" \/>\n<meta property=\"og:title\" content=\"Entdecken Sie Fiav\u00e8 Niedriger Esszimmerstuhl | SUNS Outdoor Lifestyle\" \/>\n<meta property=\"og:description\" content=\"Sie suchen einen Fiav\u00e8 Low Esszimmerstuhl? SUNS bietet hochwertige Fiav\u00e8 Barst\u00fchle an, die Haltbarkeit und Design perfekt f\u00fcr einen modernen Au\u00dfenbereich kombinieren.\" \/>\n<meta property=\"og:url\" content=\"https:\/\/hello-suns.com\/de\/produkte\/fiave-niedrige-esszimmerstuehle\/\" \/>\n<meta property=\"og:site_name\" content=\"SUNS\" \/>\n<meta property=\"article:modified_time\" content=\"2026-03-05T14:18:49+00:00\" \/>\n<meta property=\"og:image\" content=\"https:\/\/hello-suns.com\/app\/uploads\/2026\/03\/Fiave-SUNS-Lowdiningchair-CS-MR-BB-Free-26-1024x683.png\" \/>\n\t<meta property=\"og:image:width\" content=\"1024\" \/>\n\t<meta property=\"og:image:height\" content=\"683\" \/>\n\t<meta property=\"og:image:type\" content=\"image\/png\" \/>\n<meta name=\"twitter:card\" content=\"summary_large_image\" \/>\n<meta name=\"twitter:label1\" content=\"Est. reading time\" \/>\n\t<meta name=\"twitter:data1\" content=\"3 minutes\" \/>\n<script type=\"application\/ld+json\" class=\"yoast-schema-graph\">{\"@context\":\"https:\/\/schema.org\",\"@graph\":[{\"@type\":\"WebPage\",\"@id\":\"https:\/\/hello-suns.com\/de\/produkte\/fiave-niedrige-esszimmerstuehle\/\",\"url\":\"https:\/\/hello-suns.com\/de\/produkte\/fiave-niedrige-esszimmerstuehle\/\",\"name\":\"Entdecken Sie Fiav\u00e8 Niedriger Esszimmerstuhl | SUNS Outdoor Lifestyle\",\"isPartOf\":{\"@id\":\"https:\/\/hello-suns.com\/de\/#website\"},\"primaryImageOfPage\":{\"@id\":\"https:\/\/hello-suns.com\/de\/produkte\/fiave-niedrige-esszimmerstuehle\/#primaryimage\"},\"image\":{\"@id\":\"https:\/\/hello-suns.com\/de\/produkte\/fiave-niedrige-esszimmerstuehle\/#primaryimage\"},\"thumbnailUrl\":\"https:\/\/hello-suns.com\/app\/uploads\/2026\/03\/Fiave-SUNS-Lowdiningchair-CS-MR-BB-Free-26.png\",\"datePublished\":\"2026-03-05T14:05:56+00:00\",\"dateModified\":\"2026-03-05T14:18:49+00:00\",\"description\":\"Sie suchen einen Fiav\u00e8 Low Esszimmerstuhl? SUNS bietet hochwertige Fiav\u00e8 Barst\u00fchle an, die Haltbarkeit und Design perfekt f\u00fcr einen modernen Au\u00dfenbereich kombinieren.\",\"breadcrumb\":{\"@id\":\"https:\/\/hello-suns.com\/de\/produkte\/fiave-niedrige-esszimmerstuehle\/#breadcrumb\"},\"inLanguage\":\"de-DE\",\"potentialAction\":[{\"@type\":\"ReadAction\",\"target\":[\"https:\/\/hello-suns.com\/de\/produkte\/fiave-niedrige-esszimmerstuehle\/\"]}]},{\"@type\":\"ImageObject\",\"inLanguage\":\"de-DE\",\"@id\":\"https:\/\/hello-suns.com\/de\/produkte\/fiave-niedrige-esszimmerstuehle\/#primaryimage\",\"url\":\"https:\/\/hello-suns.com\/app\/uploads\/2026\/03\/Fiave-SUNS-Lowdiningchair-CS-MR-BB-Free-26.png\",\"contentUrl\":\"https:\/\/hello-suns.com\/app\/uploads\/2026\/03\/Fiave-SUNS-Lowdiningchair-CS-MR-BB-Free-26.png\",\"width\":3240,\"height\":2160},{\"@type\":\"BreadcrumbList\",\"@id\":\"https:\/\/hello-suns.com\/de\/produkte\/fiave-niedrige-esszimmerstuehle\/#breadcrumb\",\"itemListElement\":[{\"@type\":\"ListItem\",\"position\":1,\"name\":\"\",\"item\":\"https:\/\/hello-suns.com\/de\/\"},{\"@type\":\"ListItem\",\"position\":2,\"name\":\"Produkte\",\"item\":\"https:\/\/hello-suns.com\/de\/produkte\/\"},{\"@type\":\"ListItem\",\"position\":3,\"name\":\"Fiav\u00e8\"}]},{\"@type\":\"WebSite\",\"@id\":\"https:\/\/hello-suns.com\/de\/#website\",\"url\":\"https:\/\/hello-suns.com\/de\/\",\"name\":\"SUNS\",\"description\":\"Outdoor Lifestyle\",\"potentialAction\":[{\"@type\":\"SearchAction\",\"target\":{\"@type\":\"EntryPoint\",\"urlTemplate\":\"https:\/\/hello-suns.com\/de\/?s={search_term_string}\"},\"query-input\":{\"@type\":\"PropertyValueSpecification\",\"valueRequired\":true,\"valueName\":\"search_term_string\"}}],\"inLanguage\":\"de-DE\"}]}<\/script>\n<!-- \/ Yoast SEO plugin. -->","yoast_head_json":{"title":"Entdecken Sie Fiav\u00e8 Niedriger Esszimmerstuhl | SUNS Outdoor Lifestyle","description":"Sie suchen einen Fiav\u00e8 Low Esszimmerstuhl? SUNS bietet hochwertige Fiav\u00e8 Barst\u00fchle an, die Haltbarkeit und Design perfekt f\u00fcr einen modernen Au\u00dfenbereich kombinieren.","robots":{"index":"index","follow":"follow","max-snippet":"max-snippet:-1","max-image-preview":"max-image-preview:large","max-video-preview":"max-video-preview:-1"},"canonical":"https:\/\/hello-suns.com\/de\/produkte\/fiave-niedrige-esszimmerstuehle\/","og_locale":"de_DE","og_type":"article","og_title":"Entdecken Sie Fiav\u00e8 Niedriger Esszimmerstuhl | SUNS Outdoor Lifestyle","og_description":"Sie suchen einen Fiav\u00e8 Low Esszimmerstuhl? SUNS bietet hochwertige Fiav\u00e8 Barst\u00fchle an, die Haltbarkeit und Design perfekt f\u00fcr einen modernen Au\u00dfenbereich kombinieren.","og_url":"https:\/\/hello-suns.com\/de\/produkte\/fiave-niedrige-esszimmerstuehle\/","og_site_name":"SUNS","article_modified_time":"2026-03-05T14:18:49+00:00","og_image":[{"width":1024,"height":683,"url":"https:\/\/hello-suns.com\/app\/uploads\/2026\/03\/Fiave-SUNS-Lowdiningchair-CS-MR-BB-Free-26-1024x683.png","type":"image\/png"}],"twitter_card":"summary_large_image","twitter_misc":{"Est. reading time":"3 minutes"},"schema":{"@context":"https:\/\/schema.org","@graph":[{"@type":"WebPage","@id":"https:\/\/hello-suns.com\/de\/produkte\/fiave-niedrige-esszimmerstuehle\/","url":"https:\/\/hello-suns.com\/de\/produkte\/fiave-niedrige-esszimmerstuehle\/","name":"Entdecken Sie Fiav\u00e8 Niedriger Esszimmerstuhl | SUNS Outdoor Lifestyle","isPartOf":{"@id":"https:\/\/hello-suns.com\/de\/#website"},"primaryImageOfPage":{"@id":"https:\/\/hello-suns.com\/de\/produkte\/fiave-niedrige-esszimmerstuehle\/#primaryimage"},"image":{"@id":"https:\/\/hello-suns.com\/de\/produkte\/fiave-niedrige-esszimmerstuehle\/#primaryimage"},"thumbnailUrl":"https:\/\/hello-suns.com\/app\/uploads\/2026\/03\/Fiave-SUNS-Lowdiningchair-CS-MR-BB-Free-26.png","datePublished":"2026-03-05T14:05:56+00:00","dateModified":"2026-03-05T14:18:49+00:00","description":"Sie suchen einen Fiav\u00e8 Low Esszimmerstuhl? SUNS bietet hochwertige Fiav\u00e8 Barst\u00fchle an, die Haltbarkeit und Design perfekt f\u00fcr einen modernen Au\u00dfenbereich kombinieren.","breadcrumb":{"@id":"https:\/\/hello-suns.com\/de\/produkte\/fiave-niedrige-esszimmerstuehle\/#breadcrumb"},"inLanguage":"de-DE","potentialAction":[{"@type":"ReadAction","target":["https:\/\/hello-suns.com\/de\/produkte\/fiave-niedrige-esszimmerstuehle\/"]}]},{"@type":"ImageObject","inLanguage":"de-DE","@id":"https:\/\/hello-suns.com\/de\/produkte\/fiave-niedrige-esszimmerstuehle\/#primaryimage","url":"https:\/\/hello-suns.com\/app\/uploads\/2026\/03\/Fiave-SUNS-Lowdiningchair-CS-MR-BB-Free-26.png","contentUrl":"https:\/\/hello-suns.com\/app\/uploads\/2026\/03\/Fiave-SUNS-Lowdiningchair-CS-MR-BB-Free-26.png","width":3240,"height":2160},{"@type":"BreadcrumbList","@id":"https:\/\/hello-suns.com\/de\/produkte\/fiave-niedrige-esszimmerstuehle\/#breadcrumb","itemListElement":[{"@type":"ListItem","position":1,"name":"","item":"https:\/\/hello-suns.com\/de\/"},{"@type":"ListItem","position":2,"name":"Produkte","item":"https:\/\/hello-suns.com\/de\/produkte\/"},{"@type":"ListItem","position":3,"name":"Fiav\u00e8"}]},{"@type":"WebSite","@id":"https:\/\/hello-suns.com\/de\/#website","url":"https:\/\/hello-suns.com\/de\/","name":"SUNS","description":"Outdoor Lifestyle","potentialAction":[{"@type":"SearchAction","target":{"@type":"EntryPoint","urlTemplate":"https:\/\/hello-suns.com\/de\/?s={search_term_string}"},"query-input":{"@type":"PropertyValueSpecification","valueRequired":true,"valueName":"search_term_string"}}],"inLanguage":"de-DE"}]}},"_links":{"self":[{"href":"https:\/\/hello-suns.com\/de\/wp-json\/wp\/v2\/product\/59319","targetHints":{"allow":["GET"]}}],"collection":[{"href":"https:\/\/hello-suns.com\/de\/wp-json\/wp\/v2\/product"}],"about":[{"href":"https:\/\/hello-suns.com\/de\/wp-json\/wp\/v2\/types\/product"}],"replies":[{"embeddable":true,"href":"https:\/\/hello-suns.com\/de\/wp-json\/wp\/v2\/comments?post=59319"}],"wp:featuredmedia":[{"embeddable":true,"href":"https:\/\/hello-suns.com\/de\/wp-json\/wp\/v2\/media\/59336"}],"wp:attachment":[{"href":"https:\/\/hello-suns.com\/de\/wp-json\/wp\/v2\/media?parent=59319"}],"wp:term":[{"taxonomy":"product_brand","embeddable":true,"href":"https:\/\/hello-suns.com\/de\/wp-json\/wp\/v2\/product_brand?post=59319"},{"taxonomy":"product_cat","embeddable":true,"href":"https:\/\/hello-suns.com\/de\/wp-json\/wp\/v2\/product_cat?post=59319"},{"taxonomy":"product_tag","embeddable":true,"href":"https:\/\/hello-suns.com\/de\/wp-json\/wp\/v2\/product_tag?post=59319"},{"taxonomy":"material","embeddable":true,"href":"https:\/\/hello-suns.com\/de\/wp-json\/wp\/v2\/material?post=59319"}],"curies":[{"name":"wp","href":"https:\/\/api.w.org\/{rel}","templated":true}]}}