{"id":58402,"date":"2026-03-04T08:57:10","date_gmt":"2026-03-04T07:57:10","guid":{"rendered":"https:\/\/hello-suns.com\/?post_type=product&#038;p=58402"},"modified":"2026-03-04T09:16:11","modified_gmt":"2026-03-04T08:16:11","slug":"kota-rund","status":"publish","type":"product","link":"https:\/\/hello-suns.com\/de\/produkte\/kota-rund\/","title":{"rendered":"Kota | rund"},"content":{"rendered":"<h2 style=\"font-weight: 400;\">Das Spiel mit den Elementen<\/h2>\n<p style=\"font-weight: 400;\">Lassen Sie sich \u00fcberraschen von den unendlichen M\u00f6glichkeiten, die SUNS Kota zu bieten hat. Spielen Sie mit den verschiedenen Elementen und machen Sie Ihren Garten zum ultimativen Ort, an den Sie gerne zur\u00fcckkehren. Verspielt, robust, elegant oder dezent? Dieses Set ist so flexibel wie Sie selbst.<\/p>\n","protected":false},"excerpt":{"rendered":"<h3 style=\"font-weight: 400;\">Niedrige Liegeposition, hohe Qualit\u00e4t<\/h3>\n<p style=\"font-weight: 400;\">Lernen Sie die Kota kennen: ein Lounge-Set, das Aluminium und nat\u00fcrliches Teakholz perfekt kombiniert. Kota ist ein niedriger Loungetyp, d.h. der Rahmen, auf dem der Sitz ruht, ist besonders niedrig. Das ist Lounging in der klassischen Form: Entspannen Sie mit Familie und Freunden und genie\u00dfen Sie Ihren Sommerabend von unten nach oben. Das Kota Lounge-Set wird mit gro\u00dfz\u00fcgigen Sitz- und R\u00fcckenkissen aus Quick Dry Foam\u00ae geliefert. Dadurch ist das Set herrlich bequem und nach einem Regenschauer im Handumdrehen wieder trocken. Au\u00dferdem handelt es sich um ein Lounge-Set aus der You Create-Serie. Kota besteht aus mehreren Einzelelementen, die Sie endlos kombinieren k\u00f6nnen. Zwei- oder dreisitzige Sofas, eine Ecke, Beistelltische oder nicht, eine Kombination mit einer Chaiselongue: Sie entscheiden. Kota ist auch als Sofagarnitur mit zwei separaten Sofas und als Daybed erh\u00e4ltlich.<\/p>\n","protected":false},"featured_media":58413,"comment_status":"closed","ping_status":"closed","template":"","meta":{"_acf_changed":false},"product_brand":[],"product_cat":[644,631],"product_tag":[],"material":[],"class_list":{"0":"post-58402","1":"product","2":"type-product","3":"status-publish","4":"has-post-thumbnail","6":"product_cat-lounge-sets","7":"product_cat-you-create","9":"first","10":"instock","11":"shipping-taxable","12":"product-type-simple"},"acf":[],"yoast_head":"<!-- This site is optimized with the Yoast SEO plugin v26.8 - https:\/\/yoast.com\/product\/yoast-seo-wordpress\/ -->\n<title>Entdecken Sie das Kota Lounge Set - rund | SUNS Outdoor Lifestyle<\/title>\n<meta name=\"description\" content=\"Suchen Sie ein stilvolles Kota Lounge-Set? SUNS bietet luxuri\u00f6se Lounge-Sets, die Komfort, Haltbarkeit und modernes Design perfekt miteinander verbinden.\" \/>\n<meta name=\"robots\" content=\"index, follow, max-snippet:-1, max-image-preview:large, max-video-preview:-1\" \/>\n<link rel=\"canonical\" href=\"https:\/\/hello-suns.com\/de\/produkte\/kota-rund\/\" \/>\n<meta property=\"og:locale\" content=\"de_DE\" \/>\n<meta property=\"og:type\" content=\"article\" \/>\n<meta property=\"og:title\" content=\"Entdecken Sie das Kota Lounge Set - rund | SUNS Outdoor Lifestyle\" \/>\n<meta property=\"og:description\" content=\"Suchen Sie ein stilvolles Kota Lounge-Set? SUNS bietet luxuri\u00f6se Lounge-Sets, die Komfort, Haltbarkeit und modernes Design perfekt miteinander verbinden.\" \/>\n<meta property=\"og:url\" content=\"https:\/\/hello-suns.com\/de\/produkte\/kota-rund\/\" \/>\n<meta property=\"og:site_name\" content=\"SUNS\" \/>\n<meta property=\"article:modified_time\" content=\"2026-03-04T08:16:11+00:00\" \/>\n<meta property=\"og:image\" content=\"https:\/\/hello-suns.com\/app\/uploads\/2026\/03\/Kota-rond-SUNS-Loungeset-CS-LTG-Free-25-1-2500.png\" \/>\n\t<meta property=\"og:image:width\" content=\"2500\" \/>\n\t<meta property=\"og:image:height\" content=\"1667\" \/>\n\t<meta property=\"og:image:type\" content=\"image\/png\" \/>\n<meta name=\"twitter:card\" content=\"summary_large_image\" \/>\n<meta name=\"twitter:label1\" content=\"Est. reading time\" \/>\n\t<meta name=\"twitter:data1\" content=\"2 minutes\" \/>\n<script type=\"application\/ld+json\" class=\"yoast-schema-graph\">{\"@context\":\"https:\/\/schema.org\",\"@graph\":[{\"@type\":\"WebPage\",\"@id\":\"https:\/\/hello-suns.com\/de\/produkte\/kota-rund\/\",\"url\":\"https:\/\/hello-suns.com\/de\/produkte\/kota-rund\/\",\"name\":\"Entdecken Sie das Kota Lounge Set - rund | SUNS Outdoor Lifestyle\",\"isPartOf\":{\"@id\":\"https:\/\/hello-suns.com\/de\/#website\"},\"primaryImageOfPage\":{\"@id\":\"https:\/\/hello-suns.com\/de\/produkte\/kota-rund\/#primaryimage\"},\"image\":{\"@id\":\"https:\/\/hello-suns.com\/de\/produkte\/kota-rund\/#primaryimage\"},\"thumbnailUrl\":\"https:\/\/hello-suns.com\/app\/uploads\/2026\/03\/Kota-rond-SUNS-Loungeset-CS-LTG-Free-25-1-2500.png\",\"datePublished\":\"2026-03-04T07:57:10+00:00\",\"dateModified\":\"2026-03-04T08:16:11+00:00\",\"description\":\"Suchen Sie ein stilvolles Kota Lounge-Set? SUNS bietet luxuri\u00f6se Lounge-Sets, die Komfort, Haltbarkeit und modernes Design perfekt miteinander verbinden.\",\"breadcrumb\":{\"@id\":\"https:\/\/hello-suns.com\/de\/produkte\/kota-rund\/#breadcrumb\"},\"inLanguage\":\"de-DE\",\"potentialAction\":[{\"@type\":\"ReadAction\",\"target\":[\"https:\/\/hello-suns.com\/de\/produkte\/kota-rund\/\"]}]},{\"@type\":\"ImageObject\",\"inLanguage\":\"de-DE\",\"@id\":\"https:\/\/hello-suns.com\/de\/produkte\/kota-rund\/#primaryimage\",\"url\":\"https:\/\/hello-suns.com\/app\/uploads\/2026\/03\/Kota-rond-SUNS-Loungeset-CS-LTG-Free-25-1-2500.png\",\"contentUrl\":\"https:\/\/hello-suns.com\/app\/uploads\/2026\/03\/Kota-rond-SUNS-Loungeset-CS-LTG-Free-25-1-2500.png\",\"width\":2500,\"height\":1667},{\"@type\":\"BreadcrumbList\",\"@id\":\"https:\/\/hello-suns.com\/de\/produkte\/kota-rund\/#breadcrumb\",\"itemListElement\":[{\"@type\":\"ListItem\",\"position\":1,\"name\":\"\",\"item\":\"https:\/\/hello-suns.com\/de\/\"},{\"@type\":\"ListItem\",\"position\":2,\"name\":\"Produkte\",\"item\":\"https:\/\/hello-suns.com\/de\/produkte\/\"},{\"@type\":\"ListItem\",\"position\":3,\"name\":\"Kota | rund\"}]},{\"@type\":\"WebSite\",\"@id\":\"https:\/\/hello-suns.com\/de\/#website\",\"url\":\"https:\/\/hello-suns.com\/de\/\",\"name\":\"SUNS\",\"description\":\"Outdoor Lifestyle\",\"potentialAction\":[{\"@type\":\"SearchAction\",\"target\":{\"@type\":\"EntryPoint\",\"urlTemplate\":\"https:\/\/hello-suns.com\/de\/?s={search_term_string}\"},\"query-input\":{\"@type\":\"PropertyValueSpecification\",\"valueRequired\":true,\"valueName\":\"search_term_string\"}}],\"inLanguage\":\"de-DE\"}]}<\/script>\n<!-- \/ Yoast SEO plugin. -->","yoast_head_json":{"title":"Entdecken Sie das Kota Lounge Set - rund | SUNS Outdoor Lifestyle","description":"Suchen Sie ein stilvolles Kota Lounge-Set? SUNS bietet luxuri\u00f6se Lounge-Sets, die Komfort, Haltbarkeit und modernes Design perfekt miteinander verbinden.","robots":{"index":"index","follow":"follow","max-snippet":"max-snippet:-1","max-image-preview":"max-image-preview:large","max-video-preview":"max-video-preview:-1"},"canonical":"https:\/\/hello-suns.com\/de\/produkte\/kota-rund\/","og_locale":"de_DE","og_type":"article","og_title":"Entdecken Sie das Kota Lounge Set - rund | SUNS Outdoor Lifestyle","og_description":"Suchen Sie ein stilvolles Kota Lounge-Set? SUNS bietet luxuri\u00f6se Lounge-Sets, die Komfort, Haltbarkeit und modernes Design perfekt miteinander verbinden.","og_url":"https:\/\/hello-suns.com\/de\/produkte\/kota-rund\/","og_site_name":"SUNS","article_modified_time":"2026-03-04T08:16:11+00:00","og_image":[{"width":2500,"height":1667,"url":"https:\/\/hello-suns.com\/app\/uploads\/2026\/03\/Kota-rond-SUNS-Loungeset-CS-LTG-Free-25-1-2500.png","type":"image\/png"}],"twitter_card":"summary_large_image","twitter_misc":{"Est. reading time":"2 minutes"},"schema":{"@context":"https:\/\/schema.org","@graph":[{"@type":"WebPage","@id":"https:\/\/hello-suns.com\/de\/produkte\/kota-rund\/","url":"https:\/\/hello-suns.com\/de\/produkte\/kota-rund\/","name":"Entdecken Sie das Kota Lounge Set - rund | SUNS Outdoor Lifestyle","isPartOf":{"@id":"https:\/\/hello-suns.com\/de\/#website"},"primaryImageOfPage":{"@id":"https:\/\/hello-suns.com\/de\/produkte\/kota-rund\/#primaryimage"},"image":{"@id":"https:\/\/hello-suns.com\/de\/produkte\/kota-rund\/#primaryimage"},"thumbnailUrl":"https:\/\/hello-suns.com\/app\/uploads\/2026\/03\/Kota-rond-SUNS-Loungeset-CS-LTG-Free-25-1-2500.png","datePublished":"2026-03-04T07:57:10+00:00","dateModified":"2026-03-04T08:16:11+00:00","description":"Suchen Sie ein stilvolles Kota Lounge-Set? SUNS bietet luxuri\u00f6se Lounge-Sets, die Komfort, Haltbarkeit und modernes Design perfekt miteinander verbinden.","breadcrumb":{"@id":"https:\/\/hello-suns.com\/de\/produkte\/kota-rund\/#breadcrumb"},"inLanguage":"de-DE","potentialAction":[{"@type":"ReadAction","target":["https:\/\/hello-suns.com\/de\/produkte\/kota-rund\/"]}]},{"@type":"ImageObject","inLanguage":"de-DE","@id":"https:\/\/hello-suns.com\/de\/produkte\/kota-rund\/#primaryimage","url":"https:\/\/hello-suns.com\/app\/uploads\/2026\/03\/Kota-rond-SUNS-Loungeset-CS-LTG-Free-25-1-2500.png","contentUrl":"https:\/\/hello-suns.com\/app\/uploads\/2026\/03\/Kota-rond-SUNS-Loungeset-CS-LTG-Free-25-1-2500.png","width":2500,"height":1667},{"@type":"BreadcrumbList","@id":"https:\/\/hello-suns.com\/de\/produkte\/kota-rund\/#breadcrumb","itemListElement":[{"@type":"ListItem","position":1,"name":"","item":"https:\/\/hello-suns.com\/de\/"},{"@type":"ListItem","position":2,"name":"Produkte","item":"https:\/\/hello-suns.com\/de\/produkte\/"},{"@type":"ListItem","position":3,"name":"Kota | rund"}]},{"@type":"WebSite","@id":"https:\/\/hello-suns.com\/de\/#website","url":"https:\/\/hello-suns.com\/de\/","name":"SUNS","description":"Outdoor Lifestyle","potentialAction":[{"@type":"SearchAction","target":{"@type":"EntryPoint","urlTemplate":"https:\/\/hello-suns.com\/de\/?s={search_term_string}"},"query-input":{"@type":"PropertyValueSpecification","valueRequired":true,"valueName":"search_term_string"}}],"inLanguage":"de-DE"}]}},"_links":{"self":[{"href":"https:\/\/hello-suns.com\/de\/wp-json\/wp\/v2\/product\/58402","targetHints":{"allow":["GET"]}}],"collection":[{"href":"https:\/\/hello-suns.com\/de\/wp-json\/wp\/v2\/product"}],"about":[{"href":"https:\/\/hello-suns.com\/de\/wp-json\/wp\/v2\/types\/product"}],"replies":[{"embeddable":true,"href":"https:\/\/hello-suns.com\/de\/wp-json\/wp\/v2\/comments?post=58402"}],"wp:featuredmedia":[{"embeddable":true,"href":"https:\/\/hello-suns.com\/de\/wp-json\/wp\/v2\/media\/58413"}],"wp:attachment":[{"href":"https:\/\/hello-suns.com\/de\/wp-json\/wp\/v2\/media?parent=58402"}],"wp:term":[{"taxonomy":"product_brand","embeddable":true,"href":"https:\/\/hello-suns.com\/de\/wp-json\/wp\/v2\/product_brand?post=58402"},{"taxonomy":"product_cat","embeddable":true,"href":"https:\/\/hello-suns.com\/de\/wp-json\/wp\/v2\/product_cat?post=58402"},{"taxonomy":"product_tag","embeddable":true,"href":"https:\/\/hello-suns.com\/de\/wp-json\/wp\/v2\/product_tag?post=58402"},{"taxonomy":"material","embeddable":true,"href":"https:\/\/hello-suns.com\/de\/wp-json\/wp\/v2\/material?post=58402"}],"curies":[{"name":"wp","href":"https:\/\/api.w.org\/{rel}","templated":true}]}}