{"id":58322,"date":"2026-03-03T17:00:14","date_gmt":"2026-03-03T16:00:14","guid":{"rendered":"https:\/\/hello-suns.com\/?post_type=product&#038;p=58322"},"modified":"2026-03-23T13:07:05","modified_gmt":"2026-03-23T12:07:05","slug":"pemba-barsets","status":"publish","type":"product","link":"https:\/\/hello-suns.com\/de\/produkte\/pemba-barsets\/","title":{"rendered":"Pemba"},"content":{"rendered":"<h2 style=\"font-weight: 400;\"><span class=\"TextRun SCXW94607261 BCX4\" lang=\"NL-NL\" xml:lang=\"NL-NL\" data-contrast=\"auto\"><span class=\"NormalTextRun SCXW94607261 BCX4\">Auf Augenh\u00f6he mit dem Abend<\/span><\/span><\/h2>\n<p><span class=\"TextRun SCXW163269764 BCX4\" lang=\"NL-NL\" xml:lang=\"NL-NL\" data-contrast=\"auto\"><span class=\"NormalTextRun SpellingErrorV2Themed SCXW163269764 BCX4\">Pemba<\/span><span class=\"NormalTextRun SCXW163269764 BCX4\"> Niedrige Bar <\/span><span class=\"NormalTextRun SpellingErrorV2Themed SpellingErrorHighlight SCXW163269764 BCX4\">Tabelle<\/span><span class=\"NormalTextRun SCXW163269764 BCX4\"> hebt Ihre Drinks buchst\u00e4blich und atmosph\u00e4risch auf die n\u00e4chste Stufe. Ideal f\u00fcr lange Abende, gemeinsame <\/span><span class=\"NormalTextRun SpellingErrorV2Themed SCXW163269764 BCX4\">bei\u00dft<\/span><span class=\"NormalTextRun SCXW163269764 BCX4\"> und dieses entspannte Gef\u00fchl, wenn der Tag in den Abend \u00fcbergeht.<\/span><\/span><\/p>\n","protected":false},"excerpt":{"rendered":"<h3>Komfort in einer h\u00f6heren Sitzposition<\/h3>\n<p><span data-contrast=\"auto\">Low Bar liegt genau zwischen Ess- und Barh\u00f6he: h\u00f6her als ein Esstisch, niedriger als ein klassischer Bartisch. Die ideale H\u00f6he f\u00fcr entspannte Trinkmomente ohne den Formalismus einer echten Bar. <\/span><\/p>\n<p><span data-contrast=\"auto\">Die optisch schlanke Tischplatte mit einer dezent abgerundeten Kontur verleiht Pemba einen modernen, raffinierten Look. Und da die Beine komplett au\u00dfen liegen, schaffen Sie maximalen Platz um den Tisch herum. Kein zentrales Bein, keine Hindernisse. Daf\u00fcr optimale Freiheit bei der Anordnung der St\u00fchle. <\/span><\/p>\n<p><span data-contrast=\"auto\">Der Pemba Low Bar Table ist in zwei Versionen erh\u00e4ltlich: mit einem Gestell aus Teakholz oder aus Aluminium und einer Platte aus Neolith\u00ae. Zu kombinieren mit den Pemba Low Bar St\u00fchlen sowie mit anderen Low Bar St\u00fchlen aus der SUNS Kollektion. <\/span><\/p>\n","protected":false},"featured_media":58333,"comment_status":"closed","ping_status":"closed","template":"","meta":{"_acf_changed":false},"product_brand":[],"product_cat":[621],"product_tag":[],"material":[],"class_list":{"0":"post-58322","1":"product","2":"type-product","3":"status-publish","4":"has-post-thumbnail","6":"product_cat-bar-sets","8":"first","9":"instock","10":"shipping-taxable","11":"product-type-simple"},"acf":[],"yoast_head":"<!-- This site is optimized with the Yoast SEO plugin v26.8 - https:\/\/yoast.com\/product\/yoast-seo-wordpress\/ -->\n<title>Entdecken Sie Pemba Niedriger Bartisch | SUNS Outdoor Lifestyle<\/title>\n<meta name=\"description\" content=\"Suchen Sie einen stilvollen Pemba niedrigen Bartisch? SUNS bietet robuste Tische mit modernem Design, perfekt f\u00fcr einen eleganten und funktionalen Au\u00dfenbereich.\" \/>\n<meta name=\"robots\" content=\"index, follow, max-snippet:-1, max-image-preview:large, max-video-preview:-1\" \/>\n<link rel=\"canonical\" href=\"https:\/\/hello-suns.com\/de\/produkte\/pemba-barsets\/\" \/>\n<meta property=\"og:locale\" content=\"de_DE\" \/>\n<meta property=\"og:type\" content=\"article\" \/>\n<meta property=\"og:title\" content=\"Entdecken Sie Pemba Niedriger Bartisch | SUNS Outdoor Lifestyle\" \/>\n<meta property=\"og:description\" content=\"Suchen Sie einen stilvollen Pemba niedrigen Bartisch? SUNS bietet robuste Tische mit modernem Design, perfekt f\u00fcr einen eleganten und funktionalen Au\u00dfenbereich.\" \/>\n<meta property=\"og:url\" content=\"https:\/\/hello-suns.com\/de\/produkte\/pemba-barsets\/\" \/>\n<meta property=\"og:site_name\" content=\"SUNS\" \/>\n<meta property=\"article:modified_time\" content=\"2026-03-23T12:07:05+00:00\" \/>\n<meta property=\"og:image\" content=\"https:\/\/hello-suns.com\/app\/uploads\/2026\/03\/Pemba-SUNS-Bartablelow-230-CH-NSG-Free-26-1.png\" \/>\n\t<meta property=\"og:image:width\" content=\"3840\" \/>\n\t<meta property=\"og:image:height\" content=\"2560\" \/>\n\t<meta property=\"og:image:type\" content=\"image\/png\" \/>\n<meta name=\"twitter:card\" content=\"summary_large_image\" \/>\n<meta name=\"twitter:label1\" content=\"Est. reading time\" \/>\n\t<meta name=\"twitter:data1\" content=\"3 minutes\" \/>\n<script type=\"application\/ld+json\" class=\"yoast-schema-graph\">{\"@context\":\"https:\/\/schema.org\",\"@graph\":[{\"@type\":\"WebPage\",\"@id\":\"https:\/\/hello-suns.com\/de\/produkte\/pemba-barsets\/\",\"url\":\"https:\/\/hello-suns.com\/de\/produkte\/pemba-barsets\/\",\"name\":\"Entdecken Sie Pemba Niedriger Bartisch | SUNS Outdoor Lifestyle\",\"isPartOf\":{\"@id\":\"https:\/\/hello-suns.com\/de\/#website\"},\"primaryImageOfPage\":{\"@id\":\"https:\/\/hello-suns.com\/de\/produkte\/pemba-barsets\/#primaryimage\"},\"image\":{\"@id\":\"https:\/\/hello-suns.com\/de\/produkte\/pemba-barsets\/#primaryimage\"},\"thumbnailUrl\":\"https:\/\/hello-suns.com\/app\/uploads\/2026\/03\/Pemba-SUNS-Bartablelow-230-CH-NSG-Free-26-1.png\",\"datePublished\":\"2026-03-03T16:00:14+00:00\",\"dateModified\":\"2026-03-23T12:07:05+00:00\",\"description\":\"Suchen Sie einen stilvollen Pemba niedrigen Bartisch? SUNS bietet robuste Tische mit modernem Design, perfekt f\u00fcr einen eleganten und funktionalen Au\u00dfenbereich.\",\"breadcrumb\":{\"@id\":\"https:\/\/hello-suns.com\/de\/produkte\/pemba-barsets\/#breadcrumb\"},\"inLanguage\":\"de-DE\",\"potentialAction\":[{\"@type\":\"ReadAction\",\"target\":[\"https:\/\/hello-suns.com\/de\/produkte\/pemba-barsets\/\"]}]},{\"@type\":\"ImageObject\",\"inLanguage\":\"de-DE\",\"@id\":\"https:\/\/hello-suns.com\/de\/produkte\/pemba-barsets\/#primaryimage\",\"url\":\"https:\/\/hello-suns.com\/app\/uploads\/2026\/03\/Pemba-SUNS-Bartablelow-230-CH-NSG-Free-26-1.png\",\"contentUrl\":\"https:\/\/hello-suns.com\/app\/uploads\/2026\/03\/Pemba-SUNS-Bartablelow-230-CH-NSG-Free-26-1.png\",\"width\":3840,\"height\":2560},{\"@type\":\"BreadcrumbList\",\"@id\":\"https:\/\/hello-suns.com\/de\/produkte\/pemba-barsets\/#breadcrumb\",\"itemListElement\":[{\"@type\":\"ListItem\",\"position\":1,\"name\":\"\",\"item\":\"https:\/\/hello-suns.com\/de\/\"},{\"@type\":\"ListItem\",\"position\":2,\"name\":\"Produkte\",\"item\":\"https:\/\/hello-suns.com\/de\/produkte\/\"},{\"@type\":\"ListItem\",\"position\":3,\"name\":\"Pemba\"}]},{\"@type\":\"WebSite\",\"@id\":\"https:\/\/hello-suns.com\/de\/#website\",\"url\":\"https:\/\/hello-suns.com\/de\/\",\"name\":\"SUNS\",\"description\":\"Outdoor Lifestyle\",\"potentialAction\":[{\"@type\":\"SearchAction\",\"target\":{\"@type\":\"EntryPoint\",\"urlTemplate\":\"https:\/\/hello-suns.com\/de\/?s={search_term_string}\"},\"query-input\":{\"@type\":\"PropertyValueSpecification\",\"valueRequired\":true,\"valueName\":\"search_term_string\"}}],\"inLanguage\":\"de-DE\"}]}<\/script>\n<!-- \/ Yoast SEO plugin. -->","yoast_head_json":{"title":"Entdecken Sie Pemba Niedriger Bartisch | SUNS Outdoor Lifestyle","description":"Suchen Sie einen stilvollen Pemba niedrigen Bartisch? SUNS bietet robuste Tische mit modernem Design, perfekt f\u00fcr einen eleganten und funktionalen Au\u00dfenbereich.","robots":{"index":"index","follow":"follow","max-snippet":"max-snippet:-1","max-image-preview":"max-image-preview:large","max-video-preview":"max-video-preview:-1"},"canonical":"https:\/\/hello-suns.com\/de\/produkte\/pemba-barsets\/","og_locale":"de_DE","og_type":"article","og_title":"Entdecken Sie Pemba Niedriger Bartisch | SUNS Outdoor Lifestyle","og_description":"Suchen Sie einen stilvollen Pemba niedrigen Bartisch? SUNS bietet robuste Tische mit modernem Design, perfekt f\u00fcr einen eleganten und funktionalen Au\u00dfenbereich.","og_url":"https:\/\/hello-suns.com\/de\/produkte\/pemba-barsets\/","og_site_name":"SUNS","article_modified_time":"2026-03-23T12:07:05+00:00","og_image":[{"width":3840,"height":2560,"url":"https:\/\/hello-suns.com\/app\/uploads\/2026\/03\/Pemba-SUNS-Bartablelow-230-CH-NSG-Free-26-1.png","type":"image\/png"}],"twitter_card":"summary_large_image","twitter_misc":{"Est. reading time":"3 minutes"},"schema":{"@context":"https:\/\/schema.org","@graph":[{"@type":"WebPage","@id":"https:\/\/hello-suns.com\/de\/produkte\/pemba-barsets\/","url":"https:\/\/hello-suns.com\/de\/produkte\/pemba-barsets\/","name":"Entdecken Sie Pemba Niedriger Bartisch | SUNS Outdoor Lifestyle","isPartOf":{"@id":"https:\/\/hello-suns.com\/de\/#website"},"primaryImageOfPage":{"@id":"https:\/\/hello-suns.com\/de\/produkte\/pemba-barsets\/#primaryimage"},"image":{"@id":"https:\/\/hello-suns.com\/de\/produkte\/pemba-barsets\/#primaryimage"},"thumbnailUrl":"https:\/\/hello-suns.com\/app\/uploads\/2026\/03\/Pemba-SUNS-Bartablelow-230-CH-NSG-Free-26-1.png","datePublished":"2026-03-03T16:00:14+00:00","dateModified":"2026-03-23T12:07:05+00:00","description":"Suchen Sie einen stilvollen Pemba niedrigen Bartisch? SUNS bietet robuste Tische mit modernem Design, perfekt f\u00fcr einen eleganten und funktionalen Au\u00dfenbereich.","breadcrumb":{"@id":"https:\/\/hello-suns.com\/de\/produkte\/pemba-barsets\/#breadcrumb"},"inLanguage":"de-DE","potentialAction":[{"@type":"ReadAction","target":["https:\/\/hello-suns.com\/de\/produkte\/pemba-barsets\/"]}]},{"@type":"ImageObject","inLanguage":"de-DE","@id":"https:\/\/hello-suns.com\/de\/produkte\/pemba-barsets\/#primaryimage","url":"https:\/\/hello-suns.com\/app\/uploads\/2026\/03\/Pemba-SUNS-Bartablelow-230-CH-NSG-Free-26-1.png","contentUrl":"https:\/\/hello-suns.com\/app\/uploads\/2026\/03\/Pemba-SUNS-Bartablelow-230-CH-NSG-Free-26-1.png","width":3840,"height":2560},{"@type":"BreadcrumbList","@id":"https:\/\/hello-suns.com\/de\/produkte\/pemba-barsets\/#breadcrumb","itemListElement":[{"@type":"ListItem","position":1,"name":"","item":"https:\/\/hello-suns.com\/de\/"},{"@type":"ListItem","position":2,"name":"Produkte","item":"https:\/\/hello-suns.com\/de\/produkte\/"},{"@type":"ListItem","position":3,"name":"Pemba"}]},{"@type":"WebSite","@id":"https:\/\/hello-suns.com\/de\/#website","url":"https:\/\/hello-suns.com\/de\/","name":"SUNS","description":"Outdoor Lifestyle","potentialAction":[{"@type":"SearchAction","target":{"@type":"EntryPoint","urlTemplate":"https:\/\/hello-suns.com\/de\/?s={search_term_string}"},"query-input":{"@type":"PropertyValueSpecification","valueRequired":true,"valueName":"search_term_string"}}],"inLanguage":"de-DE"}]}},"_links":{"self":[{"href":"https:\/\/hello-suns.com\/de\/wp-json\/wp\/v2\/product\/58322","targetHints":{"allow":["GET"]}}],"collection":[{"href":"https:\/\/hello-suns.com\/de\/wp-json\/wp\/v2\/product"}],"about":[{"href":"https:\/\/hello-suns.com\/de\/wp-json\/wp\/v2\/types\/product"}],"replies":[{"embeddable":true,"href":"https:\/\/hello-suns.com\/de\/wp-json\/wp\/v2\/comments?post=58322"}],"wp:featuredmedia":[{"embeddable":true,"href":"https:\/\/hello-suns.com\/de\/wp-json\/wp\/v2\/media\/58333"}],"wp:attachment":[{"href":"https:\/\/hello-suns.com\/de\/wp-json\/wp\/v2\/media?parent=58322"}],"wp:term":[{"taxonomy":"product_brand","embeddable":true,"href":"https:\/\/hello-suns.com\/de\/wp-json\/wp\/v2\/product_brand?post=58322"},{"taxonomy":"product_cat","embeddable":true,"href":"https:\/\/hello-suns.com\/de\/wp-json\/wp\/v2\/product_cat?post=58322"},{"taxonomy":"product_tag","embeddable":true,"href":"https:\/\/hello-suns.com\/de\/wp-json\/wp\/v2\/product_tag?post=58322"},{"taxonomy":"material","embeddable":true,"href":"https:\/\/hello-suns.com\/de\/wp-json\/wp\/v2\/material?post=58322"}],"curies":[{"name":"wp","href":"https:\/\/api.w.org\/{rel}","templated":true}]}}