{"id":58228,"date":"2026-03-03T15:01:00","date_gmt":"2026-03-03T14:01:00","guid":{"rendered":"https:\/\/hello-suns.com\/?post_type=product&#038;p=58228"},"modified":"2026-03-18T16:08:39","modified_gmt":"2026-03-18T15:08:39","slug":"luna-kopie","status":"publish","type":"product","link":"https:\/\/hello-suns.com\/de\/produkte\/luna-kopie\/","title":{"rendered":"Luna"},"content":{"rendered":"<h2 style=\"font-weight: 400;\"><span class=\"TextRun SCXW56963375 BCX4\" lang=\"NL-NL\" xml:lang=\"NL-NL\" data-contrast=\"auto\"><span class=\"NormalTextRun SCXW56963375 BCX4\">Glas, das die Stimmung bestimmt <\/span><\/span><\/h2>\n<p><span class=\"TextRun SCXW196636782 BCX4\" lang=\"NL-NL\" xml:lang=\"NL-NL\" data-contrast=\"auto\"><span class=\"NormalTextRun SCXW196636782 BCX4\">Eine Lampe f\u00fcr jeden Moment. Luna spendet warmes Licht und macht jede Umgebung noch ein bisschen sch\u00f6ner. <\/span><\/span><\/p>\n","protected":false},"excerpt":{"rendered":"<h3>Kabelloser Komfort<\/h3>\n<p><span data-contrast=\"none\">Luna wird mit Solarenergie betrieben und bietet bis zu 18 Stunden warmes Licht. Das Aufladen \u00fcber Sonnenlicht erfolgt automatisch, aber auch das Aufladen \u00fcber einen USB-C-Anschluss ist m\u00f6glich. So haben Sie immer Licht, wo und wann immer Sie es brauchen. <\/span> Die charakteristische Bauernform bietet eine stabile Basis und eine erkennbare Silhouette, die auf der Terrasse, der Veranda oder im Garten gro\u00dfartig aussieht. <span data-contrast=\"none\">Eden ist in drei Lichtmodi schaltbar und leicht zu bewegen. Kombinieren Sie verschiedene Gr\u00f6\u00dfen f\u00fcr ein verspieltes und vielschichtiges Lichtspiel. <\/span><\/p>\n<p><b><span data-contrast=\"none\">Lichtintensit\u00e4t und Brenndauer<\/span><\/b><br \/>\n<span data-contrast=\"none\">Drei Schaltpositionen: 30% | 50% | 100% Lichtintensit\u00e4t<\/span><br \/>\n<span data-contrast=\"none\">Kann auch automatisch umschalten.<\/span><\/p>\n<p><span data-contrast=\"none\">Brenndauer nach 5 Stunden Laden in direktem Sonnenlicht:<\/span><br \/>\n<span data-contrast=\"none\">Einstellung 1 &#8211; Lichtintensit\u00e4t 30% | 10 Stunden<\/span><br \/>\n<span data-contrast=\"none\">Einstellung 2 &#8211; Lichtintensit\u00e4t 50% | 8 Stunden<\/span><br \/>\n<span data-contrast=\"none\">Einstellung 3 &#8211; Lichtintensit\u00e4t 100% | 5 Stunden<\/span><\/p>\n<p><span data-contrast=\"none\">Brenndauer nach vollst\u00e4ndiger Aufladung mit dem USB-C-Kabel:<\/span><br \/>\n<span data-contrast=\"none\">Einstellung 1 &#8211; Lichtintensit\u00e4t 30% | 18 Stunden<\/span><br \/>\n<span data-contrast=\"none\">Einstellung 2 &#8211; Lichtintensit\u00e4t 50% | 12 Stunden<\/span><br \/>\n<span data-contrast=\"none\">Einstellung 3 &#8211; Lichtintensit\u00e4t 100% | 7 Stunden<\/span><\/p>\n<p>&nbsp;<\/p>\n","protected":false},"featured_media":58221,"comment_status":"closed","ping_status":"closed","template":"","meta":{"_acf_changed":false},"product_brand":[],"product_cat":[626,638],"product_tag":[],"material":[],"class_list":{"0":"post-58228","1":"product","2":"type-product","3":"status-publish","4":"has-post-thumbnail","6":"product_cat-styling-de","7":"product_cat-lampen-de","9":"first","10":"instock","11":"shipping-taxable","12":"product-type-simple"},"acf":[],"yoast_head":"<!-- This site is optimized with the Yoast SEO plugin v26.8 - https:\/\/yoast.com\/product\/yoast-seo-wordpress\/ -->\n<title>Entdecken Sie Luna Au\u00dfenlampe | SUNS Outdoor Lifestyle<\/title>\n<meta name=\"description\" content=\"Suchen Sie nach einer stilvollen Luna Au\u00dfenlampe? SUNS bietet moderne und langlebige Au\u00dfenlampen, die Ambiente und zeitgen\u00f6ssisches Design f\u00fcr jeden Garten perfekt kombinieren.\" \/>\n<meta name=\"robots\" content=\"index, follow, max-snippet:-1, max-image-preview:large, max-video-preview:-1\" \/>\n<link rel=\"canonical\" href=\"https:\/\/hello-suns.com\/de\/produkte\/luna-kopie\/\" \/>\n<meta property=\"og:locale\" content=\"de_DE\" \/>\n<meta property=\"og:type\" content=\"article\" \/>\n<meta property=\"og:title\" content=\"Entdecken Sie Luna Au\u00dfenlampe | SUNS Outdoor Lifestyle\" \/>\n<meta property=\"og:description\" content=\"Suchen Sie nach einer stilvollen Luna Au\u00dfenlampe? SUNS bietet moderne und langlebige Au\u00dfenlampen, die Ambiente und zeitgen\u00f6ssisches Design f\u00fcr jeden Garten perfekt kombinieren.\" \/>\n<meta property=\"og:url\" content=\"https:\/\/hello-suns.com\/de\/produkte\/luna-kopie\/\" \/>\n<meta property=\"og:site_name\" content=\"SUNS\" \/>\n<meta property=\"article:modified_time\" content=\"2026-03-18T15:08:39+00:00\" \/>\n<meta property=\"og:image\" content=\"https:\/\/hello-suns.com\/app\/uploads\/2026\/03\/Luna-SUNS-CS-GBZ-Free-26-2-2500.png\" \/>\n\t<meta property=\"og:image:width\" content=\"3240\" \/>\n\t<meta property=\"og:image:height\" content=\"2160\" \/>\n\t<meta property=\"og:image:type\" content=\"image\/png\" \/>\n<meta name=\"twitter:card\" content=\"summary_large_image\" \/>\n<meta name=\"twitter:label1\" content=\"Est. reading time\" \/>\n\t<meta name=\"twitter:data1\" content=\"3 minutes\" \/>\n<script type=\"application\/ld+json\" class=\"yoast-schema-graph\">{\"@context\":\"https:\/\/schema.org\",\"@graph\":[{\"@type\":\"WebPage\",\"@id\":\"https:\/\/hello-suns.com\/de\/produkte\/luna-kopie\/\",\"url\":\"https:\/\/hello-suns.com\/de\/produkte\/luna-kopie\/\",\"name\":\"Entdecken Sie Luna Au\u00dfenlampe | SUNS Outdoor Lifestyle\",\"isPartOf\":{\"@id\":\"https:\/\/hello-suns.com\/de\/#website\"},\"primaryImageOfPage\":{\"@id\":\"https:\/\/hello-suns.com\/de\/produkte\/luna-kopie\/#primaryimage\"},\"image\":{\"@id\":\"https:\/\/hello-suns.com\/de\/produkte\/luna-kopie\/#primaryimage\"},\"thumbnailUrl\":\"https:\/\/hello-suns.com\/app\/uploads\/2026\/03\/Luna-SUNS-CS-GBZ-Free-26-2-2500.png\",\"datePublished\":\"2026-03-03T14:01:00+00:00\",\"dateModified\":\"2026-03-18T15:08:39+00:00\",\"description\":\"Suchen Sie nach einer stilvollen Luna Au\u00dfenlampe? SUNS bietet moderne und langlebige Au\u00dfenlampen, die Ambiente und zeitgen\u00f6ssisches Design f\u00fcr jeden Garten perfekt kombinieren.\",\"breadcrumb\":{\"@id\":\"https:\/\/hello-suns.com\/de\/produkte\/luna-kopie\/#breadcrumb\"},\"inLanguage\":\"de-DE\",\"potentialAction\":[{\"@type\":\"ReadAction\",\"target\":[\"https:\/\/hello-suns.com\/de\/produkte\/luna-kopie\/\"]}]},{\"@type\":\"ImageObject\",\"inLanguage\":\"de-DE\",\"@id\":\"https:\/\/hello-suns.com\/de\/produkte\/luna-kopie\/#primaryimage\",\"url\":\"https:\/\/hello-suns.com\/app\/uploads\/2026\/03\/Luna-SUNS-CS-GBZ-Free-26-2-2500.png\",\"contentUrl\":\"https:\/\/hello-suns.com\/app\/uploads\/2026\/03\/Luna-SUNS-CS-GBZ-Free-26-2-2500.png\",\"width\":3240,\"height\":2160},{\"@type\":\"BreadcrumbList\",\"@id\":\"https:\/\/hello-suns.com\/de\/produkte\/luna-kopie\/#breadcrumb\",\"itemListElement\":[{\"@type\":\"ListItem\",\"position\":1,\"name\":\"\",\"item\":\"https:\/\/hello-suns.com\/de\/\"},{\"@type\":\"ListItem\",\"position\":2,\"name\":\"Produkte\",\"item\":\"https:\/\/hello-suns.com\/de\/produkte\/\"},{\"@type\":\"ListItem\",\"position\":3,\"name\":\"Luna\"}]},{\"@type\":\"WebSite\",\"@id\":\"https:\/\/hello-suns.com\/de\/#website\",\"url\":\"https:\/\/hello-suns.com\/de\/\",\"name\":\"SUNS\",\"description\":\"Outdoor Lifestyle\",\"potentialAction\":[{\"@type\":\"SearchAction\",\"target\":{\"@type\":\"EntryPoint\",\"urlTemplate\":\"https:\/\/hello-suns.com\/de\/?s={search_term_string}\"},\"query-input\":{\"@type\":\"PropertyValueSpecification\",\"valueRequired\":true,\"valueName\":\"search_term_string\"}}],\"inLanguage\":\"de-DE\"}]}<\/script>\n<!-- \/ Yoast SEO plugin. -->","yoast_head_json":{"title":"Entdecken Sie Luna Au\u00dfenlampe | SUNS Outdoor Lifestyle","description":"Suchen Sie nach einer stilvollen Luna Au\u00dfenlampe? SUNS bietet moderne und langlebige Au\u00dfenlampen, die Ambiente und zeitgen\u00f6ssisches Design f\u00fcr jeden Garten perfekt kombinieren.","robots":{"index":"index","follow":"follow","max-snippet":"max-snippet:-1","max-image-preview":"max-image-preview:large","max-video-preview":"max-video-preview:-1"},"canonical":"https:\/\/hello-suns.com\/de\/produkte\/luna-kopie\/","og_locale":"de_DE","og_type":"article","og_title":"Entdecken Sie Luna Au\u00dfenlampe | SUNS Outdoor Lifestyle","og_description":"Suchen Sie nach einer stilvollen Luna Au\u00dfenlampe? SUNS bietet moderne und langlebige Au\u00dfenlampen, die Ambiente und zeitgen\u00f6ssisches Design f\u00fcr jeden Garten perfekt kombinieren.","og_url":"https:\/\/hello-suns.com\/de\/produkte\/luna-kopie\/","og_site_name":"SUNS","article_modified_time":"2026-03-18T15:08:39+00:00","og_image":[{"width":3240,"height":2160,"url":"https:\/\/hello-suns.com\/app\/uploads\/2026\/03\/Luna-SUNS-CS-GBZ-Free-26-2-2500.png","type":"image\/png"}],"twitter_card":"summary_large_image","twitter_misc":{"Est. reading time":"3 minutes"},"schema":{"@context":"https:\/\/schema.org","@graph":[{"@type":"WebPage","@id":"https:\/\/hello-suns.com\/de\/produkte\/luna-kopie\/","url":"https:\/\/hello-suns.com\/de\/produkte\/luna-kopie\/","name":"Entdecken Sie Luna Au\u00dfenlampe | SUNS Outdoor Lifestyle","isPartOf":{"@id":"https:\/\/hello-suns.com\/de\/#website"},"primaryImageOfPage":{"@id":"https:\/\/hello-suns.com\/de\/produkte\/luna-kopie\/#primaryimage"},"image":{"@id":"https:\/\/hello-suns.com\/de\/produkte\/luna-kopie\/#primaryimage"},"thumbnailUrl":"https:\/\/hello-suns.com\/app\/uploads\/2026\/03\/Luna-SUNS-CS-GBZ-Free-26-2-2500.png","datePublished":"2026-03-03T14:01:00+00:00","dateModified":"2026-03-18T15:08:39+00:00","description":"Suchen Sie nach einer stilvollen Luna Au\u00dfenlampe? SUNS bietet moderne und langlebige Au\u00dfenlampen, die Ambiente und zeitgen\u00f6ssisches Design f\u00fcr jeden Garten perfekt kombinieren.","breadcrumb":{"@id":"https:\/\/hello-suns.com\/de\/produkte\/luna-kopie\/#breadcrumb"},"inLanguage":"de-DE","potentialAction":[{"@type":"ReadAction","target":["https:\/\/hello-suns.com\/de\/produkte\/luna-kopie\/"]}]},{"@type":"ImageObject","inLanguage":"de-DE","@id":"https:\/\/hello-suns.com\/de\/produkte\/luna-kopie\/#primaryimage","url":"https:\/\/hello-suns.com\/app\/uploads\/2026\/03\/Luna-SUNS-CS-GBZ-Free-26-2-2500.png","contentUrl":"https:\/\/hello-suns.com\/app\/uploads\/2026\/03\/Luna-SUNS-CS-GBZ-Free-26-2-2500.png","width":3240,"height":2160},{"@type":"BreadcrumbList","@id":"https:\/\/hello-suns.com\/de\/produkte\/luna-kopie\/#breadcrumb","itemListElement":[{"@type":"ListItem","position":1,"name":"","item":"https:\/\/hello-suns.com\/de\/"},{"@type":"ListItem","position":2,"name":"Produkte","item":"https:\/\/hello-suns.com\/de\/produkte\/"},{"@type":"ListItem","position":3,"name":"Luna"}]},{"@type":"WebSite","@id":"https:\/\/hello-suns.com\/de\/#website","url":"https:\/\/hello-suns.com\/de\/","name":"SUNS","description":"Outdoor Lifestyle","potentialAction":[{"@type":"SearchAction","target":{"@type":"EntryPoint","urlTemplate":"https:\/\/hello-suns.com\/de\/?s={search_term_string}"},"query-input":{"@type":"PropertyValueSpecification","valueRequired":true,"valueName":"search_term_string"}}],"inLanguage":"de-DE"}]}},"_links":{"self":[{"href":"https:\/\/hello-suns.com\/de\/wp-json\/wp\/v2\/product\/58228","targetHints":{"allow":["GET"]}}],"collection":[{"href":"https:\/\/hello-suns.com\/de\/wp-json\/wp\/v2\/product"}],"about":[{"href":"https:\/\/hello-suns.com\/de\/wp-json\/wp\/v2\/types\/product"}],"replies":[{"embeddable":true,"href":"https:\/\/hello-suns.com\/de\/wp-json\/wp\/v2\/comments?post=58228"}],"wp:featuredmedia":[{"embeddable":true,"href":"https:\/\/hello-suns.com\/de\/wp-json\/wp\/v2\/media\/58221"}],"wp:attachment":[{"href":"https:\/\/hello-suns.com\/de\/wp-json\/wp\/v2\/media?parent=58228"}],"wp:term":[{"taxonomy":"product_brand","embeddable":true,"href":"https:\/\/hello-suns.com\/de\/wp-json\/wp\/v2\/product_brand?post=58228"},{"taxonomy":"product_cat","embeddable":true,"href":"https:\/\/hello-suns.com\/de\/wp-json\/wp\/v2\/product_cat?post=58228"},{"taxonomy":"product_tag","embeddable":true,"href":"https:\/\/hello-suns.com\/de\/wp-json\/wp\/v2\/product_tag?post=58228"},{"taxonomy":"material","embeddable":true,"href":"https:\/\/hello-suns.com\/de\/wp-json\/wp\/v2\/material?post=58228"}],"curies":[{"name":"wp","href":"https:\/\/api.w.org\/{rel}","templated":true}]}}