{"id":58183,"date":"2026-03-03T11:16:54","date_gmt":"2026-03-03T10:16:54","guid":{"rendered":"https:\/\/hello-suns.com\/?post_type=product&#038;p=58183"},"modified":"2026-03-04T08:49:27","modified_gmt":"2026-03-04T07:49:27","slug":"fiave-low-bar-chair","status":"publish","type":"product","link":"https:\/\/hello-suns.com\/de\/produkte\/fiave-low-bar-chair\/","title":{"rendered":"Fiav\u00e8"},"content":{"rendered":"<h2 style=\"font-weight: 400;\">H\u00f6her sitzen, entspannt bleiben<\/h2>\n<p style=\"font-weight: 400;\">Der niedrige Barstuhl hebt den Komfort von Fiav\u00e8 auf die n\u00e4chste Stufe. Ideal f\u00fcr lange Sommerabende an einer Bar oder einem Stehtisch.<\/p>\n","protected":false},"excerpt":{"rendered":"<h3 style=\"font-weight: 400;\">Komfort in Barh\u00f6he<\/h3>\n<p style=\"font-weight: 400;\">Der niedrige Barstuhl kombiniert das entspannte Sitzen einer Lounge mit der Funktionalit\u00e4t eines Barstuhls. Etwas h\u00f6her, aber mit den gleichen gro\u00dfz\u00fcgigen Polstern und der st\u00fctzenden R\u00fcckenlehne, die zum Sitzenbleiben einladen. Perfekt f\u00fcr informelle Drinks, einen ausgedehnten Aperitif oder einen langen Abend mit Drinks nach dem Essen.<\/p>\n<p style=\"font-weight: 400;\">Das markante durchgehende Rohr bildet auch hier das elegante Gestell. Das subtil geflochtene Seilwerk verleiht dem Stuhl seine erkennbare Textur und sorgt f\u00fcr ein luftiges Gef\u00fchl. Die integrierte Fu\u00dfst\u00fctze bietet zus\u00e4tzlichen Komfort und Stabilit\u00e4t, so dass der Stuhl nicht nur sch\u00f6n aussieht, sondern auch praktisch zu benutzen ist. Wie die anderen Produkte der Fiave-Serie ist auch der niedrige Barstuhl aus robustem Aluminium gefertigt. Er ist leicht und pflegeleicht, so dass er Saison f\u00fcr Saison drau\u00dfen bleiben kann. Kombinieren Sie ihn mit einem SUNS Bar-Tisch oder stimmen Sie ihn mit den anderen Elementen der Serie ab. So entsteht ein Au\u00dfenbereich, in dem Lounge, Essbereich und Bar nahtlos ineinander \u00fcbergehen.<\/p>\n","protected":false},"featured_media":58188,"comment_status":"closed","ping_status":"closed","template":"","meta":{"_acf_changed":false},"product_brand":[],"product_cat":[621],"product_tag":[],"material":[],"class_list":{"0":"post-58183","1":"product","2":"type-product","3":"status-publish","4":"has-post-thumbnail","6":"product_cat-bar-sets","8":"first","9":"instock","10":"shipping-taxable","11":"product-type-simple"},"acf":[],"yoast_head":"<!-- This site is optimized with the Yoast SEO plugin v26.8 - https:\/\/yoast.com\/product\/yoast-seo-wordpress\/ -->\n<title>Entdecken Sie den niedrigen Barhocker Fiav\u00e8 | SUNS Outdoor Lifestyle<\/title>\n<meta name=\"description\" content=\"Sie suchen einen Fiav\u00e8 niedrigen Barhocker? SUNS bietet hochwertige Fiav\u00e8 Barst\u00fchle an, die Haltbarkeit und Design perfekt f\u00fcr einen modernen Au\u00dfenbereich kombinieren.\" \/>\n<meta name=\"robots\" content=\"index, follow, max-snippet:-1, max-image-preview:large, max-video-preview:-1\" \/>\n<link rel=\"canonical\" href=\"https:\/\/hello-suns.com\/de\/produkte\/fiave-low-bar-chair\/\" \/>\n<meta property=\"og:locale\" content=\"de_DE\" \/>\n<meta property=\"og:type\" content=\"article\" \/>\n<meta property=\"og:title\" content=\"Entdecken Sie den niedrigen Barhocker Fiav\u00e8 | SUNS Outdoor Lifestyle\" \/>\n<meta property=\"og:description\" content=\"Sie suchen einen Fiav\u00e8 niedrigen Barhocker? SUNS bietet hochwertige Fiav\u00e8 Barst\u00fchle an, die Haltbarkeit und Design perfekt f\u00fcr einen modernen Au\u00dfenbereich kombinieren.\" \/>\n<meta property=\"og:url\" content=\"https:\/\/hello-suns.com\/de\/produkte\/fiave-low-bar-chair\/\" \/>\n<meta property=\"og:site_name\" content=\"SUNS\" \/>\n<meta property=\"article:modified_time\" content=\"2026-03-04T07:49:27+00:00\" \/>\n<meta property=\"og:image\" content=\"https:\/\/hello-suns.com\/app\/uploads\/2026\/03\/Fiave-SUNS-LowBarChair-CS-MR-BB-Free-26.png\" \/>\n\t<meta property=\"og:image:width\" content=\"3240\" \/>\n\t<meta property=\"og:image:height\" content=\"2160\" \/>\n\t<meta property=\"og:image:type\" content=\"image\/png\" \/>\n<meta name=\"twitter:card\" content=\"summary_large_image\" \/>\n<meta name=\"twitter:label1\" content=\"Est. reading time\" \/>\n\t<meta name=\"twitter:data1\" content=\"3 minutes\" \/>\n<script type=\"application\/ld+json\" class=\"yoast-schema-graph\">{\"@context\":\"https:\/\/schema.org\",\"@graph\":[{\"@type\":\"WebPage\",\"@id\":\"https:\/\/hello-suns.com\/de\/produkte\/fiave-low-bar-chair\/\",\"url\":\"https:\/\/hello-suns.com\/de\/produkte\/fiave-low-bar-chair\/\",\"name\":\"Entdecken Sie den niedrigen Barhocker Fiav\u00e8 | SUNS Outdoor Lifestyle\",\"isPartOf\":{\"@id\":\"https:\/\/hello-suns.com\/de\/#website\"},\"primaryImageOfPage\":{\"@id\":\"https:\/\/hello-suns.com\/de\/produkte\/fiave-low-bar-chair\/#primaryimage\"},\"image\":{\"@id\":\"https:\/\/hello-suns.com\/de\/produkte\/fiave-low-bar-chair\/#primaryimage\"},\"thumbnailUrl\":\"https:\/\/hello-suns.com\/app\/uploads\/2026\/03\/Fiave-SUNS-LowBarChair-CS-MR-BB-Free-26.png\",\"datePublished\":\"2026-03-03T10:16:54+00:00\",\"dateModified\":\"2026-03-04T07:49:27+00:00\",\"description\":\"Sie suchen einen Fiav\u00e8 niedrigen Barhocker? SUNS bietet hochwertige Fiav\u00e8 Barst\u00fchle an, die Haltbarkeit und Design perfekt f\u00fcr einen modernen Au\u00dfenbereich kombinieren.\",\"breadcrumb\":{\"@id\":\"https:\/\/hello-suns.com\/de\/produkte\/fiave-low-bar-chair\/#breadcrumb\"},\"inLanguage\":\"de-DE\",\"potentialAction\":[{\"@type\":\"ReadAction\",\"target\":[\"https:\/\/hello-suns.com\/de\/produkte\/fiave-low-bar-chair\/\"]}]},{\"@type\":\"ImageObject\",\"inLanguage\":\"de-DE\",\"@id\":\"https:\/\/hello-suns.com\/de\/produkte\/fiave-low-bar-chair\/#primaryimage\",\"url\":\"https:\/\/hello-suns.com\/app\/uploads\/2026\/03\/Fiave-SUNS-LowBarChair-CS-MR-BB-Free-26.png\",\"contentUrl\":\"https:\/\/hello-suns.com\/app\/uploads\/2026\/03\/Fiave-SUNS-LowBarChair-CS-MR-BB-Free-26.png\",\"width\":3240,\"height\":2160},{\"@type\":\"BreadcrumbList\",\"@id\":\"https:\/\/hello-suns.com\/de\/produkte\/fiave-low-bar-chair\/#breadcrumb\",\"itemListElement\":[{\"@type\":\"ListItem\",\"position\":1,\"name\":\"\",\"item\":\"https:\/\/hello-suns.com\/de\/\"},{\"@type\":\"ListItem\",\"position\":2,\"name\":\"Produkte\",\"item\":\"https:\/\/hello-suns.com\/de\/produkte\/\"},{\"@type\":\"ListItem\",\"position\":3,\"name\":\"Fiav\u00e8\"}]},{\"@type\":\"WebSite\",\"@id\":\"https:\/\/hello-suns.com\/de\/#website\",\"url\":\"https:\/\/hello-suns.com\/de\/\",\"name\":\"SUNS\",\"description\":\"Outdoor Lifestyle\",\"potentialAction\":[{\"@type\":\"SearchAction\",\"target\":{\"@type\":\"EntryPoint\",\"urlTemplate\":\"https:\/\/hello-suns.com\/de\/?s={search_term_string}\"},\"query-input\":{\"@type\":\"PropertyValueSpecification\",\"valueRequired\":true,\"valueName\":\"search_term_string\"}}],\"inLanguage\":\"de-DE\"}]}<\/script>\n<!-- \/ Yoast SEO plugin. -->","yoast_head_json":{"title":"Entdecken Sie den niedrigen Barhocker Fiav\u00e8 | SUNS Outdoor Lifestyle","description":"Sie suchen einen Fiav\u00e8 niedrigen Barhocker? SUNS bietet hochwertige Fiav\u00e8 Barst\u00fchle an, die Haltbarkeit und Design perfekt f\u00fcr einen modernen Au\u00dfenbereich kombinieren.","robots":{"index":"index","follow":"follow","max-snippet":"max-snippet:-1","max-image-preview":"max-image-preview:large","max-video-preview":"max-video-preview:-1"},"canonical":"https:\/\/hello-suns.com\/de\/produkte\/fiave-low-bar-chair\/","og_locale":"de_DE","og_type":"article","og_title":"Entdecken Sie den niedrigen Barhocker Fiav\u00e8 | SUNS Outdoor Lifestyle","og_description":"Sie suchen einen Fiav\u00e8 niedrigen Barhocker? SUNS bietet hochwertige Fiav\u00e8 Barst\u00fchle an, die Haltbarkeit und Design perfekt f\u00fcr einen modernen Au\u00dfenbereich kombinieren.","og_url":"https:\/\/hello-suns.com\/de\/produkte\/fiave-low-bar-chair\/","og_site_name":"SUNS","article_modified_time":"2026-03-04T07:49:27+00:00","og_image":[{"width":3240,"height":2160,"url":"https:\/\/hello-suns.com\/app\/uploads\/2026\/03\/Fiave-SUNS-LowBarChair-CS-MR-BB-Free-26.png","type":"image\/png"}],"twitter_card":"summary_large_image","twitter_misc":{"Est. reading time":"3 minutes"},"schema":{"@context":"https:\/\/schema.org","@graph":[{"@type":"WebPage","@id":"https:\/\/hello-suns.com\/de\/produkte\/fiave-low-bar-chair\/","url":"https:\/\/hello-suns.com\/de\/produkte\/fiave-low-bar-chair\/","name":"Entdecken Sie den niedrigen Barhocker Fiav\u00e8 | SUNS Outdoor Lifestyle","isPartOf":{"@id":"https:\/\/hello-suns.com\/de\/#website"},"primaryImageOfPage":{"@id":"https:\/\/hello-suns.com\/de\/produkte\/fiave-low-bar-chair\/#primaryimage"},"image":{"@id":"https:\/\/hello-suns.com\/de\/produkte\/fiave-low-bar-chair\/#primaryimage"},"thumbnailUrl":"https:\/\/hello-suns.com\/app\/uploads\/2026\/03\/Fiave-SUNS-LowBarChair-CS-MR-BB-Free-26.png","datePublished":"2026-03-03T10:16:54+00:00","dateModified":"2026-03-04T07:49:27+00:00","description":"Sie suchen einen Fiav\u00e8 niedrigen Barhocker? SUNS bietet hochwertige Fiav\u00e8 Barst\u00fchle an, die Haltbarkeit und Design perfekt f\u00fcr einen modernen Au\u00dfenbereich kombinieren.","breadcrumb":{"@id":"https:\/\/hello-suns.com\/de\/produkte\/fiave-low-bar-chair\/#breadcrumb"},"inLanguage":"de-DE","potentialAction":[{"@type":"ReadAction","target":["https:\/\/hello-suns.com\/de\/produkte\/fiave-low-bar-chair\/"]}]},{"@type":"ImageObject","inLanguage":"de-DE","@id":"https:\/\/hello-suns.com\/de\/produkte\/fiave-low-bar-chair\/#primaryimage","url":"https:\/\/hello-suns.com\/app\/uploads\/2026\/03\/Fiave-SUNS-LowBarChair-CS-MR-BB-Free-26.png","contentUrl":"https:\/\/hello-suns.com\/app\/uploads\/2026\/03\/Fiave-SUNS-LowBarChair-CS-MR-BB-Free-26.png","width":3240,"height":2160},{"@type":"BreadcrumbList","@id":"https:\/\/hello-suns.com\/de\/produkte\/fiave-low-bar-chair\/#breadcrumb","itemListElement":[{"@type":"ListItem","position":1,"name":"","item":"https:\/\/hello-suns.com\/de\/"},{"@type":"ListItem","position":2,"name":"Produkte","item":"https:\/\/hello-suns.com\/de\/produkte\/"},{"@type":"ListItem","position":3,"name":"Fiav\u00e8"}]},{"@type":"WebSite","@id":"https:\/\/hello-suns.com\/de\/#website","url":"https:\/\/hello-suns.com\/de\/","name":"SUNS","description":"Outdoor Lifestyle","potentialAction":[{"@type":"SearchAction","target":{"@type":"EntryPoint","urlTemplate":"https:\/\/hello-suns.com\/de\/?s={search_term_string}"},"query-input":{"@type":"PropertyValueSpecification","valueRequired":true,"valueName":"search_term_string"}}],"inLanguage":"de-DE"}]}},"_links":{"self":[{"href":"https:\/\/hello-suns.com\/de\/wp-json\/wp\/v2\/product\/58183","targetHints":{"allow":["GET"]}}],"collection":[{"href":"https:\/\/hello-suns.com\/de\/wp-json\/wp\/v2\/product"}],"about":[{"href":"https:\/\/hello-suns.com\/de\/wp-json\/wp\/v2\/types\/product"}],"replies":[{"embeddable":true,"href":"https:\/\/hello-suns.com\/de\/wp-json\/wp\/v2\/comments?post=58183"}],"wp:featuredmedia":[{"embeddable":true,"href":"https:\/\/hello-suns.com\/de\/wp-json\/wp\/v2\/media\/58188"}],"wp:attachment":[{"href":"https:\/\/hello-suns.com\/de\/wp-json\/wp\/v2\/media?parent=58183"}],"wp:term":[{"taxonomy":"product_brand","embeddable":true,"href":"https:\/\/hello-suns.com\/de\/wp-json\/wp\/v2\/product_brand?post=58183"},{"taxonomy":"product_cat","embeddable":true,"href":"https:\/\/hello-suns.com\/de\/wp-json\/wp\/v2\/product_cat?post=58183"},{"taxonomy":"product_tag","embeddable":true,"href":"https:\/\/hello-suns.com\/de\/wp-json\/wp\/v2\/product_tag?post=58183"},{"taxonomy":"material","embeddable":true,"href":"https:\/\/hello-suns.com\/de\/wp-json\/wp\/v2\/material?post=58183"}],"curies":[{"name":"wp","href":"https:\/\/api.w.org\/{rel}","templated":true}]}}