{"id":57770,"date":"2026-03-02T15:56:28","date_gmt":"2026-03-02T14:56:28","guid":{"rendered":"https:\/\/hello-suns.com\/?post_type=product&#038;p=57770"},"modified":"2026-03-02T16:37:10","modified_gmt":"2026-03-02T15:37:10","slug":"casto-niedrige-esszimmerstuehle","status":"publish","type":"product","link":"https:\/\/hello-suns.com\/de\/produkte\/casto-niedrige-esszimmerstuehle\/","title":{"rendered":"Casto"},"content":{"rendered":"<h2 style=\"font-weight: 400;\">Entspanntes Essen mit Stil<\/h2>\n<p style=\"font-weight: 400;\">Der niedrige Casto Esszimmerstuhl kombiniert den luxuri\u00f6sen Komfort des Loungesitzes mit der Gem\u00fctlichkeit des gemeinsamen Essens. Die niedrige Sitzh\u00f6he schafft eine entspannte Atmosph\u00e4re &#8211; perfekt f\u00fcr lange, laue Abende am Tisch.<\/p>\n","protected":false},"excerpt":{"rendered":"<div>\n<div>\n<h3>Die Kunst des Gleichgewichts<\/h3>\n<\/div>\n<\/div>\n<div>\n<div>\n<p>Der niedrige Casto-Esszimmerstuhl beh\u00e4lt alle charakteristischen Elemente der Casto-Linie bei: die gro\u00dfz\u00fcgige Wannenform, die weichen Kurven und die reiche 9 mm Seilgeflecht. Die offene Struktur verleiht dem Stuhl ein luftiges Gef\u00fchl, w\u00e4hrend das weiche Sitzkissen zu stundenlangem Komfort einl\u00e4dt.<\/p>\n<\/div>\n<div>\n<p>Die Aluminiumrahmen unter Kamel Sand bietet Festigkeit und Raffinesse und bildet zusammen mit dem tonalen Seil ein harmonisches Ganzes. Die abgerundeten Linien und die leichte Neigung der R\u00fcckenlehne schaffen eine nat\u00fcrliche, entspannte Sitzposition, genau das, was <em>Niedriges Esszimmer<\/em> so unterhaltsam.<\/p>\n<\/div>\n<\/div>\n","protected":false},"featured_media":57781,"comment_status":"closed","ping_status":"closed","template":"","meta":{"_acf_changed":false},"product_brand":[],"product_cat":[639],"product_tag":[],"material":[],"class_list":{"0":"post-57770","1":"product","2":"type-product","3":"status-publish","4":"has-post-thumbnail","6":"product_cat-niedrige-esszimmerstuehle","8":"first","9":"instock","10":"shipping-taxable","11":"product-type-simple"},"acf":[],"yoast_head":"<!-- This site is optimized with the Yoast SEO plugin v26.8 - https:\/\/yoast.com\/product\/yoast-seo-wordpress\/ -->\n<title>Casto niedriger Esszimmerstuhl | SUNS Outdoor Lifestyle<\/title>\n<meta name=\"description\" content=\"Suchen Sie den Casto niedrigen Esszimmerstuhl? SUNS bietet Ihnen den hochwertigen Casto Stuhl, der Haltbarkeit und Design vereint.\" \/>\n<meta name=\"robots\" content=\"index, follow, max-snippet:-1, max-image-preview:large, max-video-preview:-1\" \/>\n<link rel=\"canonical\" href=\"https:\/\/hello-suns.com\/de\/produkte\/casto-niedrige-esszimmerstuehle\/\" \/>\n<meta property=\"og:locale\" content=\"de_DE\" \/>\n<meta property=\"og:type\" content=\"article\" \/>\n<meta property=\"og:title\" content=\"Casto niedriger Esszimmerstuhl | SUNS Outdoor Lifestyle\" \/>\n<meta property=\"og:description\" content=\"Suchen Sie den Casto niedrigen Esszimmerstuhl? SUNS bietet Ihnen den hochwertigen Casto Stuhl, der Haltbarkeit und Design vereint.\" \/>\n<meta property=\"og:url\" content=\"https:\/\/hello-suns.com\/de\/produkte\/casto-niedrige-esszimmerstuehle\/\" \/>\n<meta property=\"og:site_name\" content=\"SUNS\" \/>\n<meta property=\"article:modified_time\" content=\"2026-03-02T15:37:10+00:00\" \/>\n<meta property=\"og:image\" content=\"https:\/\/hello-suns.com\/app\/uploads\/2026\/03\/Casto-SUNS-Lowdiningchair-CS-VW-BB-Free-26-1-1024x683.png\" \/>\n\t<meta property=\"og:image:width\" content=\"1024\" \/>\n\t<meta property=\"og:image:height\" content=\"683\" \/>\n\t<meta property=\"og:image:type\" content=\"image\/png\" \/>\n<meta name=\"twitter:card\" content=\"summary_large_image\" \/>\n<meta name=\"twitter:label1\" content=\"Est. reading time\" \/>\n\t<meta name=\"twitter:data1\" content=\"2 minutes\" \/>\n<script type=\"application\/ld+json\" class=\"yoast-schema-graph\">{\"@context\":\"https:\/\/schema.org\",\"@graph\":[{\"@type\":\"WebPage\",\"@id\":\"https:\/\/hello-suns.com\/de\/produkte\/casto-niedrige-esszimmerstuehle\/\",\"url\":\"https:\/\/hello-suns.com\/de\/produkte\/casto-niedrige-esszimmerstuehle\/\",\"name\":\"Casto niedriger Esszimmerstuhl | SUNS Outdoor Lifestyle\",\"isPartOf\":{\"@id\":\"https:\/\/hello-suns.com\/de\/#website\"},\"primaryImageOfPage\":{\"@id\":\"https:\/\/hello-suns.com\/de\/produkte\/casto-niedrige-esszimmerstuehle\/#primaryimage\"},\"image\":{\"@id\":\"https:\/\/hello-suns.com\/de\/produkte\/casto-niedrige-esszimmerstuehle\/#primaryimage\"},\"thumbnailUrl\":\"https:\/\/hello-suns.com\/app\/uploads\/2026\/03\/Casto-SUNS-Lowdiningchair-CS-VW-BB-Free-26-1.png\",\"datePublished\":\"2026-03-02T14:56:28+00:00\",\"dateModified\":\"2026-03-02T15:37:10+00:00\",\"description\":\"Suchen Sie den Casto niedrigen Esszimmerstuhl? SUNS bietet Ihnen den hochwertigen Casto Stuhl, der Haltbarkeit und Design vereint.\",\"breadcrumb\":{\"@id\":\"https:\/\/hello-suns.com\/de\/produkte\/casto-niedrige-esszimmerstuehle\/#breadcrumb\"},\"inLanguage\":\"de-DE\",\"potentialAction\":[{\"@type\":\"ReadAction\",\"target\":[\"https:\/\/hello-suns.com\/de\/produkte\/casto-niedrige-esszimmerstuehle\/\"]}]},{\"@type\":\"ImageObject\",\"inLanguage\":\"de-DE\",\"@id\":\"https:\/\/hello-suns.com\/de\/produkte\/casto-niedrige-esszimmerstuehle\/#primaryimage\",\"url\":\"https:\/\/hello-suns.com\/app\/uploads\/2026\/03\/Casto-SUNS-Lowdiningchair-CS-VW-BB-Free-26-1.png\",\"contentUrl\":\"https:\/\/hello-suns.com\/app\/uploads\/2026\/03\/Casto-SUNS-Lowdiningchair-CS-VW-BB-Free-26-1.png\",\"width\":3240,\"height\":2160},{\"@type\":\"BreadcrumbList\",\"@id\":\"https:\/\/hello-suns.com\/de\/produkte\/casto-niedrige-esszimmerstuehle\/#breadcrumb\",\"itemListElement\":[{\"@type\":\"ListItem\",\"position\":1,\"name\":\"\",\"item\":\"https:\/\/hello-suns.com\/de\/\"},{\"@type\":\"ListItem\",\"position\":2,\"name\":\"Produkte\",\"item\":\"https:\/\/hello-suns.com\/de\/produkte\/\"},{\"@type\":\"ListItem\",\"position\":3,\"name\":\"Casto\"}]},{\"@type\":\"WebSite\",\"@id\":\"https:\/\/hello-suns.com\/de\/#website\",\"url\":\"https:\/\/hello-suns.com\/de\/\",\"name\":\"SUNS\",\"description\":\"Outdoor Lifestyle\",\"potentialAction\":[{\"@type\":\"SearchAction\",\"target\":{\"@type\":\"EntryPoint\",\"urlTemplate\":\"https:\/\/hello-suns.com\/de\/?s={search_term_string}\"},\"query-input\":{\"@type\":\"PropertyValueSpecification\",\"valueRequired\":true,\"valueName\":\"search_term_string\"}}],\"inLanguage\":\"de-DE\"}]}<\/script>\n<!-- \/ Yoast SEO plugin. -->","yoast_head_json":{"title":"Casto niedriger Esszimmerstuhl | SUNS Outdoor Lifestyle","description":"Suchen Sie den Casto niedrigen Esszimmerstuhl? SUNS bietet Ihnen den hochwertigen Casto Stuhl, der Haltbarkeit und Design vereint.","robots":{"index":"index","follow":"follow","max-snippet":"max-snippet:-1","max-image-preview":"max-image-preview:large","max-video-preview":"max-video-preview:-1"},"canonical":"https:\/\/hello-suns.com\/de\/produkte\/casto-niedrige-esszimmerstuehle\/","og_locale":"de_DE","og_type":"article","og_title":"Casto niedriger Esszimmerstuhl | SUNS Outdoor Lifestyle","og_description":"Suchen Sie den Casto niedrigen Esszimmerstuhl? SUNS bietet Ihnen den hochwertigen Casto Stuhl, der Haltbarkeit und Design vereint.","og_url":"https:\/\/hello-suns.com\/de\/produkte\/casto-niedrige-esszimmerstuehle\/","og_site_name":"SUNS","article_modified_time":"2026-03-02T15:37:10+00:00","og_image":[{"width":1024,"height":683,"url":"https:\/\/hello-suns.com\/app\/uploads\/2026\/03\/Casto-SUNS-Lowdiningchair-CS-VW-BB-Free-26-1-1024x683.png","type":"image\/png"}],"twitter_card":"summary_large_image","twitter_misc":{"Est. reading time":"2 minutes"},"schema":{"@context":"https:\/\/schema.org","@graph":[{"@type":"WebPage","@id":"https:\/\/hello-suns.com\/de\/produkte\/casto-niedrige-esszimmerstuehle\/","url":"https:\/\/hello-suns.com\/de\/produkte\/casto-niedrige-esszimmerstuehle\/","name":"Casto niedriger Esszimmerstuhl | SUNS Outdoor Lifestyle","isPartOf":{"@id":"https:\/\/hello-suns.com\/de\/#website"},"primaryImageOfPage":{"@id":"https:\/\/hello-suns.com\/de\/produkte\/casto-niedrige-esszimmerstuehle\/#primaryimage"},"image":{"@id":"https:\/\/hello-suns.com\/de\/produkte\/casto-niedrige-esszimmerstuehle\/#primaryimage"},"thumbnailUrl":"https:\/\/hello-suns.com\/app\/uploads\/2026\/03\/Casto-SUNS-Lowdiningchair-CS-VW-BB-Free-26-1.png","datePublished":"2026-03-02T14:56:28+00:00","dateModified":"2026-03-02T15:37:10+00:00","description":"Suchen Sie den Casto niedrigen Esszimmerstuhl? SUNS bietet Ihnen den hochwertigen Casto Stuhl, der Haltbarkeit und Design vereint.","breadcrumb":{"@id":"https:\/\/hello-suns.com\/de\/produkte\/casto-niedrige-esszimmerstuehle\/#breadcrumb"},"inLanguage":"de-DE","potentialAction":[{"@type":"ReadAction","target":["https:\/\/hello-suns.com\/de\/produkte\/casto-niedrige-esszimmerstuehle\/"]}]},{"@type":"ImageObject","inLanguage":"de-DE","@id":"https:\/\/hello-suns.com\/de\/produkte\/casto-niedrige-esszimmerstuehle\/#primaryimage","url":"https:\/\/hello-suns.com\/app\/uploads\/2026\/03\/Casto-SUNS-Lowdiningchair-CS-VW-BB-Free-26-1.png","contentUrl":"https:\/\/hello-suns.com\/app\/uploads\/2026\/03\/Casto-SUNS-Lowdiningchair-CS-VW-BB-Free-26-1.png","width":3240,"height":2160},{"@type":"BreadcrumbList","@id":"https:\/\/hello-suns.com\/de\/produkte\/casto-niedrige-esszimmerstuehle\/#breadcrumb","itemListElement":[{"@type":"ListItem","position":1,"name":"","item":"https:\/\/hello-suns.com\/de\/"},{"@type":"ListItem","position":2,"name":"Produkte","item":"https:\/\/hello-suns.com\/de\/produkte\/"},{"@type":"ListItem","position":3,"name":"Casto"}]},{"@type":"WebSite","@id":"https:\/\/hello-suns.com\/de\/#website","url":"https:\/\/hello-suns.com\/de\/","name":"SUNS","description":"Outdoor Lifestyle","potentialAction":[{"@type":"SearchAction","target":{"@type":"EntryPoint","urlTemplate":"https:\/\/hello-suns.com\/de\/?s={search_term_string}"},"query-input":{"@type":"PropertyValueSpecification","valueRequired":true,"valueName":"search_term_string"}}],"inLanguage":"de-DE"}]}},"_links":{"self":[{"href":"https:\/\/hello-suns.com\/de\/wp-json\/wp\/v2\/product\/57770","targetHints":{"allow":["GET"]}}],"collection":[{"href":"https:\/\/hello-suns.com\/de\/wp-json\/wp\/v2\/product"}],"about":[{"href":"https:\/\/hello-suns.com\/de\/wp-json\/wp\/v2\/types\/product"}],"replies":[{"embeddable":true,"href":"https:\/\/hello-suns.com\/de\/wp-json\/wp\/v2\/comments?post=57770"}],"wp:featuredmedia":[{"embeddable":true,"href":"https:\/\/hello-suns.com\/de\/wp-json\/wp\/v2\/media\/57781"}],"wp:attachment":[{"href":"https:\/\/hello-suns.com\/de\/wp-json\/wp\/v2\/media?parent=57770"}],"wp:term":[{"taxonomy":"product_brand","embeddable":true,"href":"https:\/\/hello-suns.com\/de\/wp-json\/wp\/v2\/product_brand?post=57770"},{"taxonomy":"product_cat","embeddable":true,"href":"https:\/\/hello-suns.com\/de\/wp-json\/wp\/v2\/product_cat?post=57770"},{"taxonomy":"product_tag","embeddable":true,"href":"https:\/\/hello-suns.com\/de\/wp-json\/wp\/v2\/product_tag?post=57770"},{"taxonomy":"material","embeddable":true,"href":"https:\/\/hello-suns.com\/de\/wp-json\/wp\/v2\/material?post=57770"}],"curies":[{"name":"wp","href":"https:\/\/api.w.org\/{rel}","templated":true}]}}