{"id":57570,"date":"2026-03-02T14:52:58","date_gmt":"2026-03-02T13:52:58","guid":{"rendered":"https:\/\/hello-suns.com\/?post_type=product&#038;p=57570"},"modified":"2026-03-23T11:22:07","modified_gmt":"2026-03-23T10:22:07","slug":"siano-liegestuhl","status":"publish","type":"product","link":"https:\/\/hello-suns.com\/de\/produkte\/siano-liegestuhl\/","title":{"rendered":"Siano"},"content":{"rendered":"<h2 style=\"font-weight: 400;\"><span class=\"TextRun SCXW232482249 BCX0\" lang=\"NL-NL\" xml:lang=\"NL-NL\" data-contrast=\"auto\"><span class=\"NormalTextRun SpellingErrorV2Themed SCXW232482249 BCX0\">Sitzen. Liegend. In sich zusammensinken. <\/span><\/span><\/h2>\n<p>Der Siano Loungesessel l\u00e4dt Sie ein, sich wirklich zu entspannen. Offene Form, gro\u00dfz\u00fcgige Linien und genau der einladende Komfort, den Sie von SUNS erwarten.<\/p>\n","protected":false},"excerpt":{"rendered":"<h3 style=\"font-weight: 400;\">Komfort ohne Grenzen<\/h3>\n<p>Siano ist zum Tr\u00e4umen gedacht. Dank der gro\u00dfz\u00fcgigen Rundung und der tiefen Sitzfl\u00e4che k\u00f6nnen Sie nicht nur sitzen, sondern sich auch buchst\u00e4blich ausstrecken, ohne dass der Stuhl massiv wirkt. Die offene Struktur l\u00e4sst Luft und Licht herein und macht Siano zu einem r\u00e4umlichen Statement in Ihrem Garten.<br \/>\nDie abgerundete Sitzfl\u00e4che folgt subtil Ihrem K\u00f6rper, so dass Sie sowohl aufrecht als auch halb liegend bequem sitzen k\u00f6nnen. Perfekt f\u00fcr lange Abende, ein Buch, ein Nickerchen oder einfach nur&#8230; um nichts tun zu m\u00fcssen.<\/p>\n<p>&nbsp;<\/p>\n","protected":false},"featured_media":57699,"comment_status":"closed","ping_status":"closed","template":"","meta":{"_acf_changed":false},"product_brand":[],"product_cat":[619],"product_tag":[],"material":[],"class_list":{"0":"post-57570","1":"product","2":"type-product","3":"status-publish","4":"has-post-thumbnail","6":"product_cat-sessel","8":"first","9":"instock","10":"shipping-taxable","11":"product-type-simple"},"acf":[],"yoast_head":"<!-- This site is optimized with the Yoast SEO plugin v26.8 - https:\/\/yoast.com\/product\/yoast-seo-wordpress\/ -->\n<title>Siano Liegestuhl | SUNS Outdoor Lifestyle<\/title>\n<meta name=\"description\" content=\"Suchen Sie den Siano Lounge-Sessel? SUNS bietet den hochwertigen Siano Loungesessel an, der Haltbarkeit und Design perfekt f\u00fcr Ihren modernen Au\u00dfenbereich kombiniert.\" \/>\n<meta name=\"robots\" content=\"index, follow, max-snippet:-1, max-image-preview:large, max-video-preview:-1\" \/>\n<link rel=\"canonical\" href=\"https:\/\/hello-suns.com\/de\/produkte\/siano-liegestuhl\/\" \/>\n<meta property=\"og:locale\" content=\"de_DE\" \/>\n<meta property=\"og:type\" content=\"article\" \/>\n<meta property=\"og:title\" content=\"Siano Liegestuhl | SUNS Outdoor Lifestyle\" \/>\n<meta property=\"og:description\" content=\"Suchen Sie den Siano Lounge-Sessel? SUNS bietet den hochwertigen Siano Loungesessel an, der Haltbarkeit und Design perfekt f\u00fcr Ihren modernen Au\u00dfenbereich kombiniert.\" \/>\n<meta property=\"og:url\" content=\"https:\/\/hello-suns.com\/de\/produkte\/siano-liegestuhl\/\" \/>\n<meta property=\"og:site_name\" content=\"SUNS\" \/>\n<meta property=\"article:modified_time\" content=\"2026-03-23T10:22:07+00:00\" \/>\n<meta property=\"og:image\" content=\"https:\/\/hello-suns.com\/app\/uploads\/2026\/03\/Siano-SUNS-Loungechair-CS-FIW-BB-Free-26-1-2500.png\" \/>\n\t<meta property=\"og:image:width\" content=\"2500\" \/>\n\t<meta property=\"og:image:height\" content=\"1667\" \/>\n\t<meta property=\"og:image:type\" content=\"image\/png\" \/>\n<meta name=\"twitter:card\" content=\"summary_large_image\" \/>\n<meta name=\"twitter:label1\" content=\"Est. reading time\" \/>\n\t<meta name=\"twitter:data1\" content=\"2 minutes\" \/>\n<script type=\"application\/ld+json\" class=\"yoast-schema-graph\">{\"@context\":\"https:\/\/schema.org\",\"@graph\":[{\"@type\":\"WebPage\",\"@id\":\"https:\/\/hello-suns.com\/de\/produkte\/siano-liegestuhl\/\",\"url\":\"https:\/\/hello-suns.com\/de\/produkte\/siano-liegestuhl\/\",\"name\":\"Siano Liegestuhl | SUNS Outdoor Lifestyle\",\"isPartOf\":{\"@id\":\"https:\/\/hello-suns.com\/de\/#website\"},\"primaryImageOfPage\":{\"@id\":\"https:\/\/hello-suns.com\/de\/produkte\/siano-liegestuhl\/#primaryimage\"},\"image\":{\"@id\":\"https:\/\/hello-suns.com\/de\/produkte\/siano-liegestuhl\/#primaryimage\"},\"thumbnailUrl\":\"https:\/\/hello-suns.com\/app\/uploads\/2026\/03\/Siano-SUNS-Loungechair-CS-FIW-BB-Free-26-1-2500.png\",\"datePublished\":\"2026-03-02T13:52:58+00:00\",\"dateModified\":\"2026-03-23T10:22:07+00:00\",\"description\":\"Suchen Sie den Siano Lounge-Sessel? SUNS bietet den hochwertigen Siano Loungesessel an, der Haltbarkeit und Design perfekt f\u00fcr Ihren modernen Au\u00dfenbereich kombiniert.\",\"breadcrumb\":{\"@id\":\"https:\/\/hello-suns.com\/de\/produkte\/siano-liegestuhl\/#breadcrumb\"},\"inLanguage\":\"de-DE\",\"potentialAction\":[{\"@type\":\"ReadAction\",\"target\":[\"https:\/\/hello-suns.com\/de\/produkte\/siano-liegestuhl\/\"]}]},{\"@type\":\"ImageObject\",\"inLanguage\":\"de-DE\",\"@id\":\"https:\/\/hello-suns.com\/de\/produkte\/siano-liegestuhl\/#primaryimage\",\"url\":\"https:\/\/hello-suns.com\/app\/uploads\/2026\/03\/Siano-SUNS-Loungechair-CS-FIW-BB-Free-26-1-2500.png\",\"contentUrl\":\"https:\/\/hello-suns.com\/app\/uploads\/2026\/03\/Siano-SUNS-Loungechair-CS-FIW-BB-Free-26-1-2500.png\",\"width\":2500,\"height\":1667},{\"@type\":\"BreadcrumbList\",\"@id\":\"https:\/\/hello-suns.com\/de\/produkte\/siano-liegestuhl\/#breadcrumb\",\"itemListElement\":[{\"@type\":\"ListItem\",\"position\":1,\"name\":\"\",\"item\":\"https:\/\/hello-suns.com\/de\/\"},{\"@type\":\"ListItem\",\"position\":2,\"name\":\"Produkte\",\"item\":\"https:\/\/hello-suns.com\/de\/produkte\/\"},{\"@type\":\"ListItem\",\"position\":3,\"name\":\"Siano\"}]},{\"@type\":\"WebSite\",\"@id\":\"https:\/\/hello-suns.com\/de\/#website\",\"url\":\"https:\/\/hello-suns.com\/de\/\",\"name\":\"SUNS\",\"description\":\"Outdoor Lifestyle\",\"potentialAction\":[{\"@type\":\"SearchAction\",\"target\":{\"@type\":\"EntryPoint\",\"urlTemplate\":\"https:\/\/hello-suns.com\/de\/?s={search_term_string}\"},\"query-input\":{\"@type\":\"PropertyValueSpecification\",\"valueRequired\":true,\"valueName\":\"search_term_string\"}}],\"inLanguage\":\"de-DE\"}]}<\/script>\n<!-- \/ Yoast SEO plugin. -->","yoast_head_json":{"title":"Siano Liegestuhl | SUNS Outdoor Lifestyle","description":"Suchen Sie den Siano Lounge-Sessel? SUNS bietet den hochwertigen Siano Loungesessel an, der Haltbarkeit und Design perfekt f\u00fcr Ihren modernen Au\u00dfenbereich kombiniert.","robots":{"index":"index","follow":"follow","max-snippet":"max-snippet:-1","max-image-preview":"max-image-preview:large","max-video-preview":"max-video-preview:-1"},"canonical":"https:\/\/hello-suns.com\/de\/produkte\/siano-liegestuhl\/","og_locale":"de_DE","og_type":"article","og_title":"Siano Liegestuhl | SUNS Outdoor Lifestyle","og_description":"Suchen Sie den Siano Lounge-Sessel? SUNS bietet den hochwertigen Siano Loungesessel an, der Haltbarkeit und Design perfekt f\u00fcr Ihren modernen Au\u00dfenbereich kombiniert.","og_url":"https:\/\/hello-suns.com\/de\/produkte\/siano-liegestuhl\/","og_site_name":"SUNS","article_modified_time":"2026-03-23T10:22:07+00:00","og_image":[{"width":2500,"height":1667,"url":"https:\/\/hello-suns.com\/app\/uploads\/2026\/03\/Siano-SUNS-Loungechair-CS-FIW-BB-Free-26-1-2500.png","type":"image\/png"}],"twitter_card":"summary_large_image","twitter_misc":{"Est. reading time":"2 minutes"},"schema":{"@context":"https:\/\/schema.org","@graph":[{"@type":"WebPage","@id":"https:\/\/hello-suns.com\/de\/produkte\/siano-liegestuhl\/","url":"https:\/\/hello-suns.com\/de\/produkte\/siano-liegestuhl\/","name":"Siano Liegestuhl | SUNS Outdoor Lifestyle","isPartOf":{"@id":"https:\/\/hello-suns.com\/de\/#website"},"primaryImageOfPage":{"@id":"https:\/\/hello-suns.com\/de\/produkte\/siano-liegestuhl\/#primaryimage"},"image":{"@id":"https:\/\/hello-suns.com\/de\/produkte\/siano-liegestuhl\/#primaryimage"},"thumbnailUrl":"https:\/\/hello-suns.com\/app\/uploads\/2026\/03\/Siano-SUNS-Loungechair-CS-FIW-BB-Free-26-1-2500.png","datePublished":"2026-03-02T13:52:58+00:00","dateModified":"2026-03-23T10:22:07+00:00","description":"Suchen Sie den Siano Lounge-Sessel? SUNS bietet den hochwertigen Siano Loungesessel an, der Haltbarkeit und Design perfekt f\u00fcr Ihren modernen Au\u00dfenbereich kombiniert.","breadcrumb":{"@id":"https:\/\/hello-suns.com\/de\/produkte\/siano-liegestuhl\/#breadcrumb"},"inLanguage":"de-DE","potentialAction":[{"@type":"ReadAction","target":["https:\/\/hello-suns.com\/de\/produkte\/siano-liegestuhl\/"]}]},{"@type":"ImageObject","inLanguage":"de-DE","@id":"https:\/\/hello-suns.com\/de\/produkte\/siano-liegestuhl\/#primaryimage","url":"https:\/\/hello-suns.com\/app\/uploads\/2026\/03\/Siano-SUNS-Loungechair-CS-FIW-BB-Free-26-1-2500.png","contentUrl":"https:\/\/hello-suns.com\/app\/uploads\/2026\/03\/Siano-SUNS-Loungechair-CS-FIW-BB-Free-26-1-2500.png","width":2500,"height":1667},{"@type":"BreadcrumbList","@id":"https:\/\/hello-suns.com\/de\/produkte\/siano-liegestuhl\/#breadcrumb","itemListElement":[{"@type":"ListItem","position":1,"name":"","item":"https:\/\/hello-suns.com\/de\/"},{"@type":"ListItem","position":2,"name":"Produkte","item":"https:\/\/hello-suns.com\/de\/produkte\/"},{"@type":"ListItem","position":3,"name":"Siano"}]},{"@type":"WebSite","@id":"https:\/\/hello-suns.com\/de\/#website","url":"https:\/\/hello-suns.com\/de\/","name":"SUNS","description":"Outdoor Lifestyle","potentialAction":[{"@type":"SearchAction","target":{"@type":"EntryPoint","urlTemplate":"https:\/\/hello-suns.com\/de\/?s={search_term_string}"},"query-input":{"@type":"PropertyValueSpecification","valueRequired":true,"valueName":"search_term_string"}}],"inLanguage":"de-DE"}]}},"_links":{"self":[{"href":"https:\/\/hello-suns.com\/de\/wp-json\/wp\/v2\/product\/57570","targetHints":{"allow":["GET"]}}],"collection":[{"href":"https:\/\/hello-suns.com\/de\/wp-json\/wp\/v2\/product"}],"about":[{"href":"https:\/\/hello-suns.com\/de\/wp-json\/wp\/v2\/types\/product"}],"replies":[{"embeddable":true,"href":"https:\/\/hello-suns.com\/de\/wp-json\/wp\/v2\/comments?post=57570"}],"wp:featuredmedia":[{"embeddable":true,"href":"https:\/\/hello-suns.com\/de\/wp-json\/wp\/v2\/media\/57699"}],"wp:attachment":[{"href":"https:\/\/hello-suns.com\/de\/wp-json\/wp\/v2\/media?parent=57570"}],"wp:term":[{"taxonomy":"product_brand","embeddable":true,"href":"https:\/\/hello-suns.com\/de\/wp-json\/wp\/v2\/product_brand?post=57570"},{"taxonomy":"product_cat","embeddable":true,"href":"https:\/\/hello-suns.com\/de\/wp-json\/wp\/v2\/product_cat?post=57570"},{"taxonomy":"product_tag","embeddable":true,"href":"https:\/\/hello-suns.com\/de\/wp-json\/wp\/v2\/product_tag?post=57570"},{"taxonomy":"material","embeddable":true,"href":"https:\/\/hello-suns.com\/de\/wp-json\/wp\/v2\/material?post=57570"}],"curies":[{"name":"wp","href":"https:\/\/api.w.org\/{rel}","templated":true}]}}