{"id":57467,"date":"2026-03-02T14:41:53","date_gmt":"2026-03-02T13:41:53","guid":{"rendered":"https:\/\/hello-suns.com\/?post_type=product&#038;p=57467"},"modified":"2026-03-18T14:44:58","modified_gmt":"2026-03-18T13:44:58","slug":"fiave-lounge-set","status":"publish","type":"product","link":"https:\/\/hello-suns.com\/de\/produkte\/fiave-lounge-set\/","title":{"rendered":"Fiav\u00e8"},"content":{"rendered":"<h2 style=\"font-weight: 400;\">Dezent in der Gr\u00f6\u00dfe. Gro\u00dfartig im Charakter.<\/h2>\n<p style=\"font-weight: 400;\">Ein Lounge-Set, das sich ganz nat\u00fcrlich in Ihren Au\u00dfenbereich einf\u00fcgt. Kompakt im Design, reichhaltig im Aussehen und mit einem Auge f\u00fcr Komfort in jedem Detail entworfen.<\/p>\n","protected":false},"excerpt":{"rendered":"<h2 style=\"font-weight: 400;\">Durchg\u00e4ngiges Design, taktiler Komfort<\/h2>\n<div>\n<p>Was bei diesem Lounge-Set sofort auff\u00e4llt, ist das durchgehende Rohr, das den Rahmen bildet. Die sanfte Kurve ist mehr als nur ein optischer Akzent. Die flie\u00dfende Linie st\u00fctzt R\u00fccken und Arm und verleiht dem Design eine offensichtliche Eleganz. Alles geht flie\u00dfend ineinander \u00fcber. Nichts f\u00fchlt sich hart oder unterbrochen an.<\/p>\n<\/div>\n<div>\n<p>Das Gestell aus Aluminium ist in Bronze oder Camel sand erh\u00e4ltlich. In Kombination mit den Boucl\u00e9-Stoffen entsteht eine Harmonie zwischen den klaren Linien des Gestells und der reichen, weichen Textur der Polsterung. Gro\u00dfz\u00fcgig genug, um gemeinsam zu entspannen, kompakt genug, um in verschiedenen G\u00e4rten und auf Terrassen zur Geltung zu kommen. Ideal f\u00fcr alle, die Stil suchen, ohne den Raum zu dominieren. Dieses Loungeset ist Teil einer gr\u00f6\u00dferen Serie, zu der auch ein Sofaset, ein niedriger Esszimmerstuhl und ein niedriger Barstuhl geh\u00f6ren. Eine Familie von Designs mit der gleichen erkennbaren Handschrift. F\u00fcr jeden etwas, immer in der gleichen ruhigen, raffinierten Linie. Eine Serie, die nicht nach Komfort schreit, sondern Sie ihn sp\u00fcren l\u00e4sst.<\/p>\n<\/div>\n","protected":false},"featured_media":57575,"comment_status":"closed","ping_status":"closed","template":"","meta":{"_acf_changed":false},"product_brand":[],"product_cat":[644,631],"product_tag":[],"material":[],"class_list":{"0":"post-57467","1":"product","2":"type-product","3":"status-publish","4":"has-post-thumbnail","6":"product_cat-lounge-sets","7":"product_cat-you-create","9":"first","10":"instock","11":"shipping-taxable","12":"product-type-simple"},"acf":[],"yoast_head":"<!-- This site is optimized with the Yoast SEO plugin v26.8 - https:\/\/yoast.com\/product\/yoast-seo-wordpress\/ -->\n<title>Entdecken Sie das Fiave Lounge Set | SUNS Outdoor Lifestyle<\/title>\n<meta name=\"description\" content=\"Suchen Sie ein stilvolles Fiave Lounge-Set? SUNS bietet luxuri\u00f6se Lounge-Sets, die Komfort, Design und Haltbarkeit f\u00fcr einen eleganten Au\u00dfenbereich kombinieren.\" \/>\n<meta name=\"robots\" content=\"index, follow, max-snippet:-1, max-image-preview:large, max-video-preview:-1\" \/>\n<link rel=\"canonical\" href=\"https:\/\/hello-suns.com\/de\/produkte\/fiave-lounge-set\/\" \/>\n<meta property=\"og:locale\" content=\"de_DE\" \/>\n<meta property=\"og:type\" content=\"article\" \/>\n<meta property=\"og:title\" content=\"Entdecken Sie das Fiave Lounge Set | SUNS Outdoor Lifestyle\" \/>\n<meta property=\"og:description\" content=\"Suchen Sie ein stilvolles Fiave Lounge-Set? SUNS bietet luxuri\u00f6se Lounge-Sets, die Komfort, Design und Haltbarkeit f\u00fcr einen eleganten Au\u00dfenbereich kombinieren.\" \/>\n<meta property=\"og:url\" content=\"https:\/\/hello-suns.com\/de\/produkte\/fiave-lounge-set\/\" \/>\n<meta property=\"og:site_name\" content=\"SUNS\" \/>\n<meta property=\"article:modified_time\" content=\"2026-03-18T13:44:58+00:00\" \/>\n<meta property=\"og:image\" content=\"https:\/\/hello-suns.com\/app\/uploads\/2026\/03\/Fiave-Nova-SUNS-SofaSet-BZ-CR-PDB-Free-26-1024x683.png\" \/>\n\t<meta property=\"og:image:width\" content=\"1024\" \/>\n\t<meta property=\"og:image:height\" content=\"683\" \/>\n\t<meta property=\"og:image:type\" content=\"image\/png\" \/>\n<meta name=\"twitter:card\" content=\"summary_large_image\" \/>\n<meta name=\"twitter:label1\" content=\"Est. reading time\" \/>\n\t<meta name=\"twitter:data1\" content=\"5 minutes\" \/>\n<script type=\"application\/ld+json\" class=\"yoast-schema-graph\">{\"@context\":\"https:\/\/schema.org\",\"@graph\":[{\"@type\":\"WebPage\",\"@id\":\"https:\/\/hello-suns.com\/de\/produkte\/fiave-lounge-set\/\",\"url\":\"https:\/\/hello-suns.com\/de\/produkte\/fiave-lounge-set\/\",\"name\":\"Entdecken Sie das Fiave Lounge Set | SUNS Outdoor Lifestyle\",\"isPartOf\":{\"@id\":\"https:\/\/hello-suns.com\/de\/#website\"},\"primaryImageOfPage\":{\"@id\":\"https:\/\/hello-suns.com\/de\/produkte\/fiave-lounge-set\/#primaryimage\"},\"image\":{\"@id\":\"https:\/\/hello-suns.com\/de\/produkte\/fiave-lounge-set\/#primaryimage\"},\"thumbnailUrl\":\"https:\/\/hello-suns.com\/app\/uploads\/2026\/03\/Fiave-Nova-SUNS-SofaSet-BZ-CR-PDB-Free-26.png\",\"datePublished\":\"2026-03-02T13:41:53+00:00\",\"dateModified\":\"2026-03-18T13:44:58+00:00\",\"description\":\"Suchen Sie ein stilvolles Fiave Lounge-Set? SUNS bietet luxuri\u00f6se Lounge-Sets, die Komfort, Design und Haltbarkeit f\u00fcr einen eleganten Au\u00dfenbereich kombinieren.\",\"breadcrumb\":{\"@id\":\"https:\/\/hello-suns.com\/de\/produkte\/fiave-lounge-set\/#breadcrumb\"},\"inLanguage\":\"de-DE\",\"potentialAction\":[{\"@type\":\"ReadAction\",\"target\":[\"https:\/\/hello-suns.com\/de\/produkte\/fiave-lounge-set\/\"]}]},{\"@type\":\"ImageObject\",\"inLanguage\":\"de-DE\",\"@id\":\"https:\/\/hello-suns.com\/de\/produkte\/fiave-lounge-set\/#primaryimage\",\"url\":\"https:\/\/hello-suns.com\/app\/uploads\/2026\/03\/Fiave-Nova-SUNS-SofaSet-BZ-CR-PDB-Free-26.png\",\"contentUrl\":\"https:\/\/hello-suns.com\/app\/uploads\/2026\/03\/Fiave-Nova-SUNS-SofaSet-BZ-CR-PDB-Free-26.png\",\"width\":3840,\"height\":2560},{\"@type\":\"BreadcrumbList\",\"@id\":\"https:\/\/hello-suns.com\/de\/produkte\/fiave-lounge-set\/#breadcrumb\",\"itemListElement\":[{\"@type\":\"ListItem\",\"position\":1,\"name\":\"\",\"item\":\"https:\/\/hello-suns.com\/de\/\"},{\"@type\":\"ListItem\",\"position\":2,\"name\":\"Produkte\",\"item\":\"https:\/\/hello-suns.com\/de\/produkte\/\"},{\"@type\":\"ListItem\",\"position\":3,\"name\":\"Fiav\u00e8\"}]},{\"@type\":\"WebSite\",\"@id\":\"https:\/\/hello-suns.com\/de\/#website\",\"url\":\"https:\/\/hello-suns.com\/de\/\",\"name\":\"SUNS\",\"description\":\"Outdoor Lifestyle\",\"potentialAction\":[{\"@type\":\"SearchAction\",\"target\":{\"@type\":\"EntryPoint\",\"urlTemplate\":\"https:\/\/hello-suns.com\/de\/?s={search_term_string}\"},\"query-input\":{\"@type\":\"PropertyValueSpecification\",\"valueRequired\":true,\"valueName\":\"search_term_string\"}}],\"inLanguage\":\"de-DE\"}]}<\/script>\n<!-- \/ Yoast SEO plugin. -->","yoast_head_json":{"title":"Entdecken Sie das Fiave Lounge Set | SUNS Outdoor Lifestyle","description":"Suchen Sie ein stilvolles Fiave Lounge-Set? SUNS bietet luxuri\u00f6se Lounge-Sets, die Komfort, Design und Haltbarkeit f\u00fcr einen eleganten Au\u00dfenbereich kombinieren.","robots":{"index":"index","follow":"follow","max-snippet":"max-snippet:-1","max-image-preview":"max-image-preview:large","max-video-preview":"max-video-preview:-1"},"canonical":"https:\/\/hello-suns.com\/de\/produkte\/fiave-lounge-set\/","og_locale":"de_DE","og_type":"article","og_title":"Entdecken Sie das Fiave Lounge Set | SUNS Outdoor Lifestyle","og_description":"Suchen Sie ein stilvolles Fiave Lounge-Set? SUNS bietet luxuri\u00f6se Lounge-Sets, die Komfort, Design und Haltbarkeit f\u00fcr einen eleganten Au\u00dfenbereich kombinieren.","og_url":"https:\/\/hello-suns.com\/de\/produkte\/fiave-lounge-set\/","og_site_name":"SUNS","article_modified_time":"2026-03-18T13:44:58+00:00","og_image":[{"width":1024,"height":683,"url":"https:\/\/hello-suns.com\/app\/uploads\/2026\/03\/Fiave-Nova-SUNS-SofaSet-BZ-CR-PDB-Free-26-1024x683.png","type":"image\/png"}],"twitter_card":"summary_large_image","twitter_misc":{"Est. reading time":"5 minutes"},"schema":{"@context":"https:\/\/schema.org","@graph":[{"@type":"WebPage","@id":"https:\/\/hello-suns.com\/de\/produkte\/fiave-lounge-set\/","url":"https:\/\/hello-suns.com\/de\/produkte\/fiave-lounge-set\/","name":"Entdecken Sie das Fiave Lounge Set | SUNS Outdoor Lifestyle","isPartOf":{"@id":"https:\/\/hello-suns.com\/de\/#website"},"primaryImageOfPage":{"@id":"https:\/\/hello-suns.com\/de\/produkte\/fiave-lounge-set\/#primaryimage"},"image":{"@id":"https:\/\/hello-suns.com\/de\/produkte\/fiave-lounge-set\/#primaryimage"},"thumbnailUrl":"https:\/\/hello-suns.com\/app\/uploads\/2026\/03\/Fiave-Nova-SUNS-SofaSet-BZ-CR-PDB-Free-26.png","datePublished":"2026-03-02T13:41:53+00:00","dateModified":"2026-03-18T13:44:58+00:00","description":"Suchen Sie ein stilvolles Fiave Lounge-Set? SUNS bietet luxuri\u00f6se Lounge-Sets, die Komfort, Design und Haltbarkeit f\u00fcr einen eleganten Au\u00dfenbereich kombinieren.","breadcrumb":{"@id":"https:\/\/hello-suns.com\/de\/produkte\/fiave-lounge-set\/#breadcrumb"},"inLanguage":"de-DE","potentialAction":[{"@type":"ReadAction","target":["https:\/\/hello-suns.com\/de\/produkte\/fiave-lounge-set\/"]}]},{"@type":"ImageObject","inLanguage":"de-DE","@id":"https:\/\/hello-suns.com\/de\/produkte\/fiave-lounge-set\/#primaryimage","url":"https:\/\/hello-suns.com\/app\/uploads\/2026\/03\/Fiave-Nova-SUNS-SofaSet-BZ-CR-PDB-Free-26.png","contentUrl":"https:\/\/hello-suns.com\/app\/uploads\/2026\/03\/Fiave-Nova-SUNS-SofaSet-BZ-CR-PDB-Free-26.png","width":3840,"height":2560},{"@type":"BreadcrumbList","@id":"https:\/\/hello-suns.com\/de\/produkte\/fiave-lounge-set\/#breadcrumb","itemListElement":[{"@type":"ListItem","position":1,"name":"","item":"https:\/\/hello-suns.com\/de\/"},{"@type":"ListItem","position":2,"name":"Produkte","item":"https:\/\/hello-suns.com\/de\/produkte\/"},{"@type":"ListItem","position":3,"name":"Fiav\u00e8"}]},{"@type":"WebSite","@id":"https:\/\/hello-suns.com\/de\/#website","url":"https:\/\/hello-suns.com\/de\/","name":"SUNS","description":"Outdoor Lifestyle","potentialAction":[{"@type":"SearchAction","target":{"@type":"EntryPoint","urlTemplate":"https:\/\/hello-suns.com\/de\/?s={search_term_string}"},"query-input":{"@type":"PropertyValueSpecification","valueRequired":true,"valueName":"search_term_string"}}],"inLanguage":"de-DE"}]}},"_links":{"self":[{"href":"https:\/\/hello-suns.com\/de\/wp-json\/wp\/v2\/product\/57467","targetHints":{"allow":["GET"]}}],"collection":[{"href":"https:\/\/hello-suns.com\/de\/wp-json\/wp\/v2\/product"}],"about":[{"href":"https:\/\/hello-suns.com\/de\/wp-json\/wp\/v2\/types\/product"}],"replies":[{"embeddable":true,"href":"https:\/\/hello-suns.com\/de\/wp-json\/wp\/v2\/comments?post=57467"}],"wp:featuredmedia":[{"embeddable":true,"href":"https:\/\/hello-suns.com\/de\/wp-json\/wp\/v2\/media\/57575"}],"wp:attachment":[{"href":"https:\/\/hello-suns.com\/de\/wp-json\/wp\/v2\/media?parent=57467"}],"wp:term":[{"taxonomy":"product_brand","embeddable":true,"href":"https:\/\/hello-suns.com\/de\/wp-json\/wp\/v2\/product_brand?post=57467"},{"taxonomy":"product_cat","embeddable":true,"href":"https:\/\/hello-suns.com\/de\/wp-json\/wp\/v2\/product_cat?post=57467"},{"taxonomy":"product_tag","embeddable":true,"href":"https:\/\/hello-suns.com\/de\/wp-json\/wp\/v2\/product_tag?post=57467"},{"taxonomy":"material","embeddable":true,"href":"https:\/\/hello-suns.com\/de\/wp-json\/wp\/v2\/material?post=57467"}],"curies":[{"name":"wp","href":"https:\/\/api.w.org\/{rel}","templated":true}]}}