{"id":57174,"date":"2026-03-02T12:50:46","date_gmt":"2026-03-02T11:50:46","guid":{"rendered":"https:\/\/hello-suns.com\/?post_type=product&#038;p=57174"},"modified":"2026-03-19T08:50:55","modified_gmt":"2026-03-19T07:50:55","slug":"feroli-lounge-set","status":"publish","type":"product","link":"https:\/\/hello-suns.com\/de\/produkte\/feroli-lounge-set\/","title":{"rendered":"Feroli"},"content":{"rendered":"<div>\n<h2>Mit Feroli wird Raum geschaffen.<b><\/b><\/h2>\n<\/div>\n<div>\n<p>Zum Sitzen, Liegen und Zusammensein. Eine Lounge, die sich von der Art und Weise, wie Sie drau\u00dfen leben, pr\u00e4gen l\u00e4sst.<\/p>\n<\/div>\n","protected":false},"excerpt":{"rendered":"<h2 style=\"font-weight: 400;\">Frei in der Form, reich an Komfort<\/h2>\n<p style=\"font-weight: 400;\">Feroli ist ein Loungeset, das sich an Ihren Au\u00dfenbereich anpassen l\u00e4sst. Die organischen Konturen verleihen dem Set eine weiche Ausstrahlung, w\u00e4hrend das modulare Design zum Verschieben und Spielen mit dem Raum einl\u00e4dt. Von einer kompakten Aufstellung bis hin zu einer gro\u00dfz\u00fcgigen Einrichtung. Von einem intimen Sitzbereich zu einem entspannten Daybed, indem Sie zwei Chaiselongues zusammenstellen. Feroli bewegt sich mit dem Moment.<\/p>\n<p style=\"font-weight: 400;\">Das Design besticht durch seinen vollen, handwerklichen Look. Das dicke Seilgeflecht um die Sitze herum verleiht W\u00e4rme und Textur und schafft ein umh\u00fcllendes Sitzgef\u00fchl. Der schlanke Aluminiumrahmen macht das Set luftig und elegant, ohne dass es an Robustheit verliert.<\/p>\n<p style=\"font-weight: 400;\">Die gro\u00dfz\u00fcgigen Kissen bestehen aus einem weichen Boucl\u00e9-Au\u00dfenstoff, der Sie sofort zum Sitzen einl\u00e4dt. Sie sind wasserabweisend und f\u00fcr die Verwendung im Freien geeignet, so dass Komfort und Bequemlichkeit Hand in Hand gehen. Ob Sie sich f\u00fcr ein Sitzelement, ein Zweisitzer-Element oder eine Chaiselongue entscheiden, Feroli f\u00fchlt sich immer entspannt und luxuri\u00f6s an.<\/p>\n<p style=\"font-weight: 400;\">Das Gestell ist in den Farben Bronze und Camel Sand erh\u00e4ltlich, die sorgf\u00e4ltig mit dem Stoff und dem Tauwerk abgestimmt sind. So entsteht ein Lounge-Set, das Ruhe ausstrahlt und Freiheit bietet. F\u00fcr ein Leben im Freien, das sich st\u00e4ndig anpasst.<\/p>\n","protected":false},"featured_media":57186,"comment_status":"closed","ping_status":"closed","template":"","meta":{"_acf_changed":false},"product_brand":[],"product_cat":[644,631],"product_tag":[],"material":[],"class_list":{"0":"post-57174","1":"product","2":"type-product","3":"status-publish","4":"has-post-thumbnail","6":"product_cat-lounge-sets","7":"product_cat-you-create","9":"first","10":"instock","11":"shipping-taxable","12":"product-type-simple"},"acf":[],"yoast_head":"<!-- This site is optimized with the Yoast SEO plugin v26.8 - https:\/\/yoast.com\/product\/yoast-seo-wordpress\/ -->\n<title>Entdecken Sie Feroli Lounge Set | SUNS Outdoor Lifestyle<\/title>\n<meta name=\"description\" content=\"Suchen Sie ein stilvolles Feroli Lounge-Set? SUNS bietet luxuri\u00f6se Lounge-Sets, die Komfort, Design und Haltbarkeit f\u00fcr einen eleganten Au\u00dfenbereich vereinen.\" \/>\n<meta name=\"robots\" content=\"index, follow, max-snippet:-1, max-image-preview:large, max-video-preview:-1\" \/>\n<link rel=\"canonical\" href=\"https:\/\/hello-suns.com\/de\/produkte\/feroli-lounge-set\/\" \/>\n<meta property=\"og:locale\" content=\"de_DE\" \/>\n<meta property=\"og:type\" content=\"article\" \/>\n<meta property=\"og:title\" content=\"Entdecken Sie Feroli Lounge Set | SUNS Outdoor Lifestyle\" \/>\n<meta property=\"og:description\" content=\"Suchen Sie ein stilvolles Feroli Lounge-Set? SUNS bietet luxuri\u00f6se Lounge-Sets, die Komfort, Design und Haltbarkeit f\u00fcr einen eleganten Au\u00dfenbereich vereinen.\" \/>\n<meta property=\"og:url\" content=\"https:\/\/hello-suns.com\/de\/produkte\/feroli-lounge-set\/\" \/>\n<meta property=\"og:site_name\" content=\"SUNS\" \/>\n<meta property=\"article:modified_time\" content=\"2026-03-19T07:50:55+00:00\" \/>\n<meta property=\"og:image\" content=\"https:\/\/hello-suns.com\/app\/uploads\/2026\/03\/Feroli-SUNS-SofaSet-Nova-CS-MR-BB-Free-26-1024x683.png\" \/>\n\t<meta property=\"og:image:width\" content=\"1024\" \/>\n\t<meta property=\"og:image:height\" content=\"683\" \/>\n\t<meta property=\"og:image:type\" content=\"image\/png\" \/>\n<meta name=\"twitter:card\" content=\"summary_large_image\" \/>\n<meta name=\"twitter:label1\" content=\"Est. reading time\" \/>\n\t<meta name=\"twitter:data1\" content=\"4 minutes\" \/>\n<script type=\"application\/ld+json\" class=\"yoast-schema-graph\">{\"@context\":\"https:\/\/schema.org\",\"@graph\":[{\"@type\":\"WebPage\",\"@id\":\"https:\/\/hello-suns.com\/de\/produkte\/feroli-lounge-set\/\",\"url\":\"https:\/\/hello-suns.com\/de\/produkte\/feroli-lounge-set\/\",\"name\":\"Entdecken Sie Feroli Lounge Set | SUNS Outdoor Lifestyle\",\"isPartOf\":{\"@id\":\"https:\/\/hello-suns.com\/de\/#website\"},\"primaryImageOfPage\":{\"@id\":\"https:\/\/hello-suns.com\/de\/produkte\/feroli-lounge-set\/#primaryimage\"},\"image\":{\"@id\":\"https:\/\/hello-suns.com\/de\/produkte\/feroli-lounge-set\/#primaryimage\"},\"thumbnailUrl\":\"https:\/\/hello-suns.com\/app\/uploads\/2026\/03\/Feroli-SUNS-SofaSet-Nova-CS-MR-BB-Free-26.png\",\"datePublished\":\"2026-03-02T11:50:46+00:00\",\"dateModified\":\"2026-03-19T07:50:55+00:00\",\"description\":\"Suchen Sie ein stilvolles Feroli Lounge-Set? SUNS bietet luxuri\u00f6se Lounge-Sets, die Komfort, Design und Haltbarkeit f\u00fcr einen eleganten Au\u00dfenbereich vereinen.\",\"breadcrumb\":{\"@id\":\"https:\/\/hello-suns.com\/de\/produkte\/feroli-lounge-set\/#breadcrumb\"},\"inLanguage\":\"de-DE\",\"potentialAction\":[{\"@type\":\"ReadAction\",\"target\":[\"https:\/\/hello-suns.com\/de\/produkte\/feroli-lounge-set\/\"]}]},{\"@type\":\"ImageObject\",\"inLanguage\":\"de-DE\",\"@id\":\"https:\/\/hello-suns.com\/de\/produkte\/feroli-lounge-set\/#primaryimage\",\"url\":\"https:\/\/hello-suns.com\/app\/uploads\/2026\/03\/Feroli-SUNS-SofaSet-Nova-CS-MR-BB-Free-26.png\",\"contentUrl\":\"https:\/\/hello-suns.com\/app\/uploads\/2026\/03\/Feroli-SUNS-SofaSet-Nova-CS-MR-BB-Free-26.png\",\"width\":3840,\"height\":2560},{\"@type\":\"BreadcrumbList\",\"@id\":\"https:\/\/hello-suns.com\/de\/produkte\/feroli-lounge-set\/#breadcrumb\",\"itemListElement\":[{\"@type\":\"ListItem\",\"position\":1,\"name\":\"\",\"item\":\"https:\/\/hello-suns.com\/de\/\"},{\"@type\":\"ListItem\",\"position\":2,\"name\":\"Produkte\",\"item\":\"https:\/\/hello-suns.com\/de\/produkte\/\"},{\"@type\":\"ListItem\",\"position\":3,\"name\":\"Feroli\"}]},{\"@type\":\"WebSite\",\"@id\":\"https:\/\/hello-suns.com\/de\/#website\",\"url\":\"https:\/\/hello-suns.com\/de\/\",\"name\":\"SUNS\",\"description\":\"Outdoor Lifestyle\",\"potentialAction\":[{\"@type\":\"SearchAction\",\"target\":{\"@type\":\"EntryPoint\",\"urlTemplate\":\"https:\/\/hello-suns.com\/de\/?s={search_term_string}\"},\"query-input\":{\"@type\":\"PropertyValueSpecification\",\"valueRequired\":true,\"valueName\":\"search_term_string\"}}],\"inLanguage\":\"de-DE\"}]}<\/script>\n<!-- \/ Yoast SEO plugin. -->","yoast_head_json":{"title":"Entdecken Sie Feroli Lounge Set | SUNS Outdoor Lifestyle","description":"Suchen Sie ein stilvolles Feroli Lounge-Set? SUNS bietet luxuri\u00f6se Lounge-Sets, die Komfort, Design und Haltbarkeit f\u00fcr einen eleganten Au\u00dfenbereich vereinen.","robots":{"index":"index","follow":"follow","max-snippet":"max-snippet:-1","max-image-preview":"max-image-preview:large","max-video-preview":"max-video-preview:-1"},"canonical":"https:\/\/hello-suns.com\/de\/produkte\/feroli-lounge-set\/","og_locale":"de_DE","og_type":"article","og_title":"Entdecken Sie Feroli Lounge Set | SUNS Outdoor Lifestyle","og_description":"Suchen Sie ein stilvolles Feroli Lounge-Set? SUNS bietet luxuri\u00f6se Lounge-Sets, die Komfort, Design und Haltbarkeit f\u00fcr einen eleganten Au\u00dfenbereich vereinen.","og_url":"https:\/\/hello-suns.com\/de\/produkte\/feroli-lounge-set\/","og_site_name":"SUNS","article_modified_time":"2026-03-19T07:50:55+00:00","og_image":[{"width":1024,"height":683,"url":"https:\/\/hello-suns.com\/app\/uploads\/2026\/03\/Feroli-SUNS-SofaSet-Nova-CS-MR-BB-Free-26-1024x683.png","type":"image\/png"}],"twitter_card":"summary_large_image","twitter_misc":{"Est. reading time":"4 minutes"},"schema":{"@context":"https:\/\/schema.org","@graph":[{"@type":"WebPage","@id":"https:\/\/hello-suns.com\/de\/produkte\/feroli-lounge-set\/","url":"https:\/\/hello-suns.com\/de\/produkte\/feroli-lounge-set\/","name":"Entdecken Sie Feroli Lounge Set | SUNS Outdoor Lifestyle","isPartOf":{"@id":"https:\/\/hello-suns.com\/de\/#website"},"primaryImageOfPage":{"@id":"https:\/\/hello-suns.com\/de\/produkte\/feroli-lounge-set\/#primaryimage"},"image":{"@id":"https:\/\/hello-suns.com\/de\/produkte\/feroli-lounge-set\/#primaryimage"},"thumbnailUrl":"https:\/\/hello-suns.com\/app\/uploads\/2026\/03\/Feroli-SUNS-SofaSet-Nova-CS-MR-BB-Free-26.png","datePublished":"2026-03-02T11:50:46+00:00","dateModified":"2026-03-19T07:50:55+00:00","description":"Suchen Sie ein stilvolles Feroli Lounge-Set? SUNS bietet luxuri\u00f6se Lounge-Sets, die Komfort, Design und Haltbarkeit f\u00fcr einen eleganten Au\u00dfenbereich vereinen.","breadcrumb":{"@id":"https:\/\/hello-suns.com\/de\/produkte\/feroli-lounge-set\/#breadcrumb"},"inLanguage":"de-DE","potentialAction":[{"@type":"ReadAction","target":["https:\/\/hello-suns.com\/de\/produkte\/feroli-lounge-set\/"]}]},{"@type":"ImageObject","inLanguage":"de-DE","@id":"https:\/\/hello-suns.com\/de\/produkte\/feroli-lounge-set\/#primaryimage","url":"https:\/\/hello-suns.com\/app\/uploads\/2026\/03\/Feroli-SUNS-SofaSet-Nova-CS-MR-BB-Free-26.png","contentUrl":"https:\/\/hello-suns.com\/app\/uploads\/2026\/03\/Feroli-SUNS-SofaSet-Nova-CS-MR-BB-Free-26.png","width":3840,"height":2560},{"@type":"BreadcrumbList","@id":"https:\/\/hello-suns.com\/de\/produkte\/feroli-lounge-set\/#breadcrumb","itemListElement":[{"@type":"ListItem","position":1,"name":"","item":"https:\/\/hello-suns.com\/de\/"},{"@type":"ListItem","position":2,"name":"Produkte","item":"https:\/\/hello-suns.com\/de\/produkte\/"},{"@type":"ListItem","position":3,"name":"Feroli"}]},{"@type":"WebSite","@id":"https:\/\/hello-suns.com\/de\/#website","url":"https:\/\/hello-suns.com\/de\/","name":"SUNS","description":"Outdoor Lifestyle","potentialAction":[{"@type":"SearchAction","target":{"@type":"EntryPoint","urlTemplate":"https:\/\/hello-suns.com\/de\/?s={search_term_string}"},"query-input":{"@type":"PropertyValueSpecification","valueRequired":true,"valueName":"search_term_string"}}],"inLanguage":"de-DE"}]}},"_links":{"self":[{"href":"https:\/\/hello-suns.com\/de\/wp-json\/wp\/v2\/product\/57174","targetHints":{"allow":["GET"]}}],"collection":[{"href":"https:\/\/hello-suns.com\/de\/wp-json\/wp\/v2\/product"}],"about":[{"href":"https:\/\/hello-suns.com\/de\/wp-json\/wp\/v2\/types\/product"}],"replies":[{"embeddable":true,"href":"https:\/\/hello-suns.com\/de\/wp-json\/wp\/v2\/comments?post=57174"}],"wp:featuredmedia":[{"embeddable":true,"href":"https:\/\/hello-suns.com\/de\/wp-json\/wp\/v2\/media\/57186"}],"wp:attachment":[{"href":"https:\/\/hello-suns.com\/de\/wp-json\/wp\/v2\/media?parent=57174"}],"wp:term":[{"taxonomy":"product_brand","embeddable":true,"href":"https:\/\/hello-suns.com\/de\/wp-json\/wp\/v2\/product_brand?post=57174"},{"taxonomy":"product_cat","embeddable":true,"href":"https:\/\/hello-suns.com\/de\/wp-json\/wp\/v2\/product_cat?post=57174"},{"taxonomy":"product_tag","embeddable":true,"href":"https:\/\/hello-suns.com\/de\/wp-json\/wp\/v2\/product_tag?post=57174"},{"taxonomy":"material","embeddable":true,"href":"https:\/\/hello-suns.com\/de\/wp-json\/wp\/v2\/material?post=57174"}],"curies":[{"name":"wp","href":"https:\/\/api.w.org\/{rel}","templated":true}]}}