{"id":57025,"date":"2026-03-02T11:53:10","date_gmt":"2026-03-02T10:53:10","guid":{"rendered":"https:\/\/hello-suns.com\/?post_type=product&#038;p=57025"},"modified":"2026-03-02T14:42:44","modified_gmt":"2026-03-02T13:42:44","slug":"casto-stuhl","status":"publish","type":"product","link":"https:\/\/hello-suns.com\/de\/produkte\/casto-stuhl\/","title":{"rendered":"Casto"},"content":{"rendered":"<h2 style=\"font-weight: 400;\">Essen Sie stilvoll und komfortabel<\/h2>\n<p>Der Casto Esszimmerstuhl bringt die raffinierten Formen und den weichen Charakter der Casto Kollektion an den Esstisch. Ein Stuhl mit einer warmen, einladenden Ausstrahlung &#8211; perfekt f\u00fcr lange Abendessen mit Stil und Komfort.<\/p>\n","protected":false},"excerpt":{"rendered":"<h3 style=\"font-weight: 400;\">Weiche Linien, starke Basis<\/h3>\n<p>Die erkennbare Casto-Signatur ist auch hier offensichtlich: eine elegante Wannenform mit reichem 9 mm Seilgeflecht, das dem Stuhl Tiefe und Textur verleiht. Die abgerundete R\u00fcckenlehne schmiegt sich bequem an den K\u00f6rper an, w\u00e4hrend die gro\u00dfz\u00fcgige Sitzfl\u00e4che viel Platz f\u00fcr entspannte Momente am Tisch bietet.<br \/>\nDer Aluminiumrahmen verleiht dem Stuhl einen modernen, leichten Look und eine solide Basis. Alles an Casto strahlt Ausgewogenheit aus &#8211; zwischen Komfort und Design, zwischen gem\u00fctlich und raffiniert.<\/p>\n","protected":false},"featured_media":57122,"comment_status":"closed","ping_status":"closed","template":"","meta":{"_acf_changed":false},"product_brand":[],"product_cat":[628],"product_tag":[],"material":[],"class_list":{"0":"post-57025","1":"product","2":"type-product","3":"status-publish","4":"has-post-thumbnail","6":"product_cat-stuhle","8":"first","9":"instock","10":"shipping-taxable","11":"product-type-simple"},"acf":[],"yoast_head":"<!-- This site is optimized with the Yoast SEO plugin v26.8 - https:\/\/yoast.com\/product\/yoast-seo-wordpress\/ -->\n<title>Entdecken Sie Casto Stuhl | SUNS Outdoor Lifestyle<\/title>\n<meta name=\"description\" content=\"Suchen Sie nach Casto Stuhl? SUNS bietet bequeme Gartenst\u00fchle mit farbenfrohem Acrylseil und einem robusten Aluminiumrahmen, perfekt f\u00fcr den Au\u00dfenbereich.\" \/>\n<meta name=\"robots\" content=\"index, follow, max-snippet:-1, max-image-preview:large, max-video-preview:-1\" \/>\n<link rel=\"canonical\" href=\"https:\/\/hello-suns.com\/de\/produkte\/casto-stuhl\/\" \/>\n<meta property=\"og:locale\" content=\"de_DE\" \/>\n<meta property=\"og:type\" content=\"article\" \/>\n<meta property=\"og:title\" content=\"Entdecken Sie Casto Stuhl | SUNS Outdoor Lifestyle\" \/>\n<meta property=\"og:description\" content=\"Suchen Sie nach Casto Stuhl? SUNS bietet bequeme Gartenst\u00fchle mit farbenfrohem Acrylseil und einem robusten Aluminiumrahmen, perfekt f\u00fcr den Au\u00dfenbereich.\" \/>\n<meta property=\"og:url\" content=\"https:\/\/hello-suns.com\/de\/produkte\/casto-stuhl\/\" \/>\n<meta property=\"og:site_name\" content=\"SUNS\" \/>\n<meta property=\"article:modified_time\" content=\"2026-03-02T13:42:44+00:00\" \/>\n<meta property=\"og:image\" content=\"https:\/\/hello-suns.com\/app\/uploads\/2026\/03\/Casto-SUNS-Diningchair-CS-VW-BB-Free-26-1024x683.png\" \/>\n\t<meta property=\"og:image:width\" content=\"1024\" \/>\n\t<meta property=\"og:image:height\" content=\"683\" \/>\n\t<meta property=\"og:image:type\" content=\"image\/png\" \/>\n<meta name=\"twitter:card\" content=\"summary_large_image\" \/>\n<meta name=\"twitter:label1\" content=\"Est. reading time\" \/>\n\t<meta name=\"twitter:data1\" content=\"2 minutes\" \/>\n<script type=\"application\/ld+json\" class=\"yoast-schema-graph\">{\"@context\":\"https:\/\/schema.org\",\"@graph\":[{\"@type\":\"WebPage\",\"@id\":\"https:\/\/hello-suns.com\/de\/produkte\/casto-stuhl\/\",\"url\":\"https:\/\/hello-suns.com\/de\/produkte\/casto-stuhl\/\",\"name\":\"Entdecken Sie Casto Stuhl | SUNS Outdoor Lifestyle\",\"isPartOf\":{\"@id\":\"https:\/\/hello-suns.com\/de\/#website\"},\"primaryImageOfPage\":{\"@id\":\"https:\/\/hello-suns.com\/de\/produkte\/casto-stuhl\/#primaryimage\"},\"image\":{\"@id\":\"https:\/\/hello-suns.com\/de\/produkte\/casto-stuhl\/#primaryimage\"},\"thumbnailUrl\":\"https:\/\/hello-suns.com\/app\/uploads\/2026\/03\/Casto-SUNS-Diningchair-CS-VW-BB-Free-26.png\",\"datePublished\":\"2026-03-02T10:53:10+00:00\",\"dateModified\":\"2026-03-02T13:42:44+00:00\",\"description\":\"Suchen Sie nach Casto Stuhl? SUNS bietet bequeme Gartenst\u00fchle mit farbenfrohem Acrylseil und einem robusten Aluminiumrahmen, perfekt f\u00fcr den Au\u00dfenbereich.\",\"breadcrumb\":{\"@id\":\"https:\/\/hello-suns.com\/de\/produkte\/casto-stuhl\/#breadcrumb\"},\"inLanguage\":\"de-DE\",\"potentialAction\":[{\"@type\":\"ReadAction\",\"target\":[\"https:\/\/hello-suns.com\/de\/produkte\/casto-stuhl\/\"]}]},{\"@type\":\"ImageObject\",\"inLanguage\":\"de-DE\",\"@id\":\"https:\/\/hello-suns.com\/de\/produkte\/casto-stuhl\/#primaryimage\",\"url\":\"https:\/\/hello-suns.com\/app\/uploads\/2026\/03\/Casto-SUNS-Diningchair-CS-VW-BB-Free-26.png\",\"contentUrl\":\"https:\/\/hello-suns.com\/app\/uploads\/2026\/03\/Casto-SUNS-Diningchair-CS-VW-BB-Free-26.png\",\"width\":3240,\"height\":2160},{\"@type\":\"BreadcrumbList\",\"@id\":\"https:\/\/hello-suns.com\/de\/produkte\/casto-stuhl\/#breadcrumb\",\"itemListElement\":[{\"@type\":\"ListItem\",\"position\":1,\"name\":\"\",\"item\":\"https:\/\/hello-suns.com\/de\/\"},{\"@type\":\"ListItem\",\"position\":2,\"name\":\"Produkte\",\"item\":\"https:\/\/hello-suns.com\/de\/produkte\/\"},{\"@type\":\"ListItem\",\"position\":3,\"name\":\"Casto\"}]},{\"@type\":\"WebSite\",\"@id\":\"https:\/\/hello-suns.com\/de\/#website\",\"url\":\"https:\/\/hello-suns.com\/de\/\",\"name\":\"SUNS\",\"description\":\"Outdoor Lifestyle\",\"potentialAction\":[{\"@type\":\"SearchAction\",\"target\":{\"@type\":\"EntryPoint\",\"urlTemplate\":\"https:\/\/hello-suns.com\/de\/?s={search_term_string}\"},\"query-input\":{\"@type\":\"PropertyValueSpecification\",\"valueRequired\":true,\"valueName\":\"search_term_string\"}}],\"inLanguage\":\"de-DE\"}]}<\/script>\n<!-- \/ Yoast SEO plugin. -->","yoast_head_json":{"title":"Entdecken Sie Casto Stuhl | SUNS Outdoor Lifestyle","description":"Suchen Sie nach Casto Stuhl? SUNS bietet bequeme Gartenst\u00fchle mit farbenfrohem Acrylseil und einem robusten Aluminiumrahmen, perfekt f\u00fcr den Au\u00dfenbereich.","robots":{"index":"index","follow":"follow","max-snippet":"max-snippet:-1","max-image-preview":"max-image-preview:large","max-video-preview":"max-video-preview:-1"},"canonical":"https:\/\/hello-suns.com\/de\/produkte\/casto-stuhl\/","og_locale":"de_DE","og_type":"article","og_title":"Entdecken Sie Casto Stuhl | SUNS Outdoor Lifestyle","og_description":"Suchen Sie nach Casto Stuhl? SUNS bietet bequeme Gartenst\u00fchle mit farbenfrohem Acrylseil und einem robusten Aluminiumrahmen, perfekt f\u00fcr den Au\u00dfenbereich.","og_url":"https:\/\/hello-suns.com\/de\/produkte\/casto-stuhl\/","og_site_name":"SUNS","article_modified_time":"2026-03-02T13:42:44+00:00","og_image":[{"width":1024,"height":683,"url":"https:\/\/hello-suns.com\/app\/uploads\/2026\/03\/Casto-SUNS-Diningchair-CS-VW-BB-Free-26-1024x683.png","type":"image\/png"}],"twitter_card":"summary_large_image","twitter_misc":{"Est. reading time":"2 minutes"},"schema":{"@context":"https:\/\/schema.org","@graph":[{"@type":"WebPage","@id":"https:\/\/hello-suns.com\/de\/produkte\/casto-stuhl\/","url":"https:\/\/hello-suns.com\/de\/produkte\/casto-stuhl\/","name":"Entdecken Sie Casto Stuhl | SUNS Outdoor Lifestyle","isPartOf":{"@id":"https:\/\/hello-suns.com\/de\/#website"},"primaryImageOfPage":{"@id":"https:\/\/hello-suns.com\/de\/produkte\/casto-stuhl\/#primaryimage"},"image":{"@id":"https:\/\/hello-suns.com\/de\/produkte\/casto-stuhl\/#primaryimage"},"thumbnailUrl":"https:\/\/hello-suns.com\/app\/uploads\/2026\/03\/Casto-SUNS-Diningchair-CS-VW-BB-Free-26.png","datePublished":"2026-03-02T10:53:10+00:00","dateModified":"2026-03-02T13:42:44+00:00","description":"Suchen Sie nach Casto Stuhl? SUNS bietet bequeme Gartenst\u00fchle mit farbenfrohem Acrylseil und einem robusten Aluminiumrahmen, perfekt f\u00fcr den Au\u00dfenbereich.","breadcrumb":{"@id":"https:\/\/hello-suns.com\/de\/produkte\/casto-stuhl\/#breadcrumb"},"inLanguage":"de-DE","potentialAction":[{"@type":"ReadAction","target":["https:\/\/hello-suns.com\/de\/produkte\/casto-stuhl\/"]}]},{"@type":"ImageObject","inLanguage":"de-DE","@id":"https:\/\/hello-suns.com\/de\/produkte\/casto-stuhl\/#primaryimage","url":"https:\/\/hello-suns.com\/app\/uploads\/2026\/03\/Casto-SUNS-Diningchair-CS-VW-BB-Free-26.png","contentUrl":"https:\/\/hello-suns.com\/app\/uploads\/2026\/03\/Casto-SUNS-Diningchair-CS-VW-BB-Free-26.png","width":3240,"height":2160},{"@type":"BreadcrumbList","@id":"https:\/\/hello-suns.com\/de\/produkte\/casto-stuhl\/#breadcrumb","itemListElement":[{"@type":"ListItem","position":1,"name":"","item":"https:\/\/hello-suns.com\/de\/"},{"@type":"ListItem","position":2,"name":"Produkte","item":"https:\/\/hello-suns.com\/de\/produkte\/"},{"@type":"ListItem","position":3,"name":"Casto"}]},{"@type":"WebSite","@id":"https:\/\/hello-suns.com\/de\/#website","url":"https:\/\/hello-suns.com\/de\/","name":"SUNS","description":"Outdoor Lifestyle","potentialAction":[{"@type":"SearchAction","target":{"@type":"EntryPoint","urlTemplate":"https:\/\/hello-suns.com\/de\/?s={search_term_string}"},"query-input":{"@type":"PropertyValueSpecification","valueRequired":true,"valueName":"search_term_string"}}],"inLanguage":"de-DE"}]}},"_links":{"self":[{"href":"https:\/\/hello-suns.com\/de\/wp-json\/wp\/v2\/product\/57025","targetHints":{"allow":["GET"]}}],"collection":[{"href":"https:\/\/hello-suns.com\/de\/wp-json\/wp\/v2\/product"}],"about":[{"href":"https:\/\/hello-suns.com\/de\/wp-json\/wp\/v2\/types\/product"}],"replies":[{"embeddable":true,"href":"https:\/\/hello-suns.com\/de\/wp-json\/wp\/v2\/comments?post=57025"}],"wp:featuredmedia":[{"embeddable":true,"href":"https:\/\/hello-suns.com\/de\/wp-json\/wp\/v2\/media\/57122"}],"wp:attachment":[{"href":"https:\/\/hello-suns.com\/de\/wp-json\/wp\/v2\/media?parent=57025"}],"wp:term":[{"taxonomy":"product_brand","embeddable":true,"href":"https:\/\/hello-suns.com\/de\/wp-json\/wp\/v2\/product_brand?post=57025"},{"taxonomy":"product_cat","embeddable":true,"href":"https:\/\/hello-suns.com\/de\/wp-json\/wp\/v2\/product_cat?post=57025"},{"taxonomy":"product_tag","embeddable":true,"href":"https:\/\/hello-suns.com\/de\/wp-json\/wp\/v2\/product_tag?post=57025"},{"taxonomy":"material","embeddable":true,"href":"https:\/\/hello-suns.com\/de\/wp-json\/wp\/v2\/material?post=57025"}],"curies":[{"name":"wp","href":"https:\/\/api.w.org\/{rel}","templated":true}]}}