{"id":56966,"date":"2026-03-02T11:39:43","date_gmt":"2026-03-02T10:39:43","guid":{"rendered":"https:\/\/hello-suns.com\/?post_type=product&#038;p=56966"},"modified":"2026-03-23T11:41:17","modified_gmt":"2026-03-23T10:41:17","slug":"nuna-sessel","status":"publish","type":"product","link":"https:\/\/hello-suns.com\/de\/produkte\/nuna-sessel\/","title":{"rendered":"Nuna"},"content":{"rendered":"<h2 style=\"font-weight: 400;\">Ihr eigener Kokon an der frischen Luft<\/h2>\n<p style=\"font-weight: 400;\">Nuna ist ein Loungesessel, in dem Sie wirklich verschwinden k\u00f6nnen. Eine gro\u00dfz\u00fcgige Kokonform, eine umh\u00fcllende Sitzfl\u00e4che und ein wunderbar weiches Boucl\u00e9-Kissen sorgen f\u00fcr sofortige Entspannung. Das Design wurde in Zusammenarbeit mit Anouk Smulders entwickelt, mit dem Ausgangspunkt: ein Ort, an dem Sie sich vollkommen entspannen k\u00f6nnen. Drau\u00dfen. Ohne Eile.<\/p>\n","protected":false},"excerpt":{"rendered":"<div>\n<h3 style=\"font-weight: 400;\">Rund, weich, einladend<\/h3>\n<\/div>\n<div>\n<div>\n<p>Die luftige, runde Wanne von Nuna besteht aus einem runden Seil, das \u00fcber einen Aluminiumrahmen in den Farben Bronze und Camel Sand gespannt ist. Dies sorgt f\u00fcr eine starke, stabile Basis und ein weiches, einladendes Spiel der Linien.<\/p>\n<\/div>\n<div>\n<p>Im Inneren befindet sich ein dickes, reichlich gepolstertes Kissen aus Beachy Boucl\u00e9. Die Textur ist warm und f\u00fchlbar und f\u00fchlt sich wunderbar weich auf der Haut an. Sie sinken sozusagen hinein, nicht nur darauf, so dass sich Nuna wie Ihr eigener Kokon anf\u00fchlt. Perfekt zum Sitzen, Faulenzen und Tr\u00e4umen. Lesen Sie ein Buch. Oder einfach gar nichts. Stellen Sie Nuna allein auf, kombinieren Sie ihn mit einem Beistelltisch oder schaffen Sie sich eine gem\u00fctliche Ecke unter einem Baldachin.<\/p>\n<\/div>\n<\/div>\n","protected":false},"featured_media":56983,"comment_status":"closed","ping_status":"closed","template":"","meta":{"_acf_changed":false},"product_brand":[],"product_cat":[619],"product_tag":[],"material":[],"class_list":{"0":"post-56966","1":"product","2":"type-product","3":"status-publish","4":"has-post-thumbnail","6":"product_cat-sessel","8":"first","9":"instock","10":"shipping-taxable","11":"product-type-simple"},"acf":[],"yoast_head":"<!-- This site is optimized with the Yoast SEO plugin v26.8 - https:\/\/yoast.com\/product\/yoast-seo-wordpress\/ -->\n<title>Nuna Liegestuhl | SUNS Outdoor Lifestyle<\/title>\n<meta name=\"description\" content=\"Suchen Sie den Nuna Lounge Chair? SUNS bietet den hochwertigen Nuna Lounge Chair, der Haltbarkeit und Design vereint.\" \/>\n<meta name=\"robots\" content=\"index, follow, max-snippet:-1, max-image-preview:large, max-video-preview:-1\" \/>\n<link rel=\"canonical\" href=\"https:\/\/hello-suns.com\/de\/produkte\/nuna-sessel\/\" \/>\n<meta property=\"og:locale\" content=\"de_DE\" \/>\n<meta property=\"og:type\" content=\"article\" \/>\n<meta property=\"og:title\" content=\"Nuna Liegestuhl | SUNS Outdoor Lifestyle\" \/>\n<meta property=\"og:description\" content=\"Suchen Sie den Nuna Lounge Chair? SUNS bietet den hochwertigen Nuna Lounge Chair, der Haltbarkeit und Design vereint.\" \/>\n<meta property=\"og:url\" content=\"https:\/\/hello-suns.com\/de\/produkte\/nuna-sessel\/\" \/>\n<meta property=\"og:site_name\" content=\"SUNS\" \/>\n<meta property=\"article:modified_time\" content=\"2026-03-23T10:41:17+00:00\" \/>\n<meta property=\"og:image\" content=\"https:\/\/hello-suns.com\/app\/uploads\/2026\/03\/Nuna-SUNS-BZ-FIW-PDB-Free-26-1024x683.png\" \/>\n\t<meta property=\"og:image:width\" content=\"1024\" \/>\n\t<meta property=\"og:image:height\" content=\"683\" \/>\n\t<meta property=\"og:image:type\" content=\"image\/png\" \/>\n<meta name=\"twitter:card\" content=\"summary_large_image\" \/>\n<meta name=\"twitter:label1\" content=\"Est. reading time\" \/>\n\t<meta name=\"twitter:data1\" content=\"2 minutes\" \/>\n<script type=\"application\/ld+json\" class=\"yoast-schema-graph\">{\"@context\":\"https:\/\/schema.org\",\"@graph\":[{\"@type\":\"WebPage\",\"@id\":\"https:\/\/hello-suns.com\/de\/produkte\/nuna-sessel\/\",\"url\":\"https:\/\/hello-suns.com\/de\/produkte\/nuna-sessel\/\",\"name\":\"Nuna Liegestuhl | SUNS Outdoor Lifestyle\",\"isPartOf\":{\"@id\":\"https:\/\/hello-suns.com\/de\/#website\"},\"primaryImageOfPage\":{\"@id\":\"https:\/\/hello-suns.com\/de\/produkte\/nuna-sessel\/#primaryimage\"},\"image\":{\"@id\":\"https:\/\/hello-suns.com\/de\/produkte\/nuna-sessel\/#primaryimage\"},\"thumbnailUrl\":\"https:\/\/hello-suns.com\/app\/uploads\/2026\/03\/Nuna-SUNS-BZ-FIW-PDB-Free-26.png\",\"datePublished\":\"2026-03-02T10:39:43+00:00\",\"dateModified\":\"2026-03-23T10:41:17+00:00\",\"description\":\"Suchen Sie den Nuna Lounge Chair? SUNS bietet den hochwertigen Nuna Lounge Chair, der Haltbarkeit und Design vereint.\",\"breadcrumb\":{\"@id\":\"https:\/\/hello-suns.com\/de\/produkte\/nuna-sessel\/#breadcrumb\"},\"inLanguage\":\"de-DE\",\"potentialAction\":[{\"@type\":\"ReadAction\",\"target\":[\"https:\/\/hello-suns.com\/de\/produkte\/nuna-sessel\/\"]}]},{\"@type\":\"ImageObject\",\"inLanguage\":\"de-DE\",\"@id\":\"https:\/\/hello-suns.com\/de\/produkte\/nuna-sessel\/#primaryimage\",\"url\":\"https:\/\/hello-suns.com\/app\/uploads\/2026\/03\/Nuna-SUNS-BZ-FIW-PDB-Free-26.png\",\"contentUrl\":\"https:\/\/hello-suns.com\/app\/uploads\/2026\/03\/Nuna-SUNS-BZ-FIW-PDB-Free-26.png\",\"width\":3240,\"height\":2160},{\"@type\":\"BreadcrumbList\",\"@id\":\"https:\/\/hello-suns.com\/de\/produkte\/nuna-sessel\/#breadcrumb\",\"itemListElement\":[{\"@type\":\"ListItem\",\"position\":1,\"name\":\"\",\"item\":\"https:\/\/hello-suns.com\/de\/\"},{\"@type\":\"ListItem\",\"position\":2,\"name\":\"Produkte\",\"item\":\"https:\/\/hello-suns.com\/de\/produkte\/\"},{\"@type\":\"ListItem\",\"position\":3,\"name\":\"Nuna\"}]},{\"@type\":\"WebSite\",\"@id\":\"https:\/\/hello-suns.com\/de\/#website\",\"url\":\"https:\/\/hello-suns.com\/de\/\",\"name\":\"SUNS\",\"description\":\"Outdoor Lifestyle\",\"potentialAction\":[{\"@type\":\"SearchAction\",\"target\":{\"@type\":\"EntryPoint\",\"urlTemplate\":\"https:\/\/hello-suns.com\/de\/?s={search_term_string}\"},\"query-input\":{\"@type\":\"PropertyValueSpecification\",\"valueRequired\":true,\"valueName\":\"search_term_string\"}}],\"inLanguage\":\"de-DE\"}]}<\/script>\n<!-- \/ Yoast SEO plugin. -->","yoast_head_json":{"title":"Nuna Liegestuhl | SUNS Outdoor Lifestyle","description":"Suchen Sie den Nuna Lounge Chair? SUNS bietet den hochwertigen Nuna Lounge Chair, der Haltbarkeit und Design vereint.","robots":{"index":"index","follow":"follow","max-snippet":"max-snippet:-1","max-image-preview":"max-image-preview:large","max-video-preview":"max-video-preview:-1"},"canonical":"https:\/\/hello-suns.com\/de\/produkte\/nuna-sessel\/","og_locale":"de_DE","og_type":"article","og_title":"Nuna Liegestuhl | SUNS Outdoor Lifestyle","og_description":"Suchen Sie den Nuna Lounge Chair? SUNS bietet den hochwertigen Nuna Lounge Chair, der Haltbarkeit und Design vereint.","og_url":"https:\/\/hello-suns.com\/de\/produkte\/nuna-sessel\/","og_site_name":"SUNS","article_modified_time":"2026-03-23T10:41:17+00:00","og_image":[{"width":1024,"height":683,"url":"https:\/\/hello-suns.com\/app\/uploads\/2026\/03\/Nuna-SUNS-BZ-FIW-PDB-Free-26-1024x683.png","type":"image\/png"}],"twitter_card":"summary_large_image","twitter_misc":{"Est. reading time":"2 minutes"},"schema":{"@context":"https:\/\/schema.org","@graph":[{"@type":"WebPage","@id":"https:\/\/hello-suns.com\/de\/produkte\/nuna-sessel\/","url":"https:\/\/hello-suns.com\/de\/produkte\/nuna-sessel\/","name":"Nuna Liegestuhl | SUNS Outdoor Lifestyle","isPartOf":{"@id":"https:\/\/hello-suns.com\/de\/#website"},"primaryImageOfPage":{"@id":"https:\/\/hello-suns.com\/de\/produkte\/nuna-sessel\/#primaryimage"},"image":{"@id":"https:\/\/hello-suns.com\/de\/produkte\/nuna-sessel\/#primaryimage"},"thumbnailUrl":"https:\/\/hello-suns.com\/app\/uploads\/2026\/03\/Nuna-SUNS-BZ-FIW-PDB-Free-26.png","datePublished":"2026-03-02T10:39:43+00:00","dateModified":"2026-03-23T10:41:17+00:00","description":"Suchen Sie den Nuna Lounge Chair? SUNS bietet den hochwertigen Nuna Lounge Chair, der Haltbarkeit und Design vereint.","breadcrumb":{"@id":"https:\/\/hello-suns.com\/de\/produkte\/nuna-sessel\/#breadcrumb"},"inLanguage":"de-DE","potentialAction":[{"@type":"ReadAction","target":["https:\/\/hello-suns.com\/de\/produkte\/nuna-sessel\/"]}]},{"@type":"ImageObject","inLanguage":"de-DE","@id":"https:\/\/hello-suns.com\/de\/produkte\/nuna-sessel\/#primaryimage","url":"https:\/\/hello-suns.com\/app\/uploads\/2026\/03\/Nuna-SUNS-BZ-FIW-PDB-Free-26.png","contentUrl":"https:\/\/hello-suns.com\/app\/uploads\/2026\/03\/Nuna-SUNS-BZ-FIW-PDB-Free-26.png","width":3240,"height":2160},{"@type":"BreadcrumbList","@id":"https:\/\/hello-suns.com\/de\/produkte\/nuna-sessel\/#breadcrumb","itemListElement":[{"@type":"ListItem","position":1,"name":"","item":"https:\/\/hello-suns.com\/de\/"},{"@type":"ListItem","position":2,"name":"Produkte","item":"https:\/\/hello-suns.com\/de\/produkte\/"},{"@type":"ListItem","position":3,"name":"Nuna"}]},{"@type":"WebSite","@id":"https:\/\/hello-suns.com\/de\/#website","url":"https:\/\/hello-suns.com\/de\/","name":"SUNS","description":"Outdoor Lifestyle","potentialAction":[{"@type":"SearchAction","target":{"@type":"EntryPoint","urlTemplate":"https:\/\/hello-suns.com\/de\/?s={search_term_string}"},"query-input":{"@type":"PropertyValueSpecification","valueRequired":true,"valueName":"search_term_string"}}],"inLanguage":"de-DE"}]}},"_links":{"self":[{"href":"https:\/\/hello-suns.com\/de\/wp-json\/wp\/v2\/product\/56966","targetHints":{"allow":["GET"]}}],"collection":[{"href":"https:\/\/hello-suns.com\/de\/wp-json\/wp\/v2\/product"}],"about":[{"href":"https:\/\/hello-suns.com\/de\/wp-json\/wp\/v2\/types\/product"}],"replies":[{"embeddable":true,"href":"https:\/\/hello-suns.com\/de\/wp-json\/wp\/v2\/comments?post=56966"}],"wp:featuredmedia":[{"embeddable":true,"href":"https:\/\/hello-suns.com\/de\/wp-json\/wp\/v2\/media\/56983"}],"wp:attachment":[{"href":"https:\/\/hello-suns.com\/de\/wp-json\/wp\/v2\/media?parent=56966"}],"wp:term":[{"taxonomy":"product_brand","embeddable":true,"href":"https:\/\/hello-suns.com\/de\/wp-json\/wp\/v2\/product_brand?post=56966"},{"taxonomy":"product_cat","embeddable":true,"href":"https:\/\/hello-suns.com\/de\/wp-json\/wp\/v2\/product_cat?post=56966"},{"taxonomy":"product_tag","embeddable":true,"href":"https:\/\/hello-suns.com\/de\/wp-json\/wp\/v2\/product_tag?post=56966"},{"taxonomy":"material","embeddable":true,"href":"https:\/\/hello-suns.com\/de\/wp-json\/wp\/v2\/material?post=56966"}],"curies":[{"name":"wp","href":"https:\/\/api.w.org\/{rel}","templated":true}]}}