{"id":56897,"date":"2026-03-02T10:04:02","date_gmt":"2026-03-02T09:04:02","guid":{"rendered":"https:\/\/hello-suns.com\/?post_type=product&#038;p=56897"},"modified":"2026-03-04T09:48:00","modified_gmt":"2026-03-04T08:48:00","slug":"casto-high-back-sessel","status":"publish","type":"product","link":"https:\/\/hello-suns.com\/de\/produkte\/casto-high-back-sessel\/","title":{"rendered":"Casto | high back"},"content":{"rendered":"<h2 style=\"font-weight: 400;\">Komfort mit einem h\u00f6heren Ziel<\/h2>\n<p style=\"font-weight: 400;\">Der Casto Loungesessel mit hoher R\u00fcckenlehne bietet alles, was die Casto Kollektion so beliebt macht, und f\u00fcgt noch etwas hinzu. Mit seiner h\u00f6heren R\u00fcckenlehne und der eleganten Wannenform umh\u00fcllt dieser Sessel Sie buchst\u00e4blich mit Komfort. Ein luxuri\u00f6ser Ort zum Ausruhen f\u00fcr lange Sommerabende.<\/p>\n","protected":false},"excerpt":{"rendered":"<div>\n<h3>Raffinierte Form, sp\u00fcrbarer Unterschied<\/h3>\n<\/div>\n<div>\n<p>Die erh\u00f6hte R\u00fcckenlehne bietet zus\u00e4tzliche Unterst\u00fctzung f\u00fcr Schultern und Kopf, so dass Sie sich tiefer entspannen k\u00f6nnen. Gleichzeitig beh\u00e4lt er den charakteristischen Casto-Look bei: eine luftige, abgerundete Form mit reichem 9 mm Seilgeflecht und einer weichen, einladenden Sitzfl\u00e4che.<\/p>\n<\/div>\n<div>\n<p>Der Rahmen scheint die Wanne auf subtile Weise zu st\u00fctzen. Ein Designdetail, das ein Gleichgewicht zwischen Robustheit und Eleganz herstellt. Die Variante mit hoher R\u00fcckenlehne f\u00fcgt sich in Bezug auf das Design nahtlos in die anderen Artikel von Casto ein, bietet aber noch ein bisschen mehr Komfort f\u00fcr diejenigen, die gerne etwas l\u00e4nger sitzen.<\/p>\n<\/div>\n","protected":false},"featured_media":56902,"comment_status":"closed","ping_status":"closed","template":"","meta":{"_acf_changed":false},"product_brand":[],"product_cat":[619],"product_tag":[],"material":[],"class_list":{"0":"post-56897","1":"product","2":"type-product","3":"status-publish","4":"has-post-thumbnail","6":"product_cat-sessel","8":"first","9":"instock","10":"shipping-taxable","11":"product-type-simple"},"acf":[],"yoast_head":"<!-- This site is optimized with the Yoast SEO plugin v26.8 - https:\/\/yoast.com\/product\/yoast-seo-wordpress\/ -->\n<title>Casto Hochlehner-Sessel | SUNS Outdoor Lifestyle<\/title>\n<meta name=\"description\" content=\"Suchen Sie nach dem Casto Loungesessel? SUNS bietet Ihnen den hochwertigen Casto Loungesessel, der Haltbarkeit und Design vereint.\" \/>\n<meta name=\"robots\" content=\"index, follow, max-snippet:-1, max-image-preview:large, max-video-preview:-1\" \/>\n<link rel=\"canonical\" href=\"https:\/\/hello-suns.com\/de\/produkte\/casto-high-back-sessel\/\" \/>\n<meta property=\"og:locale\" content=\"de_DE\" \/>\n<meta property=\"og:type\" content=\"article\" \/>\n<meta property=\"og:title\" content=\"Casto Hochlehner-Sessel | SUNS Outdoor Lifestyle\" \/>\n<meta property=\"og:description\" content=\"Suchen Sie nach dem Casto Loungesessel? SUNS bietet Ihnen den hochwertigen Casto Loungesessel, der Haltbarkeit und Design vereint.\" \/>\n<meta property=\"og:url\" content=\"https:\/\/hello-suns.com\/de\/produkte\/casto-high-back-sessel\/\" \/>\n<meta property=\"og:site_name\" content=\"SUNS\" \/>\n<meta property=\"article:modified_time\" content=\"2026-03-04T08:48:00+00:00\" \/>\n<meta property=\"og:image\" content=\"https:\/\/hello-suns.com\/app\/uploads\/2026\/03\/Casto-Highbackchair-CS-VW-BB-Free-26-1024x683.png\" \/>\n\t<meta property=\"og:image:width\" content=\"1024\" \/>\n\t<meta property=\"og:image:height\" content=\"683\" \/>\n\t<meta property=\"og:image:type\" content=\"image\/png\" \/>\n<meta name=\"twitter:card\" content=\"summary_large_image\" \/>\n<meta name=\"twitter:label1\" content=\"Est. reading time\" \/>\n\t<meta name=\"twitter:data1\" content=\"2 minutes\" \/>\n<script type=\"application\/ld+json\" class=\"yoast-schema-graph\">{\"@context\":\"https:\/\/schema.org\",\"@graph\":[{\"@type\":\"WebPage\",\"@id\":\"https:\/\/hello-suns.com\/de\/produkte\/casto-high-back-sessel\/\",\"url\":\"https:\/\/hello-suns.com\/de\/produkte\/casto-high-back-sessel\/\",\"name\":\"Casto Hochlehner-Sessel | SUNS Outdoor Lifestyle\",\"isPartOf\":{\"@id\":\"https:\/\/hello-suns.com\/de\/#website\"},\"primaryImageOfPage\":{\"@id\":\"https:\/\/hello-suns.com\/de\/produkte\/casto-high-back-sessel\/#primaryimage\"},\"image\":{\"@id\":\"https:\/\/hello-suns.com\/de\/produkte\/casto-high-back-sessel\/#primaryimage\"},\"thumbnailUrl\":\"https:\/\/hello-suns.com\/app\/uploads\/2026\/03\/Casto-Highbackchair-CS-VW-BB-Free-26.png\",\"datePublished\":\"2026-03-02T09:04:02+00:00\",\"dateModified\":\"2026-03-04T08:48:00+00:00\",\"description\":\"Suchen Sie nach dem Casto Loungesessel? SUNS bietet Ihnen den hochwertigen Casto Loungesessel, der Haltbarkeit und Design vereint.\",\"breadcrumb\":{\"@id\":\"https:\/\/hello-suns.com\/de\/produkte\/casto-high-back-sessel\/#breadcrumb\"},\"inLanguage\":\"de-DE\",\"potentialAction\":[{\"@type\":\"ReadAction\",\"target\":[\"https:\/\/hello-suns.com\/de\/produkte\/casto-high-back-sessel\/\"]}]},{\"@type\":\"ImageObject\",\"inLanguage\":\"de-DE\",\"@id\":\"https:\/\/hello-suns.com\/de\/produkte\/casto-high-back-sessel\/#primaryimage\",\"url\":\"https:\/\/hello-suns.com\/app\/uploads\/2026\/03\/Casto-Highbackchair-CS-VW-BB-Free-26.png\",\"contentUrl\":\"https:\/\/hello-suns.com\/app\/uploads\/2026\/03\/Casto-Highbackchair-CS-VW-BB-Free-26.png\",\"width\":3240,\"height\":2160},{\"@type\":\"BreadcrumbList\",\"@id\":\"https:\/\/hello-suns.com\/de\/produkte\/casto-high-back-sessel\/#breadcrumb\",\"itemListElement\":[{\"@type\":\"ListItem\",\"position\":1,\"name\":\"\",\"item\":\"https:\/\/hello-suns.com\/de\/\"},{\"@type\":\"ListItem\",\"position\":2,\"name\":\"Produkte\",\"item\":\"https:\/\/hello-suns.com\/de\/produkte\/\"},{\"@type\":\"ListItem\",\"position\":3,\"name\":\"Casto | high back\"}]},{\"@type\":\"WebSite\",\"@id\":\"https:\/\/hello-suns.com\/de\/#website\",\"url\":\"https:\/\/hello-suns.com\/de\/\",\"name\":\"SUNS\",\"description\":\"Outdoor Lifestyle\",\"potentialAction\":[{\"@type\":\"SearchAction\",\"target\":{\"@type\":\"EntryPoint\",\"urlTemplate\":\"https:\/\/hello-suns.com\/de\/?s={search_term_string}\"},\"query-input\":{\"@type\":\"PropertyValueSpecification\",\"valueRequired\":true,\"valueName\":\"search_term_string\"}}],\"inLanguage\":\"de-DE\"}]}<\/script>\n<!-- \/ Yoast SEO plugin. -->","yoast_head_json":{"title":"Casto Hochlehner-Sessel | SUNS Outdoor Lifestyle","description":"Suchen Sie nach dem Casto Loungesessel? SUNS bietet Ihnen den hochwertigen Casto Loungesessel, der Haltbarkeit und Design vereint.","robots":{"index":"index","follow":"follow","max-snippet":"max-snippet:-1","max-image-preview":"max-image-preview:large","max-video-preview":"max-video-preview:-1"},"canonical":"https:\/\/hello-suns.com\/de\/produkte\/casto-high-back-sessel\/","og_locale":"de_DE","og_type":"article","og_title":"Casto Hochlehner-Sessel | SUNS Outdoor Lifestyle","og_description":"Suchen Sie nach dem Casto Loungesessel? SUNS bietet Ihnen den hochwertigen Casto Loungesessel, der Haltbarkeit und Design vereint.","og_url":"https:\/\/hello-suns.com\/de\/produkte\/casto-high-back-sessel\/","og_site_name":"SUNS","article_modified_time":"2026-03-04T08:48:00+00:00","og_image":[{"width":1024,"height":683,"url":"https:\/\/hello-suns.com\/app\/uploads\/2026\/03\/Casto-Highbackchair-CS-VW-BB-Free-26-1024x683.png","type":"image\/png"}],"twitter_card":"summary_large_image","twitter_misc":{"Est. reading time":"2 minutes"},"schema":{"@context":"https:\/\/schema.org","@graph":[{"@type":"WebPage","@id":"https:\/\/hello-suns.com\/de\/produkte\/casto-high-back-sessel\/","url":"https:\/\/hello-suns.com\/de\/produkte\/casto-high-back-sessel\/","name":"Casto Hochlehner-Sessel | SUNS Outdoor Lifestyle","isPartOf":{"@id":"https:\/\/hello-suns.com\/de\/#website"},"primaryImageOfPage":{"@id":"https:\/\/hello-suns.com\/de\/produkte\/casto-high-back-sessel\/#primaryimage"},"image":{"@id":"https:\/\/hello-suns.com\/de\/produkte\/casto-high-back-sessel\/#primaryimage"},"thumbnailUrl":"https:\/\/hello-suns.com\/app\/uploads\/2026\/03\/Casto-Highbackchair-CS-VW-BB-Free-26.png","datePublished":"2026-03-02T09:04:02+00:00","dateModified":"2026-03-04T08:48:00+00:00","description":"Suchen Sie nach dem Casto Loungesessel? SUNS bietet Ihnen den hochwertigen Casto Loungesessel, der Haltbarkeit und Design vereint.","breadcrumb":{"@id":"https:\/\/hello-suns.com\/de\/produkte\/casto-high-back-sessel\/#breadcrumb"},"inLanguage":"de-DE","potentialAction":[{"@type":"ReadAction","target":["https:\/\/hello-suns.com\/de\/produkte\/casto-high-back-sessel\/"]}]},{"@type":"ImageObject","inLanguage":"de-DE","@id":"https:\/\/hello-suns.com\/de\/produkte\/casto-high-back-sessel\/#primaryimage","url":"https:\/\/hello-suns.com\/app\/uploads\/2026\/03\/Casto-Highbackchair-CS-VW-BB-Free-26.png","contentUrl":"https:\/\/hello-suns.com\/app\/uploads\/2026\/03\/Casto-Highbackchair-CS-VW-BB-Free-26.png","width":3240,"height":2160},{"@type":"BreadcrumbList","@id":"https:\/\/hello-suns.com\/de\/produkte\/casto-high-back-sessel\/#breadcrumb","itemListElement":[{"@type":"ListItem","position":1,"name":"","item":"https:\/\/hello-suns.com\/de\/"},{"@type":"ListItem","position":2,"name":"Produkte","item":"https:\/\/hello-suns.com\/de\/produkte\/"},{"@type":"ListItem","position":3,"name":"Casto | high back"}]},{"@type":"WebSite","@id":"https:\/\/hello-suns.com\/de\/#website","url":"https:\/\/hello-suns.com\/de\/","name":"SUNS","description":"Outdoor Lifestyle","potentialAction":[{"@type":"SearchAction","target":{"@type":"EntryPoint","urlTemplate":"https:\/\/hello-suns.com\/de\/?s={search_term_string}"},"query-input":{"@type":"PropertyValueSpecification","valueRequired":true,"valueName":"search_term_string"}}],"inLanguage":"de-DE"}]}},"_links":{"self":[{"href":"https:\/\/hello-suns.com\/de\/wp-json\/wp\/v2\/product\/56897","targetHints":{"allow":["GET"]}}],"collection":[{"href":"https:\/\/hello-suns.com\/de\/wp-json\/wp\/v2\/product"}],"about":[{"href":"https:\/\/hello-suns.com\/de\/wp-json\/wp\/v2\/types\/product"}],"replies":[{"embeddable":true,"href":"https:\/\/hello-suns.com\/de\/wp-json\/wp\/v2\/comments?post=56897"}],"wp:featuredmedia":[{"embeddable":true,"href":"https:\/\/hello-suns.com\/de\/wp-json\/wp\/v2\/media\/56902"}],"wp:attachment":[{"href":"https:\/\/hello-suns.com\/de\/wp-json\/wp\/v2\/media?parent=56897"}],"wp:term":[{"taxonomy":"product_brand","embeddable":true,"href":"https:\/\/hello-suns.com\/de\/wp-json\/wp\/v2\/product_brand?post=56897"},{"taxonomy":"product_cat","embeddable":true,"href":"https:\/\/hello-suns.com\/de\/wp-json\/wp\/v2\/product_cat?post=56897"},{"taxonomy":"product_tag","embeddable":true,"href":"https:\/\/hello-suns.com\/de\/wp-json\/wp\/v2\/product_tag?post=56897"},{"taxonomy":"material","embeddable":true,"href":"https:\/\/hello-suns.com\/de\/wp-json\/wp\/v2\/material?post=56897"}],"curies":[{"name":"wp","href":"https:\/\/api.w.org\/{rel}","templated":true}]}}