{"id":56707,"date":"2026-02-27T15:20:29","date_gmt":"2026-02-27T14:20:29","guid":{"rendered":"https:\/\/hello-suns.com\/?post_type=product&#038;p=56707"},"modified":"2026-03-18T17:09:45","modified_gmt":"2026-03-18T16:09:45","slug":"bardi-loungeset","status":"publish","type":"product","link":"https:\/\/hello-suns.com\/de\/produkte\/bardi-loungeset\/","title":{"rendered":"Bardi"},"content":{"rendered":"<h2 style=\"font-weight: 400;\">Eine Einladung zum Nichtstun<\/h2>\n<p style=\"font-weight: 400;\">Das Lounge-Set Bardi ist kompakt in der Gr\u00f6\u00dfe, aber gro\u00df in der Entspannung. Ein Ort zum Sitzen, Liegen und Verweilen. Denn drau\u00dfen zu sein kann durchaus l\u00e4nger dauern.<\/p>\n","protected":false},"excerpt":{"rendered":"<h2>Verspielte Eleganz<\/h2>\n<p style=\"font-weight: 400;\">Das Lounge-Set Bardi vereint Weichheit und Komfort in einem raffinierten Design. Die organischen Formen und abgerundeten Details verleihen dem Set ein entspanntes Gef\u00fchl, w\u00e4hrend die dezente Seilverarbeitung Charakter und W\u00e4rme verleiht. Ein Design, das Ruhe ausstrahlt und sich m\u00fchelos in seine Umgebung einf\u00fcgt.<\/p>\n<p style=\"font-weight: 400;\">Dank seines schlanken Aluminiumrahmens wirkt Bardi leicht und offen. Die gro\u00dfz\u00fcgigen Kissen laden dazu ein, Platz zu nehmen und den Tag in aller Ruhe ausklingen zu lassen. Ob auf einem kompakten Balkon, in einem intimen Stadtgarten oder auf einer gro\u00dfz\u00fcgigen Terrasse. Bardi f\u00fchlt sich \u00fcberall zu Hause.<\/p>\n<p style=\"font-weight: 400;\">Dieses Loungeset ist f\u00fcr Momente gemacht, die ganz nat\u00fcrlich kommen. Ein ruhiger Morgen in der Sonne. Ein langer Nachmittag, der in den Abend \u00fcbergeht. Bardi bietet Komfort, ohne aufzufallen, und Stil, ohne zu betonen. Genau so, wie das Leben im Freien sein sollte.<\/p>\n","protected":false},"featured_media":56731,"comment_status":"closed","ping_status":"closed","template":"","meta":{"_acf_changed":false},"product_brand":[],"product_cat":[644],"product_tag":[],"material":[],"class_list":{"0":"post-56707","1":"product","2":"type-product","3":"status-publish","4":"has-post-thumbnail","6":"product_cat-lounge-sets","8":"first","9":"instock","10":"shipping-taxable","11":"product-type-simple"},"acf":[],"yoast_head":"<!-- This site is optimized with the Yoast SEO plugin v26.8 - https:\/\/yoast.com\/product\/yoast-seo-wordpress\/ -->\n<title>Entdecken Sie das Bardi Lounge-Set | SUNS Outdoor Lifestyle<\/title>\n<meta name=\"description\" content=\"Suchen Sie ein stilvolles Bardi Lounge-Set? SUNS bietet luxuri\u00f6se Lounge-Sets, die Komfort, Design und Haltbarkeit f\u00fcr einen eleganten Au\u00dfenbereich vereinen.\" \/>\n<meta name=\"robots\" content=\"index, follow, max-snippet:-1, max-image-preview:large, max-video-preview:-1\" \/>\n<link rel=\"canonical\" href=\"https:\/\/hello-suns.com\/de\/produkte\/bardi-loungeset\/\" \/>\n<meta property=\"og:locale\" content=\"de_DE\" \/>\n<meta property=\"og:type\" content=\"article\" \/>\n<meta property=\"og:title\" content=\"Entdecken Sie das Bardi Lounge-Set | SUNS Outdoor Lifestyle\" \/>\n<meta property=\"og:description\" content=\"Suchen Sie ein stilvolles Bardi Lounge-Set? SUNS bietet luxuri\u00f6se Lounge-Sets, die Komfort, Design und Haltbarkeit f\u00fcr einen eleganten Au\u00dfenbereich vereinen.\" \/>\n<meta property=\"og:url\" content=\"https:\/\/hello-suns.com\/de\/produkte\/bardi-loungeset\/\" \/>\n<meta property=\"og:site_name\" content=\"SUNS\" \/>\n<meta property=\"article:modified_time\" content=\"2026-03-18T16:09:45+00:00\" \/>\n<meta property=\"og:image\" content=\"https:\/\/hello-suns.com\/app\/uploads\/2026\/02\/Bardi-SUNS-BZ-CR-PDB-Free-26-1024x683.png\" \/>\n\t<meta property=\"og:image:width\" content=\"1024\" \/>\n\t<meta property=\"og:image:height\" content=\"683\" \/>\n\t<meta property=\"og:image:type\" content=\"image\/png\" \/>\n<meta name=\"twitter:card\" content=\"summary_large_image\" \/>\n<meta name=\"twitter:label1\" content=\"Est. reading time\" \/>\n\t<meta name=\"twitter:data1\" content=\"3 minutes\" \/>\n<script type=\"application\/ld+json\" class=\"yoast-schema-graph\">{\"@context\":\"https:\/\/schema.org\",\"@graph\":[{\"@type\":\"WebPage\",\"@id\":\"https:\/\/hello-suns.com\/de\/produkte\/bardi-loungeset\/\",\"url\":\"https:\/\/hello-suns.com\/de\/produkte\/bardi-loungeset\/\",\"name\":\"Entdecken Sie das Bardi Lounge-Set | SUNS Outdoor Lifestyle\",\"isPartOf\":{\"@id\":\"https:\/\/hello-suns.com\/de\/#website\"},\"primaryImageOfPage\":{\"@id\":\"https:\/\/hello-suns.com\/de\/produkte\/bardi-loungeset\/#primaryimage\"},\"image\":{\"@id\":\"https:\/\/hello-suns.com\/de\/produkte\/bardi-loungeset\/#primaryimage\"},\"thumbnailUrl\":\"https:\/\/hello-suns.com\/app\/uploads\/2026\/02\/Bardi-SUNS-BZ-CR-PDB-Free-26.png\",\"datePublished\":\"2026-02-27T14:20:29+00:00\",\"dateModified\":\"2026-03-18T16:09:45+00:00\",\"description\":\"Suchen Sie ein stilvolles Bardi Lounge-Set? SUNS bietet luxuri\u00f6se Lounge-Sets, die Komfort, Design und Haltbarkeit f\u00fcr einen eleganten Au\u00dfenbereich vereinen.\",\"breadcrumb\":{\"@id\":\"https:\/\/hello-suns.com\/de\/produkte\/bardi-loungeset\/#breadcrumb\"},\"inLanguage\":\"de-DE\",\"potentialAction\":[{\"@type\":\"ReadAction\",\"target\":[\"https:\/\/hello-suns.com\/de\/produkte\/bardi-loungeset\/\"]}]},{\"@type\":\"ImageObject\",\"inLanguage\":\"de-DE\",\"@id\":\"https:\/\/hello-suns.com\/de\/produkte\/bardi-loungeset\/#primaryimage\",\"url\":\"https:\/\/hello-suns.com\/app\/uploads\/2026\/02\/Bardi-SUNS-BZ-CR-PDB-Free-26.png\",\"contentUrl\":\"https:\/\/hello-suns.com\/app\/uploads\/2026\/02\/Bardi-SUNS-BZ-CR-PDB-Free-26.png\",\"width\":3840,\"height\":2560},{\"@type\":\"BreadcrumbList\",\"@id\":\"https:\/\/hello-suns.com\/de\/produkte\/bardi-loungeset\/#breadcrumb\",\"itemListElement\":[{\"@type\":\"ListItem\",\"position\":1,\"name\":\"\",\"item\":\"https:\/\/hello-suns.com\/de\/\"},{\"@type\":\"ListItem\",\"position\":2,\"name\":\"Produkte\",\"item\":\"https:\/\/hello-suns.com\/de\/produkte\/\"},{\"@type\":\"ListItem\",\"position\":3,\"name\":\"Bardi\"}]},{\"@type\":\"WebSite\",\"@id\":\"https:\/\/hello-suns.com\/de\/#website\",\"url\":\"https:\/\/hello-suns.com\/de\/\",\"name\":\"SUNS\",\"description\":\"Outdoor Lifestyle\",\"potentialAction\":[{\"@type\":\"SearchAction\",\"target\":{\"@type\":\"EntryPoint\",\"urlTemplate\":\"https:\/\/hello-suns.com\/de\/?s={search_term_string}\"},\"query-input\":{\"@type\":\"PropertyValueSpecification\",\"valueRequired\":true,\"valueName\":\"search_term_string\"}}],\"inLanguage\":\"de-DE\"}]}<\/script>\n<!-- \/ Yoast SEO plugin. -->","yoast_head_json":{"title":"Entdecken Sie das Bardi Lounge-Set | SUNS Outdoor Lifestyle","description":"Suchen Sie ein stilvolles Bardi Lounge-Set? SUNS bietet luxuri\u00f6se Lounge-Sets, die Komfort, Design und Haltbarkeit f\u00fcr einen eleganten Au\u00dfenbereich vereinen.","robots":{"index":"index","follow":"follow","max-snippet":"max-snippet:-1","max-image-preview":"max-image-preview:large","max-video-preview":"max-video-preview:-1"},"canonical":"https:\/\/hello-suns.com\/de\/produkte\/bardi-loungeset\/","og_locale":"de_DE","og_type":"article","og_title":"Entdecken Sie das Bardi Lounge-Set | SUNS Outdoor Lifestyle","og_description":"Suchen Sie ein stilvolles Bardi Lounge-Set? SUNS bietet luxuri\u00f6se Lounge-Sets, die Komfort, Design und Haltbarkeit f\u00fcr einen eleganten Au\u00dfenbereich vereinen.","og_url":"https:\/\/hello-suns.com\/de\/produkte\/bardi-loungeset\/","og_site_name":"SUNS","article_modified_time":"2026-03-18T16:09:45+00:00","og_image":[{"width":1024,"height":683,"url":"https:\/\/hello-suns.com\/app\/uploads\/2026\/02\/Bardi-SUNS-BZ-CR-PDB-Free-26-1024x683.png","type":"image\/png"}],"twitter_card":"summary_large_image","twitter_misc":{"Est. reading time":"3 minutes"},"schema":{"@context":"https:\/\/schema.org","@graph":[{"@type":"WebPage","@id":"https:\/\/hello-suns.com\/de\/produkte\/bardi-loungeset\/","url":"https:\/\/hello-suns.com\/de\/produkte\/bardi-loungeset\/","name":"Entdecken Sie das Bardi Lounge-Set | SUNS Outdoor Lifestyle","isPartOf":{"@id":"https:\/\/hello-suns.com\/de\/#website"},"primaryImageOfPage":{"@id":"https:\/\/hello-suns.com\/de\/produkte\/bardi-loungeset\/#primaryimage"},"image":{"@id":"https:\/\/hello-suns.com\/de\/produkte\/bardi-loungeset\/#primaryimage"},"thumbnailUrl":"https:\/\/hello-suns.com\/app\/uploads\/2026\/02\/Bardi-SUNS-BZ-CR-PDB-Free-26.png","datePublished":"2026-02-27T14:20:29+00:00","dateModified":"2026-03-18T16:09:45+00:00","description":"Suchen Sie ein stilvolles Bardi Lounge-Set? SUNS bietet luxuri\u00f6se Lounge-Sets, die Komfort, Design und Haltbarkeit f\u00fcr einen eleganten Au\u00dfenbereich vereinen.","breadcrumb":{"@id":"https:\/\/hello-suns.com\/de\/produkte\/bardi-loungeset\/#breadcrumb"},"inLanguage":"de-DE","potentialAction":[{"@type":"ReadAction","target":["https:\/\/hello-suns.com\/de\/produkte\/bardi-loungeset\/"]}]},{"@type":"ImageObject","inLanguage":"de-DE","@id":"https:\/\/hello-suns.com\/de\/produkte\/bardi-loungeset\/#primaryimage","url":"https:\/\/hello-suns.com\/app\/uploads\/2026\/02\/Bardi-SUNS-BZ-CR-PDB-Free-26.png","contentUrl":"https:\/\/hello-suns.com\/app\/uploads\/2026\/02\/Bardi-SUNS-BZ-CR-PDB-Free-26.png","width":3840,"height":2560},{"@type":"BreadcrumbList","@id":"https:\/\/hello-suns.com\/de\/produkte\/bardi-loungeset\/#breadcrumb","itemListElement":[{"@type":"ListItem","position":1,"name":"","item":"https:\/\/hello-suns.com\/de\/"},{"@type":"ListItem","position":2,"name":"Produkte","item":"https:\/\/hello-suns.com\/de\/produkte\/"},{"@type":"ListItem","position":3,"name":"Bardi"}]},{"@type":"WebSite","@id":"https:\/\/hello-suns.com\/de\/#website","url":"https:\/\/hello-suns.com\/de\/","name":"SUNS","description":"Outdoor Lifestyle","potentialAction":[{"@type":"SearchAction","target":{"@type":"EntryPoint","urlTemplate":"https:\/\/hello-suns.com\/de\/?s={search_term_string}"},"query-input":{"@type":"PropertyValueSpecification","valueRequired":true,"valueName":"search_term_string"}}],"inLanguage":"de-DE"}]}},"_links":{"self":[{"href":"https:\/\/hello-suns.com\/de\/wp-json\/wp\/v2\/product\/56707","targetHints":{"allow":["GET"]}}],"collection":[{"href":"https:\/\/hello-suns.com\/de\/wp-json\/wp\/v2\/product"}],"about":[{"href":"https:\/\/hello-suns.com\/de\/wp-json\/wp\/v2\/types\/product"}],"replies":[{"embeddable":true,"href":"https:\/\/hello-suns.com\/de\/wp-json\/wp\/v2\/comments?post=56707"}],"wp:featuredmedia":[{"embeddable":true,"href":"https:\/\/hello-suns.com\/de\/wp-json\/wp\/v2\/media\/56731"}],"wp:attachment":[{"href":"https:\/\/hello-suns.com\/de\/wp-json\/wp\/v2\/media?parent=56707"}],"wp:term":[{"taxonomy":"product_brand","embeddable":true,"href":"https:\/\/hello-suns.com\/de\/wp-json\/wp\/v2\/product_brand?post=56707"},{"taxonomy":"product_cat","embeddable":true,"href":"https:\/\/hello-suns.com\/de\/wp-json\/wp\/v2\/product_cat?post=56707"},{"taxonomy":"product_tag","embeddable":true,"href":"https:\/\/hello-suns.com\/de\/wp-json\/wp\/v2\/product_tag?post=56707"},{"taxonomy":"material","embeddable":true,"href":"https:\/\/hello-suns.com\/de\/wp-json\/wp\/v2\/material?post=56707"}],"curies":[{"name":"wp","href":"https:\/\/api.w.org\/{rel}","templated":true}]}}