{"id":55915,"date":"2026-02-25T15:33:58","date_gmt":"2026-02-25T14:33:58","guid":{"rendered":"https:\/\/hello-suns.com\/?post_type=product&#038;p=55915"},"modified":"2026-03-03T08:59:36","modified_gmt":"2026-03-03T07:59:36","slug":"basta-kopie-2","status":"publish","type":"product","link":"https:\/\/hello-suns.com\/de\/produkte\/basta-kopie-2\/","title":{"rendered":"Basta"},"content":{"rendered":"<h2 style=\"font-weight: 400;\">Zeitlose Eleganz, in einer neuen Perspektive<\/h2>\n<p style=\"font-weight: 400;\">Die kultige Basta-Linie, entworfen von Hugo de Ruiter, erh\u00e4lt eine stilvolle Erweiterung: den Basta Low Bar Table. Ein Tisch auf halbem Weg zwischen Bar und Esstisch. Perfekt f\u00fcr lange Abende, entspannte Drinks und anspruchsvolles Leben im Freien.  <\/p>\n","protected":false},"excerpt":{"rendered":"<div>\n<h3 style=\"font-weight: 400;\">Raffinierte Form, gro\u00dfz\u00fcgiges Platzangebot<\/h3>\n<\/div>\n<div>\n<div>\n<p>Der niedrige Basta Stehtisch besitzt die gleiche charakteristische Eleganz wie die bekannte niedrige Esstischvariante: weiche Linien, abgerundete Ecken und eine perfekt ausgewogene Silhouette. Seine H\u00f6he l\u00e4dt dazu ein, in einer nat\u00fcrlichen, aktiven Position zu sitzen. Ideal f\u00fcr ein sp\u00e4tes Mittagessen, einen Drink am Ende des Tages oder ein zwangloses Abendessen mit Freunden. Die Beine sind dezent nach au\u00dfen gewinkelt und vermitteln ein leichtes, offenes Gef\u00fchl, w\u00e4hrend die gro\u00dfz\u00fcgige L\u00e4nge viel Platz f\u00fcr Gesellschaft bietet.   <\/p>\n<\/div>\n<div>\n<p>Kombinieren Sie den niedrigen Basta Bartisch unter anderem mit den niedrigen Pemba Barst\u00fchlen f\u00fcr ein Outdoor-Setup, das zu endlosen Abenden im Freien einl\u00e4dt.<\/p>\n<\/div>\n<\/div>\n","protected":false},"featured_media":55920,"comment_status":"closed","ping_status":"closed","template":"","meta":{"_acf_changed":false},"product_brand":[],"product_cat":[621],"product_tag":[],"material":[],"class_list":{"0":"post-55915","1":"product","2":"type-product","3":"status-publish","4":"has-post-thumbnail","6":"product_cat-bar-sets","8":"first","9":"instock","10":"shipping-taxable","11":"product-type-simple"},"acf":[],"yoast_head":"<!-- This site is optimized with the Yoast SEO plugin v26.8 - https:\/\/yoast.com\/product\/yoast-seo-wordpress\/ -->\n<title>Entdecken Sie Basta niedriger Bartisch | SUNS Outdoor Lifestyle<\/title>\n<meta name=\"description\" content=\"Suchen Sie einen stilvollen Basta niedrigen Bartisch? SUNS bietet hochwertige Stehtische, die Haltbarkeit, Funktionalit\u00e4t und modernes Design perfekt kombinieren.\" \/>\n<meta name=\"robots\" content=\"index, follow, max-snippet:-1, max-image-preview:large, max-video-preview:-1\" \/>\n<link rel=\"canonical\" href=\"https:\/\/hello-suns.com\/de\/produkte\/basta-kopie-2\/\" \/>\n<meta property=\"og:locale\" content=\"de_DE\" \/>\n<meta property=\"og:type\" content=\"article\" \/>\n<meta property=\"og:title\" content=\"Entdecken Sie Basta niedriger Bartisch | SUNS Outdoor Lifestyle\" \/>\n<meta property=\"og:description\" content=\"Suchen Sie einen stilvollen Basta niedrigen Bartisch? SUNS bietet hochwertige Stehtische, die Haltbarkeit, Funktionalit\u00e4t und modernes Design perfekt kombinieren.\" \/>\n<meta property=\"og:url\" content=\"https:\/\/hello-suns.com\/de\/produkte\/basta-kopie-2\/\" \/>\n<meta property=\"og:site_name\" content=\"SUNS\" \/>\n<meta property=\"article:modified_time\" content=\"2026-03-03T07:59:36+00:00\" \/>\n<meta property=\"og:image\" content=\"https:\/\/hello-suns.com\/app\/uploads\/2026\/02\/Basta-SUNS-Lowbartable-BZ-Free-26.png\" \/>\n\t<meta property=\"og:image:width\" content=\"3840\" \/>\n\t<meta property=\"og:image:height\" content=\"2560\" \/>\n\t<meta property=\"og:image:type\" content=\"image\/png\" \/>\n<meta name=\"twitter:card\" content=\"summary_large_image\" \/>\n<meta name=\"twitter:label1\" content=\"Est. reading time\" \/>\n\t<meta name=\"twitter:data1\" content=\"3 minutes\" \/>\n<script type=\"application\/ld+json\" class=\"yoast-schema-graph\">{\"@context\":\"https:\/\/schema.org\",\"@graph\":[{\"@type\":\"WebPage\",\"@id\":\"https:\/\/hello-suns.com\/de\/produkte\/basta-kopie-2\/\",\"url\":\"https:\/\/hello-suns.com\/de\/produkte\/basta-kopie-2\/\",\"name\":\"Entdecken Sie Basta niedriger Bartisch | SUNS Outdoor Lifestyle\",\"isPartOf\":{\"@id\":\"https:\/\/hello-suns.com\/de\/#website\"},\"primaryImageOfPage\":{\"@id\":\"https:\/\/hello-suns.com\/de\/produkte\/basta-kopie-2\/#primaryimage\"},\"image\":{\"@id\":\"https:\/\/hello-suns.com\/de\/produkte\/basta-kopie-2\/#primaryimage\"},\"thumbnailUrl\":\"https:\/\/hello-suns.com\/app\/uploads\/2026\/02\/Basta-SUNS-Lowbartable-BZ-Free-26.png\",\"datePublished\":\"2026-02-25T14:33:58+00:00\",\"dateModified\":\"2026-03-03T07:59:36+00:00\",\"description\":\"Suchen Sie einen stilvollen Basta niedrigen Bartisch? SUNS bietet hochwertige Stehtische, die Haltbarkeit, Funktionalit\u00e4t und modernes Design perfekt kombinieren.\",\"breadcrumb\":{\"@id\":\"https:\/\/hello-suns.com\/de\/produkte\/basta-kopie-2\/#breadcrumb\"},\"inLanguage\":\"de-DE\",\"potentialAction\":[{\"@type\":\"ReadAction\",\"target\":[\"https:\/\/hello-suns.com\/de\/produkte\/basta-kopie-2\/\"]}]},{\"@type\":\"ImageObject\",\"inLanguage\":\"de-DE\",\"@id\":\"https:\/\/hello-suns.com\/de\/produkte\/basta-kopie-2\/#primaryimage\",\"url\":\"https:\/\/hello-suns.com\/app\/uploads\/2026\/02\/Basta-SUNS-Lowbartable-BZ-Free-26.png\",\"contentUrl\":\"https:\/\/hello-suns.com\/app\/uploads\/2026\/02\/Basta-SUNS-Lowbartable-BZ-Free-26.png\",\"width\":3840,\"height\":2560},{\"@type\":\"BreadcrumbList\",\"@id\":\"https:\/\/hello-suns.com\/de\/produkte\/basta-kopie-2\/#breadcrumb\",\"itemListElement\":[{\"@type\":\"ListItem\",\"position\":1,\"name\":\"\",\"item\":\"https:\/\/hello-suns.com\/de\/\"},{\"@type\":\"ListItem\",\"position\":2,\"name\":\"Produkte\",\"item\":\"https:\/\/hello-suns.com\/de\/produkte\/\"},{\"@type\":\"ListItem\",\"position\":3,\"name\":\"Basta\"}]},{\"@type\":\"WebSite\",\"@id\":\"https:\/\/hello-suns.com\/de\/#website\",\"url\":\"https:\/\/hello-suns.com\/de\/\",\"name\":\"SUNS\",\"description\":\"Outdoor Lifestyle\",\"potentialAction\":[{\"@type\":\"SearchAction\",\"target\":{\"@type\":\"EntryPoint\",\"urlTemplate\":\"https:\/\/hello-suns.com\/de\/?s={search_term_string}\"},\"query-input\":{\"@type\":\"PropertyValueSpecification\",\"valueRequired\":true,\"valueName\":\"search_term_string\"}}],\"inLanguage\":\"de-DE\"}]}<\/script>\n<!-- \/ Yoast SEO plugin. -->","yoast_head_json":{"title":"Entdecken Sie Basta niedriger Bartisch | SUNS Outdoor Lifestyle","description":"Suchen Sie einen stilvollen Basta niedrigen Bartisch? SUNS bietet hochwertige Stehtische, die Haltbarkeit, Funktionalit\u00e4t und modernes Design perfekt kombinieren.","robots":{"index":"index","follow":"follow","max-snippet":"max-snippet:-1","max-image-preview":"max-image-preview:large","max-video-preview":"max-video-preview:-1"},"canonical":"https:\/\/hello-suns.com\/de\/produkte\/basta-kopie-2\/","og_locale":"de_DE","og_type":"article","og_title":"Entdecken Sie Basta niedriger Bartisch | SUNS Outdoor Lifestyle","og_description":"Suchen Sie einen stilvollen Basta niedrigen Bartisch? SUNS bietet hochwertige Stehtische, die Haltbarkeit, Funktionalit\u00e4t und modernes Design perfekt kombinieren.","og_url":"https:\/\/hello-suns.com\/de\/produkte\/basta-kopie-2\/","og_site_name":"SUNS","article_modified_time":"2026-03-03T07:59:36+00:00","og_image":[{"width":3840,"height":2560,"url":"https:\/\/hello-suns.com\/app\/uploads\/2026\/02\/Basta-SUNS-Lowbartable-BZ-Free-26.png","type":"image\/png"}],"twitter_card":"summary_large_image","twitter_misc":{"Est. reading time":"3 minutes"},"schema":{"@context":"https:\/\/schema.org","@graph":[{"@type":"WebPage","@id":"https:\/\/hello-suns.com\/de\/produkte\/basta-kopie-2\/","url":"https:\/\/hello-suns.com\/de\/produkte\/basta-kopie-2\/","name":"Entdecken Sie Basta niedriger Bartisch | SUNS Outdoor Lifestyle","isPartOf":{"@id":"https:\/\/hello-suns.com\/de\/#website"},"primaryImageOfPage":{"@id":"https:\/\/hello-suns.com\/de\/produkte\/basta-kopie-2\/#primaryimage"},"image":{"@id":"https:\/\/hello-suns.com\/de\/produkte\/basta-kopie-2\/#primaryimage"},"thumbnailUrl":"https:\/\/hello-suns.com\/app\/uploads\/2026\/02\/Basta-SUNS-Lowbartable-BZ-Free-26.png","datePublished":"2026-02-25T14:33:58+00:00","dateModified":"2026-03-03T07:59:36+00:00","description":"Suchen Sie einen stilvollen Basta niedrigen Bartisch? SUNS bietet hochwertige Stehtische, die Haltbarkeit, Funktionalit\u00e4t und modernes Design perfekt kombinieren.","breadcrumb":{"@id":"https:\/\/hello-suns.com\/de\/produkte\/basta-kopie-2\/#breadcrumb"},"inLanguage":"de-DE","potentialAction":[{"@type":"ReadAction","target":["https:\/\/hello-suns.com\/de\/produkte\/basta-kopie-2\/"]}]},{"@type":"ImageObject","inLanguage":"de-DE","@id":"https:\/\/hello-suns.com\/de\/produkte\/basta-kopie-2\/#primaryimage","url":"https:\/\/hello-suns.com\/app\/uploads\/2026\/02\/Basta-SUNS-Lowbartable-BZ-Free-26.png","contentUrl":"https:\/\/hello-suns.com\/app\/uploads\/2026\/02\/Basta-SUNS-Lowbartable-BZ-Free-26.png","width":3840,"height":2560},{"@type":"BreadcrumbList","@id":"https:\/\/hello-suns.com\/de\/produkte\/basta-kopie-2\/#breadcrumb","itemListElement":[{"@type":"ListItem","position":1,"name":"","item":"https:\/\/hello-suns.com\/de\/"},{"@type":"ListItem","position":2,"name":"Produkte","item":"https:\/\/hello-suns.com\/de\/produkte\/"},{"@type":"ListItem","position":3,"name":"Basta"}]},{"@type":"WebSite","@id":"https:\/\/hello-suns.com\/de\/#website","url":"https:\/\/hello-suns.com\/de\/","name":"SUNS","description":"Outdoor Lifestyle","potentialAction":[{"@type":"SearchAction","target":{"@type":"EntryPoint","urlTemplate":"https:\/\/hello-suns.com\/de\/?s={search_term_string}"},"query-input":{"@type":"PropertyValueSpecification","valueRequired":true,"valueName":"search_term_string"}}],"inLanguage":"de-DE"}]}},"_links":{"self":[{"href":"https:\/\/hello-suns.com\/de\/wp-json\/wp\/v2\/product\/55915","targetHints":{"allow":["GET"]}}],"collection":[{"href":"https:\/\/hello-suns.com\/de\/wp-json\/wp\/v2\/product"}],"about":[{"href":"https:\/\/hello-suns.com\/de\/wp-json\/wp\/v2\/types\/product"}],"replies":[{"embeddable":true,"href":"https:\/\/hello-suns.com\/de\/wp-json\/wp\/v2\/comments?post=55915"}],"wp:featuredmedia":[{"embeddable":true,"href":"https:\/\/hello-suns.com\/de\/wp-json\/wp\/v2\/media\/55920"}],"wp:attachment":[{"href":"https:\/\/hello-suns.com\/de\/wp-json\/wp\/v2\/media?parent=55915"}],"wp:term":[{"taxonomy":"product_brand","embeddable":true,"href":"https:\/\/hello-suns.com\/de\/wp-json\/wp\/v2\/product_brand?post=55915"},{"taxonomy":"product_cat","embeddable":true,"href":"https:\/\/hello-suns.com\/de\/wp-json\/wp\/v2\/product_cat?post=55915"},{"taxonomy":"product_tag","embeddable":true,"href":"https:\/\/hello-suns.com\/de\/wp-json\/wp\/v2\/product_tag?post=55915"},{"taxonomy":"material","embeddable":true,"href":"https:\/\/hello-suns.com\/de\/wp-json\/wp\/v2\/material?post=55915"}],"curies":[{"name":"wp","href":"https:\/\/api.w.org\/{rel}","templated":true}]}}