{"id":55891,"date":"2026-02-25T15:13:50","date_gmt":"2026-02-25T14:13:50","guid":{"rendered":"https:\/\/hello-suns.com\/?post_type=product&#038;p=55891"},"modified":"2026-02-26T17:23:04","modified_gmt":"2026-02-26T16:23:04","slug":"basta-lounger","status":"publish","type":"product","link":"https:\/\/hello-suns.com\/de\/produkte\/basta-lounger\/","title":{"rendered":"Basta"},"content":{"rendered":"<h2 style=\"font-weight: 400;\">Schlichtheit, die zur Ruhe einl\u00e4dt<\/h2>\n<div>\n<p>Die Basta Linie von Designer Hugo de Ruiter bekommt ein neues Stil-Icon: das Basta Liege. Eine Liege, die die Handschrift der Basta-Kollektion tr\u00e4gt &#8211; unaufdringlich, durchdacht und mit einer subtilen Eleganz, die zeitlos wirkt. Ganz gleich, ob Sie bereits ein Basta Ess- oder Lowbar-Set besitzen oder einfach nur die ultimative Erg\u00e4nzung f\u00fcr Ihre Terrasse suchen: diese Liege vervollst\u00e4ndigt die Kollektion.<\/p>\n<\/div>\n","protected":false},"excerpt":{"rendered":"<div>\n<h3>Anpassbarer Komfort, stilvolle Schlichtheit<\/h3>\n<\/div>\n<div>\n<div>\n<p>Der Basta Lounger kombiniert eine schlanke Silhouette mit durchdachter Benutzerfreundlichkeit. Dank des verstellbaren R\u00fcckenteils k\u00f6nnen Sie m\u00fchelos Ihre ideale Liegeposition finden. Vom Sonnenbad bis zum Tagtr\u00e4umen mit einem guten Buch. Die Sitzfl\u00e4che ist in Textilene, ein starkes und atmungsaktives Material, das sich dem K\u00f6rper anpasst und auch ohne Kissen zus\u00e4tzlichen Komfort bietet. Die praktischen Rollen an der R\u00fcckseite machen das Verschieben einfach: Folgen Sie der Sonne oder stellen Sie im Handumdrehen ein neues Arrangement zusammen. Das bequeme Kissen ist gef\u00fcllt mit Schnell trocknender Schaum\u00ae und mit unserem hochwertigen Boucl\u00e9-Au\u00dfenstoff bezogen. Weich in der Textur, wetterfest und nach einem Regenschauer im Handumdrehen wieder trocken.<\/p>\n<\/div>\n<\/div>\n<p>&nbsp;<\/p>\n","protected":false},"featured_media":55896,"comment_status":"closed","ping_status":"closed","template":"","meta":{"_acf_changed":false},"product_brand":[],"product_cat":[630],"product_tag":[],"material":[],"class_list":{"0":"post-55891","1":"product","2":"type-product","3":"status-publish","4":"has-post-thumbnail","6":"product_cat-liegestuhle","8":"first","9":"instock","10":"shipping-taxable","11":"product-type-simple"},"acf":[],"yoast_head":"<!-- This site is optimized with the Yoast SEO plugin v26.8 - https:\/\/yoast.com\/product\/yoast-seo-wordpress\/ -->\n<title>Entdecken Sie Basta Liege | SUNS Outdoor Lifestyle<\/title>\n<meta name=\"description\" content=\"Suchen Sie eine Basta-Liege? SUNS bietet komfortable und langlebige Liegen, die modernes Design und Funktionalit\u00e4t perfekt miteinander verbinden.\" \/>\n<meta name=\"robots\" content=\"index, follow, max-snippet:-1, max-image-preview:large, max-video-preview:-1\" \/>\n<link rel=\"canonical\" href=\"https:\/\/hello-suns.com\/de\/produkte\/basta-lounger\/\" \/>\n<meta property=\"og:locale\" content=\"de_DE\" \/>\n<meta property=\"og:type\" content=\"article\" \/>\n<meta property=\"og:title\" content=\"Entdecken Sie Basta Liege | SUNS Outdoor Lifestyle\" \/>\n<meta property=\"og:description\" content=\"Suchen Sie eine Basta-Liege? SUNS bietet komfortable und langlebige Liegen, die modernes Design und Funktionalit\u00e4t perfekt miteinander verbinden.\" \/>\n<meta property=\"og:url\" content=\"https:\/\/hello-suns.com\/de\/produkte\/basta-lounger\/\" \/>\n<meta property=\"og:site_name\" content=\"SUNS\" \/>\n<meta property=\"article:modified_time\" content=\"2026-02-26T16:23:04+00:00\" \/>\n<meta property=\"og:image\" content=\"https:\/\/hello-suns.com\/app\/uploads\/2026\/02\/Basta-SUNS-Sunlounger-CH-SSB-Free-26-1-1024x683.png\" \/>\n\t<meta property=\"og:image:width\" content=\"1024\" \/>\n\t<meta property=\"og:image:height\" content=\"683\" \/>\n\t<meta property=\"og:image:type\" content=\"image\/png\" \/>\n<meta name=\"twitter:card\" content=\"summary_large_image\" \/>\n<meta name=\"twitter:label1\" content=\"Est. reading time\" \/>\n\t<meta name=\"twitter:data1\" content=\"3 minutes\" \/>\n<script type=\"application\/ld+json\" class=\"yoast-schema-graph\">{\"@context\":\"https:\/\/schema.org\",\"@graph\":[{\"@type\":\"WebPage\",\"@id\":\"https:\/\/hello-suns.com\/de\/produkte\/basta-lounger\/\",\"url\":\"https:\/\/hello-suns.com\/de\/produkte\/basta-lounger\/\",\"name\":\"Entdecken Sie Basta Liege | SUNS Outdoor Lifestyle\",\"isPartOf\":{\"@id\":\"https:\/\/hello-suns.com\/de\/#website\"},\"primaryImageOfPage\":{\"@id\":\"https:\/\/hello-suns.com\/de\/produkte\/basta-lounger\/#primaryimage\"},\"image\":{\"@id\":\"https:\/\/hello-suns.com\/de\/produkte\/basta-lounger\/#primaryimage\"},\"thumbnailUrl\":\"https:\/\/hello-suns.com\/app\/uploads\/2026\/02\/Basta-SUNS-Sunlounger-CH-SSB-Free-26-1.png\",\"datePublished\":\"2026-02-25T14:13:50+00:00\",\"dateModified\":\"2026-02-26T16:23:04+00:00\",\"description\":\"Suchen Sie eine Basta-Liege? SUNS bietet komfortable und langlebige Liegen, die modernes Design und Funktionalit\u00e4t perfekt miteinander verbinden.\",\"breadcrumb\":{\"@id\":\"https:\/\/hello-suns.com\/de\/produkte\/basta-lounger\/#breadcrumb\"},\"inLanguage\":\"de-DE\",\"potentialAction\":[{\"@type\":\"ReadAction\",\"target\":[\"https:\/\/hello-suns.com\/de\/produkte\/basta-lounger\/\"]}]},{\"@type\":\"ImageObject\",\"inLanguage\":\"de-DE\",\"@id\":\"https:\/\/hello-suns.com\/de\/produkte\/basta-lounger\/#primaryimage\",\"url\":\"https:\/\/hello-suns.com\/app\/uploads\/2026\/02\/Basta-SUNS-Sunlounger-CH-SSB-Free-26-1.png\",\"contentUrl\":\"https:\/\/hello-suns.com\/app\/uploads\/2026\/02\/Basta-SUNS-Sunlounger-CH-SSB-Free-26-1.png\",\"width\":3840,\"height\":2560},{\"@type\":\"BreadcrumbList\",\"@id\":\"https:\/\/hello-suns.com\/de\/produkte\/basta-lounger\/#breadcrumb\",\"itemListElement\":[{\"@type\":\"ListItem\",\"position\":1,\"name\":\"\",\"item\":\"https:\/\/hello-suns.com\/de\/\"},{\"@type\":\"ListItem\",\"position\":2,\"name\":\"Produkte\",\"item\":\"https:\/\/hello-suns.com\/de\/produkte\/\"},{\"@type\":\"ListItem\",\"position\":3,\"name\":\"Basta\"}]},{\"@type\":\"WebSite\",\"@id\":\"https:\/\/hello-suns.com\/de\/#website\",\"url\":\"https:\/\/hello-suns.com\/de\/\",\"name\":\"SUNS\",\"description\":\"Outdoor Lifestyle\",\"potentialAction\":[{\"@type\":\"SearchAction\",\"target\":{\"@type\":\"EntryPoint\",\"urlTemplate\":\"https:\/\/hello-suns.com\/de\/?s={search_term_string}\"},\"query-input\":{\"@type\":\"PropertyValueSpecification\",\"valueRequired\":true,\"valueName\":\"search_term_string\"}}],\"inLanguage\":\"de-DE\"}]}<\/script>\n<!-- \/ Yoast SEO plugin. -->","yoast_head_json":{"title":"Entdecken Sie Basta Liege | SUNS Outdoor Lifestyle","description":"Suchen Sie eine Basta-Liege? SUNS bietet komfortable und langlebige Liegen, die modernes Design und Funktionalit\u00e4t perfekt miteinander verbinden.","robots":{"index":"index","follow":"follow","max-snippet":"max-snippet:-1","max-image-preview":"max-image-preview:large","max-video-preview":"max-video-preview:-1"},"canonical":"https:\/\/hello-suns.com\/de\/produkte\/basta-lounger\/","og_locale":"de_DE","og_type":"article","og_title":"Entdecken Sie Basta Liege | SUNS Outdoor Lifestyle","og_description":"Suchen Sie eine Basta-Liege? SUNS bietet komfortable und langlebige Liegen, die modernes Design und Funktionalit\u00e4t perfekt miteinander verbinden.","og_url":"https:\/\/hello-suns.com\/de\/produkte\/basta-lounger\/","og_site_name":"SUNS","article_modified_time":"2026-02-26T16:23:04+00:00","og_image":[{"width":1024,"height":683,"url":"https:\/\/hello-suns.com\/app\/uploads\/2026\/02\/Basta-SUNS-Sunlounger-CH-SSB-Free-26-1-1024x683.png","type":"image\/png"}],"twitter_card":"summary_large_image","twitter_misc":{"Est. reading time":"3 minutes"},"schema":{"@context":"https:\/\/schema.org","@graph":[{"@type":"WebPage","@id":"https:\/\/hello-suns.com\/de\/produkte\/basta-lounger\/","url":"https:\/\/hello-suns.com\/de\/produkte\/basta-lounger\/","name":"Entdecken Sie Basta Liege | SUNS Outdoor Lifestyle","isPartOf":{"@id":"https:\/\/hello-suns.com\/de\/#website"},"primaryImageOfPage":{"@id":"https:\/\/hello-suns.com\/de\/produkte\/basta-lounger\/#primaryimage"},"image":{"@id":"https:\/\/hello-suns.com\/de\/produkte\/basta-lounger\/#primaryimage"},"thumbnailUrl":"https:\/\/hello-suns.com\/app\/uploads\/2026\/02\/Basta-SUNS-Sunlounger-CH-SSB-Free-26-1.png","datePublished":"2026-02-25T14:13:50+00:00","dateModified":"2026-02-26T16:23:04+00:00","description":"Suchen Sie eine Basta-Liege? SUNS bietet komfortable und langlebige Liegen, die modernes Design und Funktionalit\u00e4t perfekt miteinander verbinden.","breadcrumb":{"@id":"https:\/\/hello-suns.com\/de\/produkte\/basta-lounger\/#breadcrumb"},"inLanguage":"de-DE","potentialAction":[{"@type":"ReadAction","target":["https:\/\/hello-suns.com\/de\/produkte\/basta-lounger\/"]}]},{"@type":"ImageObject","inLanguage":"de-DE","@id":"https:\/\/hello-suns.com\/de\/produkte\/basta-lounger\/#primaryimage","url":"https:\/\/hello-suns.com\/app\/uploads\/2026\/02\/Basta-SUNS-Sunlounger-CH-SSB-Free-26-1.png","contentUrl":"https:\/\/hello-suns.com\/app\/uploads\/2026\/02\/Basta-SUNS-Sunlounger-CH-SSB-Free-26-1.png","width":3840,"height":2560},{"@type":"BreadcrumbList","@id":"https:\/\/hello-suns.com\/de\/produkte\/basta-lounger\/#breadcrumb","itemListElement":[{"@type":"ListItem","position":1,"name":"","item":"https:\/\/hello-suns.com\/de\/"},{"@type":"ListItem","position":2,"name":"Produkte","item":"https:\/\/hello-suns.com\/de\/produkte\/"},{"@type":"ListItem","position":3,"name":"Basta"}]},{"@type":"WebSite","@id":"https:\/\/hello-suns.com\/de\/#website","url":"https:\/\/hello-suns.com\/de\/","name":"SUNS","description":"Outdoor Lifestyle","potentialAction":[{"@type":"SearchAction","target":{"@type":"EntryPoint","urlTemplate":"https:\/\/hello-suns.com\/de\/?s={search_term_string}"},"query-input":{"@type":"PropertyValueSpecification","valueRequired":true,"valueName":"search_term_string"}}],"inLanguage":"de-DE"}]}},"_links":{"self":[{"href":"https:\/\/hello-suns.com\/de\/wp-json\/wp\/v2\/product\/55891","targetHints":{"allow":["GET"]}}],"collection":[{"href":"https:\/\/hello-suns.com\/de\/wp-json\/wp\/v2\/product"}],"about":[{"href":"https:\/\/hello-suns.com\/de\/wp-json\/wp\/v2\/types\/product"}],"replies":[{"embeddable":true,"href":"https:\/\/hello-suns.com\/de\/wp-json\/wp\/v2\/comments?post=55891"}],"wp:featuredmedia":[{"embeddable":true,"href":"https:\/\/hello-suns.com\/de\/wp-json\/wp\/v2\/media\/55896"}],"wp:attachment":[{"href":"https:\/\/hello-suns.com\/de\/wp-json\/wp\/v2\/media?parent=55891"}],"wp:term":[{"taxonomy":"product_brand","embeddable":true,"href":"https:\/\/hello-suns.com\/de\/wp-json\/wp\/v2\/product_brand?post=55891"},{"taxonomy":"product_cat","embeddable":true,"href":"https:\/\/hello-suns.com\/de\/wp-json\/wp\/v2\/product_cat?post=55891"},{"taxonomy":"product_tag","embeddable":true,"href":"https:\/\/hello-suns.com\/de\/wp-json\/wp\/v2\/product_tag?post=55891"},{"taxonomy":"material","embeddable":true,"href":"https:\/\/hello-suns.com\/de\/wp-json\/wp\/v2\/material?post=55891"}],"curies":[{"name":"wp","href":"https:\/\/api.w.org\/{rel}","templated":true}]}}