{"id":55744,"date":"2026-02-25T10:43:51","date_gmt":"2026-02-25T09:43:51","guid":{"rendered":"https:\/\/hello-suns.com\/?post_type=product&#038;p=55744"},"modified":"2026-03-02T09:54:48","modified_gmt":"2026-03-02T08:54:48","slug":"vivaro-sessel","status":"publish","type":"product","link":"https:\/\/hello-suns.com\/de\/produkte\/vivaro-sessel\/","title":{"rendered":"Vivaro"},"content":{"rendered":"<div>\n<h2 style=\"font-weight: 400;\">Sanfter Luxus<\/h2>\n<\/div>\n<div>\n<p style=\"font-weight: 400;\">Der Vivaro Loungesessel l\u00e4dt Sie ein, sich v\u00f6llig zu entspannen. Ein Sessel, der Sie mit Komfort und Weichheit umh\u00fcllt, ohne schwer zu wirken. Perfekt als Einzelst\u00fcck oder als Erg\u00e4nzung zum Vivaro Sofa oder Loungeset. Entspanntes Sitzen nimmt hier eine elegante Form an.<\/p>\n<\/div>\n","protected":false},"excerpt":{"rendered":"<div>\n<div>\n<h3>Abgerundete Form f\u00fcr nat\u00fcrlichen Sitzkomfort<\/h3>\n<\/div>\n<\/div>\n<div>\n<div>\n<p>Der Loungesessel ist mit flie\u00dfenden Linien und einem durchgehenden Kissen ausgestattet. Sowohl im R\u00fccken als auch in den Armlehnen erfahren Sie eine angenehme Unterst\u00fctzung. Die runde Form sorgt f\u00fcr ein sicheres Gef\u00fchl und eine entspannte Sitzposition. Keine geraden Linien, sondern eine verspielte Kontur, die Sie automatisch dazu einl\u00e4dt, Platz zu nehmen.<\/p>\n<\/div>\n<\/div>\n","protected":false},"featured_media":0,"comment_status":"closed","ping_status":"closed","template":"","meta":{"_acf_changed":false},"product_brand":[],"product_cat":[619],"product_tag":[],"material":[],"class_list":{"0":"post-55744","1":"product","2":"type-product","3":"status-publish","5":"product_cat-sessel","7":"first","8":"instock","9":"shipping-taxable","10":"product-type-simple"},"acf":[],"yoast_head":"<!-- This site is optimized with the Yoast SEO plugin v26.8 - https:\/\/yoast.com\/product\/yoast-seo-wordpress\/ -->\n<title>Entdecken Sie den Vivaro Loungesessel | SUNS Outdoor Lifestyle<\/title>\n<meta name=\"description\" content=\"Sie suchen einen stilvollen Vivaro Lounge-Sessel? SUNS bietet luxuri\u00f6se Loungesessel mit modernem Design und ultimativem Komfort, perfekt f\u00fcr einen eleganten Au\u00dfenbereich.\" \/>\n<meta name=\"robots\" content=\"index, follow, max-snippet:-1, max-image-preview:large, max-video-preview:-1\" \/>\n<link rel=\"canonical\" href=\"https:\/\/hello-suns.com\/de\/produkte\/vivaro-sessel\/\" \/>\n<meta property=\"og:locale\" content=\"de_DE\" \/>\n<meta property=\"og:type\" content=\"article\" \/>\n<meta property=\"og:title\" content=\"Entdecken Sie den Vivaro Loungesessel | SUNS Outdoor Lifestyle\" \/>\n<meta property=\"og:description\" content=\"Sie suchen einen stilvollen Vivaro Lounge-Sessel? SUNS bietet luxuri\u00f6se Loungesessel mit modernem Design und ultimativem Komfort, perfekt f\u00fcr einen eleganten Au\u00dfenbereich.\" \/>\n<meta property=\"og:url\" content=\"https:\/\/hello-suns.com\/de\/produkte\/vivaro-sessel\/\" \/>\n<meta property=\"og:site_name\" content=\"SUNS\" \/>\n<meta property=\"article:modified_time\" content=\"2026-03-02T08:54:48+00:00\" \/>\n<meta name=\"twitter:card\" content=\"summary_large_image\" \/>\n<meta name=\"twitter:label1\" content=\"Est. reading time\" \/>\n\t<meta name=\"twitter:data1\" content=\"2 minutes\" \/>\n<script type=\"application\/ld+json\" class=\"yoast-schema-graph\">{\"@context\":\"https:\/\/schema.org\",\"@graph\":[{\"@type\":\"WebPage\",\"@id\":\"https:\/\/hello-suns.com\/de\/produkte\/vivaro-sessel\/\",\"url\":\"https:\/\/hello-suns.com\/de\/produkte\/vivaro-sessel\/\",\"name\":\"Entdecken Sie den Vivaro Loungesessel | SUNS Outdoor Lifestyle\",\"isPartOf\":{\"@id\":\"https:\/\/hello-suns.com\/de\/#website\"},\"datePublished\":\"2026-02-25T09:43:51+00:00\",\"dateModified\":\"2026-03-02T08:54:48+00:00\",\"description\":\"Sie suchen einen stilvollen Vivaro Lounge-Sessel? SUNS bietet luxuri\u00f6se Loungesessel mit modernem Design und ultimativem Komfort, perfekt f\u00fcr einen eleganten Au\u00dfenbereich.\",\"breadcrumb\":{\"@id\":\"https:\/\/hello-suns.com\/de\/produkte\/vivaro-sessel\/#breadcrumb\"},\"inLanguage\":\"de-DE\",\"potentialAction\":[{\"@type\":\"ReadAction\",\"target\":[\"https:\/\/hello-suns.com\/de\/produkte\/vivaro-sessel\/\"]}]},{\"@type\":\"BreadcrumbList\",\"@id\":\"https:\/\/hello-suns.com\/de\/produkte\/vivaro-sessel\/#breadcrumb\",\"itemListElement\":[{\"@type\":\"ListItem\",\"position\":1,\"name\":\"\",\"item\":\"https:\/\/hello-suns.com\/de\/\"},{\"@type\":\"ListItem\",\"position\":2,\"name\":\"Produkte\",\"item\":\"https:\/\/hello-suns.com\/de\/produkte\/\"},{\"@type\":\"ListItem\",\"position\":3,\"name\":\"Vivaro\"}]},{\"@type\":\"WebSite\",\"@id\":\"https:\/\/hello-suns.com\/de\/#website\",\"url\":\"https:\/\/hello-suns.com\/de\/\",\"name\":\"SUNS\",\"description\":\"Outdoor Lifestyle\",\"potentialAction\":[{\"@type\":\"SearchAction\",\"target\":{\"@type\":\"EntryPoint\",\"urlTemplate\":\"https:\/\/hello-suns.com\/de\/?s={search_term_string}\"},\"query-input\":{\"@type\":\"PropertyValueSpecification\",\"valueRequired\":true,\"valueName\":\"search_term_string\"}}],\"inLanguage\":\"de-DE\"}]}<\/script>\n<!-- \/ Yoast SEO plugin. -->","yoast_head_json":{"title":"Entdecken Sie den Vivaro Loungesessel | SUNS Outdoor Lifestyle","description":"Sie suchen einen stilvollen Vivaro Lounge-Sessel? SUNS bietet luxuri\u00f6se Loungesessel mit modernem Design und ultimativem Komfort, perfekt f\u00fcr einen eleganten Au\u00dfenbereich.","robots":{"index":"index","follow":"follow","max-snippet":"max-snippet:-1","max-image-preview":"max-image-preview:large","max-video-preview":"max-video-preview:-1"},"canonical":"https:\/\/hello-suns.com\/de\/produkte\/vivaro-sessel\/","og_locale":"de_DE","og_type":"article","og_title":"Entdecken Sie den Vivaro Loungesessel | SUNS Outdoor Lifestyle","og_description":"Sie suchen einen stilvollen Vivaro Lounge-Sessel? SUNS bietet luxuri\u00f6se Loungesessel mit modernem Design und ultimativem Komfort, perfekt f\u00fcr einen eleganten Au\u00dfenbereich.","og_url":"https:\/\/hello-suns.com\/de\/produkte\/vivaro-sessel\/","og_site_name":"SUNS","article_modified_time":"2026-03-02T08:54:48+00:00","twitter_card":"summary_large_image","twitter_misc":{"Est. reading time":"2 minutes"},"schema":{"@context":"https:\/\/schema.org","@graph":[{"@type":"WebPage","@id":"https:\/\/hello-suns.com\/de\/produkte\/vivaro-sessel\/","url":"https:\/\/hello-suns.com\/de\/produkte\/vivaro-sessel\/","name":"Entdecken Sie den Vivaro Loungesessel | SUNS Outdoor Lifestyle","isPartOf":{"@id":"https:\/\/hello-suns.com\/de\/#website"},"datePublished":"2026-02-25T09:43:51+00:00","dateModified":"2026-03-02T08:54:48+00:00","description":"Sie suchen einen stilvollen Vivaro Lounge-Sessel? SUNS bietet luxuri\u00f6se Loungesessel mit modernem Design und ultimativem Komfort, perfekt f\u00fcr einen eleganten Au\u00dfenbereich.","breadcrumb":{"@id":"https:\/\/hello-suns.com\/de\/produkte\/vivaro-sessel\/#breadcrumb"},"inLanguage":"de-DE","potentialAction":[{"@type":"ReadAction","target":["https:\/\/hello-suns.com\/de\/produkte\/vivaro-sessel\/"]}]},{"@type":"BreadcrumbList","@id":"https:\/\/hello-suns.com\/de\/produkte\/vivaro-sessel\/#breadcrumb","itemListElement":[{"@type":"ListItem","position":1,"name":"","item":"https:\/\/hello-suns.com\/de\/"},{"@type":"ListItem","position":2,"name":"Produkte","item":"https:\/\/hello-suns.com\/de\/produkte\/"},{"@type":"ListItem","position":3,"name":"Vivaro"}]},{"@type":"WebSite","@id":"https:\/\/hello-suns.com\/de\/#website","url":"https:\/\/hello-suns.com\/de\/","name":"SUNS","description":"Outdoor Lifestyle","potentialAction":[{"@type":"SearchAction","target":{"@type":"EntryPoint","urlTemplate":"https:\/\/hello-suns.com\/de\/?s={search_term_string}"},"query-input":{"@type":"PropertyValueSpecification","valueRequired":true,"valueName":"search_term_string"}}],"inLanguage":"de-DE"}]}},"_links":{"self":[{"href":"https:\/\/hello-suns.com\/de\/wp-json\/wp\/v2\/product\/55744","targetHints":{"allow":["GET"]}}],"collection":[{"href":"https:\/\/hello-suns.com\/de\/wp-json\/wp\/v2\/product"}],"about":[{"href":"https:\/\/hello-suns.com\/de\/wp-json\/wp\/v2\/types\/product"}],"replies":[{"embeddable":true,"href":"https:\/\/hello-suns.com\/de\/wp-json\/wp\/v2\/comments?post=55744"}],"wp:attachment":[{"href":"https:\/\/hello-suns.com\/de\/wp-json\/wp\/v2\/media?parent=55744"}],"wp:term":[{"taxonomy":"product_brand","embeddable":true,"href":"https:\/\/hello-suns.com\/de\/wp-json\/wp\/v2\/product_brand?post=55744"},{"taxonomy":"product_cat","embeddable":true,"href":"https:\/\/hello-suns.com\/de\/wp-json\/wp\/v2\/product_cat?post=55744"},{"taxonomy":"product_tag","embeddable":true,"href":"https:\/\/hello-suns.com\/de\/wp-json\/wp\/v2\/product_tag?post=55744"},{"taxonomy":"material","embeddable":true,"href":"https:\/\/hello-suns.com\/de\/wp-json\/wp\/v2\/material?post=55744"}],"curies":[{"name":"wp","href":"https:\/\/api.w.org\/{rel}","templated":true}]}}