{"id":55675,"date":"2026-02-24T15:30:55","date_gmt":"2026-02-24T14:30:55","guid":{"rendered":"https:\/\/hello-suns.com\/?post_type=product&#038;p=55675"},"modified":"2026-03-02T12:45:07","modified_gmt":"2026-03-02T11:45:07","slug":"ava-lampe","status":"publish","type":"product","link":"https:\/\/hello-suns.com\/de\/produkte\/ava-lampe\/","title":{"rendered":"Ava"},"content":{"rendered":"<h2 style=\"font-weight: 400;\">Weiches Licht, das verweilt<\/h2>\n<p>Die Nacht bricht herein. Ava steht still und l\u00e4sst das Licht langsam sprechen. Ein ruhiges Licht, das Ihren Au\u00dfenbereich erhellt und zum Verweilen einl\u00e4dt. Ava ist f\u00fcr Momente da, in denen keine Eile geboten ist.<\/p>\n","protected":false},"excerpt":{"rendered":"<h3><span class=\"EOP SCXW15927889 BCX0\" data-ccp-props=\"{}\">Elegantes Licht f\u00fcr jeden Platz im Freien <\/span><\/h3>\n<p>Ava ist eine Au\u00dfenleuchte mit einem raffinierten, modernen Charakter. Sie wurde f\u00fcr Terrassen, Verandas und Gartenwege entworfen, wo das Ambiente ebenso wichtig ist wie die Funktionalit\u00e4t. Dank ihrer drei Gr\u00f6\u00dfen k\u00f6nnen Sie leicht mit H\u00f6he und Komposition spielen. Einzeln als subtiler Akzent oder zusammen als Lichtfamilie, die den Raum tr\u00e4gt.<\/p>\n<p>Ava verf\u00fcgt \u00fcber mehrere Lichtmodi, so dass Sie das Licht an jeden Moment anpassen k\u00f6nnen. Von dezenter Hintergrundbeleuchtung bis hin zu funktionellem Licht an langen Abenden im Freien.<br \/>\nAva ist in drei Gr\u00f6\u00dfen erh\u00e4ltlich und wurde entwickelt, um die ganze Saison \u00fcber drau\u00dfen zu bleiben.<\/p>\n<p><b><span data-contrast=\"none\">Lichtintensit\u00e4t und Brenndauer<br \/>\n<\/span><\/b><span data-contrast=\"none\">Ava ist in drei Lichtmodi schaltbar. So k\u00f6nnen Sie das Licht m\u00fchelos auf jede Tages- oder Abendzeit abstimmen. Die Lampe kann manuell eingestellt werden und verf\u00fcgt au\u00dferdem \u00fcber einen automatischen Schaltmodus. <\/span><\/p>\n<p><span data-contrast=\"none\">Brenndauer nach 5 Stunden Laden in direktem Sonnenlicht:<\/span><br \/>\n<span data-contrast=\"none\">Einstellung 1 &#8211; Lichtintensit\u00e4t 30% | 10 Stunden<\/span><br \/>\n<span data-contrast=\"none\">Einstellung 2 &#8211; Lichtintensit\u00e4t 50% | 8 Stunden<\/span><br \/>\n<span data-contrast=\"none\">Einstellung 3 &#8211; Lichtintensit\u00e4t 100% | 5 Stunden<\/span><\/p>\n<p><span data-contrast=\"none\">Brenndauer nach vollst\u00e4ndiger Aufladung mit dem USB-C-Kabel:<\/span><br \/>\n<span data-contrast=\"none\">Einstellung 1 &#8211; Lichtintensit\u00e4t 30% | 18 Stunden<\/span><br \/>\n<span data-contrast=\"none\">Einstellung 2 &#8211; Lichtintensit\u00e4t 50% | 12 Stunden<\/span><br \/>\n<span data-contrast=\"none\">Einstellung 3 &#8211; Lichtintensit\u00e4t 100% | 7 Stunden<\/span><\/p>\n","protected":false},"featured_media":55686,"comment_status":"closed","ping_status":"closed","template":"","meta":{"_acf_changed":false},"product_brand":[],"product_cat":[626,638],"product_tag":[],"material":[],"class_list":{"0":"post-55675","1":"product","2":"type-product","3":"status-publish","4":"has-post-thumbnail","6":"product_cat-styling-de","7":"product_cat-lampen-de","9":"first","10":"instock","11":"shipping-taxable","12":"product-type-simple"},"acf":[],"yoast_head":"<!-- This site is optimized with the Yoast SEO plugin v26.8 - https:\/\/yoast.com\/product\/yoast-seo-wordpress\/ -->\n<title>Ava lampe | SUNS Outdoor Lifestyle<\/title>\n<meta name=\"description\" content=\"Suchen Sie eine stilvolle Ava Au\u00dfenlampe? SUNS bietet elegante Au\u00dfenlampen, die moderne Beleuchtung und Langlebigkeit kombinieren.\" \/>\n<meta name=\"robots\" content=\"index, follow, max-snippet:-1, max-image-preview:large, max-video-preview:-1\" \/>\n<link rel=\"canonical\" href=\"https:\/\/hello-suns.com\/de\/produkte\/ava-lampe\/\" \/>\n<meta property=\"og:locale\" content=\"de_DE\" \/>\n<meta property=\"og:type\" content=\"article\" \/>\n<meta property=\"og:title\" content=\"Ava lampe | SUNS Outdoor Lifestyle\" \/>\n<meta property=\"og:description\" content=\"Suchen Sie eine stilvolle Ava Au\u00dfenlampe? SUNS bietet elegante Au\u00dfenlampen, die moderne Beleuchtung und Langlebigkeit kombinieren.\" \/>\n<meta property=\"og:url\" content=\"https:\/\/hello-suns.com\/de\/produkte\/ava-lampe\/\" \/>\n<meta property=\"og:site_name\" content=\"SUNS\" \/>\n<meta property=\"article:modified_time\" content=\"2026-03-02T11:45:07+00:00\" \/>\n<meta property=\"og:image\" content=\"https:\/\/hello-suns.com\/app\/uploads\/2026\/02\/Ava-SUNS-Light-BZ-FIW-Free-26-2.png\" \/>\n\t<meta property=\"og:image:width\" content=\"3240\" \/>\n\t<meta property=\"og:image:height\" content=\"2160\" \/>\n\t<meta property=\"og:image:type\" content=\"image\/png\" \/>\n<meta name=\"twitter:card\" content=\"summary_large_image\" \/>\n<meta name=\"twitter:label1\" content=\"Est. reading time\" \/>\n\t<meta name=\"twitter:data1\" content=\"2 minutes\" \/>\n<script type=\"application\/ld+json\" class=\"yoast-schema-graph\">{\"@context\":\"https:\/\/schema.org\",\"@graph\":[{\"@type\":\"WebPage\",\"@id\":\"https:\/\/hello-suns.com\/de\/produkte\/ava-lampe\/\",\"url\":\"https:\/\/hello-suns.com\/de\/produkte\/ava-lampe\/\",\"name\":\"Ava lampe | SUNS Outdoor Lifestyle\",\"isPartOf\":{\"@id\":\"https:\/\/hello-suns.com\/de\/#website\"},\"primaryImageOfPage\":{\"@id\":\"https:\/\/hello-suns.com\/de\/produkte\/ava-lampe\/#primaryimage\"},\"image\":{\"@id\":\"https:\/\/hello-suns.com\/de\/produkte\/ava-lampe\/#primaryimage\"},\"thumbnailUrl\":\"https:\/\/hello-suns.com\/app\/uploads\/2026\/02\/Ava-SUNS-Light-BZ-FIW-Free-26-2.png\",\"datePublished\":\"2026-02-24T14:30:55+00:00\",\"dateModified\":\"2026-03-02T11:45:07+00:00\",\"description\":\"Suchen Sie eine stilvolle Ava Au\u00dfenlampe? SUNS bietet elegante Au\u00dfenlampen, die moderne Beleuchtung und Langlebigkeit kombinieren.\",\"breadcrumb\":{\"@id\":\"https:\/\/hello-suns.com\/de\/produkte\/ava-lampe\/#breadcrumb\"},\"inLanguage\":\"de-DE\",\"potentialAction\":[{\"@type\":\"ReadAction\",\"target\":[\"https:\/\/hello-suns.com\/de\/produkte\/ava-lampe\/\"]}]},{\"@type\":\"ImageObject\",\"inLanguage\":\"de-DE\",\"@id\":\"https:\/\/hello-suns.com\/de\/produkte\/ava-lampe\/#primaryimage\",\"url\":\"https:\/\/hello-suns.com\/app\/uploads\/2026\/02\/Ava-SUNS-Light-BZ-FIW-Free-26-2.png\",\"contentUrl\":\"https:\/\/hello-suns.com\/app\/uploads\/2026\/02\/Ava-SUNS-Light-BZ-FIW-Free-26-2.png\",\"width\":3240,\"height\":2160},{\"@type\":\"BreadcrumbList\",\"@id\":\"https:\/\/hello-suns.com\/de\/produkte\/ava-lampe\/#breadcrumb\",\"itemListElement\":[{\"@type\":\"ListItem\",\"position\":1,\"name\":\"\",\"item\":\"https:\/\/hello-suns.com\/de\/\"},{\"@type\":\"ListItem\",\"position\":2,\"name\":\"Produkte\",\"item\":\"https:\/\/hello-suns.com\/de\/produkte\/\"},{\"@type\":\"ListItem\",\"position\":3,\"name\":\"Ava\"}]},{\"@type\":\"WebSite\",\"@id\":\"https:\/\/hello-suns.com\/de\/#website\",\"url\":\"https:\/\/hello-suns.com\/de\/\",\"name\":\"SUNS\",\"description\":\"Outdoor Lifestyle\",\"potentialAction\":[{\"@type\":\"SearchAction\",\"target\":{\"@type\":\"EntryPoint\",\"urlTemplate\":\"https:\/\/hello-suns.com\/de\/?s={search_term_string}\"},\"query-input\":{\"@type\":\"PropertyValueSpecification\",\"valueRequired\":true,\"valueName\":\"search_term_string\"}}],\"inLanguage\":\"de-DE\"}]}<\/script>\n<!-- \/ Yoast SEO plugin. -->","yoast_head_json":{"title":"Ava lampe | SUNS Outdoor Lifestyle","description":"Suchen Sie eine stilvolle Ava Au\u00dfenlampe? SUNS bietet elegante Au\u00dfenlampen, die moderne Beleuchtung und Langlebigkeit kombinieren.","robots":{"index":"index","follow":"follow","max-snippet":"max-snippet:-1","max-image-preview":"max-image-preview:large","max-video-preview":"max-video-preview:-1"},"canonical":"https:\/\/hello-suns.com\/de\/produkte\/ava-lampe\/","og_locale":"de_DE","og_type":"article","og_title":"Ava lampe | SUNS Outdoor Lifestyle","og_description":"Suchen Sie eine stilvolle Ava Au\u00dfenlampe? SUNS bietet elegante Au\u00dfenlampen, die moderne Beleuchtung und Langlebigkeit kombinieren.","og_url":"https:\/\/hello-suns.com\/de\/produkte\/ava-lampe\/","og_site_name":"SUNS","article_modified_time":"2026-03-02T11:45:07+00:00","og_image":[{"width":3240,"height":2160,"url":"https:\/\/hello-suns.com\/app\/uploads\/2026\/02\/Ava-SUNS-Light-BZ-FIW-Free-26-2.png","type":"image\/png"}],"twitter_card":"summary_large_image","twitter_misc":{"Est. reading time":"2 minutes"},"schema":{"@context":"https:\/\/schema.org","@graph":[{"@type":"WebPage","@id":"https:\/\/hello-suns.com\/de\/produkte\/ava-lampe\/","url":"https:\/\/hello-suns.com\/de\/produkte\/ava-lampe\/","name":"Ava lampe | SUNS Outdoor Lifestyle","isPartOf":{"@id":"https:\/\/hello-suns.com\/de\/#website"},"primaryImageOfPage":{"@id":"https:\/\/hello-suns.com\/de\/produkte\/ava-lampe\/#primaryimage"},"image":{"@id":"https:\/\/hello-suns.com\/de\/produkte\/ava-lampe\/#primaryimage"},"thumbnailUrl":"https:\/\/hello-suns.com\/app\/uploads\/2026\/02\/Ava-SUNS-Light-BZ-FIW-Free-26-2.png","datePublished":"2026-02-24T14:30:55+00:00","dateModified":"2026-03-02T11:45:07+00:00","description":"Suchen Sie eine stilvolle Ava Au\u00dfenlampe? SUNS bietet elegante Au\u00dfenlampen, die moderne Beleuchtung und Langlebigkeit kombinieren.","breadcrumb":{"@id":"https:\/\/hello-suns.com\/de\/produkte\/ava-lampe\/#breadcrumb"},"inLanguage":"de-DE","potentialAction":[{"@type":"ReadAction","target":["https:\/\/hello-suns.com\/de\/produkte\/ava-lampe\/"]}]},{"@type":"ImageObject","inLanguage":"de-DE","@id":"https:\/\/hello-suns.com\/de\/produkte\/ava-lampe\/#primaryimage","url":"https:\/\/hello-suns.com\/app\/uploads\/2026\/02\/Ava-SUNS-Light-BZ-FIW-Free-26-2.png","contentUrl":"https:\/\/hello-suns.com\/app\/uploads\/2026\/02\/Ava-SUNS-Light-BZ-FIW-Free-26-2.png","width":3240,"height":2160},{"@type":"BreadcrumbList","@id":"https:\/\/hello-suns.com\/de\/produkte\/ava-lampe\/#breadcrumb","itemListElement":[{"@type":"ListItem","position":1,"name":"","item":"https:\/\/hello-suns.com\/de\/"},{"@type":"ListItem","position":2,"name":"Produkte","item":"https:\/\/hello-suns.com\/de\/produkte\/"},{"@type":"ListItem","position":3,"name":"Ava"}]},{"@type":"WebSite","@id":"https:\/\/hello-suns.com\/de\/#website","url":"https:\/\/hello-suns.com\/de\/","name":"SUNS","description":"Outdoor Lifestyle","potentialAction":[{"@type":"SearchAction","target":{"@type":"EntryPoint","urlTemplate":"https:\/\/hello-suns.com\/de\/?s={search_term_string}"},"query-input":{"@type":"PropertyValueSpecification","valueRequired":true,"valueName":"search_term_string"}}],"inLanguage":"de-DE"}]}},"_links":{"self":[{"href":"https:\/\/hello-suns.com\/de\/wp-json\/wp\/v2\/product\/55675","targetHints":{"allow":["GET"]}}],"collection":[{"href":"https:\/\/hello-suns.com\/de\/wp-json\/wp\/v2\/product"}],"about":[{"href":"https:\/\/hello-suns.com\/de\/wp-json\/wp\/v2\/types\/product"}],"replies":[{"embeddable":true,"href":"https:\/\/hello-suns.com\/de\/wp-json\/wp\/v2\/comments?post=55675"}],"wp:featuredmedia":[{"embeddable":true,"href":"https:\/\/hello-suns.com\/de\/wp-json\/wp\/v2\/media\/55686"}],"wp:attachment":[{"href":"https:\/\/hello-suns.com\/de\/wp-json\/wp\/v2\/media?parent=55675"}],"wp:term":[{"taxonomy":"product_brand","embeddable":true,"href":"https:\/\/hello-suns.com\/de\/wp-json\/wp\/v2\/product_brand?post=55675"},{"taxonomy":"product_cat","embeddable":true,"href":"https:\/\/hello-suns.com\/de\/wp-json\/wp\/v2\/product_cat?post=55675"},{"taxonomy":"product_tag","embeddable":true,"href":"https:\/\/hello-suns.com\/de\/wp-json\/wp\/v2\/product_tag?post=55675"},{"taxonomy":"material","embeddable":true,"href":"https:\/\/hello-suns.com\/de\/wp-json\/wp\/v2\/material?post=55675"}],"curies":[{"name":"wp","href":"https:\/\/api.w.org\/{rel}","templated":true}]}}