{"id":55363,"date":"2026-02-23T13:17:37","date_gmt":"2026-02-23T12:17:37","guid":{"rendered":"https:\/\/hello-suns.com\/?post_type=product&#038;p=55363"},"modified":"2026-02-23T16:42:49","modified_gmt":"2026-02-23T15:42:49","slug":"venosa-lounge-sets","status":"publish","type":"product","link":"https:\/\/hello-suns.com\/de\/produkte\/venosa-lounge-sets\/","title":{"rendered":"Venosa"},"content":{"rendered":"<div>\n<h2>Sanftheit, die immer wieder \u00fcberrascht<\/h2>\n<\/div>\n<div>\n<p>Drau\u00dfen wird es weicher mit Venosa. Ein Loungeset, das dazu einl\u00e4dt, l\u00e4nger sitzen zu bleiben, sich zu entspannen und jeden Moment intensiver zu erleben. Runde Formen, helle T\u00f6ne und reiche Polsterung machen Venosa zu einem nat\u00fcrlichen Blickfang in jedem Au\u00dfenbereich.<\/p>\n<\/div>\n<div>\n<p>Venosa wurde f\u00fcr diejenigen entworfen, die Komfort und Aussehen miteinander verbinden m\u00f6chten. Vollst\u00e4ndig gepolstert und gro\u00dfz\u00fcgig proportioniert, f\u00fchlt sich dieses Set eher wie ein luxuri\u00f6ses Interieur an als traditionelle Gartenm\u00f6bel. Warm, einladend und erstaunlich vielseitig.<\/p>\n<\/div>\n","protected":false},"excerpt":{"rendered":"<h3 style=\"font-weight: 400;\">Organisches Design mit luxuri\u00f6sem Touch<\/h3>\n<p style=\"font-weight: 400;\">Venosa zeichnet sich durch sein vollst\u00e4ndig gepolstertes Design aus. Es ist eines der Lounge-Sets der SUNS-Kollektion, bei dem der Stoff wirklich die Hauptrolle spielt. Der weiche Boucl\u00e9-Stoff unterstreicht die organischen Formen und verleiht der Garnitur einen warmen, raffinierten Look. Ein subtiles, aber charaktervolles Detail ist die Linie, die auf der R\u00fcckseite des Sets verl\u00e4uft. Sie unterbricht die lange Fl\u00e4che und verleiht dem Design eine verspielte Note. Die gro\u00dfz\u00fcgigen Sitzkissen sind robust und bequem, mit einer reichen Ausstrahlung, die Sie sofort dazu einl\u00e4dt, Platz zu nehmen.<\/p>\n<p style=\"font-weight: 400;\">Venosa wird mit mehreren Streukissen in hellen Farbt\u00f6nen geliefert. Damit k\u00f6nnen Sie jedem Arrangement eine eigene Atmosph\u00e4re verleihen. Von ruhig und harmonisch bis lebendig und ausdrucksstark. Ganz so, wie Sie es w\u00fcnschen. Zu jedem Element geh\u00f6ren dekorative Kissen aus demselben Stoff. Die losen Kissen verleihen Blocchi einen verspielten Charakter und erm\u00f6glichen es Ihnen, Ihren perfekten Platz f\u00fcr Mittagessen, Getr\u00e4nke und entspannte Momente im Freien zu schaffen. Blocchi ist Teil des SUNS You Create Programms, mit dem Sie die verschiedenen Elemente nach Belieben kombinieren und so Ihr ideales Set zusammenstellen k\u00f6nnen. SUNS Blocchi bietet auch ein Daybed, das Sie separat aufstellen oder in das Lounge-Set integrieren k\u00f6nnen. SUNS Blocchi l\u00e4sst sich perfekt mit den Beistelltischen Farzi oder Termoli kombinieren.<\/p>\n","protected":false},"featured_media":55392,"comment_status":"closed","ping_status":"closed","template":"","meta":{"_acf_changed":false},"product_brand":[],"product_cat":[644,631],"product_tag":[],"material":[],"class_list":{"0":"post-55363","1":"product","2":"type-product","3":"status-publish","4":"has-post-thumbnail","6":"product_cat-lounge-sets","7":"product_cat-you-create","9":"first","10":"instock","11":"shipping-taxable","12":"product-type-simple"},"acf":[],"yoast_head":"<!-- This site is optimized with the Yoast SEO plugin v26.8 - https:\/\/yoast.com\/product\/yoast-seo-wordpress\/ -->\n<title>Entdecken Sie das Venosa Lounge Set | SUNS Outdoor Lifestyle<\/title>\n<meta name=\"description\" content=\"Sie suchen ein stilvolles Venosa Lounge-Set? SUNS bietet luxuri\u00f6se Lounge-Sets, die Komfort, Haltbarkeit und modernes Design perfekt miteinander verbinden.\" \/>\n<meta name=\"robots\" content=\"index, follow, max-snippet:-1, max-image-preview:large, max-video-preview:-1\" \/>\n<link rel=\"canonical\" href=\"https:\/\/hello-suns.com\/de\/produkte\/venosa-lounge-sets\/\" \/>\n<meta property=\"og:locale\" content=\"de_DE\" \/>\n<meta property=\"og:type\" content=\"article\" \/>\n<meta property=\"og:title\" content=\"Entdecken Sie das Venosa Lounge Set | SUNS Outdoor Lifestyle\" \/>\n<meta property=\"og:description\" content=\"Sie suchen ein stilvolles Venosa Lounge-Set? SUNS bietet luxuri\u00f6se Lounge-Sets, die Komfort, Haltbarkeit und modernes Design perfekt miteinander verbinden.\" \/>\n<meta property=\"og:url\" content=\"https:\/\/hello-suns.com\/de\/produkte\/venosa-lounge-sets\/\" \/>\n<meta property=\"og:site_name\" content=\"SUNS\" \/>\n<meta property=\"article:modified_time\" content=\"2026-02-23T15:42:49+00:00\" \/>\n<meta property=\"og:image\" content=\"https:\/\/hello-suns.com\/app\/uploads\/2026\/02\/Venosa-Farzi-SUNS-LoungeSet-SSB-CS-Free-26-1024x683.png\" \/>\n\t<meta property=\"og:image:width\" content=\"1024\" \/>\n\t<meta property=\"og:image:height\" content=\"683\" \/>\n\t<meta property=\"og:image:type\" content=\"image\/png\" \/>\n<meta name=\"twitter:card\" content=\"summary_large_image\" \/>\n<meta name=\"twitter:label1\" content=\"Est. reading time\" \/>\n\t<meta name=\"twitter:data1\" content=\"5 minutes\" \/>\n<script type=\"application\/ld+json\" class=\"yoast-schema-graph\">{\"@context\":\"https:\/\/schema.org\",\"@graph\":[{\"@type\":\"WebPage\",\"@id\":\"https:\/\/hello-suns.com\/de\/produkte\/venosa-lounge-sets\/\",\"url\":\"https:\/\/hello-suns.com\/de\/produkte\/venosa-lounge-sets\/\",\"name\":\"Entdecken Sie das Venosa Lounge Set | SUNS Outdoor Lifestyle\",\"isPartOf\":{\"@id\":\"https:\/\/hello-suns.com\/de\/#website\"},\"primaryImageOfPage\":{\"@id\":\"https:\/\/hello-suns.com\/de\/produkte\/venosa-lounge-sets\/#primaryimage\"},\"image\":{\"@id\":\"https:\/\/hello-suns.com\/de\/produkte\/venosa-lounge-sets\/#primaryimage\"},\"thumbnailUrl\":\"https:\/\/hello-suns.com\/app\/uploads\/2026\/02\/Venosa-Farzi-SUNS-LoungeSet-SSB-CS-Free-26.png\",\"datePublished\":\"2026-02-23T12:17:37+00:00\",\"dateModified\":\"2026-02-23T15:42:49+00:00\",\"description\":\"Sie suchen ein stilvolles Venosa Lounge-Set? SUNS bietet luxuri\u00f6se Lounge-Sets, die Komfort, Haltbarkeit und modernes Design perfekt miteinander verbinden.\",\"breadcrumb\":{\"@id\":\"https:\/\/hello-suns.com\/de\/produkte\/venosa-lounge-sets\/#breadcrumb\"},\"inLanguage\":\"de-DE\",\"potentialAction\":[{\"@type\":\"ReadAction\",\"target\":[\"https:\/\/hello-suns.com\/de\/produkte\/venosa-lounge-sets\/\"]}]},{\"@type\":\"ImageObject\",\"inLanguage\":\"de-DE\",\"@id\":\"https:\/\/hello-suns.com\/de\/produkte\/venosa-lounge-sets\/#primaryimage\",\"url\":\"https:\/\/hello-suns.com\/app\/uploads\/2026\/02\/Venosa-Farzi-SUNS-LoungeSet-SSB-CS-Free-26.png\",\"contentUrl\":\"https:\/\/hello-suns.com\/app\/uploads\/2026\/02\/Venosa-Farzi-SUNS-LoungeSet-SSB-CS-Free-26.png\",\"width\":3840,\"height\":2560},{\"@type\":\"BreadcrumbList\",\"@id\":\"https:\/\/hello-suns.com\/de\/produkte\/venosa-lounge-sets\/#breadcrumb\",\"itemListElement\":[{\"@type\":\"ListItem\",\"position\":1,\"name\":\"\",\"item\":\"https:\/\/hello-suns.com\/de\/\"},{\"@type\":\"ListItem\",\"position\":2,\"name\":\"Produkte\",\"item\":\"https:\/\/hello-suns.com\/de\/produkte\/\"},{\"@type\":\"ListItem\",\"position\":3,\"name\":\"Venosa\"}]},{\"@type\":\"WebSite\",\"@id\":\"https:\/\/hello-suns.com\/de\/#website\",\"url\":\"https:\/\/hello-suns.com\/de\/\",\"name\":\"SUNS\",\"description\":\"Outdoor Lifestyle\",\"potentialAction\":[{\"@type\":\"SearchAction\",\"target\":{\"@type\":\"EntryPoint\",\"urlTemplate\":\"https:\/\/hello-suns.com\/de\/?s={search_term_string}\"},\"query-input\":{\"@type\":\"PropertyValueSpecification\",\"valueRequired\":true,\"valueName\":\"search_term_string\"}}],\"inLanguage\":\"de-DE\"}]}<\/script>\n<!-- \/ Yoast SEO plugin. -->","yoast_head_json":{"title":"Entdecken Sie das Venosa Lounge Set | SUNS Outdoor Lifestyle","description":"Sie suchen ein stilvolles Venosa Lounge-Set? SUNS bietet luxuri\u00f6se Lounge-Sets, die Komfort, Haltbarkeit und modernes Design perfekt miteinander verbinden.","robots":{"index":"index","follow":"follow","max-snippet":"max-snippet:-1","max-image-preview":"max-image-preview:large","max-video-preview":"max-video-preview:-1"},"canonical":"https:\/\/hello-suns.com\/de\/produkte\/venosa-lounge-sets\/","og_locale":"de_DE","og_type":"article","og_title":"Entdecken Sie das Venosa Lounge Set | SUNS Outdoor Lifestyle","og_description":"Sie suchen ein stilvolles Venosa Lounge-Set? SUNS bietet luxuri\u00f6se Lounge-Sets, die Komfort, Haltbarkeit und modernes Design perfekt miteinander verbinden.","og_url":"https:\/\/hello-suns.com\/de\/produkte\/venosa-lounge-sets\/","og_site_name":"SUNS","article_modified_time":"2026-02-23T15:42:49+00:00","og_image":[{"width":1024,"height":683,"url":"https:\/\/hello-suns.com\/app\/uploads\/2026\/02\/Venosa-Farzi-SUNS-LoungeSet-SSB-CS-Free-26-1024x683.png","type":"image\/png"}],"twitter_card":"summary_large_image","twitter_misc":{"Est. reading time":"5 minutes"},"schema":{"@context":"https:\/\/schema.org","@graph":[{"@type":"WebPage","@id":"https:\/\/hello-suns.com\/de\/produkte\/venosa-lounge-sets\/","url":"https:\/\/hello-suns.com\/de\/produkte\/venosa-lounge-sets\/","name":"Entdecken Sie das Venosa Lounge Set | SUNS Outdoor Lifestyle","isPartOf":{"@id":"https:\/\/hello-suns.com\/de\/#website"},"primaryImageOfPage":{"@id":"https:\/\/hello-suns.com\/de\/produkte\/venosa-lounge-sets\/#primaryimage"},"image":{"@id":"https:\/\/hello-suns.com\/de\/produkte\/venosa-lounge-sets\/#primaryimage"},"thumbnailUrl":"https:\/\/hello-suns.com\/app\/uploads\/2026\/02\/Venosa-Farzi-SUNS-LoungeSet-SSB-CS-Free-26.png","datePublished":"2026-02-23T12:17:37+00:00","dateModified":"2026-02-23T15:42:49+00:00","description":"Sie suchen ein stilvolles Venosa Lounge-Set? SUNS bietet luxuri\u00f6se Lounge-Sets, die Komfort, Haltbarkeit und modernes Design perfekt miteinander verbinden.","breadcrumb":{"@id":"https:\/\/hello-suns.com\/de\/produkte\/venosa-lounge-sets\/#breadcrumb"},"inLanguage":"de-DE","potentialAction":[{"@type":"ReadAction","target":["https:\/\/hello-suns.com\/de\/produkte\/venosa-lounge-sets\/"]}]},{"@type":"ImageObject","inLanguage":"de-DE","@id":"https:\/\/hello-suns.com\/de\/produkte\/venosa-lounge-sets\/#primaryimage","url":"https:\/\/hello-suns.com\/app\/uploads\/2026\/02\/Venosa-Farzi-SUNS-LoungeSet-SSB-CS-Free-26.png","contentUrl":"https:\/\/hello-suns.com\/app\/uploads\/2026\/02\/Venosa-Farzi-SUNS-LoungeSet-SSB-CS-Free-26.png","width":3840,"height":2560},{"@type":"BreadcrumbList","@id":"https:\/\/hello-suns.com\/de\/produkte\/venosa-lounge-sets\/#breadcrumb","itemListElement":[{"@type":"ListItem","position":1,"name":"","item":"https:\/\/hello-suns.com\/de\/"},{"@type":"ListItem","position":2,"name":"Produkte","item":"https:\/\/hello-suns.com\/de\/produkte\/"},{"@type":"ListItem","position":3,"name":"Venosa"}]},{"@type":"WebSite","@id":"https:\/\/hello-suns.com\/de\/#website","url":"https:\/\/hello-suns.com\/de\/","name":"SUNS","description":"Outdoor Lifestyle","potentialAction":[{"@type":"SearchAction","target":{"@type":"EntryPoint","urlTemplate":"https:\/\/hello-suns.com\/de\/?s={search_term_string}"},"query-input":{"@type":"PropertyValueSpecification","valueRequired":true,"valueName":"search_term_string"}}],"inLanguage":"de-DE"}]}},"_links":{"self":[{"href":"https:\/\/hello-suns.com\/de\/wp-json\/wp\/v2\/product\/55363","targetHints":{"allow":["GET"]}}],"collection":[{"href":"https:\/\/hello-suns.com\/de\/wp-json\/wp\/v2\/product"}],"about":[{"href":"https:\/\/hello-suns.com\/de\/wp-json\/wp\/v2\/types\/product"}],"replies":[{"embeddable":true,"href":"https:\/\/hello-suns.com\/de\/wp-json\/wp\/v2\/comments?post=55363"}],"wp:featuredmedia":[{"embeddable":true,"href":"https:\/\/hello-suns.com\/de\/wp-json\/wp\/v2\/media\/55392"}],"wp:attachment":[{"href":"https:\/\/hello-suns.com\/de\/wp-json\/wp\/v2\/media?parent=55363"}],"wp:term":[{"taxonomy":"product_brand","embeddable":true,"href":"https:\/\/hello-suns.com\/de\/wp-json\/wp\/v2\/product_brand?post=55363"},{"taxonomy":"product_cat","embeddable":true,"href":"https:\/\/hello-suns.com\/de\/wp-json\/wp\/v2\/product_cat?post=55363"},{"taxonomy":"product_tag","embeddable":true,"href":"https:\/\/hello-suns.com\/de\/wp-json\/wp\/v2\/product_tag?post=55363"},{"taxonomy":"material","embeddable":true,"href":"https:\/\/hello-suns.com\/de\/wp-json\/wp\/v2\/material?post=55363"}],"curies":[{"name":"wp","href":"https:\/\/api.w.org\/{rel}","templated":true}]}}