{"id":52450,"date":"2026-02-09T10:43:35","date_gmt":"2026-02-09T09:43:35","guid":{"rendered":"https:\/\/hello-suns.com\/?post_type=product&#038;p=52450"},"modified":"2026-03-31T13:40:37","modified_gmt":"2026-03-31T11:40:37","slug":"casto-sessel","status":"publish","type":"product","link":"https:\/\/hello-suns.com\/de\/produkte\/casto-sessel\/","title":{"rendered":"Casto"},"content":{"rendered":"<h2>Eleganz in der Entspannung<\/h2>\n<p>Der Casto Loungesessel strahlt Ruhe und Raffinesse aus. Mit seiner gro\u00dfz\u00fcgigen Form, den weichen Linien und dem reichen Geflecht ist er ein Sessel, der zum Sitzenbleiben einl\u00e4dt. Ein luxuri\u00f6ses Statement, das Komfort und Eleganz miteinander verbindet.  <\/p>\n","protected":false},"excerpt":{"rendered":"<div>\n<h2>Form umarmend<\/h2>\n<\/div>\n<div>\n<p>Das Besondere an Casto ist seine elegante Schalenkonstruktion: Der Sitz scheint im Gestell zu schweben. Diese einzigartige Konstruktion verleiht dem Stuhl sein luftiges, modernes Aussehen und einen ergonomischen Sitzkomfort. <\/p>\n<\/div>\n<div>\n<p>Die gro\u00dfz\u00fcgige Menge an Seil, das mit einer dicken 9 mm dicken Kordel geflochten ist, sorgt f\u00fcr einen unverwechselbaren, warmen Look. Die abgerundete R\u00fcckenlehne und das subtil geformte Sitzkissen bieten genau die richtige Unterst\u00fctzung und bleiben dabei leicht und raffiniert. Ganz gleich, ob Sie einen einzelnen Sessel aufstellen oder ihn mit dem Casto-Sofa und dem Hocker kombinieren, Casto ist immer der entspannteste Platz im Haus.  <\/p>\n<\/div>\n","protected":false},"featured_media":60750,"comment_status":"closed","ping_status":"closed","template":"","meta":{"_acf_changed":false},"product_brand":[],"product_cat":[619],"product_tag":[],"material":[],"class_list":{"0":"post-52450","1":"product","2":"type-product","3":"status-publish","4":"has-post-thumbnail","6":"product_cat-sessel","8":"first","9":"instock","10":"shipping-taxable","11":"product-type-simple"},"acf":[],"yoast_head":"<!-- This site is optimized with the Yoast SEO plugin v26.8 - https:\/\/yoast.com\/product\/yoast-seo-wordpress\/ -->\n<title>Entdecken Sie Casto Lounge Chair | SUNS Outdoor Lifestyle<\/title>\n<meta name=\"description\" content=\"Suchen Sie einen stilvollen Casto Lounge-Sessel? SUNS kombiniert Komfort und modernes Design in einem langlebigen Sessel, perfekt f\u00fcr entspanntes Genie\u00dfen im Freien.\" \/>\n<meta name=\"robots\" content=\"index, follow, max-snippet:-1, max-image-preview:large, max-video-preview:-1\" \/>\n<link rel=\"canonical\" href=\"https:\/\/hello-suns.com\/de\/produkte\/casto-sessel\/\" \/>\n<meta property=\"og:locale\" content=\"de_DE\" \/>\n<meta property=\"og:type\" content=\"article\" \/>\n<meta property=\"og:title\" content=\"Entdecken Sie Casto Lounge Chair | SUNS Outdoor Lifestyle\" \/>\n<meta property=\"og:description\" content=\"Suchen Sie einen stilvollen Casto Lounge-Sessel? SUNS kombiniert Komfort und modernes Design in einem langlebigen Sessel, perfekt f\u00fcr entspanntes Genie\u00dfen im Freien.\" \/>\n<meta property=\"og:url\" content=\"https:\/\/hello-suns.com\/de\/produkte\/casto-sessel\/\" \/>\n<meta property=\"og:site_name\" content=\"SUNS\" \/>\n<meta property=\"article:modified_time\" content=\"2026-03-31T11:40:37+00:00\" \/>\n<meta property=\"og:image\" content=\"https:\/\/hello-suns.com\/app\/uploads\/2026\/02\/Casto-SUNS-Loungechair-CS-VW-BB-Free-26-2500.png\" \/>\n\t<meta property=\"og:image:width\" content=\"2500\" \/>\n\t<meta property=\"og:image:height\" content=\"1667\" \/>\n\t<meta property=\"og:image:type\" content=\"image\/png\" \/>\n<meta name=\"twitter:card\" content=\"summary_large_image\" \/>\n<meta name=\"twitter:label1\" content=\"Est. reading time\" \/>\n\t<meta name=\"twitter:data1\" content=\"3 minutes\" \/>\n<script type=\"application\/ld+json\" class=\"yoast-schema-graph\">{\"@context\":\"https:\/\/schema.org\",\"@graph\":[{\"@type\":\"WebPage\",\"@id\":\"https:\/\/hello-suns.com\/de\/produkte\/casto-sessel\/\",\"url\":\"https:\/\/hello-suns.com\/de\/produkte\/casto-sessel\/\",\"name\":\"Entdecken Sie Casto Lounge Chair | SUNS Outdoor Lifestyle\",\"isPartOf\":{\"@id\":\"https:\/\/hello-suns.com\/de\/#website\"},\"primaryImageOfPage\":{\"@id\":\"https:\/\/hello-suns.com\/de\/produkte\/casto-sessel\/#primaryimage\"},\"image\":{\"@id\":\"https:\/\/hello-suns.com\/de\/produkte\/casto-sessel\/#primaryimage\"},\"thumbnailUrl\":\"https:\/\/hello-suns.com\/app\/uploads\/2026\/02\/Casto-SUNS-Loungechair-CS-VW-BB-Free-26-2500.png\",\"datePublished\":\"2026-02-09T09:43:35+00:00\",\"dateModified\":\"2026-03-31T11:40:37+00:00\",\"description\":\"Suchen Sie einen stilvollen Casto Lounge-Sessel? SUNS kombiniert Komfort und modernes Design in einem langlebigen Sessel, perfekt f\u00fcr entspanntes Genie\u00dfen im Freien.\",\"breadcrumb\":{\"@id\":\"https:\/\/hello-suns.com\/de\/produkte\/casto-sessel\/#breadcrumb\"},\"inLanguage\":\"de-DE\",\"potentialAction\":[{\"@type\":\"ReadAction\",\"target\":[\"https:\/\/hello-suns.com\/de\/produkte\/casto-sessel\/\"]}]},{\"@type\":\"ImageObject\",\"inLanguage\":\"de-DE\",\"@id\":\"https:\/\/hello-suns.com\/de\/produkte\/casto-sessel\/#primaryimage\",\"url\":\"https:\/\/hello-suns.com\/app\/uploads\/2026\/02\/Casto-SUNS-Loungechair-CS-VW-BB-Free-26-2500.png\",\"contentUrl\":\"https:\/\/hello-suns.com\/app\/uploads\/2026\/02\/Casto-SUNS-Loungechair-CS-VW-BB-Free-26-2500.png\",\"width\":2500,\"height\":1667},{\"@type\":\"BreadcrumbList\",\"@id\":\"https:\/\/hello-suns.com\/de\/produkte\/casto-sessel\/#breadcrumb\",\"itemListElement\":[{\"@type\":\"ListItem\",\"position\":1,\"name\":\"\",\"item\":\"https:\/\/hello-suns.com\/de\/\"},{\"@type\":\"ListItem\",\"position\":2,\"name\":\"Produkte\",\"item\":\"https:\/\/hello-suns.com\/de\/produkte\/\"},{\"@type\":\"ListItem\",\"position\":3,\"name\":\"Casto\"}]},{\"@type\":\"WebSite\",\"@id\":\"https:\/\/hello-suns.com\/de\/#website\",\"url\":\"https:\/\/hello-suns.com\/de\/\",\"name\":\"SUNS\",\"description\":\"Outdoor Lifestyle\",\"potentialAction\":[{\"@type\":\"SearchAction\",\"target\":{\"@type\":\"EntryPoint\",\"urlTemplate\":\"https:\/\/hello-suns.com\/de\/?s={search_term_string}\"},\"query-input\":{\"@type\":\"PropertyValueSpecification\",\"valueRequired\":true,\"valueName\":\"search_term_string\"}}],\"inLanguage\":\"de-DE\"}]}<\/script>\n<!-- \/ Yoast SEO plugin. -->","yoast_head_json":{"title":"Entdecken Sie Casto Lounge Chair | SUNS Outdoor Lifestyle","description":"Suchen Sie einen stilvollen Casto Lounge-Sessel? SUNS kombiniert Komfort und modernes Design in einem langlebigen Sessel, perfekt f\u00fcr entspanntes Genie\u00dfen im Freien.","robots":{"index":"index","follow":"follow","max-snippet":"max-snippet:-1","max-image-preview":"max-image-preview:large","max-video-preview":"max-video-preview:-1"},"canonical":"https:\/\/hello-suns.com\/de\/produkte\/casto-sessel\/","og_locale":"de_DE","og_type":"article","og_title":"Entdecken Sie Casto Lounge Chair | SUNS Outdoor Lifestyle","og_description":"Suchen Sie einen stilvollen Casto Lounge-Sessel? SUNS kombiniert Komfort und modernes Design in einem langlebigen Sessel, perfekt f\u00fcr entspanntes Genie\u00dfen im Freien.","og_url":"https:\/\/hello-suns.com\/de\/produkte\/casto-sessel\/","og_site_name":"SUNS","article_modified_time":"2026-03-31T11:40:37+00:00","og_image":[{"width":2500,"height":1667,"url":"https:\/\/hello-suns.com\/app\/uploads\/2026\/02\/Casto-SUNS-Loungechair-CS-VW-BB-Free-26-2500.png","type":"image\/png"}],"twitter_card":"summary_large_image","twitter_misc":{"Est. reading time":"3 minutes"},"schema":{"@context":"https:\/\/schema.org","@graph":[{"@type":"WebPage","@id":"https:\/\/hello-suns.com\/de\/produkte\/casto-sessel\/","url":"https:\/\/hello-suns.com\/de\/produkte\/casto-sessel\/","name":"Entdecken Sie Casto Lounge Chair | SUNS Outdoor Lifestyle","isPartOf":{"@id":"https:\/\/hello-suns.com\/de\/#website"},"primaryImageOfPage":{"@id":"https:\/\/hello-suns.com\/de\/produkte\/casto-sessel\/#primaryimage"},"image":{"@id":"https:\/\/hello-suns.com\/de\/produkte\/casto-sessel\/#primaryimage"},"thumbnailUrl":"https:\/\/hello-suns.com\/app\/uploads\/2026\/02\/Casto-SUNS-Loungechair-CS-VW-BB-Free-26-2500.png","datePublished":"2026-02-09T09:43:35+00:00","dateModified":"2026-03-31T11:40:37+00:00","description":"Suchen Sie einen stilvollen Casto Lounge-Sessel? SUNS kombiniert Komfort und modernes Design in einem langlebigen Sessel, perfekt f\u00fcr entspanntes Genie\u00dfen im Freien.","breadcrumb":{"@id":"https:\/\/hello-suns.com\/de\/produkte\/casto-sessel\/#breadcrumb"},"inLanguage":"de-DE","potentialAction":[{"@type":"ReadAction","target":["https:\/\/hello-suns.com\/de\/produkte\/casto-sessel\/"]}]},{"@type":"ImageObject","inLanguage":"de-DE","@id":"https:\/\/hello-suns.com\/de\/produkte\/casto-sessel\/#primaryimage","url":"https:\/\/hello-suns.com\/app\/uploads\/2026\/02\/Casto-SUNS-Loungechair-CS-VW-BB-Free-26-2500.png","contentUrl":"https:\/\/hello-suns.com\/app\/uploads\/2026\/02\/Casto-SUNS-Loungechair-CS-VW-BB-Free-26-2500.png","width":2500,"height":1667},{"@type":"BreadcrumbList","@id":"https:\/\/hello-suns.com\/de\/produkte\/casto-sessel\/#breadcrumb","itemListElement":[{"@type":"ListItem","position":1,"name":"","item":"https:\/\/hello-suns.com\/de\/"},{"@type":"ListItem","position":2,"name":"Produkte","item":"https:\/\/hello-suns.com\/de\/produkte\/"},{"@type":"ListItem","position":3,"name":"Casto"}]},{"@type":"WebSite","@id":"https:\/\/hello-suns.com\/de\/#website","url":"https:\/\/hello-suns.com\/de\/","name":"SUNS","description":"Outdoor Lifestyle","potentialAction":[{"@type":"SearchAction","target":{"@type":"EntryPoint","urlTemplate":"https:\/\/hello-suns.com\/de\/?s={search_term_string}"},"query-input":{"@type":"PropertyValueSpecification","valueRequired":true,"valueName":"search_term_string"}}],"inLanguage":"de-DE"}]}},"_links":{"self":[{"href":"https:\/\/hello-suns.com\/de\/wp-json\/wp\/v2\/product\/52450","targetHints":{"allow":["GET"]}}],"collection":[{"href":"https:\/\/hello-suns.com\/de\/wp-json\/wp\/v2\/product"}],"about":[{"href":"https:\/\/hello-suns.com\/de\/wp-json\/wp\/v2\/types\/product"}],"replies":[{"embeddable":true,"href":"https:\/\/hello-suns.com\/de\/wp-json\/wp\/v2\/comments?post=52450"}],"wp:featuredmedia":[{"embeddable":true,"href":"https:\/\/hello-suns.com\/de\/wp-json\/wp\/v2\/media\/60750"}],"wp:attachment":[{"href":"https:\/\/hello-suns.com\/de\/wp-json\/wp\/v2\/media?parent=52450"}],"wp:term":[{"taxonomy":"product_brand","embeddable":true,"href":"https:\/\/hello-suns.com\/de\/wp-json\/wp\/v2\/product_brand?post=52450"},{"taxonomy":"product_cat","embeddable":true,"href":"https:\/\/hello-suns.com\/de\/wp-json\/wp\/v2\/product_cat?post=52450"},{"taxonomy":"product_tag","embeddable":true,"href":"https:\/\/hello-suns.com\/de\/wp-json\/wp\/v2\/product_tag?post=52450"},{"taxonomy":"material","embeddable":true,"href":"https:\/\/hello-suns.com\/de\/wp-json\/wp\/v2\/material?post=52450"}],"curies":[{"name":"wp","href":"https:\/\/api.w.org\/{rel}","templated":true}]}}