{"id":14823,"date":"2025-03-27T09:51:03","date_gmt":"2025-03-27T09:51:03","guid":{"rendered":"https:\/\/hello-suns.com\/producten\/kota-rund\/"},"modified":"2025-05-15T13:50:02","modified_gmt":"2025-05-15T13:50:02","slug":"kota-rund-beistelltische","status":"publish","type":"product","link":"https:\/\/hello-suns.com\/de\/produkte\/kota-rund-beistelltische\/","title":{"rendered":"Kota | rund"},"content":{"rendered":"<h2 style=\"font-weight: 400;\"><span class=\"TextRun SCXW265764827 BCX0\" lang=\"NL-NL\" xml:lang=\"NL-NL\" data-contrast=\"auto\"><span class=\"NormalTextRun SCXW265764827 BCX0\">Unter <\/span><span class=\"NormalTextRun SpellingErrorV2Themed SCXW265764827 BCX0\">Ihre<\/span><span class=\"NormalTextRun SCXW265764827 BCX0\"> Seite<\/span><\/span><\/h2>\n<p style=\"font-weight: 400;\"><span class=\"TextRun SCXW259872473 BCX0\" lang=\"NL-NL\" xml:lang=\"NL-NL\" data-contrast=\"auto\"><span class=\"NormalTextRun SCXW259872473 BCX0\">Platz f\u00fcr ein Glas, einen Teller oder ein Buch&#8230; ein Beistelltisch ist immer eine gute Idee.<\/span><\/span><\/p>\n","protected":false},"excerpt":{"rendered":"<h3><span class=\"TextRun SCXW231634688 BCX0\" lang=\"NL-NL\" xml:lang=\"NL-NL\" data-contrast=\"auto\"><span class=\"NormalTextRun SCXW231634688 BCX0\">Wunderbar praktisch<\/span><\/span><\/h3>\n<p><span data-contrast=\"auto\">Der Kota Beistelltisch besteht aus reinem Teakholz in Kombination mit Aluminium und ist unverzichtbar f\u00fcr Ihr Kota Lounge-Set oder Sofa-Set. <\/span><span data-contrast=\"auto\">Wie die anderen Produkte der Kota-Kollektion k\u00f6nnen Sie diesen Beistelltisch das ganze Jahr \u00fcber drau\u00dfen stehen lassen.<\/span><\/p>\n","protected":false},"featured_media":0,"comment_status":"closed","ping_status":"closed","template":"","meta":{"_acf_changed":false},"product_brand":[],"product_cat":[631,626,642],"product_tag":[],"material":[],"class_list":{"0":"post-14823","1":"product","2":"type-product","3":"status-publish","5":"product_cat-you-create","6":"product_cat-styling-de","7":"product_cat-beistelltische","9":"first","10":"instock","11":"shipping-taxable","12":"product-type-simple"},"acf":[],"yoast_head":"<!-- This site is optimized with the Yoast SEO plugin v26.8 - https:\/\/yoast.com\/product\/yoast-seo-wordpress\/ -->\n<title>Entdecken Sie Kota Beistelltisch Rund | SUNS Outdoor Lifestyle<\/title>\n<meta name=\"description\" content=\"Suchen Sie einen runden Kota Beistelltisch? SUNS bietet stilvolle und wetterfeste Beistelltische, die m\u00fchelos Funktionalit\u00e4t und Design vereinen.\" \/>\n<meta name=\"robots\" content=\"index, follow, max-snippet:-1, max-image-preview:large, max-video-preview:-1\" \/>\n<link rel=\"canonical\" href=\"https:\/\/hello-suns.com\/de\/produkte\/kota-rund-beistelltische\/\" \/>\n<meta property=\"og:locale\" content=\"de_DE\" \/>\n<meta property=\"og:type\" content=\"article\" \/>\n<meta property=\"og:title\" content=\"Entdecken Sie Kota Beistelltisch Rund | SUNS Outdoor Lifestyle\" \/>\n<meta property=\"og:description\" content=\"Suchen Sie einen runden Kota Beistelltisch? SUNS bietet stilvolle und wetterfeste Beistelltische, die m\u00fchelos Funktionalit\u00e4t und Design vereinen.\" \/>\n<meta property=\"og:url\" content=\"https:\/\/hello-suns.com\/de\/produkte\/kota-rund-beistelltische\/\" \/>\n<meta property=\"og:site_name\" content=\"SUNS\" \/>\n<meta property=\"article:modified_time\" content=\"2025-05-15T13:50:02+00:00\" \/>\n<meta name=\"twitter:card\" content=\"summary_large_image\" \/>\n<meta name=\"twitter:label1\" content=\"Est. reading time\" \/>\n\t<meta name=\"twitter:data1\" content=\"1 minute\" \/>\n<script type=\"application\/ld+json\" class=\"yoast-schema-graph\">{\"@context\":\"https:\/\/schema.org\",\"@graph\":[{\"@type\":\"WebPage\",\"@id\":\"https:\/\/hello-suns.com\/de\/produkte\/kota-rund-beistelltische\/\",\"url\":\"https:\/\/hello-suns.com\/de\/produkte\/kota-rund-beistelltische\/\",\"name\":\"Entdecken Sie Kota Beistelltisch Rund | SUNS Outdoor Lifestyle\",\"isPartOf\":{\"@id\":\"https:\/\/hello-suns.com\/de\/#website\"},\"datePublished\":\"2025-03-27T09:51:03+00:00\",\"dateModified\":\"2025-05-15T13:50:02+00:00\",\"description\":\"Suchen Sie einen runden Kota Beistelltisch? SUNS bietet stilvolle und wetterfeste Beistelltische, die m\u00fchelos Funktionalit\u00e4t und Design vereinen.\",\"breadcrumb\":{\"@id\":\"https:\/\/hello-suns.com\/de\/produkte\/kota-rund-beistelltische\/#breadcrumb\"},\"inLanguage\":\"de-DE\",\"potentialAction\":[{\"@type\":\"ReadAction\",\"target\":[\"https:\/\/hello-suns.com\/de\/produkte\/kota-rund-beistelltische\/\"]}]},{\"@type\":\"BreadcrumbList\",\"@id\":\"https:\/\/hello-suns.com\/de\/produkte\/kota-rund-beistelltische\/#breadcrumb\",\"itemListElement\":[{\"@type\":\"ListItem\",\"position\":1,\"name\":\"\",\"item\":\"https:\/\/hello-suns.com\/de\/\"},{\"@type\":\"ListItem\",\"position\":2,\"name\":\"Produkte\",\"item\":\"https:\/\/hello-suns.com\/de\/produkte\/\"},{\"@type\":\"ListItem\",\"position\":3,\"name\":\"Kota | rund\"}]},{\"@type\":\"WebSite\",\"@id\":\"https:\/\/hello-suns.com\/de\/#website\",\"url\":\"https:\/\/hello-suns.com\/de\/\",\"name\":\"SUNS\",\"description\":\"Outdoor Lifestyle\",\"potentialAction\":[{\"@type\":\"SearchAction\",\"target\":{\"@type\":\"EntryPoint\",\"urlTemplate\":\"https:\/\/hello-suns.com\/de\/?s={search_term_string}\"},\"query-input\":{\"@type\":\"PropertyValueSpecification\",\"valueRequired\":true,\"valueName\":\"search_term_string\"}}],\"inLanguage\":\"de-DE\"}]}<\/script>\n<!-- \/ Yoast SEO plugin. -->","yoast_head_json":{"title":"Entdecken Sie Kota Beistelltisch Rund | SUNS Outdoor Lifestyle","description":"Suchen Sie einen runden Kota Beistelltisch? SUNS bietet stilvolle und wetterfeste Beistelltische, die m\u00fchelos Funktionalit\u00e4t und Design vereinen.","robots":{"index":"index","follow":"follow","max-snippet":"max-snippet:-1","max-image-preview":"max-image-preview:large","max-video-preview":"max-video-preview:-1"},"canonical":"https:\/\/hello-suns.com\/de\/produkte\/kota-rund-beistelltische\/","og_locale":"de_DE","og_type":"article","og_title":"Entdecken Sie Kota Beistelltisch Rund | SUNS Outdoor Lifestyle","og_description":"Suchen Sie einen runden Kota Beistelltisch? SUNS bietet stilvolle und wetterfeste Beistelltische, die m\u00fchelos Funktionalit\u00e4t und Design vereinen.","og_url":"https:\/\/hello-suns.com\/de\/produkte\/kota-rund-beistelltische\/","og_site_name":"SUNS","article_modified_time":"2025-05-15T13:50:02+00:00","twitter_card":"summary_large_image","twitter_misc":{"Est. reading time":"1 minute"},"schema":{"@context":"https:\/\/schema.org","@graph":[{"@type":"WebPage","@id":"https:\/\/hello-suns.com\/de\/produkte\/kota-rund-beistelltische\/","url":"https:\/\/hello-suns.com\/de\/produkte\/kota-rund-beistelltische\/","name":"Entdecken Sie Kota Beistelltisch Rund | SUNS Outdoor Lifestyle","isPartOf":{"@id":"https:\/\/hello-suns.com\/de\/#website"},"datePublished":"2025-03-27T09:51:03+00:00","dateModified":"2025-05-15T13:50:02+00:00","description":"Suchen Sie einen runden Kota Beistelltisch? SUNS bietet stilvolle und wetterfeste Beistelltische, die m\u00fchelos Funktionalit\u00e4t und Design vereinen.","breadcrumb":{"@id":"https:\/\/hello-suns.com\/de\/produkte\/kota-rund-beistelltische\/#breadcrumb"},"inLanguage":"de-DE","potentialAction":[{"@type":"ReadAction","target":["https:\/\/hello-suns.com\/de\/produkte\/kota-rund-beistelltische\/"]}]},{"@type":"BreadcrumbList","@id":"https:\/\/hello-suns.com\/de\/produkte\/kota-rund-beistelltische\/#breadcrumb","itemListElement":[{"@type":"ListItem","position":1,"name":"","item":"https:\/\/hello-suns.com\/de\/"},{"@type":"ListItem","position":2,"name":"Produkte","item":"https:\/\/hello-suns.com\/de\/produkte\/"},{"@type":"ListItem","position":3,"name":"Kota | rund"}]},{"@type":"WebSite","@id":"https:\/\/hello-suns.com\/de\/#website","url":"https:\/\/hello-suns.com\/de\/","name":"SUNS","description":"Outdoor Lifestyle","potentialAction":[{"@type":"SearchAction","target":{"@type":"EntryPoint","urlTemplate":"https:\/\/hello-suns.com\/de\/?s={search_term_string}"},"query-input":{"@type":"PropertyValueSpecification","valueRequired":true,"valueName":"search_term_string"}}],"inLanguage":"de-DE"}]}},"_links":{"self":[{"href":"https:\/\/hello-suns.com\/de\/wp-json\/wp\/v2\/product\/14823","targetHints":{"allow":["GET"]}}],"collection":[{"href":"https:\/\/hello-suns.com\/de\/wp-json\/wp\/v2\/product"}],"about":[{"href":"https:\/\/hello-suns.com\/de\/wp-json\/wp\/v2\/types\/product"}],"replies":[{"embeddable":true,"href":"https:\/\/hello-suns.com\/de\/wp-json\/wp\/v2\/comments?post=14823"}],"wp:attachment":[{"href":"https:\/\/hello-suns.com\/de\/wp-json\/wp\/v2\/media?parent=14823"}],"wp:term":[{"taxonomy":"product_brand","embeddable":true,"href":"https:\/\/hello-suns.com\/de\/wp-json\/wp\/v2\/product_brand?post=14823"},{"taxonomy":"product_cat","embeddable":true,"href":"https:\/\/hello-suns.com\/de\/wp-json\/wp\/v2\/product_cat?post=14823"},{"taxonomy":"product_tag","embeddable":true,"href":"https:\/\/hello-suns.com\/de\/wp-json\/wp\/v2\/product_tag?post=14823"},{"taxonomy":"material","embeddable":true,"href":"https:\/\/hello-suns.com\/de\/wp-json\/wp\/v2\/material?post=14823"}],"curies":[{"name":"wp","href":"https:\/\/api.w.org\/{rel}","templated":true}]}}