{"id":14470,"date":"2025-01-13T07:43:07","date_gmt":"2025-01-13T06:43:07","guid":{"rendered":"https:\/\/hello-suns.com\/producten\/evora-aluminium-3\/"},"modified":"2026-02-03T10:17:37","modified_gmt":"2026-02-03T09:17:37","slug":"evora-aluminium-lounge-sets","status":"publish","type":"product","link":"https:\/\/hello-suns.com\/de\/produkte\/evora-aluminium-lounge-sets\/","title":{"rendered":"Evora | Aluminium"},"content":{"rendered":"<h2 style=\"font-weight: 400;\">Schaffen Sie Ihren eigenen Moment der Ruhe<\/h2>\n<p style=\"font-weight: 400;\">Lassen Sie sich vom Komfort und dem geschmackvollen Design des Evora angenehm \u00fcberraschen. Lassen Sie Ihrer Fantasie freien Lauf und stellen Sie Ihr ideales Lounge-Set zusammen. Schaffen Sie sich selbst einen Moment der Ruhe oder teilen Sie dieses Gef\u00fchl von purem Luxus mit Freunden. Nichts wird Sie aufhalten.<\/p>\n","protected":false},"excerpt":{"rendered":"<h3 style=\"font-weight: 400;\">Schlankes Aluminium<\/h3>\n<p style=\"font-weight: 400;\">Das Lounge-Set Evora ist unsere n\u00e4chste Generation von Loungem\u00f6beln, die auf dem beliebten Portofino-Design basieren. Das Gestell ist aus glattem Aluminium gefertigt. Die luxuri\u00f6sen Kissen und die Sitzfl\u00e4che sind f\u00fcr optimalen Sitz-\/Liegekomfort reichlich gepolstert und mit einem hochwertigen wasserabweisenden und wetterfesten Stoff ausgestattet. Das Lounge-Set kann mit optionalen Extras erweitert werden: eine Armlehne, ein Kissen f\u00fcr den Beistelltisch und ein Kissen f\u00fcr die Beistelltische.<\/p>\n<p style=\"font-weight: 400;\">Dieses Lounge-Set ist Teil der You Create-Serie. Das bedeutet, dass der Evora aus verschiedenen Einzelelementen besteht, die Sie frei kombinieren k\u00f6nnen. Eine feste Ecke, lose B\u00e4nke, zus\u00e4tzliche Beistelltische oder nur ein loser Beistelltisch, ein Arrangement mit einer Chaiselongue: Treffen Sie Ihre eigene Wahl und schaffen Sie das ideale Arrangement f\u00fcr Ihren Garten oder Ihre Terrasse. Gut zu wissen: Evora ist mit Quick Dry Foam\u00ae ausgestattet. Dank eines innovativen Kerns mit einer offenen Zellstruktur sind Kissen und Sitzfl\u00e4che schnell trocken. Machen Sie sich also keine Sorgen \u00fcber einen Regenschauer. Idee: Kombinieren Sie zwei Chaiselongues zu einem Daybed f\u00fcr maximalen Komfort.<\/p>\n","protected":false},"featured_media":14473,"comment_status":"closed","ping_status":"closed","template":"","meta":{"_acf_changed":false},"product_brand":[],"product_cat":[644,631],"product_tag":[],"material":[],"class_list":{"0":"post-14470","1":"product","2":"type-product","3":"status-publish","4":"has-post-thumbnail","6":"product_cat-lounge-sets","7":"product_cat-you-create","9":"first","10":"instock","11":"shipping-taxable","12":"product-type-simple"},"acf":[],"yoast_head":"<!-- This site is optimized with the Yoast SEO plugin v26.8 - https:\/\/yoast.com\/product\/yoast-seo-wordpress\/ -->\n<title>Entdecken Sie Evora Lougeset Aluminium | SUNS Outdoor Lifestyle<\/title>\n<meta name=\"description\" content=\"Suchen Sie ein stilvolles evora Lounge-Set aus Aluminium? SUNS bietet luxuri\u00f6se Lounge-Sets mit modernem Design, langlebigen Materialien und ultimativem Komfort.\" \/>\n<meta name=\"robots\" content=\"index, follow, max-snippet:-1, max-image-preview:large, max-video-preview:-1\" \/>\n<link rel=\"canonical\" href=\"https:\/\/hello-suns.com\/de\/produkte\/evora-aluminium-lounge-sets\/\" \/>\n<meta property=\"og:locale\" content=\"de_DE\" \/>\n<meta property=\"og:type\" content=\"article\" \/>\n<meta property=\"og:title\" content=\"Entdecken Sie Evora Lougeset Aluminium | SUNS Outdoor Lifestyle\" \/>\n<meta property=\"og:description\" content=\"Suchen Sie ein stilvolles evora Lounge-Set aus Aluminium? SUNS bietet luxuri\u00f6se Lounge-Sets mit modernem Design, langlebigen Materialien und ultimativem Komfort.\" \/>\n<meta property=\"og:url\" content=\"https:\/\/hello-suns.com\/de\/produkte\/evora-aluminium-lounge-sets\/\" \/>\n<meta property=\"og:site_name\" content=\"SUNS\" \/>\n<meta property=\"article:modified_time\" content=\"2026-02-03T09:17:37+00:00\" \/>\n<meta property=\"og:image\" content=\"https:\/\/hello-suns.com\/app\/uploads\/2025\/01\/01_Loungeset_SUNS_Evora_alu_mw_softgreen_tablecushion-2500-3pix.png\" \/>\n\t<meta property=\"og:image:width\" content=\"2500\" \/>\n\t<meta property=\"og:image:height\" content=\"1667\" \/>\n\t<meta property=\"og:image:type\" content=\"image\/png\" \/>\n<meta name=\"twitter:card\" content=\"summary_large_image\" \/>\n<meta name=\"twitter:label1\" content=\"Est. reading time\" \/>\n\t<meta name=\"twitter:data1\" content=\"6 minutes\" \/>\n<script type=\"application\/ld+json\" class=\"yoast-schema-graph\">{\"@context\":\"https:\/\/schema.org\",\"@graph\":[{\"@type\":\"WebPage\",\"@id\":\"https:\/\/hello-suns.com\/de\/produkte\/evora-aluminium-lounge-sets\/\",\"url\":\"https:\/\/hello-suns.com\/de\/produkte\/evora-aluminium-lounge-sets\/\",\"name\":\"Entdecken Sie Evora Lougeset Aluminium | SUNS Outdoor Lifestyle\",\"isPartOf\":{\"@id\":\"https:\/\/hello-suns.com\/de\/#website\"},\"primaryImageOfPage\":{\"@id\":\"https:\/\/hello-suns.com\/de\/produkte\/evora-aluminium-lounge-sets\/#primaryimage\"},\"image\":{\"@id\":\"https:\/\/hello-suns.com\/de\/produkte\/evora-aluminium-lounge-sets\/#primaryimage\"},\"thumbnailUrl\":\"https:\/\/hello-suns.com\/app\/uploads\/2025\/01\/01_Loungeset_SUNS_Evora_alu_mw_softgreen_tablecushion-2500-3pix.png\",\"datePublished\":\"2025-01-13T06:43:07+00:00\",\"dateModified\":\"2026-02-03T09:17:37+00:00\",\"description\":\"Suchen Sie ein stilvolles evora Lounge-Set aus Aluminium? SUNS bietet luxuri\u00f6se Lounge-Sets mit modernem Design, langlebigen Materialien und ultimativem Komfort.\",\"breadcrumb\":{\"@id\":\"https:\/\/hello-suns.com\/de\/produkte\/evora-aluminium-lounge-sets\/#breadcrumb\"},\"inLanguage\":\"de-DE\",\"potentialAction\":[{\"@type\":\"ReadAction\",\"target\":[\"https:\/\/hello-suns.com\/de\/produkte\/evora-aluminium-lounge-sets\/\"]}]},{\"@type\":\"ImageObject\",\"inLanguage\":\"de-DE\",\"@id\":\"https:\/\/hello-suns.com\/de\/produkte\/evora-aluminium-lounge-sets\/#primaryimage\",\"url\":\"https:\/\/hello-suns.com\/app\/uploads\/2025\/01\/01_Loungeset_SUNS_Evora_alu_mw_softgreen_tablecushion-2500-3pix.png\",\"contentUrl\":\"https:\/\/hello-suns.com\/app\/uploads\/2025\/01\/01_Loungeset_SUNS_Evora_alu_mw_softgreen_tablecushion-2500-3pix.png\",\"width\":2500,\"height\":1667},{\"@type\":\"BreadcrumbList\",\"@id\":\"https:\/\/hello-suns.com\/de\/produkte\/evora-aluminium-lounge-sets\/#breadcrumb\",\"itemListElement\":[{\"@type\":\"ListItem\",\"position\":1,\"name\":\"\",\"item\":\"https:\/\/hello-suns.com\/de\/\"},{\"@type\":\"ListItem\",\"position\":2,\"name\":\"Produkte\",\"item\":\"https:\/\/hello-suns.com\/de\/produkte\/\"},{\"@type\":\"ListItem\",\"position\":3,\"name\":\"Evora | Aluminium\"}]},{\"@type\":\"WebSite\",\"@id\":\"https:\/\/hello-suns.com\/de\/#website\",\"url\":\"https:\/\/hello-suns.com\/de\/\",\"name\":\"SUNS\",\"description\":\"Outdoor Lifestyle\",\"potentialAction\":[{\"@type\":\"SearchAction\",\"target\":{\"@type\":\"EntryPoint\",\"urlTemplate\":\"https:\/\/hello-suns.com\/de\/?s={search_term_string}\"},\"query-input\":{\"@type\":\"PropertyValueSpecification\",\"valueRequired\":true,\"valueName\":\"search_term_string\"}}],\"inLanguage\":\"de-DE\"}]}<\/script>\n<!-- \/ Yoast SEO plugin. -->","yoast_head_json":{"title":"Entdecken Sie Evora Lougeset Aluminium | SUNS Outdoor Lifestyle","description":"Suchen Sie ein stilvolles evora Lounge-Set aus Aluminium? SUNS bietet luxuri\u00f6se Lounge-Sets mit modernem Design, langlebigen Materialien und ultimativem Komfort.","robots":{"index":"index","follow":"follow","max-snippet":"max-snippet:-1","max-image-preview":"max-image-preview:large","max-video-preview":"max-video-preview:-1"},"canonical":"https:\/\/hello-suns.com\/de\/produkte\/evora-aluminium-lounge-sets\/","og_locale":"de_DE","og_type":"article","og_title":"Entdecken Sie Evora Lougeset Aluminium | SUNS Outdoor Lifestyle","og_description":"Suchen Sie ein stilvolles evora Lounge-Set aus Aluminium? SUNS bietet luxuri\u00f6se Lounge-Sets mit modernem Design, langlebigen Materialien und ultimativem Komfort.","og_url":"https:\/\/hello-suns.com\/de\/produkte\/evora-aluminium-lounge-sets\/","og_site_name":"SUNS","article_modified_time":"2026-02-03T09:17:37+00:00","og_image":[{"width":2500,"height":1667,"url":"https:\/\/hello-suns.com\/app\/uploads\/2025\/01\/01_Loungeset_SUNS_Evora_alu_mw_softgreen_tablecushion-2500-3pix.png","type":"image\/png"}],"twitter_card":"summary_large_image","twitter_misc":{"Est. reading time":"6 minutes"},"schema":{"@context":"https:\/\/schema.org","@graph":[{"@type":"WebPage","@id":"https:\/\/hello-suns.com\/de\/produkte\/evora-aluminium-lounge-sets\/","url":"https:\/\/hello-suns.com\/de\/produkte\/evora-aluminium-lounge-sets\/","name":"Entdecken Sie Evora Lougeset Aluminium | SUNS Outdoor Lifestyle","isPartOf":{"@id":"https:\/\/hello-suns.com\/de\/#website"},"primaryImageOfPage":{"@id":"https:\/\/hello-suns.com\/de\/produkte\/evora-aluminium-lounge-sets\/#primaryimage"},"image":{"@id":"https:\/\/hello-suns.com\/de\/produkte\/evora-aluminium-lounge-sets\/#primaryimage"},"thumbnailUrl":"https:\/\/hello-suns.com\/app\/uploads\/2025\/01\/01_Loungeset_SUNS_Evora_alu_mw_softgreen_tablecushion-2500-3pix.png","datePublished":"2025-01-13T06:43:07+00:00","dateModified":"2026-02-03T09:17:37+00:00","description":"Suchen Sie ein stilvolles evora Lounge-Set aus Aluminium? SUNS bietet luxuri\u00f6se Lounge-Sets mit modernem Design, langlebigen Materialien und ultimativem Komfort.","breadcrumb":{"@id":"https:\/\/hello-suns.com\/de\/produkte\/evora-aluminium-lounge-sets\/#breadcrumb"},"inLanguage":"de-DE","potentialAction":[{"@type":"ReadAction","target":["https:\/\/hello-suns.com\/de\/produkte\/evora-aluminium-lounge-sets\/"]}]},{"@type":"ImageObject","inLanguage":"de-DE","@id":"https:\/\/hello-suns.com\/de\/produkte\/evora-aluminium-lounge-sets\/#primaryimage","url":"https:\/\/hello-suns.com\/app\/uploads\/2025\/01\/01_Loungeset_SUNS_Evora_alu_mw_softgreen_tablecushion-2500-3pix.png","contentUrl":"https:\/\/hello-suns.com\/app\/uploads\/2025\/01\/01_Loungeset_SUNS_Evora_alu_mw_softgreen_tablecushion-2500-3pix.png","width":2500,"height":1667},{"@type":"BreadcrumbList","@id":"https:\/\/hello-suns.com\/de\/produkte\/evora-aluminium-lounge-sets\/#breadcrumb","itemListElement":[{"@type":"ListItem","position":1,"name":"","item":"https:\/\/hello-suns.com\/de\/"},{"@type":"ListItem","position":2,"name":"Produkte","item":"https:\/\/hello-suns.com\/de\/produkte\/"},{"@type":"ListItem","position":3,"name":"Evora | Aluminium"}]},{"@type":"WebSite","@id":"https:\/\/hello-suns.com\/de\/#website","url":"https:\/\/hello-suns.com\/de\/","name":"SUNS","description":"Outdoor Lifestyle","potentialAction":[{"@type":"SearchAction","target":{"@type":"EntryPoint","urlTemplate":"https:\/\/hello-suns.com\/de\/?s={search_term_string}"},"query-input":{"@type":"PropertyValueSpecification","valueRequired":true,"valueName":"search_term_string"}}],"inLanguage":"de-DE"}]}},"_links":{"self":[{"href":"https:\/\/hello-suns.com\/de\/wp-json\/wp\/v2\/product\/14470","targetHints":{"allow":["GET"]}}],"collection":[{"href":"https:\/\/hello-suns.com\/de\/wp-json\/wp\/v2\/product"}],"about":[{"href":"https:\/\/hello-suns.com\/de\/wp-json\/wp\/v2\/types\/product"}],"replies":[{"embeddable":true,"href":"https:\/\/hello-suns.com\/de\/wp-json\/wp\/v2\/comments?post=14470"}],"wp:featuredmedia":[{"embeddable":true,"href":"https:\/\/hello-suns.com\/de\/wp-json\/wp\/v2\/media\/14473"}],"wp:attachment":[{"href":"https:\/\/hello-suns.com\/de\/wp-json\/wp\/v2\/media?parent=14470"}],"wp:term":[{"taxonomy":"product_brand","embeddable":true,"href":"https:\/\/hello-suns.com\/de\/wp-json\/wp\/v2\/product_brand?post=14470"},{"taxonomy":"product_cat","embeddable":true,"href":"https:\/\/hello-suns.com\/de\/wp-json\/wp\/v2\/product_cat?post=14470"},{"taxonomy":"product_tag","embeddable":true,"href":"https:\/\/hello-suns.com\/de\/wp-json\/wp\/v2\/product_tag?post=14470"},{"taxonomy":"material","embeddable":true,"href":"https:\/\/hello-suns.com\/de\/wp-json\/wp\/v2\/material?post=14470"}],"curies":[{"name":"wp","href":"https:\/\/api.w.org\/{rel}","templated":true}]}}