{"id":14397,"date":"2025-01-10T12:58:08","date_gmt":"2025-01-10T12:58:08","guid":{"rendered":"https:\/\/hello-suns.com\/producten\/avero-4\/"},"modified":"2025-05-27T06:43:37","modified_gmt":"2025-05-27T06:43:37","slug":"avero-lounge-sets","status":"publish","type":"product","link":"https:\/\/hello-suns.com\/de\/produkte\/avero-lounge-sets\/","title":{"rendered":"Avero"},"content":{"rendered":"<h2 style=\"font-weight: 400;\">Komfort in anspruchsvollem Design<\/h2>\n<p style=\"font-weight: 400;\">Form und Funktion vereinen sich im SUNS Avero Lounge-Set. Der schlanke, elegante Rahmen, der mit hochwertigem Tauwerk bespannt ist, verweist subtil auf ikonische M\u00f6beldesigns der 1950er Jahre. Die gro\u00dfz\u00fcgige Polsterung unterstreicht den Komfort.<\/p>\n","protected":false},"excerpt":{"rendered":"<h3 style=\"font-weight: 400;\">Elegantes Loungeset mit Seilwerk<\/h3>\n<p style=\"font-weight: 400;\">Avero ist eine elegante und \u00e4u\u00dferst bequeme Lounge-Garnitur, die den Sitzkomfort und den Luxus eines Innensofas hervorhebt. Der Sitz l\u00e4sst sich leicht nach hinten neigen, was ein angenehm entspanntes Sitzen erm\u00f6glicht. Die gro\u00dfz\u00fcgig gepolsterten Kissen tun ihr \u00dcbriges. Das ist Entspannung in Reinkultur.<\/p>\n<p style=\"font-weight: 400;\">Das stilvolle Design macht Avero zu einem Blickfang auf jeder Terrasse. Der schlanke Aluminiumrahmen ist mit hochwertigem Tauwerk bespannt. Dadurch entsteht ein schicker Look, der durch die nat\u00fcrliche Farbgebung in sanften T\u00f6nen voll zur Geltung kommt. Dank der hochwertigen, witterungsbest\u00e4ndigen Materialien, aus denen Avero gefertigt ist, kann dieses Lounge-Set das ganze Jahr \u00fcber drau\u00dfen bleiben. SUNS Avero ist auch als Sofagarnitur mit separaten St\u00fchlen und B\u00e4nken erh\u00e4ltlich.<\/p>\n","protected":false},"featured_media":14398,"comment_status":"closed","ping_status":"closed","template":"","meta":{"_acf_changed":false},"product_brand":[],"product_cat":[644],"product_tag":[],"material":[],"class_list":{"0":"post-14397","1":"product","2":"type-product","3":"status-publish","4":"has-post-thumbnail","6":"product_cat-lounge-sets","8":"first","9":"instock","10":"shipping-taxable","11":"product-type-simple"},"acf":[],"yoast_head":"<!-- This site is optimized with the Yoast SEO plugin v26.8 - https:\/\/yoast.com\/product\/yoast-seo-wordpress\/ -->\n<title>Entdecken Sie Avero Lounge Set | SUNS Outdoor Lifestyle<\/title>\n<meta name=\"description\" content=\"Suchen Sie ein stilvolles avero Lounge-Set? SUNS bietet luxuri\u00f6se Lounge-Sets, die Komfort, Haltbarkeit und modernes Design perfekt miteinander verbinden.\" \/>\n<meta name=\"robots\" content=\"index, follow, max-snippet:-1, max-image-preview:large, max-video-preview:-1\" \/>\n<link rel=\"canonical\" href=\"https:\/\/hello-suns.com\/de\/produkte\/avero-lounge-sets\/\" \/>\n<meta property=\"og:locale\" content=\"de_DE\" \/>\n<meta property=\"og:type\" content=\"article\" \/>\n<meta property=\"og:title\" content=\"Entdecken Sie Avero Lounge Set | SUNS Outdoor Lifestyle\" \/>\n<meta property=\"og:description\" content=\"Suchen Sie ein stilvolles avero Lounge-Set? SUNS bietet luxuri\u00f6se Lounge-Sets, die Komfort, Haltbarkeit und modernes Design perfekt miteinander verbinden.\" \/>\n<meta property=\"og:url\" content=\"https:\/\/hello-suns.com\/de\/produkte\/avero-lounge-sets\/\" \/>\n<meta property=\"og:site_name\" content=\"SUNS\" \/>\n<meta property=\"article:modified_time\" content=\"2025-05-27T06:43:37+00:00\" \/>\n<meta property=\"og:image\" content=\"https:\/\/hello-suns.com\/app\/uploads\/2025\/01\/01_Loungeset_SUNS_Avero_mrg_Natural_6pcs-3.png\" \/>\n\t<meta property=\"og:image:width\" content=\"2500\" \/>\n\t<meta property=\"og:image:height\" content=\"1667\" \/>\n\t<meta property=\"og:image:type\" content=\"image\/png\" \/>\n<meta name=\"twitter:card\" content=\"summary_large_image\" \/>\n<meta name=\"twitter:label1\" content=\"Est. reading time\" \/>\n\t<meta name=\"twitter:data1\" content=\"5 minutes\" \/>\n<script type=\"application\/ld+json\" class=\"yoast-schema-graph\">{\"@context\":\"https:\/\/schema.org\",\"@graph\":[{\"@type\":\"WebPage\",\"@id\":\"https:\/\/hello-suns.com\/de\/produkte\/avero-lounge-sets\/\",\"url\":\"https:\/\/hello-suns.com\/de\/produkte\/avero-lounge-sets\/\",\"name\":\"Entdecken Sie Avero Lounge Set | SUNS Outdoor Lifestyle\",\"isPartOf\":{\"@id\":\"https:\/\/hello-suns.com\/de\/#website\"},\"primaryImageOfPage\":{\"@id\":\"https:\/\/hello-suns.com\/de\/produkte\/avero-lounge-sets\/#primaryimage\"},\"image\":{\"@id\":\"https:\/\/hello-suns.com\/de\/produkte\/avero-lounge-sets\/#primaryimage\"},\"thumbnailUrl\":\"https:\/\/hello-suns.com\/app\/uploads\/2025\/01\/01_Loungeset_SUNS_Avero_mrg_Natural_6pcs-3.png\",\"datePublished\":\"2025-01-10T12:58:08+00:00\",\"dateModified\":\"2025-05-27T06:43:37+00:00\",\"description\":\"Suchen Sie ein stilvolles avero Lounge-Set? SUNS bietet luxuri\u00f6se Lounge-Sets, die Komfort, Haltbarkeit und modernes Design perfekt miteinander verbinden.\",\"breadcrumb\":{\"@id\":\"https:\/\/hello-suns.com\/de\/produkte\/avero-lounge-sets\/#breadcrumb\"},\"inLanguage\":\"de-DE\",\"potentialAction\":[{\"@type\":\"ReadAction\",\"target\":[\"https:\/\/hello-suns.com\/de\/produkte\/avero-lounge-sets\/\"]}]},{\"@type\":\"ImageObject\",\"inLanguage\":\"de-DE\",\"@id\":\"https:\/\/hello-suns.com\/de\/produkte\/avero-lounge-sets\/#primaryimage\",\"url\":\"https:\/\/hello-suns.com\/app\/uploads\/2025\/01\/01_Loungeset_SUNS_Avero_mrg_Natural_6pcs-3.png\",\"contentUrl\":\"https:\/\/hello-suns.com\/app\/uploads\/2025\/01\/01_Loungeset_SUNS_Avero_mrg_Natural_6pcs-3.png\",\"width\":2500,\"height\":1667},{\"@type\":\"BreadcrumbList\",\"@id\":\"https:\/\/hello-suns.com\/de\/produkte\/avero-lounge-sets\/#breadcrumb\",\"itemListElement\":[{\"@type\":\"ListItem\",\"position\":1,\"name\":\"\",\"item\":\"https:\/\/hello-suns.com\/de\/\"},{\"@type\":\"ListItem\",\"position\":2,\"name\":\"Produkte\",\"item\":\"https:\/\/hello-suns.com\/de\/produkte\/\"},{\"@type\":\"ListItem\",\"position\":3,\"name\":\"Avero\"}]},{\"@type\":\"WebSite\",\"@id\":\"https:\/\/hello-suns.com\/de\/#website\",\"url\":\"https:\/\/hello-suns.com\/de\/\",\"name\":\"SUNS\",\"description\":\"Outdoor Lifestyle\",\"potentialAction\":[{\"@type\":\"SearchAction\",\"target\":{\"@type\":\"EntryPoint\",\"urlTemplate\":\"https:\/\/hello-suns.com\/de\/?s={search_term_string}\"},\"query-input\":{\"@type\":\"PropertyValueSpecification\",\"valueRequired\":true,\"valueName\":\"search_term_string\"}}],\"inLanguage\":\"de-DE\"}]}<\/script>\n<!-- \/ Yoast SEO plugin. -->","yoast_head_json":{"title":"Entdecken Sie Avero Lounge Set | SUNS Outdoor Lifestyle","description":"Suchen Sie ein stilvolles avero Lounge-Set? SUNS bietet luxuri\u00f6se Lounge-Sets, die Komfort, Haltbarkeit und modernes Design perfekt miteinander verbinden.","robots":{"index":"index","follow":"follow","max-snippet":"max-snippet:-1","max-image-preview":"max-image-preview:large","max-video-preview":"max-video-preview:-1"},"canonical":"https:\/\/hello-suns.com\/de\/produkte\/avero-lounge-sets\/","og_locale":"de_DE","og_type":"article","og_title":"Entdecken Sie Avero Lounge Set | SUNS Outdoor Lifestyle","og_description":"Suchen Sie ein stilvolles avero Lounge-Set? SUNS bietet luxuri\u00f6se Lounge-Sets, die Komfort, Haltbarkeit und modernes Design perfekt miteinander verbinden.","og_url":"https:\/\/hello-suns.com\/de\/produkte\/avero-lounge-sets\/","og_site_name":"SUNS","article_modified_time":"2025-05-27T06:43:37+00:00","og_image":[{"width":2500,"height":1667,"url":"https:\/\/hello-suns.com\/app\/uploads\/2025\/01\/01_Loungeset_SUNS_Avero_mrg_Natural_6pcs-3.png","type":"image\/png"}],"twitter_card":"summary_large_image","twitter_misc":{"Est. reading time":"5 minutes"},"schema":{"@context":"https:\/\/schema.org","@graph":[{"@type":"WebPage","@id":"https:\/\/hello-suns.com\/de\/produkte\/avero-lounge-sets\/","url":"https:\/\/hello-suns.com\/de\/produkte\/avero-lounge-sets\/","name":"Entdecken Sie Avero Lounge Set | SUNS Outdoor Lifestyle","isPartOf":{"@id":"https:\/\/hello-suns.com\/de\/#website"},"primaryImageOfPage":{"@id":"https:\/\/hello-suns.com\/de\/produkte\/avero-lounge-sets\/#primaryimage"},"image":{"@id":"https:\/\/hello-suns.com\/de\/produkte\/avero-lounge-sets\/#primaryimage"},"thumbnailUrl":"https:\/\/hello-suns.com\/app\/uploads\/2025\/01\/01_Loungeset_SUNS_Avero_mrg_Natural_6pcs-3.png","datePublished":"2025-01-10T12:58:08+00:00","dateModified":"2025-05-27T06:43:37+00:00","description":"Suchen Sie ein stilvolles avero Lounge-Set? SUNS bietet luxuri\u00f6se Lounge-Sets, die Komfort, Haltbarkeit und modernes Design perfekt miteinander verbinden.","breadcrumb":{"@id":"https:\/\/hello-suns.com\/de\/produkte\/avero-lounge-sets\/#breadcrumb"},"inLanguage":"de-DE","potentialAction":[{"@type":"ReadAction","target":["https:\/\/hello-suns.com\/de\/produkte\/avero-lounge-sets\/"]}]},{"@type":"ImageObject","inLanguage":"de-DE","@id":"https:\/\/hello-suns.com\/de\/produkte\/avero-lounge-sets\/#primaryimage","url":"https:\/\/hello-suns.com\/app\/uploads\/2025\/01\/01_Loungeset_SUNS_Avero_mrg_Natural_6pcs-3.png","contentUrl":"https:\/\/hello-suns.com\/app\/uploads\/2025\/01\/01_Loungeset_SUNS_Avero_mrg_Natural_6pcs-3.png","width":2500,"height":1667},{"@type":"BreadcrumbList","@id":"https:\/\/hello-suns.com\/de\/produkte\/avero-lounge-sets\/#breadcrumb","itemListElement":[{"@type":"ListItem","position":1,"name":"","item":"https:\/\/hello-suns.com\/de\/"},{"@type":"ListItem","position":2,"name":"Produkte","item":"https:\/\/hello-suns.com\/de\/produkte\/"},{"@type":"ListItem","position":3,"name":"Avero"}]},{"@type":"WebSite","@id":"https:\/\/hello-suns.com\/de\/#website","url":"https:\/\/hello-suns.com\/de\/","name":"SUNS","description":"Outdoor Lifestyle","potentialAction":[{"@type":"SearchAction","target":{"@type":"EntryPoint","urlTemplate":"https:\/\/hello-suns.com\/de\/?s={search_term_string}"},"query-input":{"@type":"PropertyValueSpecification","valueRequired":true,"valueName":"search_term_string"}}],"inLanguage":"de-DE"}]}},"_links":{"self":[{"href":"https:\/\/hello-suns.com\/de\/wp-json\/wp\/v2\/product\/14397","targetHints":{"allow":["GET"]}}],"collection":[{"href":"https:\/\/hello-suns.com\/de\/wp-json\/wp\/v2\/product"}],"about":[{"href":"https:\/\/hello-suns.com\/de\/wp-json\/wp\/v2\/types\/product"}],"replies":[{"embeddable":true,"href":"https:\/\/hello-suns.com\/de\/wp-json\/wp\/v2\/comments?post=14397"}],"wp:featuredmedia":[{"embeddable":true,"href":"https:\/\/hello-suns.com\/de\/wp-json\/wp\/v2\/media\/14398"}],"wp:attachment":[{"href":"https:\/\/hello-suns.com\/de\/wp-json\/wp\/v2\/media?parent=14397"}],"wp:term":[{"taxonomy":"product_brand","embeddable":true,"href":"https:\/\/hello-suns.com\/de\/wp-json\/wp\/v2\/product_brand?post=14397"},{"taxonomy":"product_cat","embeddable":true,"href":"https:\/\/hello-suns.com\/de\/wp-json\/wp\/v2\/product_cat?post=14397"},{"taxonomy":"product_tag","embeddable":true,"href":"https:\/\/hello-suns.com\/de\/wp-json\/wp\/v2\/product_tag?post=14397"},{"taxonomy":"material","embeddable":true,"href":"https:\/\/hello-suns.com\/de\/wp-json\/wp\/v2\/material?post=14397"}],"curies":[{"name":"wp","href":"https:\/\/api.w.org\/{rel}","templated":true}]}}