{"id":14356,"date":"2025-01-13T09:36:33","date_gmt":"2025-01-13T08:36:33","guid":{"rendered":"https:\/\/hello-suns.com\/producten\/bellano-3\/"},"modified":"2026-02-03T09:08:04","modified_gmt":"2026-02-03T08:08:04","slug":"bellano-sofa-set","status":"publish","type":"product","link":"https:\/\/hello-suns.com\/de\/produkte\/bellano-sofa-set\/","title":{"rendered":"Bellano"},"content":{"rendered":"<h2 style=\"font-weight: 400;\">Vorliebe f\u00fcr Sch\u00f6nheit<\/h2>\n<p style=\"font-weight: 400;\">Geschmeidige organische Formen. Schlankes Finish. Bellano findet Sch\u00f6nheit in einem subtilen Gleichgewicht. Nehmen Sie Platz in der gro\u00dfz\u00fcgigen Umarmung dieser charmanten Wannen und genie\u00dfen Sie wunderbare Momente im Freien. Mit Stil.<\/p>\n","protected":false},"excerpt":{"rendered":"<h3 style=\"font-weight: 400;\">Aufsehenerregender Komfort<\/h3>\n<p style=\"font-weight: 400;\">Die Sofagarnitur Bellano von SUNS ist eine charmante Sofagarnitur aus Teakholz. Die anmutige runde Wannenform und die stilisierten R\u00fccken- und Seitenlehnen sorgen f\u00fcr einen luxuri\u00f6sen Look. Das Gestell ist aus zertifiziertem Teakholz mit sch\u00f6nen Rundungen und gleichzeitig einer sauberen Verarbeitung gefertigt. Der Stoff l\u00e4uft teilweise um den Rahmen herum, so dass die Details des Teakholzrahmens sichtbar bleiben.<\/p>\n<p style=\"font-weight: 400;\">Die Bellano Sofagarnitur hat einen tiefen und entspannten Sitz. Die reichlich gepolsterten Kissen sorgen dabei f\u00fcr guten Halt und optimalen Komfort. Sowohl die Sitzfl\u00e4che als auch die losen Zierkissen sind mit unserem hochwertigen Outdoor-Stoff gepolstert, der absolut wetterfest ist und sich wunderbar weich anf\u00fchlt. Die Sofagarnitur Bellano l\u00e4sst sich gut mit den Beistelltischen <a href=\"https:\/\/hello-suns.com\/de\/produkte\/farzi\/\"><strong><u>Farzi<\/u><\/strong><\/a> und<u> <strong><a href=\"https:\/\/hello-suns.com\/de\/produkte\/termoli-3\/\">Termoli.<\/a><\/strong><\/u><\/p>\n","protected":false},"featured_media":13374,"comment_status":"closed","ping_status":"closed","template":"","meta":{"_acf_changed":false},"product_brand":[],"product_cat":[643],"product_tag":[],"material":[],"class_list":{"0":"post-14356","1":"product","2":"type-product","3":"status-publish","4":"has-post-thumbnail","6":"product_cat-sofa-sets","8":"first","9":"instock","10":"shipping-taxable","11":"product-type-simple"},"acf":[],"yoast_head":"<!-- This site is optimized with the Yoast SEO plugin v26.8 - https:\/\/yoast.com\/product\/yoast-seo-wordpress\/ -->\n<title>Entdecken Sie Bellano Sofasetl | SUNS Outdoor Lifestyle<\/title>\n<meta name=\"description\" content=\"Suchen Sie eine stilvolle bellano Sofagarnitur? SUNS bietet luxuri\u00f6se Sofagarnituren, die Komfort, Langlebigkeit und modernes Design vereinen.\" \/>\n<meta name=\"robots\" content=\"index, follow, max-snippet:-1, max-image-preview:large, max-video-preview:-1\" \/>\n<link rel=\"canonical\" href=\"https:\/\/hello-suns.com\/de\/produkte\/bellano-sofa-set\/\" \/>\n<meta property=\"og:locale\" content=\"de_DE\" \/>\n<meta property=\"og:type\" content=\"article\" \/>\n<meta property=\"og:title\" content=\"Entdecken Sie Bellano Sofasetl | SUNS Outdoor Lifestyle\" \/>\n<meta property=\"og:description\" content=\"Suchen Sie eine stilvolle bellano Sofagarnitur? SUNS bietet luxuri\u00f6se Sofagarnituren, die Komfort, Langlebigkeit und modernes Design vereinen.\" \/>\n<meta property=\"og:url\" content=\"https:\/\/hello-suns.com\/de\/produkte\/bellano-sofa-set\/\" \/>\n<meta property=\"og:site_name\" content=\"SUNS\" \/>\n<meta property=\"article:modified_time\" content=\"2026-02-03T08:08:04+00:00\" \/>\n<meta property=\"og:image\" content=\"https:\/\/hello-suns.com\/app\/uploads\/2025\/01\/01_Bellano-SUNS-Sofaset-TK-NG-Free-23-1-2500-pix-3.png\" \/>\n\t<meta property=\"og:image:width\" content=\"2500\" \/>\n\t<meta property=\"og:image:height\" content=\"1667\" \/>\n\t<meta property=\"og:image:type\" content=\"image\/png\" \/>\n<meta name=\"twitter:card\" content=\"summary_large_image\" \/>\n<meta name=\"twitter:label1\" content=\"Est. reading time\" \/>\n\t<meta name=\"twitter:data1\" content=\"4 minutes\" \/>\n<script type=\"application\/ld+json\" class=\"yoast-schema-graph\">{\"@context\":\"https:\/\/schema.org\",\"@graph\":[{\"@type\":\"WebPage\",\"@id\":\"https:\/\/hello-suns.com\/de\/produkte\/bellano-sofa-set\/\",\"url\":\"https:\/\/hello-suns.com\/de\/produkte\/bellano-sofa-set\/\",\"name\":\"Entdecken Sie Bellano Sofasetl | SUNS Outdoor Lifestyle\",\"isPartOf\":{\"@id\":\"https:\/\/hello-suns.com\/de\/#website\"},\"primaryImageOfPage\":{\"@id\":\"https:\/\/hello-suns.com\/de\/produkte\/bellano-sofa-set\/#primaryimage\"},\"image\":{\"@id\":\"https:\/\/hello-suns.com\/de\/produkte\/bellano-sofa-set\/#primaryimage\"},\"thumbnailUrl\":\"https:\/\/hello-suns.com\/app\/uploads\/2025\/01\/01_Bellano-SUNS-Sofaset-TK-NG-Free-23-1-2500-pix-3.png\",\"datePublished\":\"2025-01-13T08:36:33+00:00\",\"dateModified\":\"2026-02-03T08:08:04+00:00\",\"description\":\"Suchen Sie eine stilvolle bellano Sofagarnitur? SUNS bietet luxuri\u00f6se Sofagarnituren, die Komfort, Langlebigkeit und modernes Design vereinen.\",\"breadcrumb\":{\"@id\":\"https:\/\/hello-suns.com\/de\/produkte\/bellano-sofa-set\/#breadcrumb\"},\"inLanguage\":\"de-DE\",\"potentialAction\":[{\"@type\":\"ReadAction\",\"target\":[\"https:\/\/hello-suns.com\/de\/produkte\/bellano-sofa-set\/\"]}]},{\"@type\":\"ImageObject\",\"inLanguage\":\"de-DE\",\"@id\":\"https:\/\/hello-suns.com\/de\/produkte\/bellano-sofa-set\/#primaryimage\",\"url\":\"https:\/\/hello-suns.com\/app\/uploads\/2025\/01\/01_Bellano-SUNS-Sofaset-TK-NG-Free-23-1-2500-pix-3.png\",\"contentUrl\":\"https:\/\/hello-suns.com\/app\/uploads\/2025\/01\/01_Bellano-SUNS-Sofaset-TK-NG-Free-23-1-2500-pix-3.png\",\"width\":2500,\"height\":1667},{\"@type\":\"BreadcrumbList\",\"@id\":\"https:\/\/hello-suns.com\/de\/produkte\/bellano-sofa-set\/#breadcrumb\",\"itemListElement\":[{\"@type\":\"ListItem\",\"position\":1,\"name\":\"\",\"item\":\"https:\/\/hello-suns.com\/de\/\"},{\"@type\":\"ListItem\",\"position\":2,\"name\":\"Produkte\",\"item\":\"https:\/\/hello-suns.com\/de\/produkte\/\"},{\"@type\":\"ListItem\",\"position\":3,\"name\":\"Bellano\"}]},{\"@type\":\"WebSite\",\"@id\":\"https:\/\/hello-suns.com\/de\/#website\",\"url\":\"https:\/\/hello-suns.com\/de\/\",\"name\":\"SUNS\",\"description\":\"Outdoor Lifestyle\",\"potentialAction\":[{\"@type\":\"SearchAction\",\"target\":{\"@type\":\"EntryPoint\",\"urlTemplate\":\"https:\/\/hello-suns.com\/de\/?s={search_term_string}\"},\"query-input\":{\"@type\":\"PropertyValueSpecification\",\"valueRequired\":true,\"valueName\":\"search_term_string\"}}],\"inLanguage\":\"de-DE\"}]}<\/script>\n<!-- \/ Yoast SEO plugin. -->","yoast_head_json":{"title":"Entdecken Sie Bellano Sofasetl | SUNS Outdoor Lifestyle","description":"Suchen Sie eine stilvolle bellano Sofagarnitur? SUNS bietet luxuri\u00f6se Sofagarnituren, die Komfort, Langlebigkeit und modernes Design vereinen.","robots":{"index":"index","follow":"follow","max-snippet":"max-snippet:-1","max-image-preview":"max-image-preview:large","max-video-preview":"max-video-preview:-1"},"canonical":"https:\/\/hello-suns.com\/de\/produkte\/bellano-sofa-set\/","og_locale":"de_DE","og_type":"article","og_title":"Entdecken Sie Bellano Sofasetl | SUNS Outdoor Lifestyle","og_description":"Suchen Sie eine stilvolle bellano Sofagarnitur? SUNS bietet luxuri\u00f6se Sofagarnituren, die Komfort, Langlebigkeit und modernes Design vereinen.","og_url":"https:\/\/hello-suns.com\/de\/produkte\/bellano-sofa-set\/","og_site_name":"SUNS","article_modified_time":"2026-02-03T08:08:04+00:00","og_image":[{"width":2500,"height":1667,"url":"https:\/\/hello-suns.com\/app\/uploads\/2025\/01\/01_Bellano-SUNS-Sofaset-TK-NG-Free-23-1-2500-pix-3.png","type":"image\/png"}],"twitter_card":"summary_large_image","twitter_misc":{"Est. reading time":"4 minutes"},"schema":{"@context":"https:\/\/schema.org","@graph":[{"@type":"WebPage","@id":"https:\/\/hello-suns.com\/de\/produkte\/bellano-sofa-set\/","url":"https:\/\/hello-suns.com\/de\/produkte\/bellano-sofa-set\/","name":"Entdecken Sie Bellano Sofasetl | SUNS Outdoor Lifestyle","isPartOf":{"@id":"https:\/\/hello-suns.com\/de\/#website"},"primaryImageOfPage":{"@id":"https:\/\/hello-suns.com\/de\/produkte\/bellano-sofa-set\/#primaryimage"},"image":{"@id":"https:\/\/hello-suns.com\/de\/produkte\/bellano-sofa-set\/#primaryimage"},"thumbnailUrl":"https:\/\/hello-suns.com\/app\/uploads\/2025\/01\/01_Bellano-SUNS-Sofaset-TK-NG-Free-23-1-2500-pix-3.png","datePublished":"2025-01-13T08:36:33+00:00","dateModified":"2026-02-03T08:08:04+00:00","description":"Suchen Sie eine stilvolle bellano Sofagarnitur? SUNS bietet luxuri\u00f6se Sofagarnituren, die Komfort, Langlebigkeit und modernes Design vereinen.","breadcrumb":{"@id":"https:\/\/hello-suns.com\/de\/produkte\/bellano-sofa-set\/#breadcrumb"},"inLanguage":"de-DE","potentialAction":[{"@type":"ReadAction","target":["https:\/\/hello-suns.com\/de\/produkte\/bellano-sofa-set\/"]}]},{"@type":"ImageObject","inLanguage":"de-DE","@id":"https:\/\/hello-suns.com\/de\/produkte\/bellano-sofa-set\/#primaryimage","url":"https:\/\/hello-suns.com\/app\/uploads\/2025\/01\/01_Bellano-SUNS-Sofaset-TK-NG-Free-23-1-2500-pix-3.png","contentUrl":"https:\/\/hello-suns.com\/app\/uploads\/2025\/01\/01_Bellano-SUNS-Sofaset-TK-NG-Free-23-1-2500-pix-3.png","width":2500,"height":1667},{"@type":"BreadcrumbList","@id":"https:\/\/hello-suns.com\/de\/produkte\/bellano-sofa-set\/#breadcrumb","itemListElement":[{"@type":"ListItem","position":1,"name":"","item":"https:\/\/hello-suns.com\/de\/"},{"@type":"ListItem","position":2,"name":"Produkte","item":"https:\/\/hello-suns.com\/de\/produkte\/"},{"@type":"ListItem","position":3,"name":"Bellano"}]},{"@type":"WebSite","@id":"https:\/\/hello-suns.com\/de\/#website","url":"https:\/\/hello-suns.com\/de\/","name":"SUNS","description":"Outdoor Lifestyle","potentialAction":[{"@type":"SearchAction","target":{"@type":"EntryPoint","urlTemplate":"https:\/\/hello-suns.com\/de\/?s={search_term_string}"},"query-input":{"@type":"PropertyValueSpecification","valueRequired":true,"valueName":"search_term_string"}}],"inLanguage":"de-DE"}]}},"_links":{"self":[{"href":"https:\/\/hello-suns.com\/de\/wp-json\/wp\/v2\/product\/14356","targetHints":{"allow":["GET"]}}],"collection":[{"href":"https:\/\/hello-suns.com\/de\/wp-json\/wp\/v2\/product"}],"about":[{"href":"https:\/\/hello-suns.com\/de\/wp-json\/wp\/v2\/types\/product"}],"replies":[{"embeddable":true,"href":"https:\/\/hello-suns.com\/de\/wp-json\/wp\/v2\/comments?post=14356"}],"wp:featuredmedia":[{"embeddable":true,"href":"https:\/\/hello-suns.com\/de\/wp-json\/wp\/v2\/media\/13374"}],"wp:attachment":[{"href":"https:\/\/hello-suns.com\/de\/wp-json\/wp\/v2\/media?parent=14356"}],"wp:term":[{"taxonomy":"product_brand","embeddable":true,"href":"https:\/\/hello-suns.com\/de\/wp-json\/wp\/v2\/product_brand?post=14356"},{"taxonomy":"product_cat","embeddable":true,"href":"https:\/\/hello-suns.com\/de\/wp-json\/wp\/v2\/product_cat?post=14356"},{"taxonomy":"product_tag","embeddable":true,"href":"https:\/\/hello-suns.com\/de\/wp-json\/wp\/v2\/product_tag?post=14356"},{"taxonomy":"material","embeddable":true,"href":"https:\/\/hello-suns.com\/de\/wp-json\/wp\/v2\/material?post=14356"}],"curies":[{"name":"wp","href":"https:\/\/api.w.org\/{rel}","templated":true}]}}