{"id":14295,"date":"2025-01-13T09:48:30","date_gmt":"2025-01-13T09:48:30","guid":{"rendered":"https:\/\/hello-suns.com\/producten\/dolce-4\/"},"modified":"2025-06-04T11:57:39","modified_gmt":"2025-06-04T11:57:39","slug":"dolce-sessel","status":"publish","type":"product","link":"https:\/\/hello-suns.com\/de\/produkte\/dolce-sessel\/","title":{"rendered":"Dolce"},"content":{"rendered":"<h2>Der Reiz der Details<\/h2>\n<p>Sch\u00f6nheit liegt oft in den Details &#8211; in einem einzigartigen Sprachklang oder einer unerwarteten Designwahl. Genau das macht den Loungesessel Dolce so besonders. Mit seinem auff\u00e4lligen geflochtenen Design ist dieser Loungesessel ein echter Blickfang, ohne dabei auf ultimativen Sitzkomfort zu verzichten.<\/p>\n","protected":false},"excerpt":{"rendered":"<h3>Auffallend elegant<\/h3>\n<p>Das Design ist auffallend elegant und das Geflecht &#8211; eine verspielte Designanspielung &#8211; bietet angenehmen Sitzkomfort. Perfekt f\u00fcr ein ausgedehntes Lounge-Gef\u00fchl, selbst in G\u00e4rten von bescheidener Gr\u00f6\u00dfe. Das Gestell ist aus robustem Aluminium gefertigt, so dass dieser Sessel einiges aush\u00e4lt. Die gro\u00dfz\u00fcgigen Kissen sind mit einem hochwertigen, wasserabweisenden Oberstoff bezogen und mit Fast Dry Foam gef\u00fcllt. Dolce l\u00e4sst sich gut mit den Beistelltischen aus der SUNS-Kollektion kombinieren.<\/p>\n","protected":false},"featured_media":14301,"comment_status":"closed","ping_status":"closed","template":"","meta":{"_acf_changed":false},"product_brand":[],"product_cat":[619],"product_tag":[],"material":[],"class_list":{"0":"post-14295","1":"product","2":"type-product","3":"status-publish","4":"has-post-thumbnail","6":"product_cat-sessel","8":"first","9":"instock","10":"shipping-taxable","11":"product-type-simple"},"acf":[],"yoast_head":"<!-- This site is optimized with the Yoast SEO plugin v26.8 - https:\/\/yoast.com\/product\/yoast-seo-wordpress\/ -->\n<title>Entdecken Sie den Dolce Loungesessel | SUNS Outdoor Lifestyle<\/title>\n<meta name=\"description\" content=\"Suchen Sie einen stilvollen Dolce Lounge Chair? SUNS bietet luxuri\u00f6se Loungesessel, die Komfort, Haltbarkeit und elegantes Design vereinen.\" \/>\n<meta name=\"robots\" content=\"index, follow, max-snippet:-1, max-image-preview:large, max-video-preview:-1\" \/>\n<link rel=\"canonical\" href=\"https:\/\/hello-suns.com\/de\/produkte\/dolce-sessel\/\" \/>\n<meta property=\"og:locale\" content=\"de_DE\" \/>\n<meta property=\"og:type\" content=\"article\" \/>\n<meta property=\"og:title\" content=\"Entdecken Sie den Dolce Loungesessel | SUNS Outdoor Lifestyle\" \/>\n<meta property=\"og:description\" content=\"Suchen Sie einen stilvollen Dolce Lounge Chair? SUNS bietet luxuri\u00f6se Loungesessel, die Komfort, Haltbarkeit und elegantes Design vereinen.\" \/>\n<meta property=\"og:url\" content=\"https:\/\/hello-suns.com\/de\/produkte\/dolce-sessel\/\" \/>\n<meta property=\"og:site_name\" content=\"SUNS\" \/>\n<meta property=\"article:modified_time\" content=\"2025-06-04T11:57:39+00:00\" \/>\n<meta property=\"og:image\" content=\"https:\/\/hello-suns.com\/app\/uploads\/2025\/01\/01_Dolce-SUNS-loungechair-CS-NG-Free-25-2500-3.png\" \/>\n\t<meta property=\"og:image:width\" content=\"2500\" \/>\n\t<meta property=\"og:image:height\" content=\"1667\" \/>\n\t<meta property=\"og:image:type\" content=\"image\/png\" \/>\n<meta name=\"twitter:card\" content=\"summary_large_image\" \/>\n<meta name=\"twitter:label1\" content=\"Est. reading time\" \/>\n\t<meta name=\"twitter:data1\" content=\"2 minutes\" \/>\n<script type=\"application\/ld+json\" class=\"yoast-schema-graph\">{\"@context\":\"https:\/\/schema.org\",\"@graph\":[{\"@type\":\"WebPage\",\"@id\":\"https:\/\/hello-suns.com\/de\/produkte\/dolce-sessel\/\",\"url\":\"https:\/\/hello-suns.com\/de\/produkte\/dolce-sessel\/\",\"name\":\"Entdecken Sie den Dolce Loungesessel | SUNS Outdoor Lifestyle\",\"isPartOf\":{\"@id\":\"https:\/\/hello-suns.com\/de\/#website\"},\"primaryImageOfPage\":{\"@id\":\"https:\/\/hello-suns.com\/de\/produkte\/dolce-sessel\/#primaryimage\"},\"image\":{\"@id\":\"https:\/\/hello-suns.com\/de\/produkte\/dolce-sessel\/#primaryimage\"},\"thumbnailUrl\":\"https:\/\/hello-suns.com\/app\/uploads\/2025\/01\/01_Dolce-SUNS-loungechair-CS-NG-Free-25-2500-3.png\",\"datePublished\":\"2025-01-13T09:48:30+00:00\",\"dateModified\":\"2025-06-04T11:57:39+00:00\",\"description\":\"Suchen Sie einen stilvollen Dolce Lounge Chair? SUNS bietet luxuri\u00f6se Loungesessel, die Komfort, Haltbarkeit und elegantes Design vereinen.\",\"breadcrumb\":{\"@id\":\"https:\/\/hello-suns.com\/de\/produkte\/dolce-sessel\/#breadcrumb\"},\"inLanguage\":\"de-DE\",\"potentialAction\":[{\"@type\":\"ReadAction\",\"target\":[\"https:\/\/hello-suns.com\/de\/produkte\/dolce-sessel\/\"]}]},{\"@type\":\"ImageObject\",\"inLanguage\":\"de-DE\",\"@id\":\"https:\/\/hello-suns.com\/de\/produkte\/dolce-sessel\/#primaryimage\",\"url\":\"https:\/\/hello-suns.com\/app\/uploads\/2025\/01\/01_Dolce-SUNS-loungechair-CS-NG-Free-25-2500-3.png\",\"contentUrl\":\"https:\/\/hello-suns.com\/app\/uploads\/2025\/01\/01_Dolce-SUNS-loungechair-CS-NG-Free-25-2500-3.png\",\"width\":2500,\"height\":1667},{\"@type\":\"BreadcrumbList\",\"@id\":\"https:\/\/hello-suns.com\/de\/produkte\/dolce-sessel\/#breadcrumb\",\"itemListElement\":[{\"@type\":\"ListItem\",\"position\":1,\"name\":\"\",\"item\":\"https:\/\/hello-suns.com\/de\/\"},{\"@type\":\"ListItem\",\"position\":2,\"name\":\"Produkte\",\"item\":\"https:\/\/hello-suns.com\/de\/produkte\/\"},{\"@type\":\"ListItem\",\"position\":3,\"name\":\"Dolce\"}]},{\"@type\":\"WebSite\",\"@id\":\"https:\/\/hello-suns.com\/de\/#website\",\"url\":\"https:\/\/hello-suns.com\/de\/\",\"name\":\"SUNS\",\"description\":\"Outdoor Lifestyle\",\"potentialAction\":[{\"@type\":\"SearchAction\",\"target\":{\"@type\":\"EntryPoint\",\"urlTemplate\":\"https:\/\/hello-suns.com\/de\/?s={search_term_string}\"},\"query-input\":{\"@type\":\"PropertyValueSpecification\",\"valueRequired\":true,\"valueName\":\"search_term_string\"}}],\"inLanguage\":\"de-DE\"}]}<\/script>\n<!-- \/ Yoast SEO plugin. -->","yoast_head_json":{"title":"Entdecken Sie den Dolce Loungesessel | SUNS Outdoor Lifestyle","description":"Suchen Sie einen stilvollen Dolce Lounge Chair? SUNS bietet luxuri\u00f6se Loungesessel, die Komfort, Haltbarkeit und elegantes Design vereinen.","robots":{"index":"index","follow":"follow","max-snippet":"max-snippet:-1","max-image-preview":"max-image-preview:large","max-video-preview":"max-video-preview:-1"},"canonical":"https:\/\/hello-suns.com\/de\/produkte\/dolce-sessel\/","og_locale":"de_DE","og_type":"article","og_title":"Entdecken Sie den Dolce Loungesessel | SUNS Outdoor Lifestyle","og_description":"Suchen Sie einen stilvollen Dolce Lounge Chair? SUNS bietet luxuri\u00f6se Loungesessel, die Komfort, Haltbarkeit und elegantes Design vereinen.","og_url":"https:\/\/hello-suns.com\/de\/produkte\/dolce-sessel\/","og_site_name":"SUNS","article_modified_time":"2025-06-04T11:57:39+00:00","og_image":[{"width":2500,"height":1667,"url":"https:\/\/hello-suns.com\/app\/uploads\/2025\/01\/01_Dolce-SUNS-loungechair-CS-NG-Free-25-2500-3.png","type":"image\/png"}],"twitter_card":"summary_large_image","twitter_misc":{"Est. reading time":"2 minutes"},"schema":{"@context":"https:\/\/schema.org","@graph":[{"@type":"WebPage","@id":"https:\/\/hello-suns.com\/de\/produkte\/dolce-sessel\/","url":"https:\/\/hello-suns.com\/de\/produkte\/dolce-sessel\/","name":"Entdecken Sie den Dolce Loungesessel | SUNS Outdoor Lifestyle","isPartOf":{"@id":"https:\/\/hello-suns.com\/de\/#website"},"primaryImageOfPage":{"@id":"https:\/\/hello-suns.com\/de\/produkte\/dolce-sessel\/#primaryimage"},"image":{"@id":"https:\/\/hello-suns.com\/de\/produkte\/dolce-sessel\/#primaryimage"},"thumbnailUrl":"https:\/\/hello-suns.com\/app\/uploads\/2025\/01\/01_Dolce-SUNS-loungechair-CS-NG-Free-25-2500-3.png","datePublished":"2025-01-13T09:48:30+00:00","dateModified":"2025-06-04T11:57:39+00:00","description":"Suchen Sie einen stilvollen Dolce Lounge Chair? SUNS bietet luxuri\u00f6se Loungesessel, die Komfort, Haltbarkeit und elegantes Design vereinen.","breadcrumb":{"@id":"https:\/\/hello-suns.com\/de\/produkte\/dolce-sessel\/#breadcrumb"},"inLanguage":"de-DE","potentialAction":[{"@type":"ReadAction","target":["https:\/\/hello-suns.com\/de\/produkte\/dolce-sessel\/"]}]},{"@type":"ImageObject","inLanguage":"de-DE","@id":"https:\/\/hello-suns.com\/de\/produkte\/dolce-sessel\/#primaryimage","url":"https:\/\/hello-suns.com\/app\/uploads\/2025\/01\/01_Dolce-SUNS-loungechair-CS-NG-Free-25-2500-3.png","contentUrl":"https:\/\/hello-suns.com\/app\/uploads\/2025\/01\/01_Dolce-SUNS-loungechair-CS-NG-Free-25-2500-3.png","width":2500,"height":1667},{"@type":"BreadcrumbList","@id":"https:\/\/hello-suns.com\/de\/produkte\/dolce-sessel\/#breadcrumb","itemListElement":[{"@type":"ListItem","position":1,"name":"","item":"https:\/\/hello-suns.com\/de\/"},{"@type":"ListItem","position":2,"name":"Produkte","item":"https:\/\/hello-suns.com\/de\/produkte\/"},{"@type":"ListItem","position":3,"name":"Dolce"}]},{"@type":"WebSite","@id":"https:\/\/hello-suns.com\/de\/#website","url":"https:\/\/hello-suns.com\/de\/","name":"SUNS","description":"Outdoor Lifestyle","potentialAction":[{"@type":"SearchAction","target":{"@type":"EntryPoint","urlTemplate":"https:\/\/hello-suns.com\/de\/?s={search_term_string}"},"query-input":{"@type":"PropertyValueSpecification","valueRequired":true,"valueName":"search_term_string"}}],"inLanguage":"de-DE"}]}},"_links":{"self":[{"href":"https:\/\/hello-suns.com\/de\/wp-json\/wp\/v2\/product\/14295","targetHints":{"allow":["GET"]}}],"collection":[{"href":"https:\/\/hello-suns.com\/de\/wp-json\/wp\/v2\/product"}],"about":[{"href":"https:\/\/hello-suns.com\/de\/wp-json\/wp\/v2\/types\/product"}],"replies":[{"embeddable":true,"href":"https:\/\/hello-suns.com\/de\/wp-json\/wp\/v2\/comments?post=14295"}],"wp:featuredmedia":[{"embeddable":true,"href":"https:\/\/hello-suns.com\/de\/wp-json\/wp\/v2\/media\/14301"}],"wp:attachment":[{"href":"https:\/\/hello-suns.com\/de\/wp-json\/wp\/v2\/media?parent=14295"}],"wp:term":[{"taxonomy":"product_brand","embeddable":true,"href":"https:\/\/hello-suns.com\/de\/wp-json\/wp\/v2\/product_brand?post=14295"},{"taxonomy":"product_cat","embeddable":true,"href":"https:\/\/hello-suns.com\/de\/wp-json\/wp\/v2\/product_cat?post=14295"},{"taxonomy":"product_tag","embeddable":true,"href":"https:\/\/hello-suns.com\/de\/wp-json\/wp\/v2\/product_tag?post=14295"},{"taxonomy":"material","embeddable":true,"href":"https:\/\/hello-suns.com\/de\/wp-json\/wp\/v2\/material?post=14295"}],"curies":[{"name":"wp","href":"https:\/\/api.w.org\/{rel}","templated":true}]}}