{"id":14271,"date":"2025-01-13T10:10:28","date_gmt":"2025-01-13T09:10:28","guid":{"rendered":"https:\/\/hello-suns.com\/producten\/lucia-5\/"},"modified":"2025-06-04T12:00:25","modified_gmt":"2025-06-04T12:00:25","slug":"lucia-sessel","status":"publish","type":"product","link":"https:\/\/hello-suns.com\/de\/produkte\/lucia-sessel\/","title":{"rendered":"Lucia"},"content":{"rendered":"<h2>Luxuri\u00f6se Entspannung<\/h2>\n<p>Genie\u00dfen Sie puren Luxus in einem unverwechselbaren Stil. Im Design von Lucia treffen Rund und Quadrat auf angenehme Weise aufeinander. So entstehen Sitzelemente, die direkt aus einer Designer-Einrichtung zu stammen scheinen. Schaffen Sie sich Ihren idealen Entspannungsort mit dem Lucia Lounge Chair.<\/p>\n<p>&nbsp;<\/p>\n","protected":false},"excerpt":{"rendered":"<h3>Gro\u00dfz\u00fcgiger Sitzkomfort nach Ma\u00df<\/h3>\n<p>Loungesessel Lucia bedeutet Lounging auf h\u00f6chstem Niveau. Der markante Rohrrahmen aus Industriealuminium verleiht dem Loungesessel eine solide Konstruktion. Die gro\u00dfz\u00fcgigen Proportionen sorgen f\u00fcr angenehmen Sitzkomfort. Bemerkenswert ist die Polsterung der Armlehnen, die zum Komfort und zur Optik beitr\u00e4gt. Lucia ist nat\u00fcrlich mit hochwertigen Sitz- und R\u00fcckenkissen ausgestattet. Diese sind mit unserem Premium-Outdoor-Stoff bezogen, der Wetterbest\u00e4ndigkeit mit einem angenehm weichen Griff kombiniert.<\/p>\n<p>Lucia ist Teil der You Create-Serie von SUNS, in der auch ein Lounge-Set, ein Sofa-Set und ein Daybed erh\u00e4ltlich sind. Mit den verschiedenen Elementen stellen Sie Ihr ideales Arrangement zusammen.<\/p>\n","protected":false},"featured_media":14282,"comment_status":"closed","ping_status":"closed","template":"","meta":{"_acf_changed":false},"product_brand":[],"product_cat":[619],"product_tag":[],"material":[],"class_list":{"0":"post-14271","1":"product","2":"type-product","3":"status-publish","4":"has-post-thumbnail","6":"product_cat-sessel","8":"first","9":"instock","10":"shipping-taxable","11":"product-type-simple"},"acf":[],"yoast_head":"<!-- This site is optimized with the Yoast SEO plugin v26.8 - https:\/\/yoast.com\/product\/yoast-seo-wordpress\/ -->\n<title>Entdecken Sie Lucia Loungesessel | SUNS Outdoor Lifestyle<\/title>\n<meta name=\"description\" content=\"Suchen Sie einen stilvollen Lucia Lounge Chair? SUNS bietet bequeme und langlebige Loungesessel mit modernem Design, perfekt f\u00fcr entspannende Momente.\" \/>\n<meta name=\"robots\" content=\"index, follow, max-snippet:-1, max-image-preview:large, max-video-preview:-1\" \/>\n<link rel=\"canonical\" href=\"https:\/\/hello-suns.com\/de\/produkte\/lucia-sessel\/\" \/>\n<meta property=\"og:locale\" content=\"de_DE\" \/>\n<meta property=\"og:type\" content=\"article\" \/>\n<meta property=\"og:title\" content=\"Entdecken Sie Lucia Loungesessel | SUNS Outdoor Lifestyle\" \/>\n<meta property=\"og:description\" content=\"Suchen Sie einen stilvollen Lucia Lounge Chair? SUNS bietet bequeme und langlebige Loungesessel mit modernem Design, perfekt f\u00fcr entspannende Momente.\" \/>\n<meta property=\"og:url\" content=\"https:\/\/hello-suns.com\/de\/produkte\/lucia-sessel\/\" \/>\n<meta property=\"og:site_name\" content=\"SUNS\" \/>\n<meta property=\"article:modified_time\" content=\"2025-06-04T12:00:25+00:00\" \/>\n<meta property=\"og:image\" content=\"https:\/\/hello-suns.com\/app\/uploads\/2025\/01\/01_Lucia-SUNS-loungechair-CS-NG-Free-25-2500-2-1.png\" \/>\n\t<meta property=\"og:image:width\" content=\"2500\" \/>\n\t<meta property=\"og:image:height\" content=\"1667\" \/>\n\t<meta property=\"og:image:type\" content=\"image\/png\" \/>\n<meta name=\"twitter:card\" content=\"summary_large_image\" \/>\n<meta name=\"twitter:label1\" content=\"Est. reading time\" \/>\n\t<meta name=\"twitter:data1\" content=\"3 minutes\" \/>\n<script type=\"application\/ld+json\" class=\"yoast-schema-graph\">{\"@context\":\"https:\/\/schema.org\",\"@graph\":[{\"@type\":\"WebPage\",\"@id\":\"https:\/\/hello-suns.com\/de\/produkte\/lucia-sessel\/\",\"url\":\"https:\/\/hello-suns.com\/de\/produkte\/lucia-sessel\/\",\"name\":\"Entdecken Sie Lucia Loungesessel | SUNS Outdoor Lifestyle\",\"isPartOf\":{\"@id\":\"https:\/\/hello-suns.com\/de\/#website\"},\"primaryImageOfPage\":{\"@id\":\"https:\/\/hello-suns.com\/de\/produkte\/lucia-sessel\/#primaryimage\"},\"image\":{\"@id\":\"https:\/\/hello-suns.com\/de\/produkte\/lucia-sessel\/#primaryimage\"},\"thumbnailUrl\":\"https:\/\/hello-suns.com\/app\/uploads\/2025\/01\/01_Lucia-SUNS-loungechair-CS-NG-Free-25-2500-2-1.png\",\"datePublished\":\"2025-01-13T09:10:28+00:00\",\"dateModified\":\"2025-06-04T12:00:25+00:00\",\"description\":\"Suchen Sie einen stilvollen Lucia Lounge Chair? SUNS bietet bequeme und langlebige Loungesessel mit modernem Design, perfekt f\u00fcr entspannende Momente.\",\"breadcrumb\":{\"@id\":\"https:\/\/hello-suns.com\/de\/produkte\/lucia-sessel\/#breadcrumb\"},\"inLanguage\":\"de-DE\",\"potentialAction\":[{\"@type\":\"ReadAction\",\"target\":[\"https:\/\/hello-suns.com\/de\/produkte\/lucia-sessel\/\"]}]},{\"@type\":\"ImageObject\",\"inLanguage\":\"de-DE\",\"@id\":\"https:\/\/hello-suns.com\/de\/produkte\/lucia-sessel\/#primaryimage\",\"url\":\"https:\/\/hello-suns.com\/app\/uploads\/2025\/01\/01_Lucia-SUNS-loungechair-CS-NG-Free-25-2500-2-1.png\",\"contentUrl\":\"https:\/\/hello-suns.com\/app\/uploads\/2025\/01\/01_Lucia-SUNS-loungechair-CS-NG-Free-25-2500-2-1.png\",\"width\":2500,\"height\":1667},{\"@type\":\"BreadcrumbList\",\"@id\":\"https:\/\/hello-suns.com\/de\/produkte\/lucia-sessel\/#breadcrumb\",\"itemListElement\":[{\"@type\":\"ListItem\",\"position\":1,\"name\":\"\",\"item\":\"https:\/\/hello-suns.com\/de\/\"},{\"@type\":\"ListItem\",\"position\":2,\"name\":\"Produkte\",\"item\":\"https:\/\/hello-suns.com\/de\/produkte\/\"},{\"@type\":\"ListItem\",\"position\":3,\"name\":\"Lucia\"}]},{\"@type\":\"WebSite\",\"@id\":\"https:\/\/hello-suns.com\/de\/#website\",\"url\":\"https:\/\/hello-suns.com\/de\/\",\"name\":\"SUNS\",\"description\":\"Outdoor Lifestyle\",\"potentialAction\":[{\"@type\":\"SearchAction\",\"target\":{\"@type\":\"EntryPoint\",\"urlTemplate\":\"https:\/\/hello-suns.com\/de\/?s={search_term_string}\"},\"query-input\":{\"@type\":\"PropertyValueSpecification\",\"valueRequired\":true,\"valueName\":\"search_term_string\"}}],\"inLanguage\":\"de-DE\"}]}<\/script>\n<!-- \/ Yoast SEO plugin. -->","yoast_head_json":{"title":"Entdecken Sie Lucia Loungesessel | SUNS Outdoor Lifestyle","description":"Suchen Sie einen stilvollen Lucia Lounge Chair? SUNS bietet bequeme und langlebige Loungesessel mit modernem Design, perfekt f\u00fcr entspannende Momente.","robots":{"index":"index","follow":"follow","max-snippet":"max-snippet:-1","max-image-preview":"max-image-preview:large","max-video-preview":"max-video-preview:-1"},"canonical":"https:\/\/hello-suns.com\/de\/produkte\/lucia-sessel\/","og_locale":"de_DE","og_type":"article","og_title":"Entdecken Sie Lucia Loungesessel | SUNS Outdoor Lifestyle","og_description":"Suchen Sie einen stilvollen Lucia Lounge Chair? SUNS bietet bequeme und langlebige Loungesessel mit modernem Design, perfekt f\u00fcr entspannende Momente.","og_url":"https:\/\/hello-suns.com\/de\/produkte\/lucia-sessel\/","og_site_name":"SUNS","article_modified_time":"2025-06-04T12:00:25+00:00","og_image":[{"width":2500,"height":1667,"url":"https:\/\/hello-suns.com\/app\/uploads\/2025\/01\/01_Lucia-SUNS-loungechair-CS-NG-Free-25-2500-2-1.png","type":"image\/png"}],"twitter_card":"summary_large_image","twitter_misc":{"Est. reading time":"3 minutes"},"schema":{"@context":"https:\/\/schema.org","@graph":[{"@type":"WebPage","@id":"https:\/\/hello-suns.com\/de\/produkte\/lucia-sessel\/","url":"https:\/\/hello-suns.com\/de\/produkte\/lucia-sessel\/","name":"Entdecken Sie Lucia Loungesessel | SUNS Outdoor Lifestyle","isPartOf":{"@id":"https:\/\/hello-suns.com\/de\/#website"},"primaryImageOfPage":{"@id":"https:\/\/hello-suns.com\/de\/produkte\/lucia-sessel\/#primaryimage"},"image":{"@id":"https:\/\/hello-suns.com\/de\/produkte\/lucia-sessel\/#primaryimage"},"thumbnailUrl":"https:\/\/hello-suns.com\/app\/uploads\/2025\/01\/01_Lucia-SUNS-loungechair-CS-NG-Free-25-2500-2-1.png","datePublished":"2025-01-13T09:10:28+00:00","dateModified":"2025-06-04T12:00:25+00:00","description":"Suchen Sie einen stilvollen Lucia Lounge Chair? SUNS bietet bequeme und langlebige Loungesessel mit modernem Design, perfekt f\u00fcr entspannende Momente.","breadcrumb":{"@id":"https:\/\/hello-suns.com\/de\/produkte\/lucia-sessel\/#breadcrumb"},"inLanguage":"de-DE","potentialAction":[{"@type":"ReadAction","target":["https:\/\/hello-suns.com\/de\/produkte\/lucia-sessel\/"]}]},{"@type":"ImageObject","inLanguage":"de-DE","@id":"https:\/\/hello-suns.com\/de\/produkte\/lucia-sessel\/#primaryimage","url":"https:\/\/hello-suns.com\/app\/uploads\/2025\/01\/01_Lucia-SUNS-loungechair-CS-NG-Free-25-2500-2-1.png","contentUrl":"https:\/\/hello-suns.com\/app\/uploads\/2025\/01\/01_Lucia-SUNS-loungechair-CS-NG-Free-25-2500-2-1.png","width":2500,"height":1667},{"@type":"BreadcrumbList","@id":"https:\/\/hello-suns.com\/de\/produkte\/lucia-sessel\/#breadcrumb","itemListElement":[{"@type":"ListItem","position":1,"name":"","item":"https:\/\/hello-suns.com\/de\/"},{"@type":"ListItem","position":2,"name":"Produkte","item":"https:\/\/hello-suns.com\/de\/produkte\/"},{"@type":"ListItem","position":3,"name":"Lucia"}]},{"@type":"WebSite","@id":"https:\/\/hello-suns.com\/de\/#website","url":"https:\/\/hello-suns.com\/de\/","name":"SUNS","description":"Outdoor Lifestyle","potentialAction":[{"@type":"SearchAction","target":{"@type":"EntryPoint","urlTemplate":"https:\/\/hello-suns.com\/de\/?s={search_term_string}"},"query-input":{"@type":"PropertyValueSpecification","valueRequired":true,"valueName":"search_term_string"}}],"inLanguage":"de-DE"}]}},"_links":{"self":[{"href":"https:\/\/hello-suns.com\/de\/wp-json\/wp\/v2\/product\/14271","targetHints":{"allow":["GET"]}}],"collection":[{"href":"https:\/\/hello-suns.com\/de\/wp-json\/wp\/v2\/product"}],"about":[{"href":"https:\/\/hello-suns.com\/de\/wp-json\/wp\/v2\/types\/product"}],"replies":[{"embeddable":true,"href":"https:\/\/hello-suns.com\/de\/wp-json\/wp\/v2\/comments?post=14271"}],"wp:featuredmedia":[{"embeddable":true,"href":"https:\/\/hello-suns.com\/de\/wp-json\/wp\/v2\/media\/14282"}],"wp:attachment":[{"href":"https:\/\/hello-suns.com\/de\/wp-json\/wp\/v2\/media?parent=14271"}],"wp:term":[{"taxonomy":"product_brand","embeddable":true,"href":"https:\/\/hello-suns.com\/de\/wp-json\/wp\/v2\/product_brand?post=14271"},{"taxonomy":"product_cat","embeddable":true,"href":"https:\/\/hello-suns.com\/de\/wp-json\/wp\/v2\/product_cat?post=14271"},{"taxonomy":"product_tag","embeddable":true,"href":"https:\/\/hello-suns.com\/de\/wp-json\/wp\/v2\/product_tag?post=14271"},{"taxonomy":"material","embeddable":true,"href":"https:\/\/hello-suns.com\/de\/wp-json\/wp\/v2\/material?post=14271"}],"curies":[{"name":"wp","href":"https:\/\/api.w.org\/{rel}","templated":true}]}}