{"id":14211,"date":"2025-01-13T10:31:50","date_gmt":"2025-01-13T10:31:50","guid":{"rendered":"https:\/\/hello-suns.com\/producten\/meran-2\/"},"modified":"2025-05-28T07:17:55","modified_gmt":"2025-05-28T07:17:55","slug":"merano-lounge-sets","status":"publish","type":"product","link":"https:\/\/hello-suns.com\/de\/produkte\/merano-lounge-sets\/","title":{"rendered":"Merano"},"content":{"rendered":"<h2 style=\"font-weight: 400;\">Die Macht der Einfachheit<\/h2>\n<p style=\"font-weight: 400;\">Mit dem Loungeset Merano bringt SUNS das Design wieder auf den Punkt. R\u00fcckenh\u00f6he, Sitzfl\u00e4che und Neigungswinkel sind perfekt aufeinander abgestimmt. Das Gestell hat eine subtile Pr\u00e4senz. Ein zeitloses Design, das auf jeder Terrasse steht.<\/p>\n","protected":false},"excerpt":{"rendered":"<h3 style=\"font-weight: 400;\">Elegantes und komfortables Lounge-Set<\/h3>\n<p style=\"font-weight: 400;\">Mit seinem minimalistischen Design ist dieses Set eine stilvolle Erg\u00e4nzung f\u00fcr jeden Garten. Das Gestell ist aus rostfreiem Stahl mit Armlehnen aus Teakholz gefertigt. Die Garnitur hat eine relativ hohe R\u00fcckenlehne, die f\u00fcr bequemes Sitzen sorgt. Die Kissen sind mit einem hochwertigen Outdoor-Stoff bezogen, der die Garnitur wetterfest macht. SUNS Merano bedeutet Genuss, auch im kleineren Garten.<\/p>\n<p style=\"font-weight: 400;\">Dieses Set ist auch als Sofagarnitur mit einem separaten Sofa und St\u00fchlen erh\u00e4ltlich.<\/p>\n","protected":false},"featured_media":14254,"comment_status":"closed","ping_status":"closed","template":"","meta":{"_acf_changed":false},"product_brand":[],"product_cat":[644],"product_tag":[],"material":[],"class_list":{"0":"post-14211","1":"product","2":"type-product","3":"status-publish","4":"has-post-thumbnail","6":"product_cat-lounge-sets","8":"first","9":"instock","10":"shipping-taxable","11":"product-type-simple"},"acf":[],"yoast_head":"<!-- This site is optimized with the Yoast SEO plugin v26.8 - https:\/\/yoast.com\/product\/yoast-seo-wordpress\/ -->\n<title>Entdecken Sie Merango Lounge Set | SUNS Outdoor Lifestyle<\/title>\n<meta name=\"description\" content=\"Suchen Sie ein stilvolles Merano Lounge-Set? SUNS bietet luxuri\u00f6se Lounge-Sets, die Komfort, Eleganz und Haltbarkeit f\u00fcr einen modernen Au\u00dfenbereich vereinen.\" \/>\n<meta name=\"robots\" content=\"index, follow, max-snippet:-1, max-image-preview:large, max-video-preview:-1\" \/>\n<link rel=\"canonical\" href=\"https:\/\/hello-suns.com\/de\/produkte\/merano-lounge-sets\/\" \/>\n<meta property=\"og:locale\" content=\"de_DE\" \/>\n<meta property=\"og:type\" content=\"article\" \/>\n<meta property=\"og:title\" content=\"Entdecken Sie Merango Lounge Set | SUNS Outdoor Lifestyle\" \/>\n<meta property=\"og:description\" content=\"Suchen Sie ein stilvolles Merano Lounge-Set? SUNS bietet luxuri\u00f6se Lounge-Sets, die Komfort, Eleganz und Haltbarkeit f\u00fcr einen modernen Au\u00dfenbereich vereinen.\" \/>\n<meta property=\"og:url\" content=\"https:\/\/hello-suns.com\/de\/produkte\/merano-lounge-sets\/\" \/>\n<meta property=\"og:site_name\" content=\"SUNS\" \/>\n<meta property=\"article:modified_time\" content=\"2025-05-28T07:17:55+00:00\" \/>\n<meta property=\"og:image\" content=\"https:\/\/hello-suns.com\/app\/uploads\/2025\/01\/01_Loungeset_SUNS_Merano_MRG_softgrey_5pcs_4.png\" \/>\n\t<meta property=\"og:image:width\" content=\"2500\" \/>\n\t<meta property=\"og:image:height\" content=\"1667\" \/>\n\t<meta property=\"og:image:type\" content=\"image\/png\" \/>\n<meta name=\"twitter:card\" content=\"summary_large_image\" \/>\n<meta name=\"twitter:label1\" content=\"Est. reading time\" \/>\n\t<meta name=\"twitter:data1\" content=\"5 minutes\" \/>\n<script type=\"application\/ld+json\" class=\"yoast-schema-graph\">{\"@context\":\"https:\/\/schema.org\",\"@graph\":[{\"@type\":\"WebPage\",\"@id\":\"https:\/\/hello-suns.com\/de\/produkte\/merano-lounge-sets\/\",\"url\":\"https:\/\/hello-suns.com\/de\/produkte\/merano-lounge-sets\/\",\"name\":\"Entdecken Sie Merango Lounge Set | SUNS Outdoor Lifestyle\",\"isPartOf\":{\"@id\":\"https:\/\/hello-suns.com\/de\/#website\"},\"primaryImageOfPage\":{\"@id\":\"https:\/\/hello-suns.com\/de\/produkte\/merano-lounge-sets\/#primaryimage\"},\"image\":{\"@id\":\"https:\/\/hello-suns.com\/de\/produkte\/merano-lounge-sets\/#primaryimage\"},\"thumbnailUrl\":\"https:\/\/hello-suns.com\/app\/uploads\/2025\/01\/01_Loungeset_SUNS_Merano_MRG_softgrey_5pcs_4.png\",\"datePublished\":\"2025-01-13T10:31:50+00:00\",\"dateModified\":\"2025-05-28T07:17:55+00:00\",\"description\":\"Suchen Sie ein stilvolles Merano Lounge-Set? SUNS bietet luxuri\u00f6se Lounge-Sets, die Komfort, Eleganz und Haltbarkeit f\u00fcr einen modernen Au\u00dfenbereich vereinen.\",\"breadcrumb\":{\"@id\":\"https:\/\/hello-suns.com\/de\/produkte\/merano-lounge-sets\/#breadcrumb\"},\"inLanguage\":\"de-DE\",\"potentialAction\":[{\"@type\":\"ReadAction\",\"target\":[\"https:\/\/hello-suns.com\/de\/produkte\/merano-lounge-sets\/\"]}]},{\"@type\":\"ImageObject\",\"inLanguage\":\"de-DE\",\"@id\":\"https:\/\/hello-suns.com\/de\/produkte\/merano-lounge-sets\/#primaryimage\",\"url\":\"https:\/\/hello-suns.com\/app\/uploads\/2025\/01\/01_Loungeset_SUNS_Merano_MRG_softgrey_5pcs_4.png\",\"contentUrl\":\"https:\/\/hello-suns.com\/app\/uploads\/2025\/01\/01_Loungeset_SUNS_Merano_MRG_softgrey_5pcs_4.png\",\"width\":2500,\"height\":1667},{\"@type\":\"BreadcrumbList\",\"@id\":\"https:\/\/hello-suns.com\/de\/produkte\/merano-lounge-sets\/#breadcrumb\",\"itemListElement\":[{\"@type\":\"ListItem\",\"position\":1,\"name\":\"\",\"item\":\"https:\/\/hello-suns.com\/de\/\"},{\"@type\":\"ListItem\",\"position\":2,\"name\":\"Produkte\",\"item\":\"https:\/\/hello-suns.com\/de\/produkte\/\"},{\"@type\":\"ListItem\",\"position\":3,\"name\":\"Merano\"}]},{\"@type\":\"WebSite\",\"@id\":\"https:\/\/hello-suns.com\/de\/#website\",\"url\":\"https:\/\/hello-suns.com\/de\/\",\"name\":\"SUNS\",\"description\":\"Outdoor Lifestyle\",\"potentialAction\":[{\"@type\":\"SearchAction\",\"target\":{\"@type\":\"EntryPoint\",\"urlTemplate\":\"https:\/\/hello-suns.com\/de\/?s={search_term_string}\"},\"query-input\":{\"@type\":\"PropertyValueSpecification\",\"valueRequired\":true,\"valueName\":\"search_term_string\"}}],\"inLanguage\":\"de-DE\"}]}<\/script>\n<!-- \/ Yoast SEO plugin. -->","yoast_head_json":{"title":"Entdecken Sie Merango Lounge Set | SUNS Outdoor Lifestyle","description":"Suchen Sie ein stilvolles Merano Lounge-Set? SUNS bietet luxuri\u00f6se Lounge-Sets, die Komfort, Eleganz und Haltbarkeit f\u00fcr einen modernen Au\u00dfenbereich vereinen.","robots":{"index":"index","follow":"follow","max-snippet":"max-snippet:-1","max-image-preview":"max-image-preview:large","max-video-preview":"max-video-preview:-1"},"canonical":"https:\/\/hello-suns.com\/de\/produkte\/merano-lounge-sets\/","og_locale":"de_DE","og_type":"article","og_title":"Entdecken Sie Merango Lounge Set | SUNS Outdoor Lifestyle","og_description":"Suchen Sie ein stilvolles Merano Lounge-Set? SUNS bietet luxuri\u00f6se Lounge-Sets, die Komfort, Eleganz und Haltbarkeit f\u00fcr einen modernen Au\u00dfenbereich vereinen.","og_url":"https:\/\/hello-suns.com\/de\/produkte\/merano-lounge-sets\/","og_site_name":"SUNS","article_modified_time":"2025-05-28T07:17:55+00:00","og_image":[{"width":2500,"height":1667,"url":"https:\/\/hello-suns.com\/app\/uploads\/2025\/01\/01_Loungeset_SUNS_Merano_MRG_softgrey_5pcs_4.png","type":"image\/png"}],"twitter_card":"summary_large_image","twitter_misc":{"Est. reading time":"5 minutes"},"schema":{"@context":"https:\/\/schema.org","@graph":[{"@type":"WebPage","@id":"https:\/\/hello-suns.com\/de\/produkte\/merano-lounge-sets\/","url":"https:\/\/hello-suns.com\/de\/produkte\/merano-lounge-sets\/","name":"Entdecken Sie Merango Lounge Set | SUNS Outdoor Lifestyle","isPartOf":{"@id":"https:\/\/hello-suns.com\/de\/#website"},"primaryImageOfPage":{"@id":"https:\/\/hello-suns.com\/de\/produkte\/merano-lounge-sets\/#primaryimage"},"image":{"@id":"https:\/\/hello-suns.com\/de\/produkte\/merano-lounge-sets\/#primaryimage"},"thumbnailUrl":"https:\/\/hello-suns.com\/app\/uploads\/2025\/01\/01_Loungeset_SUNS_Merano_MRG_softgrey_5pcs_4.png","datePublished":"2025-01-13T10:31:50+00:00","dateModified":"2025-05-28T07:17:55+00:00","description":"Suchen Sie ein stilvolles Merano Lounge-Set? SUNS bietet luxuri\u00f6se Lounge-Sets, die Komfort, Eleganz und Haltbarkeit f\u00fcr einen modernen Au\u00dfenbereich vereinen.","breadcrumb":{"@id":"https:\/\/hello-suns.com\/de\/produkte\/merano-lounge-sets\/#breadcrumb"},"inLanguage":"de-DE","potentialAction":[{"@type":"ReadAction","target":["https:\/\/hello-suns.com\/de\/produkte\/merano-lounge-sets\/"]}]},{"@type":"ImageObject","inLanguage":"de-DE","@id":"https:\/\/hello-suns.com\/de\/produkte\/merano-lounge-sets\/#primaryimage","url":"https:\/\/hello-suns.com\/app\/uploads\/2025\/01\/01_Loungeset_SUNS_Merano_MRG_softgrey_5pcs_4.png","contentUrl":"https:\/\/hello-suns.com\/app\/uploads\/2025\/01\/01_Loungeset_SUNS_Merano_MRG_softgrey_5pcs_4.png","width":2500,"height":1667},{"@type":"BreadcrumbList","@id":"https:\/\/hello-suns.com\/de\/produkte\/merano-lounge-sets\/#breadcrumb","itemListElement":[{"@type":"ListItem","position":1,"name":"","item":"https:\/\/hello-suns.com\/de\/"},{"@type":"ListItem","position":2,"name":"Produkte","item":"https:\/\/hello-suns.com\/de\/produkte\/"},{"@type":"ListItem","position":3,"name":"Merano"}]},{"@type":"WebSite","@id":"https:\/\/hello-suns.com\/de\/#website","url":"https:\/\/hello-suns.com\/de\/","name":"SUNS","description":"Outdoor Lifestyle","potentialAction":[{"@type":"SearchAction","target":{"@type":"EntryPoint","urlTemplate":"https:\/\/hello-suns.com\/de\/?s={search_term_string}"},"query-input":{"@type":"PropertyValueSpecification","valueRequired":true,"valueName":"search_term_string"}}],"inLanguage":"de-DE"}]}},"_links":{"self":[{"href":"https:\/\/hello-suns.com\/de\/wp-json\/wp\/v2\/product\/14211","targetHints":{"allow":["GET"]}}],"collection":[{"href":"https:\/\/hello-suns.com\/de\/wp-json\/wp\/v2\/product"}],"about":[{"href":"https:\/\/hello-suns.com\/de\/wp-json\/wp\/v2\/types\/product"}],"replies":[{"embeddable":true,"href":"https:\/\/hello-suns.com\/de\/wp-json\/wp\/v2\/comments?post=14211"}],"wp:featuredmedia":[{"embeddable":true,"href":"https:\/\/hello-suns.com\/de\/wp-json\/wp\/v2\/media\/14254"}],"wp:attachment":[{"href":"https:\/\/hello-suns.com\/de\/wp-json\/wp\/v2\/media?parent=14211"}],"wp:term":[{"taxonomy":"product_brand","embeddable":true,"href":"https:\/\/hello-suns.com\/de\/wp-json\/wp\/v2\/product_brand?post=14211"},{"taxonomy":"product_cat","embeddable":true,"href":"https:\/\/hello-suns.com\/de\/wp-json\/wp\/v2\/product_cat?post=14211"},{"taxonomy":"product_tag","embeddable":true,"href":"https:\/\/hello-suns.com\/de\/wp-json\/wp\/v2\/product_tag?post=14211"},{"taxonomy":"material","embeddable":true,"href":"https:\/\/hello-suns.com\/de\/wp-json\/wp\/v2\/material?post=14211"}],"curies":[{"name":"wp","href":"https:\/\/api.w.org\/{rel}","templated":true}]}}