{"id":14191,"date":"2025-01-13T10:37:32","date_gmt":"2025-01-13T09:37:32","guid":{"rendered":"https:\/\/hello-suns.com\/producten\/blocchi-2\/"},"modified":"2026-02-19T12:11:06","modified_gmt":"2026-02-19T11:11:06","slug":"blocchi-sofa-set","status":"publish","type":"product","link":"https:\/\/hello-suns.com\/de\/produkte\/blocchi-sofa-set\/","title":{"rendered":"Blocchi"},"content":{"rendered":"<h2 style=\"font-weight: 400;\">Die Bilanz von heute<\/h2>\n<p style=\"font-weight: 400;\">Bewegung und Entspannung halten sich die Waage, wenn Sie sich den Luxus dieser SUNS Blocchi Sofagarnitur g\u00f6nnen. Beenden Sie Ihren Arbeitstag und beginnen Sie das n\u00e4chste Kapitel Ihres Tages mit purer Entspannung. Eine Freude f\u00fcr das Auge und eine Wohltat f\u00fcr Ihren K\u00f6rper. Entspannen Sie sich.<\/p>\n","protected":false},"excerpt":{"rendered":"<h3 style=\"font-weight: 400;\">Auff\u00e4lliges organisches Design<\/h3>\n<p style=\"font-weight: 400;\">Die Sofagarnitur Blocchi von SUNS \u00fcberrascht mit ihrem verspielten und organischen Design. Einladende runde Formen, ganz aus Stoff. Volumin\u00f6s geformte Sitzelemente. Ein sehr entspannter Sitz. Blocchi ist eine auff\u00e4llige Garnitur, die die Atmosph\u00e4re eines modernen Interieurs buchst\u00e4blich hervorhebt. Die Sofagarnitur ist mit einem erstklassigen Au\u00dfenstoff ausgestattet, der auf der Innen- und Au\u00dfenseite mit einer speziellen Beschichtung versehen ist, die verhindert, dass Feuchtigkeit in den Kern eindringt. Der Stoff f\u00fchlt sich weich an und ist stilvoll verarbeitet mit minimalen N\u00e4hten f\u00fcr einen sch\u00f6nen sauberen Look. Zu jedem Element werden dekorative Kissen aus demselben Stoff mitgeliefert. Die losen Kissen verleihen Blocchi einen verspielten Charakter und lassen Sie Ihren perfekten Platz f\u00fcr Mittagessen, Drinks und entspannte Momente im Freien schaffen.<\/p>\n<p style=\"font-weight: 400;\">Blocchi ist Teil des SUNS You Create-Programms, mit dem Sie die verschiedenen Elemente nach Belieben kombinieren und so Ihre ideale Garnitur zusammenstellen k\u00f6nnen. SUNS Blocchi bietet auch ein Daybed, das Sie separat hinstellen oder in die Sofagarnitur integrieren k\u00f6nnen. SUNS Blocchi l\u00e4sst sich perfekt mit den Beistelltischen Farzi oder Termoli kombinieren.<\/p>\n","protected":false},"featured_media":13376,"comment_status":"closed","ping_status":"closed","template":"","meta":{"_acf_changed":false},"product_brand":[],"product_cat":[643,631],"product_tag":[],"material":[],"class_list":{"0":"post-14191","1":"product","2":"type-product","3":"status-publish","4":"has-post-thumbnail","6":"product_cat-sofa-sets","7":"product_cat-you-create","9":"first","10":"instock","11":"shipping-taxable","12":"product-type-simple"},"acf":[],"yoast_head":"<!-- This site is optimized with the Yoast SEO plugin v26.8 - https:\/\/yoast.com\/product\/yoast-seo-wordpress\/ -->\n<title>Entdecken Sie Blocchi Sofagarnitur | SUNS Outdoor Lifestyle<\/title>\n<meta name=\"description\" content=\"Sie suchen eine stilvolle Blocchi-Sofa-Garnitur? SUNS bietet moderne und bequeme Sofagarnituren, die Haltbarkeit, Luxus und zeitgen\u00f6ssisches Design perfekt kombinieren.\" \/>\n<meta name=\"robots\" content=\"index, follow, max-snippet:-1, max-image-preview:large, max-video-preview:-1\" \/>\n<link rel=\"canonical\" href=\"https:\/\/hello-suns.com\/de\/produkte\/blocchi-sofa-set\/\" \/>\n<meta property=\"og:locale\" content=\"de_DE\" \/>\n<meta property=\"og:type\" content=\"article\" \/>\n<meta property=\"og:title\" content=\"Entdecken Sie Blocchi Sofagarnitur | SUNS Outdoor Lifestyle\" \/>\n<meta property=\"og:description\" content=\"Sie suchen eine stilvolle Blocchi-Sofa-Garnitur? SUNS bietet moderne und bequeme Sofagarnituren, die Haltbarkeit, Luxus und zeitgen\u00f6ssisches Design perfekt kombinieren.\" \/>\n<meta property=\"og:url\" content=\"https:\/\/hello-suns.com\/de\/produkte\/blocchi-sofa-set\/\" \/>\n<meta property=\"og:site_name\" content=\"SUNS\" \/>\n<meta property=\"article:modified_time\" content=\"2026-02-19T11:11:06+00:00\" \/>\n<meta property=\"og:image\" content=\"https:\/\/hello-suns.com\/app\/uploads\/2025\/01\/01_Blocchi-SUNS-loungeset4pcsround-WGB-free-25-2500-2.png\" \/>\n\t<meta property=\"og:image:width\" content=\"2500\" \/>\n\t<meta property=\"og:image:height\" content=\"1667\" \/>\n\t<meta property=\"og:image:type\" content=\"image\/png\" \/>\n<meta name=\"twitter:card\" content=\"summary_large_image\" \/>\n<meta name=\"twitter:label1\" content=\"Est. reading time\" \/>\n\t<meta name=\"twitter:data1\" content=\"6 minutes\" \/>\n<script type=\"application\/ld+json\" class=\"yoast-schema-graph\">{\"@context\":\"https:\/\/schema.org\",\"@graph\":[{\"@type\":\"WebPage\",\"@id\":\"https:\/\/hello-suns.com\/de\/produkte\/blocchi-sofa-set\/\",\"url\":\"https:\/\/hello-suns.com\/de\/produkte\/blocchi-sofa-set\/\",\"name\":\"Entdecken Sie Blocchi Sofagarnitur | SUNS Outdoor Lifestyle\",\"isPartOf\":{\"@id\":\"https:\/\/hello-suns.com\/de\/#website\"},\"primaryImageOfPage\":{\"@id\":\"https:\/\/hello-suns.com\/de\/produkte\/blocchi-sofa-set\/#primaryimage\"},\"image\":{\"@id\":\"https:\/\/hello-suns.com\/de\/produkte\/blocchi-sofa-set\/#primaryimage\"},\"thumbnailUrl\":\"https:\/\/hello-suns.com\/app\/uploads\/2025\/01\/01_Blocchi-SUNS-loungeset4pcsround-WGB-free-25-2500-2.png\",\"datePublished\":\"2025-01-13T09:37:32+00:00\",\"dateModified\":\"2026-02-19T11:11:06+00:00\",\"description\":\"Sie suchen eine stilvolle Blocchi-Sofa-Garnitur? SUNS bietet moderne und bequeme Sofagarnituren, die Haltbarkeit, Luxus und zeitgen\u00f6ssisches Design perfekt kombinieren.\",\"breadcrumb\":{\"@id\":\"https:\/\/hello-suns.com\/de\/produkte\/blocchi-sofa-set\/#breadcrumb\"},\"inLanguage\":\"de-DE\",\"potentialAction\":[{\"@type\":\"ReadAction\",\"target\":[\"https:\/\/hello-suns.com\/de\/produkte\/blocchi-sofa-set\/\"]}]},{\"@type\":\"ImageObject\",\"inLanguage\":\"de-DE\",\"@id\":\"https:\/\/hello-suns.com\/de\/produkte\/blocchi-sofa-set\/#primaryimage\",\"url\":\"https:\/\/hello-suns.com\/app\/uploads\/2025\/01\/01_Blocchi-SUNS-loungeset4pcsround-WGB-free-25-2500-2.png\",\"contentUrl\":\"https:\/\/hello-suns.com\/app\/uploads\/2025\/01\/01_Blocchi-SUNS-loungeset4pcsround-WGB-free-25-2500-2.png\",\"width\":2500,\"height\":1667},{\"@type\":\"BreadcrumbList\",\"@id\":\"https:\/\/hello-suns.com\/de\/produkte\/blocchi-sofa-set\/#breadcrumb\",\"itemListElement\":[{\"@type\":\"ListItem\",\"position\":1,\"name\":\"\",\"item\":\"https:\/\/hello-suns.com\/de\/\"},{\"@type\":\"ListItem\",\"position\":2,\"name\":\"Produkte\",\"item\":\"https:\/\/hello-suns.com\/de\/produkte\/\"},{\"@type\":\"ListItem\",\"position\":3,\"name\":\"Blocchi\"}]},{\"@type\":\"WebSite\",\"@id\":\"https:\/\/hello-suns.com\/de\/#website\",\"url\":\"https:\/\/hello-suns.com\/de\/\",\"name\":\"SUNS\",\"description\":\"Outdoor Lifestyle\",\"potentialAction\":[{\"@type\":\"SearchAction\",\"target\":{\"@type\":\"EntryPoint\",\"urlTemplate\":\"https:\/\/hello-suns.com\/de\/?s={search_term_string}\"},\"query-input\":{\"@type\":\"PropertyValueSpecification\",\"valueRequired\":true,\"valueName\":\"search_term_string\"}}],\"inLanguage\":\"de-DE\"}]}<\/script>\n<!-- \/ Yoast SEO plugin. -->","yoast_head_json":{"title":"Entdecken Sie Blocchi Sofagarnitur | SUNS Outdoor Lifestyle","description":"Sie suchen eine stilvolle Blocchi-Sofa-Garnitur? SUNS bietet moderne und bequeme Sofagarnituren, die Haltbarkeit, Luxus und zeitgen\u00f6ssisches Design perfekt kombinieren.","robots":{"index":"index","follow":"follow","max-snippet":"max-snippet:-1","max-image-preview":"max-image-preview:large","max-video-preview":"max-video-preview:-1"},"canonical":"https:\/\/hello-suns.com\/de\/produkte\/blocchi-sofa-set\/","og_locale":"de_DE","og_type":"article","og_title":"Entdecken Sie Blocchi Sofagarnitur | SUNS Outdoor Lifestyle","og_description":"Sie suchen eine stilvolle Blocchi-Sofa-Garnitur? SUNS bietet moderne und bequeme Sofagarnituren, die Haltbarkeit, Luxus und zeitgen\u00f6ssisches Design perfekt kombinieren.","og_url":"https:\/\/hello-suns.com\/de\/produkte\/blocchi-sofa-set\/","og_site_name":"SUNS","article_modified_time":"2026-02-19T11:11:06+00:00","og_image":[{"width":2500,"height":1667,"url":"https:\/\/hello-suns.com\/app\/uploads\/2025\/01\/01_Blocchi-SUNS-loungeset4pcsround-WGB-free-25-2500-2.png","type":"image\/png"}],"twitter_card":"summary_large_image","twitter_misc":{"Est. reading time":"6 minutes"},"schema":{"@context":"https:\/\/schema.org","@graph":[{"@type":"WebPage","@id":"https:\/\/hello-suns.com\/de\/produkte\/blocchi-sofa-set\/","url":"https:\/\/hello-suns.com\/de\/produkte\/blocchi-sofa-set\/","name":"Entdecken Sie Blocchi Sofagarnitur | SUNS Outdoor Lifestyle","isPartOf":{"@id":"https:\/\/hello-suns.com\/de\/#website"},"primaryImageOfPage":{"@id":"https:\/\/hello-suns.com\/de\/produkte\/blocchi-sofa-set\/#primaryimage"},"image":{"@id":"https:\/\/hello-suns.com\/de\/produkte\/blocchi-sofa-set\/#primaryimage"},"thumbnailUrl":"https:\/\/hello-suns.com\/app\/uploads\/2025\/01\/01_Blocchi-SUNS-loungeset4pcsround-WGB-free-25-2500-2.png","datePublished":"2025-01-13T09:37:32+00:00","dateModified":"2026-02-19T11:11:06+00:00","description":"Sie suchen eine stilvolle Blocchi-Sofa-Garnitur? SUNS bietet moderne und bequeme Sofagarnituren, die Haltbarkeit, Luxus und zeitgen\u00f6ssisches Design perfekt kombinieren.","breadcrumb":{"@id":"https:\/\/hello-suns.com\/de\/produkte\/blocchi-sofa-set\/#breadcrumb"},"inLanguage":"de-DE","potentialAction":[{"@type":"ReadAction","target":["https:\/\/hello-suns.com\/de\/produkte\/blocchi-sofa-set\/"]}]},{"@type":"ImageObject","inLanguage":"de-DE","@id":"https:\/\/hello-suns.com\/de\/produkte\/blocchi-sofa-set\/#primaryimage","url":"https:\/\/hello-suns.com\/app\/uploads\/2025\/01\/01_Blocchi-SUNS-loungeset4pcsround-WGB-free-25-2500-2.png","contentUrl":"https:\/\/hello-suns.com\/app\/uploads\/2025\/01\/01_Blocchi-SUNS-loungeset4pcsround-WGB-free-25-2500-2.png","width":2500,"height":1667},{"@type":"BreadcrumbList","@id":"https:\/\/hello-suns.com\/de\/produkte\/blocchi-sofa-set\/#breadcrumb","itemListElement":[{"@type":"ListItem","position":1,"name":"","item":"https:\/\/hello-suns.com\/de\/"},{"@type":"ListItem","position":2,"name":"Produkte","item":"https:\/\/hello-suns.com\/de\/produkte\/"},{"@type":"ListItem","position":3,"name":"Blocchi"}]},{"@type":"WebSite","@id":"https:\/\/hello-suns.com\/de\/#website","url":"https:\/\/hello-suns.com\/de\/","name":"SUNS","description":"Outdoor Lifestyle","potentialAction":[{"@type":"SearchAction","target":{"@type":"EntryPoint","urlTemplate":"https:\/\/hello-suns.com\/de\/?s={search_term_string}"},"query-input":{"@type":"PropertyValueSpecification","valueRequired":true,"valueName":"search_term_string"}}],"inLanguage":"de-DE"}]}},"_links":{"self":[{"href":"https:\/\/hello-suns.com\/de\/wp-json\/wp\/v2\/product\/14191","targetHints":{"allow":["GET"]}}],"collection":[{"href":"https:\/\/hello-suns.com\/de\/wp-json\/wp\/v2\/product"}],"about":[{"href":"https:\/\/hello-suns.com\/de\/wp-json\/wp\/v2\/types\/product"}],"replies":[{"embeddable":true,"href":"https:\/\/hello-suns.com\/de\/wp-json\/wp\/v2\/comments?post=14191"}],"wp:featuredmedia":[{"embeddable":true,"href":"https:\/\/hello-suns.com\/de\/wp-json\/wp\/v2\/media\/13376"}],"wp:attachment":[{"href":"https:\/\/hello-suns.com\/de\/wp-json\/wp\/v2\/media?parent=14191"}],"wp:term":[{"taxonomy":"product_brand","embeddable":true,"href":"https:\/\/hello-suns.com\/de\/wp-json\/wp\/v2\/product_brand?post=14191"},{"taxonomy":"product_cat","embeddable":true,"href":"https:\/\/hello-suns.com\/de\/wp-json\/wp\/v2\/product_cat?post=14191"},{"taxonomy":"product_tag","embeddable":true,"href":"https:\/\/hello-suns.com\/de\/wp-json\/wp\/v2\/product_tag?post=14191"},{"taxonomy":"material","embeddable":true,"href":"https:\/\/hello-suns.com\/de\/wp-json\/wp\/v2\/material?post=14191"}],"curies":[{"name":"wp","href":"https:\/\/api.w.org\/{rel}","templated":true}]}}