{"id":14183,"date":"2025-01-13T11:14:57","date_gmt":"2025-01-13T11:14:57","guid":{"rendered":"https:\/\/hello-suns.com\/producten\/dolce-3\/"},"modified":"2025-06-19T12:28:40","modified_gmt":"2025-06-19T12:28:40","slug":"dolce-sofa-set","status":"publish","type":"product","link":"https:\/\/hello-suns.com\/de\/produkte\/dolce-sofa-set\/","title":{"rendered":"Dolce"},"content":{"rendered":"<h2 style=\"font-weight: 400;\">Der Reiz der Akzente<\/h2>\n<p style=\"font-weight: 400;\">Die Sch\u00f6nheit liegt oft in den kleinen Dingen. Mit einem besonderen Akzent oder einer \u00fcberraschenden Designwahl. Genau das ist es, was die Sofagarnitur Dolce auszeichnet. Diese Garnitur mit ihrem auff\u00e4lligen Geflecht ist eine besondere Erscheinung, die keine Kompromisse beim hervorragenden Sitzkomfort eingeht.<\/p>\n","protected":false},"excerpt":{"rendered":"<h3 style=\"font-weight: 400;\">Auffallend elegant<\/h3>\n<p style=\"font-weight: 400;\">Der Stuhl Dolce war die Inspiration f\u00fcr diese neue Sofagarnitur. Das Design ist auffallend elegant und das Geflecht &#8211; eine verspielte Designanspielung &#8211; bietet angenehmen Sitzkomfort. Perfekt f\u00fcr ein ausgedehntes Mittag- oder Abendessen im Freien, selbst in G\u00e4rten von bescheidener Gr\u00f6\u00dfe.<\/p>\n<p style=\"font-weight: 400;\">Die Gestelle des 2-Sitzer-Sofas und der Sessel sind aus robustem Aluminium gefertigt, so dass dieses Set einiges aushalten kann. Die gro\u00dfz\u00fcgigen Kissen sind mit einem hochwertigen, wasserabweisenden Oberstoff bezogen und mit Fast Dry Foam gef\u00fcllt. Sowohl das Gestell als auch die Kissen sind in verschiedenen Farbkombinationen erh\u00e4ltlich, die sich hervorragend miteinander kombinieren lassen. Das Sofaset Dolce kann problemlos mit Beistelltischen aus den SUNS-Kollektionen kombiniert werden.<\/p>\n","protected":false},"featured_media":13381,"comment_status":"closed","ping_status":"closed","template":"","meta":{"_acf_changed":false},"product_brand":[],"product_cat":[643],"product_tag":[],"material":[],"class_list":{"0":"post-14183","1":"product","2":"type-product","3":"status-publish","4":"has-post-thumbnail","6":"product_cat-sofa-sets","8":"first","9":"instock","10":"shipping-taxable","11":"product-type-simple"},"acf":[],"yoast_head":"<!-- This site is optimized with the Yoast SEO plugin v26.8 - https:\/\/yoast.com\/product\/yoast-seo-wordpress\/ -->\n<title>Entdecken Sie das Dolce Sofa Set | SUNS Outdoor Lifestyle<\/title>\n<meta name=\"description\" content=\"Suchen Sie nach einer stilvollen dolce Sofagarnitur? SUNS bietet luxuri\u00f6se Sofagarnituren, die Komfort, Haltbarkeit und elegantes Design vereinen.\" \/>\n<meta name=\"robots\" content=\"index, follow, max-snippet:-1, max-image-preview:large, max-video-preview:-1\" \/>\n<link rel=\"canonical\" href=\"https:\/\/hello-suns.com\/de\/produkte\/dolce-sofa-set\/\" \/>\n<meta property=\"og:locale\" content=\"de_DE\" \/>\n<meta property=\"og:type\" content=\"article\" \/>\n<meta property=\"og:title\" content=\"Entdecken Sie das Dolce Sofa Set | SUNS Outdoor Lifestyle\" \/>\n<meta property=\"og:description\" content=\"Suchen Sie nach einer stilvollen dolce Sofagarnitur? SUNS bietet luxuri\u00f6se Sofagarnituren, die Komfort, Haltbarkeit und elegantes Design vereinen.\" \/>\n<meta property=\"og:url\" content=\"https:\/\/hello-suns.com\/de\/produkte\/dolce-sofa-set\/\" \/>\n<meta property=\"og:site_name\" content=\"SUNS\" \/>\n<meta property=\"article:modified_time\" content=\"2025-06-19T12:28:40+00:00\" \/>\n<meta property=\"og:image\" content=\"https:\/\/hello-suns.com\/app\/uploads\/2025\/01\/01_Dolce-SUNS-Sofaset-CS-NG-free-25-2500-2.png\" \/>\n\t<meta property=\"og:image:width\" content=\"2500\" \/>\n\t<meta property=\"og:image:height\" content=\"1667\" \/>\n\t<meta property=\"og:image:type\" content=\"image\/png\" \/>\n<meta name=\"twitter:card\" content=\"summary_large_image\" \/>\n<meta name=\"twitter:label1\" content=\"Est. reading time\" \/>\n\t<meta name=\"twitter:data1\" content=\"3 minutes\" \/>\n<script type=\"application\/ld+json\" class=\"yoast-schema-graph\">{\"@context\":\"https:\/\/schema.org\",\"@graph\":[{\"@type\":\"WebPage\",\"@id\":\"https:\/\/hello-suns.com\/de\/produkte\/dolce-sofa-set\/\",\"url\":\"https:\/\/hello-suns.com\/de\/produkte\/dolce-sofa-set\/\",\"name\":\"Entdecken Sie das Dolce Sofa Set | SUNS Outdoor Lifestyle\",\"isPartOf\":{\"@id\":\"https:\/\/hello-suns.com\/de\/#website\"},\"primaryImageOfPage\":{\"@id\":\"https:\/\/hello-suns.com\/de\/produkte\/dolce-sofa-set\/#primaryimage\"},\"image\":{\"@id\":\"https:\/\/hello-suns.com\/de\/produkte\/dolce-sofa-set\/#primaryimage\"},\"thumbnailUrl\":\"https:\/\/hello-suns.com\/app\/uploads\/2025\/01\/01_Dolce-SUNS-Sofaset-CS-NG-free-25-2500-2.png\",\"datePublished\":\"2025-01-13T11:14:57+00:00\",\"dateModified\":\"2025-06-19T12:28:40+00:00\",\"description\":\"Suchen Sie nach einer stilvollen dolce Sofagarnitur? SUNS bietet luxuri\u00f6se Sofagarnituren, die Komfort, Haltbarkeit und elegantes Design vereinen.\",\"breadcrumb\":{\"@id\":\"https:\/\/hello-suns.com\/de\/produkte\/dolce-sofa-set\/#breadcrumb\"},\"inLanguage\":\"de-DE\",\"potentialAction\":[{\"@type\":\"ReadAction\",\"target\":[\"https:\/\/hello-suns.com\/de\/produkte\/dolce-sofa-set\/\"]}]},{\"@type\":\"ImageObject\",\"inLanguage\":\"de-DE\",\"@id\":\"https:\/\/hello-suns.com\/de\/produkte\/dolce-sofa-set\/#primaryimage\",\"url\":\"https:\/\/hello-suns.com\/app\/uploads\/2025\/01\/01_Dolce-SUNS-Sofaset-CS-NG-free-25-2500-2.png\",\"contentUrl\":\"https:\/\/hello-suns.com\/app\/uploads\/2025\/01\/01_Dolce-SUNS-Sofaset-CS-NG-free-25-2500-2.png\",\"width\":2500,\"height\":1667},{\"@type\":\"BreadcrumbList\",\"@id\":\"https:\/\/hello-suns.com\/de\/produkte\/dolce-sofa-set\/#breadcrumb\",\"itemListElement\":[{\"@type\":\"ListItem\",\"position\":1,\"name\":\"\",\"item\":\"https:\/\/hello-suns.com\/de\/\"},{\"@type\":\"ListItem\",\"position\":2,\"name\":\"Produkte\",\"item\":\"https:\/\/hello-suns.com\/de\/produkte\/\"},{\"@type\":\"ListItem\",\"position\":3,\"name\":\"Dolce\"}]},{\"@type\":\"WebSite\",\"@id\":\"https:\/\/hello-suns.com\/de\/#website\",\"url\":\"https:\/\/hello-suns.com\/de\/\",\"name\":\"SUNS\",\"description\":\"Outdoor Lifestyle\",\"potentialAction\":[{\"@type\":\"SearchAction\",\"target\":{\"@type\":\"EntryPoint\",\"urlTemplate\":\"https:\/\/hello-suns.com\/de\/?s={search_term_string}\"},\"query-input\":{\"@type\":\"PropertyValueSpecification\",\"valueRequired\":true,\"valueName\":\"search_term_string\"}}],\"inLanguage\":\"de-DE\"}]}<\/script>\n<!-- \/ Yoast SEO plugin. -->","yoast_head_json":{"title":"Entdecken Sie das Dolce Sofa Set | SUNS Outdoor Lifestyle","description":"Suchen Sie nach einer stilvollen dolce Sofagarnitur? SUNS bietet luxuri\u00f6se Sofagarnituren, die Komfort, Haltbarkeit und elegantes Design vereinen.","robots":{"index":"index","follow":"follow","max-snippet":"max-snippet:-1","max-image-preview":"max-image-preview:large","max-video-preview":"max-video-preview:-1"},"canonical":"https:\/\/hello-suns.com\/de\/produkte\/dolce-sofa-set\/","og_locale":"de_DE","og_type":"article","og_title":"Entdecken Sie das Dolce Sofa Set | SUNS Outdoor Lifestyle","og_description":"Suchen Sie nach einer stilvollen dolce Sofagarnitur? SUNS bietet luxuri\u00f6se Sofagarnituren, die Komfort, Haltbarkeit und elegantes Design vereinen.","og_url":"https:\/\/hello-suns.com\/de\/produkte\/dolce-sofa-set\/","og_site_name":"SUNS","article_modified_time":"2025-06-19T12:28:40+00:00","og_image":[{"width":2500,"height":1667,"url":"https:\/\/hello-suns.com\/app\/uploads\/2025\/01\/01_Dolce-SUNS-Sofaset-CS-NG-free-25-2500-2.png","type":"image\/png"}],"twitter_card":"summary_large_image","twitter_misc":{"Est. reading time":"3 minutes"},"schema":{"@context":"https:\/\/schema.org","@graph":[{"@type":"WebPage","@id":"https:\/\/hello-suns.com\/de\/produkte\/dolce-sofa-set\/","url":"https:\/\/hello-suns.com\/de\/produkte\/dolce-sofa-set\/","name":"Entdecken Sie das Dolce Sofa Set | SUNS Outdoor Lifestyle","isPartOf":{"@id":"https:\/\/hello-suns.com\/de\/#website"},"primaryImageOfPage":{"@id":"https:\/\/hello-suns.com\/de\/produkte\/dolce-sofa-set\/#primaryimage"},"image":{"@id":"https:\/\/hello-suns.com\/de\/produkte\/dolce-sofa-set\/#primaryimage"},"thumbnailUrl":"https:\/\/hello-suns.com\/app\/uploads\/2025\/01\/01_Dolce-SUNS-Sofaset-CS-NG-free-25-2500-2.png","datePublished":"2025-01-13T11:14:57+00:00","dateModified":"2025-06-19T12:28:40+00:00","description":"Suchen Sie nach einer stilvollen dolce Sofagarnitur? SUNS bietet luxuri\u00f6se Sofagarnituren, die Komfort, Haltbarkeit und elegantes Design vereinen.","breadcrumb":{"@id":"https:\/\/hello-suns.com\/de\/produkte\/dolce-sofa-set\/#breadcrumb"},"inLanguage":"de-DE","potentialAction":[{"@type":"ReadAction","target":["https:\/\/hello-suns.com\/de\/produkte\/dolce-sofa-set\/"]}]},{"@type":"ImageObject","inLanguage":"de-DE","@id":"https:\/\/hello-suns.com\/de\/produkte\/dolce-sofa-set\/#primaryimage","url":"https:\/\/hello-suns.com\/app\/uploads\/2025\/01\/01_Dolce-SUNS-Sofaset-CS-NG-free-25-2500-2.png","contentUrl":"https:\/\/hello-suns.com\/app\/uploads\/2025\/01\/01_Dolce-SUNS-Sofaset-CS-NG-free-25-2500-2.png","width":2500,"height":1667},{"@type":"BreadcrumbList","@id":"https:\/\/hello-suns.com\/de\/produkte\/dolce-sofa-set\/#breadcrumb","itemListElement":[{"@type":"ListItem","position":1,"name":"","item":"https:\/\/hello-suns.com\/de\/"},{"@type":"ListItem","position":2,"name":"Produkte","item":"https:\/\/hello-suns.com\/de\/produkte\/"},{"@type":"ListItem","position":3,"name":"Dolce"}]},{"@type":"WebSite","@id":"https:\/\/hello-suns.com\/de\/#website","url":"https:\/\/hello-suns.com\/de\/","name":"SUNS","description":"Outdoor Lifestyle","potentialAction":[{"@type":"SearchAction","target":{"@type":"EntryPoint","urlTemplate":"https:\/\/hello-suns.com\/de\/?s={search_term_string}"},"query-input":{"@type":"PropertyValueSpecification","valueRequired":true,"valueName":"search_term_string"}}],"inLanguage":"de-DE"}]}},"_links":{"self":[{"href":"https:\/\/hello-suns.com\/de\/wp-json\/wp\/v2\/product\/14183","targetHints":{"allow":["GET"]}}],"collection":[{"href":"https:\/\/hello-suns.com\/de\/wp-json\/wp\/v2\/product"}],"about":[{"href":"https:\/\/hello-suns.com\/de\/wp-json\/wp\/v2\/types\/product"}],"replies":[{"embeddable":true,"href":"https:\/\/hello-suns.com\/de\/wp-json\/wp\/v2\/comments?post=14183"}],"wp:featuredmedia":[{"embeddable":true,"href":"https:\/\/hello-suns.com\/de\/wp-json\/wp\/v2\/media\/13381"}],"wp:attachment":[{"href":"https:\/\/hello-suns.com\/de\/wp-json\/wp\/v2\/media?parent=14183"}],"wp:term":[{"taxonomy":"product_brand","embeddable":true,"href":"https:\/\/hello-suns.com\/de\/wp-json\/wp\/v2\/product_brand?post=14183"},{"taxonomy":"product_cat","embeddable":true,"href":"https:\/\/hello-suns.com\/de\/wp-json\/wp\/v2\/product_cat?post=14183"},{"taxonomy":"product_tag","embeddable":true,"href":"https:\/\/hello-suns.com\/de\/wp-json\/wp\/v2\/product_tag?post=14183"},{"taxonomy":"material","embeddable":true,"href":"https:\/\/hello-suns.com\/de\/wp-json\/wp\/v2\/material?post=14183"}],"curies":[{"name":"wp","href":"https:\/\/api.w.org\/{rel}","templated":true}]}}